{"id":3076,"date":"2025-06-27T09:05:12","date_gmt":"2025-06-27T09:05:12","guid":{"rendered":"https:\/\/itu-app42363.pagelyhosting.com\/?page_id=3076"},"modified":"2025-06-27T12:13:50","modified_gmt":"2025-06-27T12:13:50","slug":"rrs","status":"publish","type":"page","link":"https:\/\/itu-app42363.pagelyhosting.com\/en\/seminars\/rrs\/","title":{"rendered":"Regional Radiocommunication Seminars (RRS)"},"content":{"rendered":"    <section>\n        <div class=\"ituContainer grid\">\n                                                <div data-span=\"8\">\n                    <div class=\"ituContainer\">\n<h2 class=\"wp-block-heading\">Regional Radiocommunication Seminars (RRS)<\/h2>\n<\/div>                        <section>\n        <div class=\"ituContainer grid\">\n                                                        <a class=\"ituCard anim\" data-span=\"4\" href=\"\/en\/seminars\/rrs\/africa\/\" >\n                    <div class=\"content center\">\n                <div class=\"main\">\n                    <img decoding=\"async\" src=\"https:\/\/itu-app42363.pagelyhosting.com\/wp-content\/uploads\/2025\/06\/africa.jpg\" class=\"icon\" alt=\"icon\" \/>\n                                            <p class=\"title\">Africa<\/p>\n                                                            <p>(RRS-Africa)<\/p>\n                                    <\/div>\n            <\/div>\n                    <\/a>\n    \n                                                        <a class=\"ituCard anim\" data-span=\"4\" href=\"\/en\/seminars\/rrs\/americas\/\" >\n                    <div class=\"content center\">\n                <div class=\"main\">\n                    <img decoding=\"async\" src=\"https:\/\/itu-app42363.pagelyhosting.com\/wp-content\/uploads\/2025\/06\/americas.jpg\" class=\"icon\" alt=\"icon\" \/>\n                                            <p class=\"title\">Americas<\/p>\n                                                            <p>(RRS-Americas)<\/p>\n                                    <\/div>\n            <\/div>\n                    <\/a>\n    \n                                                        <a class=\"ituCard anim\" data-span=\"4\" href=\"\/en\/seminars\/rrs\/arab\/\" >\n                    <div class=\"content center\">\n                <div class=\"main\">\n                    <img decoding=\"async\" src=\"https:\/\/itu-app42363.pagelyhosting.com\/rrs\/wp-content\/uploads\/sites\/39\/2024\/01\/rrs_arabe_state.png\" class=\"icon\" alt=\"icon\" \/>\n                                            <p class=\"title\">Arab States<\/p>\n                                                            <p>(RRS-Arab)<\/p>\n                                    <\/div>\n            <\/div>\n                    <\/a>\n    \n                                                        <a class=\"ituCard anim\" data-span=\"4\" href=\"\/en\/seminars\/rrs\/asia-pacific\/\" >\n                    <div class=\"content center\">\n                <div class=\"main\">\n                    <img decoding=\"async\" src=\"https:\/\/itu-app42363.pagelyhosting.com\/rrs\/wp-content\/uploads\/sites\/39\/2024\/01\/rrs_asia.png\" class=\"icon\" alt=\"icon\" \/>\n                                            <p class=\"title\">Asia &amp; Pacific<\/p>\n                                                            <p>(RRS-Asia-Pacific)<\/p>\n                                    <\/div>\n            <\/div>\n                    <\/a>\n    \n                                                        <a class=\"ituCard anim\" data-span=\"4\" href=\"\/en\/seminars\/rrs\/europe\/\" >\n                    <div class=\"content center\">\n                <div class=\"main\">\n                    <img decoding=\"async\" src=\"https:\/\/itu-app42363.pagelyhosting.com\/rrs\/wp-content\/uploads\/sites\/39\/2024\/01\/rrs_europe.png\" class=\"icon\" alt=\"icon\" \/>\n                                            <p class=\"title\">Europe<\/p>\n                                                            <p>(RRS-Europe)<\/p>\n                                    <\/div>\n            <\/div>\n                    <\/a>\n    \n                                                        <a class=\"ituCard anim\" data-span=\"4\" href=\"\/en\/seminars\/rrs\/cis\/\" >\n                    <div class=\"content center\">\n                <div class=\"main\">\n                    <img decoding=\"async\" src=\"https:\/\/itu-app42363.pagelyhosting.com\/wp-content\/uploads\/2025\/06\/cis.jpg\" class=\"icon\" alt=\"icon\" \/>\n                                            <p class=\"title\">CIS <\/p>\n                                                            <p>and neighboring\u00a0countries<br>(RRS-CIS)<\/p>\n                                    <\/div>\n            <\/div>\n                    <\/a>\n    \n                    <\/div>\n    <\/section>\n            <\/div>\n                                                <div data-span=\"4\">\n                    <div class=\"ituContainer\">\n<h2 class=\"wp-block-heading\">Previous RRS<\/h2>\n<\/div>                    \n<div class=\"wp-block-brblocks-accordion\"><h4 class=\"accordion-title h4  blue\" style=\"color:#000000\">Africa<\/h4><div class=\"accordion-content  blue\"><div class=\"ituContainer\">\n<div class=\"wp-block-group\"><div class=\"wp-block-group__inner-container is-layout-constrained wp-block-group-is-layout-constrained\"><div class=\"ituContainer\">\n<div id=\"PreviousRRS-africa-loaded\"><\/div>\n<\/div>\n\n\n<div class=\"wp-block-brblocks-code-editor\" data-selected-script=\"jquery\" data-code-content=\" jQuery(document).ready(function($) {\n            \/\/ Charger la page source\n            $.get('\/en\/seminars\/rrs\/africa\/', function(data) {\n            \/\/ Extraire le contenu de l'\u00e9l\u00e9ment #PreviousRRS\n            var contenu = $(data).find('#PreviousRRS').html();\n\n            \/\/ Ins\u00e9rer le contenu dans l'\u00e9l\u00e9ment #destination\n            $('#PreviousRRS-africa-loaded').html(contenu);\n        });\n    });\"><\/div>\n<\/div>\n<\/div><\/div><\/div><\/div>\n                    \n<div class=\"wp-block-brblocks-accordion\"><h4 class=\"accordion-title h4  blue\" style=\"color:#000000\">Americas<\/h4><div class=\"accordion-content  blue\"><div class=\"ituContainer\">\n<div class=\"wp-block-group\"><div class=\"wp-block-group__inner-container is-layout-constrained wp-block-group-is-layout-constrained\"><div class=\"ituContainer\">\n<div id=\"PreviousRRS-americas-loaded\"><\/div>\n<\/div>\n\n\n<div class=\"wp-block-brblocks-code-editor\" data-selected-script=\"jquery\" data-code-content=\" jQuery(document).ready(function($) {\n            \/\/ Charger la page source\n            $.get('\/en\/seminars\/rrs\/americas\/', function(data) {\n            \/\/ Extraire le contenu de l'\u00e9l\u00e9ment #PreviousRRS\n            var contenu = $(data).find('#PreviousRRS').html();\n\n            \/\/ Ins\u00e9rer le contenu dans l'\u00e9l\u00e9ment #destination\n            $('#PreviousRRS-americas-loaded').html(contenu);\n        });\n    });\"><\/div>\n<\/div>\n<\/div><\/div><\/div><\/div>\n                    \n<div class=\"wp-block-brblocks-accordion\"><h4 class=\"accordion-title h4  blue\" style=\"color:#000000\">Arab States<\/h4><div class=\"accordion-content  blue\"><div class=\"ituContainer\">\n<div class=\"wp-block-group\"><div class=\"wp-block-group__inner-container is-layout-constrained wp-block-group-is-layout-constrained\"><div class=\"ituContainer\">\n<div id=\"PreviousRRS-arab-loaded\"><\/div>\n<\/div>\n\n\n<div class=\"wp-block-brblocks-code-editor\" data-selected-script=\"jquery\" data-code-content=\" jQuery(document).ready(function($) {\n            \/\/ Charger la page source\n            $.get('\/en\/seminars\/rrs\/arab\/', function(data) {\n            \/\/ Extraire le contenu de l'\u00e9l\u00e9ment #PreviousRRS\n            var contenu = $(data).find('#PreviousRRS').html();\n\n            \/\/ Ins\u00e9rer le contenu dans l'\u00e9l\u00e9ment #destination\n            $('#PreviousRRS-arab-loaded').html(contenu);\n        });\n    });\"><\/div>\n<\/div>\n<\/div><\/div><\/div><\/div>\n                    \n<div class=\"wp-block-brblocks-accordion\"><h4 class=\"accordion-title h4  blue\" style=\"color:#000000\">Asia &amp; Pacific<\/h4><div class=\"accordion-content  blue\"><div class=\"ituContainer\">\n<div class=\"wp-block-group\"><div class=\"wp-block-group__inner-container is-layout-constrained wp-block-group-is-layout-constrained\"><div class=\"ituContainer\">\n<div id=\"PreviousRRS-asia-pacific-loaded\"><\/div>\n<\/div>\n\n\n<div class=\"wp-block-brblocks-code-editor\" data-selected-script=\"jquery\" data-code-content=\" jQuery(document).ready(function($) {\n            \/\/ Charger la page source\n            $.get('\/en\/seminars\/rrs\/asia-pacific\/', function(data) {\n            \/\/ Extraire le contenu de l'\u00e9l\u00e9ment #PreviousRRS\n            var contenu = $(data).find('#PreviousRRS').html();\n\n            \/\/ Ins\u00e9rer le contenu dans l'\u00e9l\u00e9ment #destination\n            $('#PreviousRRS-asia-pacific-loaded').html(contenu);\n        });\n    });\"><\/div>\n<\/div>\n<\/div><\/div><\/div><\/div>\n                    \n<div class=\"wp-block-brblocks-accordion\"><h4 class=\"accordion-title h4  blue\" style=\"color:#000000\">Europe<\/h4><div class=\"accordion-content  blue\"><div class=\"ituContainer\">\n<div class=\"wp-block-group\"><div class=\"wp-block-group__inner-container is-layout-constrained wp-block-group-is-layout-constrained\"><div class=\"ituContainer\">\n<div id=\"PreviousRRS-europe-loaded\"><\/div>\n<\/div>\n\n\n<div class=\"wp-block-brblocks-code-editor\" data-selected-script=\"jquery\" data-code-content=\" jQuery(document).ready(function($) {\n            \/\/ Charger la page source\n            $.get('\/en\/seminars\/rrs\/europe\/', function(data) {\n            \/\/ Extraire le contenu de l'\u00e9l\u00e9ment #PreviousRRS\n            var contenu = $(data).find('#PreviousRRS').html();\n\n            \/\/ Ins\u00e9rer le contenu dans l'\u00e9l\u00e9ment #destination\n            $('#PreviousRRS-europe-loaded').html(contenu);\n        });\n    });\"><\/div>\n<\/div>\n<\/div><\/div><\/div><\/div>\n                    \n<div class=\"wp-block-brblocks-accordion\"><h4 class=\"accordion-title h4  blue\" style=\"color:#000000\">CIS<\/h4><div class=\"accordion-content  blue\"><div class=\"ituContainer\">\n<div class=\"wp-block-group\"><div class=\"wp-block-group__inner-container is-layout-constrained wp-block-group-is-layout-constrained\"><div class=\"ituContainer\">\n<div id=\"PreviousRRS-cis-loaded\"><\/div>\n<\/div>\n\n\n<div class=\"wp-block-brblocks-code-editor\" data-selected-script=\"jquery\" data-code-content=\" jQuery(document).ready(function($) {\n            \/\/ Charger la page source\n            $.get('\/en\/seminars\/rrs\/cis\/', function(data) {\n            \/\/ Extraire le contenu de l'\u00e9l\u00e9ment #PreviousRRS\n            var contenu = $(data).find('#PreviousRRS').html();\n\n            \/\/ Ins\u00e9rer le contenu dans l'\u00e9l\u00e9ment #destination\n            $('#PreviousRRS-cis-loaded').html(contenu);\n        });\n    });\"><\/div>\n<\/div>\n<\/div><\/div><\/div><\/div>\n            <\/div>\n                    <\/div>\n    <\/section>\n\n\n<div class=\"ituContainer\">\n<p class=\"wp-block-paragraph\"><\/p>\n<\/div>","protected":false},"excerpt":{"rendered":"","protected":false},"author":5,"featured_media":0,"parent":3077,"menu_order":0,"comment_status":"closed","ping_status":"closed","template":"obsolete-templates\/page-submenu.php","meta":{"_crdt_document":"","_uag_custom_page_level_css":"","footnotes":""},"folder":[],"class_list":["post-3076","page","type-page","status-publish","hentry"],"uagb_featured_image_src":{"full":false,"thumbnail":false,"medium":false,"medium_large":false,"large":false,"1536x1536":false,"2048x2048":false,"gs-tiny":false,"xl":false,"xxl":false,"xxxl":false,"xxxxl":false,"xxxxxl":false,"gform-image-choice-sm":false,"gform-image-choice-md":false,"gform-image-choice-lg":false},"uagb_author_info":{"display_name":"mgaillard","author_link":"https:\/\/itu-app42363.pagelyhosting.com\/en\/author\/mgaillard\/"},"uagb_comment_info":0,"uagb_excerpt":null,"_links":{"self":[{"href":"https:\/\/itu-app42363.pagelyhosting.com\/en\/wp-json\/wp\/v2\/pages\/3076","targetHints":{"allow":["GET"]}}],"collection":[{"href":"https:\/\/itu-app42363.pagelyhosting.com\/en\/wp-json\/wp\/v2\/pages"}],"about":[{"href":"https:\/\/itu-app42363.pagelyhosting.com\/en\/wp-json\/wp\/v2\/types\/page"}],"author":[{"embeddable":true,"href":"https:\/\/itu-app42363.pagelyhosting.com\/en\/wp-json\/wp\/v2\/users\/5"}],"replies":[{"embeddable":true,"href":"https:\/\/itu-app42363.pagelyhosting.com\/en\/wp-json\/wp\/v2\/comments?post=3076"}],"version-history":[{"count":0,"href":"https:\/\/itu-app42363.pagelyhosting.com\/en\/wp-json\/wp\/v2\/pages\/3076\/revisions"}],"up":[{"embeddable":true,"href":"https:\/\/itu-app42363.pagelyhosting.com\/en\/wp-json\/wp\/v2\/pages\/3077"}],"wp:attachment":[{"href":"https:\/\/itu-app42363.pagelyhosting.com\/en\/wp-json\/wp\/v2\/media?parent=3076"}],"wp:term":[{"taxonomy":"folder","embeddable":true,"href":"https:\/\/itu-app42363.pagelyhosting.com\/en\/wp-json\/wp\/v2\/folder?post=3076"}],"curies":[{"name":"wp","href":"https:\/\/api.w.org\/{rel}","templated":true}]}}