{"id":300,"date":"2022-10-13T06:49:08","date_gmt":"2022-10-13T06:49:08","guid":{"rendered":"https:\/\/itu-app42363.pagelyhosting.com\/now4wrc23\/home\/"},"modified":"2023-12-01T07:53:47","modified_gmt":"2023-12-01T07:53:47","slug":"home","status":"publish","type":"page","link":"https:\/\/itu-app42363.pagelyhosting.com\/now4wrc23\/fr\/","title":{"rendered":"Home"},"content":{"rendered":"    <section class=\"ituBanner bg smallheight\">\n        <div class=\"bgContainer \">\n            <img src=https:\/\/www.itu.int\/now4wrc23g\/wp-content\/uploads\/sites\/14\/2021\/11\/479706_NOW4WRC23_2560x915-WebBannerNoText.jpg alt=\"Background decorative image\" \/>\n            <div class=\"ituContainer grid\">\n                <div class=\"content\" data-span=\"8\">\n                    <div class=\"main\">\n                        <h2 class=\"h1 white\">R\u00e9seau de femmes pour la CMR-23<\/h2>\n                    <\/div>\n                    <div class=\"addInfo\"><\/div>\n                <\/div>\n            <\/div>\n        <\/div>\n    <\/section>\n\n\n    <div class=\"ituContainer grid\">\n        <div data-span=\"12\">\n                    <\/div>\n    <\/div>\n\n\n    <div class=\"ituContainer grid\">\n        <div data-span=\"12\">\n                            <div class=\"ituContainer\">\n<h2 class=\"wp-block-heading\" id=\"what-is-now4wrc23\">Qu&rsquo;est-ce que le r\u00e9seau NOW4WRC23?<\/h2>\n<\/div>                            <div class=\"ituContainer\">\n<p class=\"wp-block-paragraph\">Le R\u00e9seau de femmes pour la CMR-23 (NOW4WRC23) offre un cadre pour l&rsquo;\u00e9tablissement de contacts en r\u00e9seau, le mentorat et l&rsquo;\u00e9change de connaissances.Cette initiative vise \u00e0 mettre en avant les buts, les objectifs et les r\u00e9sultats de l&rsquo;initiative &nbsp;<a href=\"https:\/\/www.itu.int\/en\/ITU-R\/conferences\/wrc\/2019\/now\/Pages\/default.aspx\">NOW4WRC19<\/a> &nbsp;dans le contexte du nouveau cycle d&rsquo;\u00e9tudes du Secteur des radiocommunications de l&rsquo;UIT (UIT-R) en vue de la prochaine Conf\u00e9rence mondiale des radiocommunications (<a href=\"\/wrc-23\/en\">CMR-23<\/a>).<\/p>\n<\/div>                            <div class=\"wp-bootstrap-blocks-button\">\n\t<a\n\t\thref=\"\/now4wrc23\/fr\/a-propos\/about-now4wrc23\/\"\n\t\t\t\t\t\t\trel=\"\/now4wrc23\/about\/about-now4wrc23\/\"\n\t\t\t\tclass=\"btn btn-primary\"\n\t>\n\t\tRead more\t<\/a>\n<\/div>\n                    <\/div>\n    <\/div>\n\n\n    <div class=\"ituContainer grid\">\n        <div data-span=\"12\">\n                            <div class=\"ituContainer\">\n<figure class=\"wp-block-video  eplus-ANpm2z\"><video height=\"480\" style=\"aspect-ratio: 852 \/ 480;\" width=\"852\" autoplay controls loop muted src=\"https:\/\/www.itu.int\/now4wrc23g\/wp-content\/uploads\/sites\/14\/2021\/11\/ITU-NOW4WRC23-Presentation-APG-meeting-2021-11-08-FINAL.mp4\"><\/video><\/figure>\n<\/div>                    <\/div>\n    <\/div>\n\n\n    <div class=\"ituContainer grid\">\n        <div data-span=\"12\">\n                                <div class=\"ituContainer grid\">\n        <div data-span=\"12\">\n                            <div class=\"ituContainer\">\n<h2 class=\"wp-block-heading\">Activit\u00e9s et manifestations<\/h2>\n<\/div>                                <section>\n        <div class=\"ituContainer grid\">\n                                                <a class=\"ituCard anim bg hor\" href=\"https:\/\/www.itu.int\/en\/ITU-R\/conferences\/rag\/cg-gender\/Pages\/default.aspx\" data-span=\"6\" target=\"_blank\">\n        <img decoding=\"async\" class=\"square\" src=\"https:\/\/www.itu.int\/now4wrc23\/wp-content\/uploads\/sites\/14\/2023\/11\/WRC19-declaration-grey_ITUNews2019-06-scaled.jpg\" alt=\"\" \/>\n        <div class=\"content\">\n            <div class=\"main\">\n                <p class=\"title\">RAG Correspondence Group on Gender<\/p>\n\n            <\/div>\n            <div class=\"addInfo\"><\/div>\n        <\/div>\n    <\/a>\n\n                                                <a class=\"ituCard anim bg hor\" href=\"https:\/\/www.itu.int\/hub\/2023\/11\/advancing-collective-action-on-gender-equity-in-radiocommunications\/#\/fr\" data-span=\"6\" target=\"\">\n        <img decoding=\"async\" class=\"square\" src=\"https:\/\/www.itu.int\/br-staging\/wp-content\/uploads\/sites\/33\/2023\/11\/Capture-decran-2023-11-30-105340.png\" alt=\"\" \/>\n        <div class=\"content\">\n            <div class=\"main\">\n                <p class=\"title\">Promouvoir l\u2019action collective en faveur de l\u2019\u00e9galit\u00e9 hommes\/femmes dans les radiocommunications<\/p>\n\n            <\/div>\n            <div class=\"addInfo\"><\/div>\n        <\/div>\n    <\/a>\n\n                                                <a class=\"ituCard anim bg hor\" href=\"https:\/\/www.itu.int\/wrc-23\/fr\/\" data-span=\"6\" target=\"\">\n        <img decoding=\"async\" class=\"square\" src=\"https:\/\/www.itu.int\/now4wrc23\/wp-content\/uploads\/sites\/14\/2022\/07\/pexels-photo-2115367.jpeg\" alt=\"\" \/>\n        <div class=\"content\">\n            <div class=\"main\">\n                <p class=\"title\">Conf\u00e9rence mondiale des radiocommunications de 2023 (CMR-23)<\/p>\n\n            <\/div>\n            <div class=\"addInfo\">Duba\u00ef, \u00c9mirats arabes unis, <br>20 novembre \u2013 15 d\u00e9cembre 2023<\/div>\n        <\/div>\n    <\/a>\n\n                                                <a class=\"ituCard anim bg hor\" href=\"https:\/\/www.itu.int\/ra-23\/fr\/\" data-span=\"6\" target=\"\">\n        <img decoding=\"async\" class=\"square\" src=\"https:\/\/www.itu.int\/now4wrc23\/wp-content\/uploads\/sites\/14\/2022\/07\/pexels-photo-2115367.jpeg\" alt=\"\" \/>\n        <div class=\"content\">\n            <div class=\"main\">\n                <p class=\"title\">Assembl\u00e9e des radiocommunications de 2023 <br>(AR-23)<\/p>\n\n            <\/div>\n            <div class=\"addInfo\">Duba\u00ef (\u00c9mirats arabes unis), <br>13-17 novembre 2023<\/div>\n        <\/div>\n    <\/a>\n\n                    <\/div>\n    <\/section>\n                            <div class=\"ituContainer\">\n<h2 class=\"wp-block-heading\">ITU Reportages sur Women Leading<\/h2>\n<\/div>                                <section>\n        <div class=\"ituContainer grid\">\n                                                <a class=\"ituCard anim bg hor\" href=\"\/now4wrc23\/wp-content\/uploads\/sites\/14\/2023\/11\/s-gen-news-2021-2-pdf-f.pdf\" data-span=\"6\" target=\"_blank\">\n        <img decoding=\"async\" class=\"square\" src=\"https:\/\/www.itu.int\/now4wrc23\/wp-content\/uploads\/sites\/14\/2023\/11\/Women-leading-in-radiocommunication-and-space-now4wrc-magazine-2-1.png\" alt=\"\" \/>\n        <div class=\"content\">\n            <div class=\"main\">\n                <p class=\"title\">Femmes dirigeantes dans les domaines des radiocommunications et de l\u2019espace<\/p>\n\n            <\/div>\n            <div class=\"addInfo\">(ITU News Magazine No. 2, 2021)<\/div>\n        <\/div>\n    <\/a>\n\n                    <\/div>\n    <\/section>\n                            <div class=\"ituContainer\">\n<div class=\"wp-block-group uag-hide-tab uag-hide-mob\"><div class=\"wp-block-group__inner-container is-layout-constrained wp-block-group-is-layout-constrained\">    <div class=\"ituContainer grid\">\n                        <div data-span=\"3\">\n                    <div class=\"ituContainer\">\n<iframe loading=\"lazy\" width=\"290\" height=\"202\" src=\"https:\/\/www.youtube.com\/embed\/xQwUxT1qB94?si=UUDEdfg56Y6i1jJ-\" title=\"YouTube video player\" frameborder=\"0\" allow=\"accelerometer; autoplay; clipboard-write; encrypted-media; gyroscope; picture-in-picture; web-share\" allowfullscreen><\/iframe>\n<\/div>            <\/div>\n                        <div data-span=\"3\">\n                    <div class=\"ituContainer\">\n<iframe loading=\"lazy\" width=\"290\" height=\"202\" src=\"https:\/\/www.youtube.com\/embed\/k7K2C-ms8yw?si=3p8OVkgRUnJaT-__\" title=\"YouTube video player\" frameborder=\"0\" allow=\"accelerometer; autoplay; clipboard-write; encrypted-media; gyroscope; picture-in-picture; web-share\" allowfullscreen><\/iframe>\n<\/div>            <\/div>\n                        <div data-span=\"3\">\n                    <div class=\"ituContainer\">\n<iframe loading=\"lazy\" width=\"290\" height=\"202\" src=\"https:\/\/www.youtube.com\/embed\/lyFqYClyPp8?si=aZeNvm4cNBZLc2oi\" title=\"YouTube video player\" frameborder=\"0\" allow=\"accelerometer; autoplay; clipboard-write; encrypted-media; gyroscope; picture-in-picture; web-share\" allowfullscreen><\/iframe>\n<\/div>            <\/div>\n                        <div data-span=\"3\">\n                    <div class=\"ituContainer\">\n<iframe loading=\"lazy\" width=\"290\" height=\"202\" src=\"https:\/\/www.youtube.com\/embed\/_-VDwS_0kXM?si=uEiYMxYSadNBddgb\" title=\"YouTube video player\" frameborder=\"0\" allow=\"accelerometer; autoplay; clipboard-write; encrypted-media; gyroscope; picture-in-picture; web-share\" allowfullscreen><\/iframe>\n<\/div>            <\/div>\n                        <div data-span=\"3\">\n                    <div class=\"ituContainer\">\n<iframe loading=\"lazy\" width=\"290\" height=\"202\" src=\"https:\/\/www.youtube.com\/embed\/kGI6P_wEWRU?si=V29PGkAbWLTIqE4K\" title=\"YouTube video player\" frameborder=\"0\" allow=\"accelerometer; autoplay; clipboard-write; encrypted-media; gyroscope; picture-in-picture; web-share\" allowfullscreen><\/iframe>\n<\/div>            <\/div>\n                        <div data-span=\"3\">\n                    <div class=\"ituContainer\">\n<iframe loading=\"lazy\" width=\"290\" height=\"202\" src=\"https:\/\/www.youtube.com\/embed\/OHFMLvBLkxw?si=Zr7XxmmD0zqZ_eRC\" title=\"YouTube video player\" frameborder=\"0\" allow=\"accelerometer; autoplay; clipboard-write; encrypted-media; gyroscope; picture-in-picture; web-share\" allowfullscreen><\/iframe>\n<\/div>            <\/div>\n                        <div data-span=\"3\">\n                    <div class=\"ituContainer\">\n<iframe loading=\"lazy\" width=\"290\" height=\"202\" src=\"https:\/\/www.youtube.com\/embed\/ROlqU6LeV5k?si=XxMVTgYmzG2Mhi4m\" title=\"YouTube video player\" frameborder=\"0\" allow=\"accelerometer; autoplay; clipboard-write; encrypted-media; gyroscope; picture-in-picture; web-share\" allowfullscreen><\/iframe>\n<\/div>            <\/div>\n                        <div data-span=\"3\">\n                    <div class=\"ituContainer\">\n<figure width=\"290\" height=\"200\"  class=\"wp-block-video\" ><video controls poster=\"\/now4wrc23\/wp-content\/uploads\/sites\/14\/2023\/11\/Capture-decran-2023-11-15-153259.png\" src=\"\/now4wrc23\/wp-content\/uploads\/sites\/14\/2023\/11\/Veena-Rawat-First-woman-Chair-of-an-ITU-R-Study-Group_20230713.mp4\"><\/video><\/figure>\n<\/div>            <\/div>\n            <\/div>\n<\/div>\n<\/div><\/div>                            <div class=\"ituContainer\">\n<div class=\"wp-block-group uag-hide-desktop\"><div class=\"wp-block-group__inner-container is-layout-constrained wp-block-group-is-layout-constrained\"><div class=\"ituContainer\">\n<iframe loading=\"lazy\" width=\"100%\" height=\"202\" src=\"https:\/\/www.youtube.com\/embed\/xQwUxT1qB94?si=UUDEdfg56Y6i1jJ-\" title=\"YouTube video player\" frameborder=\"0\" allow=\"accelerometer; autoplay; clipboard-write; encrypted-media; gyroscope; picture-in-picture; web-share\" allowfullscreen><\/iframe>\n<\/div>\n\n<div class=\"ituContainer\">\n<iframe loading=\"lazy\" width=\"100%\" height=\"202\" src=\"https:\/\/www.youtube.com\/embed\/k7K2C-ms8yw?si=3p8OVkgRUnJaT-__\" title=\"YouTube video player\" frameborder=\"0\" allow=\"accelerometer; autoplay; clipboard-write; encrypted-media; gyroscope; picture-in-picture; web-share\" allowfullscreen><\/iframe>\n<\/div>\n\n<div class=\"ituContainer\">\n<iframe loading=\"lazy\" width=\"100%\" height=\"202\" src=\"https:\/\/www.youtube.com\/embed\/lyFqYClyPp8?si=aZeNvm4cNBZLc2oi\" title=\"YouTube video player\" frameborder=\"0\" allow=\"accelerometer; autoplay; clipboard-write; encrypted-media; gyroscope; picture-in-picture; web-share\" allowfullscreen><\/iframe>\n<\/div>\n\n<div class=\"ituContainer\">\n<iframe loading=\"lazy\" width=\"100%\" height=\"202\" src=\"https:\/\/www.youtube.com\/embed\/_-VDwS_0kXM?si=uEiYMxYSadNBddgb\" title=\"YouTube video player\" frameborder=\"0\" allow=\"accelerometer; autoplay; clipboard-write; encrypted-media; gyroscope; picture-in-picture; web-share\" allowfullscreen><\/iframe>\n<\/div>\n\n<div class=\"ituContainer\">\n<iframe loading=\"lazy\" width=\"100%\" height=\"202\" src=\"https:\/\/www.youtube.com\/embed\/kGI6P_wEWRU?si=V29PGkAbWLTIqE4K\" title=\"YouTube video player\" frameborder=\"0\" allow=\"accelerometer; autoplay; clipboard-write; encrypted-media; gyroscope; picture-in-picture; web-share\" allowfullscreen><\/iframe>\n<\/div>\n\n<div class=\"ituContainer\">\n<iframe loading=\"lazy\" width=\"100%\" height=\"202\" src=\"https:\/\/www.youtube.com\/embed\/OHFMLvBLkxw?si=Zr7XxmmD0zqZ_eRC\" title=\"YouTube video player\" frameborder=\"0\" allow=\"accelerometer; autoplay; clipboard-write; encrypted-media; gyroscope; picture-in-picture; web-share\" allowfullscreen><\/iframe>\n<\/div>\n\n<div class=\"ituContainer\">\n<iframe loading=\"lazy\" width=\"100%\" height=\"202\" src=\"https:\/\/www.youtube.com\/embed\/ROlqU6LeV5k?si=XxMVTgYmzG2Mhi4m\" title=\"YouTube video player\" frameborder=\"0\" allow=\"accelerometer; autoplay; clipboard-write; encrypted-media; gyroscope; picture-in-picture; web-share\" allowfullscreen><\/iframe>\n<\/div>\n\n<div class=\"ituContainer\">\n<figure   class=\"wp-block-video\" ><video controls poster=\"\/now4wrc23\/wp-content\/uploads\/sites\/14\/2023\/11\/Capture-decran-2023-11-15-153259.png\" src=\"https:\/\/www.itu.int\/now4wrc23\/wp-content\/uploads\/sites\/14\/2023\/11\/Veena-Rawat-First-woman-Chair-of-an-ITU-R-Study-Group_20230713.mp4\"><\/video><\/figure>\n<\/div><\/div>\n<\/div><\/div>                            <div class=\"ituContainer\">\n<h2 class=\"wp-block-heading\">Galerie de photos<\/h2>\n<\/div>                                <section>\n        <div class=\"ituContainer grid\">\n                                                <div data-span=\"6\">\n                    <div class=\"ituContainer\">\n<a data-flickr-embed=\"true\" href=\"https:\/\/www.flickr.com\/photos\/itupictures\/albums\/72177720313034671\" title=\"NOW4WRC23\"><img loading=\"lazy\" decoding=\"async\" src=\"https:\/\/live.staticflickr.com\/65535\/53364694842_acdf5e80c1_n.jpg\" width=\"290\" height=\"200\" alt=\"NOW4WRC23\"\/><\/a><script async src=\"\/\/embedr.flickr.com\/assets\/client-code.js\" charset=\"utf-8\"><\/script>\n<\/div>            <\/div>\n                    <\/div>\n    <\/section>\n                    <\/div>\n    <\/div>\n                    <\/div>\n    <\/div>\n","protected":false},"excerpt":{"rendered":"","protected":false},"author":5,"featured_media":0,"parent":0,"menu_order":0,"comment_status":"closed","ping_status":"closed","template":"","meta":{"_crdt_document":"","_uag_custom_page_level_css":"","footnotes":""},"folder":[],"class_list":["post-300","page","type-page","status-publish","hentry"],"uagb_featured_image_src":{"full":false,"thumbnail":false,"medium":false,"medium_large":false,"large":false,"1536x1536":false,"2048x2048":false,"gs-tiny":false,"xl":false,"xxl":false,"xxxl":false,"xxxxl":false,"xxxxxl":false,"gform-image-choice-sm":false,"gform-image-choice-md":false,"gform-image-choice-lg":false},"uagb_author_info":{"display_name":"mgaillard","author_link":"https:\/\/itu-app42363.pagelyhosting.com\/now4wrc23\/fr\/author\/mgaillard\/"},"uagb_comment_info":0,"uagb_excerpt":null,"_links":{"self":[{"href":"https:\/\/itu-app42363.pagelyhosting.com\/now4wrc23\/fr\/wp-json\/wp\/v2\/pages\/300","targetHints":{"allow":["GET"]}}],"collection":[{"href":"https:\/\/itu-app42363.pagelyhosting.com\/now4wrc23\/fr\/wp-json\/wp\/v2\/pages"}],"about":[{"href":"https:\/\/itu-app42363.pagelyhosting.com\/now4wrc23\/fr\/wp-json\/wp\/v2\/types\/page"}],"author":[{"embeddable":true,"href":"https:\/\/itu-app42363.pagelyhosting.com\/now4wrc23\/fr\/wp-json\/wp\/v2\/users\/5"}],"replies":[{"embeddable":true,"href":"https:\/\/itu-app42363.pagelyhosting.com\/now4wrc23\/fr\/wp-json\/wp\/v2\/comments?post=300"}],"version-history":[{"count":0,"href":"https:\/\/itu-app42363.pagelyhosting.com\/now4wrc23\/fr\/wp-json\/wp\/v2\/pages\/300\/revisions"}],"wp:attachment":[{"href":"https:\/\/itu-app42363.pagelyhosting.com\/now4wrc23\/fr\/wp-json\/wp\/v2\/media?parent=300"}],"wp:term":[{"taxonomy":"folder","embeddable":true,"href":"https:\/\/itu-app42363.pagelyhosting.com\/now4wrc23\/fr\/wp-json\/wp\/v2\/folder?post=300"}],"curies":[{"name":"wp","href":"https:\/\/api.w.org\/{rel}","templated":true}]}}