{"id":309,"date":"2022-10-13T07:06:14","date_gmt":"2022-10-13T07:06:14","guid":{"rendered":"https:\/\/itu-app42363.pagelyhosting.com\/now4wrc23\/a-propos\/"},"modified":"2024-02-23T09:59:04","modified_gmt":"2024-02-23T09:59:04","slug":"a-propos","status":"publish","type":"page","link":"https:\/\/itu-app42363.pagelyhosting.com\/now4wrc23\/fr\/a-propos\/","title":{"rendered":"\u00c0 propos"},"content":{"rendered":"<div class=\"ituContainer\">\n<h2 class=\"wp-block-heading\" id=\"a-propos-des-copresidentes-au-niveau-regional\">\u00c0 propos des Copr\u00e9sidentes au niveau r\u00e9gional<\/h2>\n<\/div>\n\n<div class=\"ituContainer\">\n<p class=\"wp-block-paragraph\">Les <a href=\"https:\/\/www.itu.int\/now4wrc23\/about\/regional-co-chairs-and-representatives\/\">Copr\u00e9sidentes au niveau r\u00e9gional<\/a> du r\u00e9seau NOW4WRC23 ont \u00e9t\u00e9 nomm\u00e9es pour:<\/p>\n<\/div>\n\n<div class=\"ituContainer\">\n<ul class=\"wp-block-list\"><div class=\"ituContainer\">\n<li>veiller \u00e0 ce que l&rsquo;initiative r\u00e9ponde aux besoins particuliers des femmes d\u00e9l\u00e9gu\u00e9es de chaque organisation r\u00e9gionale de t\u00e9l\u00e9communication;<\/li>\n<\/div>\n\n<div class=\"ituContainer\">\n<li>organiser les activit\u00e9s r\u00e9gionales du r\u00e9seau NOW4WRC23 qui se tiendront en m\u00eame temps que les r\u00e9unions r\u00e9gionales de pr\u00e9paration en vue de la CMR-23;<\/li>\n<\/div>\n\n<div class=\"ituContainer\">\n<li>promouvoir le r\u00f4le moteur des femmes dans le processus pr\u00e9paratoire r\u00e9gional en vue de la CMR-23;<\/li>\n<\/div>\n\n<div class=\"ituContainer\">\n<li>mobiliser et soutenir les femmes qui ne participent pas forc\u00e9ment aux r\u00e9unions des commissions d&rsquo;\u00e9tudes et des groupes de travail de l&rsquo;UIT-R.<\/li>\n<\/div><\/ul>\n<\/div>\n\n<div class=\"ituContainer\">\n<h2 class=\"wp-block-heading\" id=\"a-propos-des-coordonnatrices\">\u00c0 propos des coordonnatrices<\/h2>\n<\/div>\n\n<div class=\"ituContainer\">\n<p class=\"wp-block-paragraph\">Trois <a href=\"https:\/\/www.itu.int\/now4wrc23\/about\/br-coordinators\/\">coordonnatrices<\/a> du Bureau des radiocommunications de l&rsquo;UIT (BR) ont \u00e9t\u00e9 nomm\u00e9es pour:<\/p>\n<\/div>\n\n<div class=\"ituContainer\">\n<ul class=\"wp-block-list\"><div class=\"ituContainer\">\n<li>appuyer les activit\u00e9s du r\u00e9seau NOW4WRC23 qui se tiennent en m\u00eame temps que les r\u00e9unions des commissions d&rsquo;\u00e9tudes et des <a href=\"https:\/\/www.itu.int\/en\/ITU-R\/study-groups\/Pages\/default.aspx\">groupes de travail de l&rsquo;UIT-R<\/a>;<\/li>\n<\/div>\n\n<div class=\"ituContainer\">\n<li>aider \u00e0 la mise en \u0153uvre du programme de mentorat.\u202f<\/li>\n<\/div><\/ul>\n<\/div>\n\n<div class=\"ituContainer\">\n<h2 class=\"wp-block-heading\" id=\"a-propos-du-lancement-de-l-initiative-now4wrc23\">\u00c0 propos du lancement de l&rsquo;initiative NOW4WRC23<\/h2>\n<\/div>\n\n<div class=\"ituContainer\">\n<p class=\"wp-block-paragraph\">Le R\u00e9seau de femmes pour la CMR-23 a \u00e9t\u00e9 lanc\u00e9 pour tenir l&rsquo;un de nos engagements consistant \u00e0 mettre en \u0153uvre les mesures concr\u00e8tes cit\u00e9es dans la <a href=\"https:\/\/www.itu.int\/en\/ITU-R\/conferences\/rag\/cg-gender\/Documents\/WRC-19%20GENDER%20DECLARATION%20-%20EN.pdf\">D\u00e9claration sur l&rsquo;\u00e9galit\u00e9 hommes\/femmes adopt\u00e9e par la CMR-19<\/a>, qui vise \u00e0 promouvoir l&rsquo;\u00e9galit\u00e9, l&rsquo;\u00e9quit\u00e9 et la parit\u00e9 hommes\/femmes au sein du Secteur des radiocommunications de l&rsquo;UIT.<\/p>\n<\/div>\n\n<div class=\"ituContainer\">\n<ul class=\"wp-block-list\"><div class=\"ituContainer\">\n<li><a href=\"https:\/\/www.itu.int\/en\/ITU-R\/Director\/Documents\/Speeches\/Maniewicz\/2020-11-30%20-%20ITU%20WRS-2020%20Launch%20of%20Network%20of%20Women%20for%20WRC23%20-%20Opening%20Remarks%20Director%20BR.pdf\">Lancement du R\u00e9seau de femmes pour la CMR-23<\/a><\/li>\n<\/div>\n\n<div class=\"ituContainer\">\n<li><a href=\"https:\/\/www.itu.int\/hub\/2020\/11\/inspiring-a-new-generation-of-women-in-radiocomms\/\">Encourager l&rsquo;\u00e9mergence d&rsquo;une nouvelle g\u00e9n\u00e9ration de femmes dans les radiocommunications<\/a><\/li>\n<\/div>\n\n<div class=\"ituContainer\">\n<li><a href=\"https:\/\/www.youtube.com\/watch?v=OHFMLvBLkxw\">R\u00e9seau de femmes: mettre toutes les chances de notre c\u00f4t\u00e9 (vid\u00e9o)<\/a><\/li>\n<\/div><\/ul>\n<\/div>\n\n<div class=\"ituContainer\">\n<h2 class=\"wp-block-heading\" id=\"a-propos-du-programme-de-mentorat-now4wrc\">\u00c0 propos du programme de mentorat NOW4WRC<\/h2>\n<\/div>\n\n<div class=\"ituContainer\">\n<p class=\"wp-block-paragraph\">Inspir\u00e9 par l&rsquo;initiative <a href=\"https:\/\/www.youtube.com\/watch?v=iuzrGPhv2eQ\">We Lead<\/a>, le projet NOW4WRC vise \u00e0 faire en sorte que davantage de femmes participent aux conf\u00e9rences techniques du Secteur des radiocommunications de l&rsquo;UIT et occupent des fonctions de premier plan lors de ces conf\u00e9rences, par exemple en assumant la pr\u00e9sidence d&rsquo;une commission ou d&rsquo;une conf\u00e9rence. Le mentorat est l&rsquo;une des composantes essentielles de cette initiative.<\/p>\n<\/div>\n\n<div class=\"ituContainer\">\n<h2 class=\"wp-block-heading\" id=\"rag\">RAG<\/h2>\n<\/div>\n\n<div class=\"ituContainer\">\n<p class=\"wp-block-paragraph\"><a href=\"https:\/\/www.itu.int\/en\/ITU-R\/conferences\/rag\/cg-gender\/Pages\/default.aspx\">RAG Correspondence Group on Gender<\/a><\/p>\n<\/div>\n\n<div class=\"ituContainer\">\n<h2 class=\"wp-block-heading\" id=\"previous-conferences\">Conf\u00e9rences pr\u00e9c\u00e9dentes<\/h2>\n<\/div>\n\n    <section>\n        <div class=\"ituContainer grid\">\n                                                <a class=\"ituCard anim bg hor\" href=\"https:\/\/www.itu.int\/en\/ITU-R\/conferences\/wrc\/2019\/now\/Pages\/default.aspx\" data-span=\"6\" target=\"\">\n        <img decoding=\"async\" class=\"square\" src=\"https:\/\/itu-app42363.pagelyhosting.com\/now4wrc23\/wp-content\/uploads\/sites\/14\/2022\/10\/NOW4WRC23-desktop-1.jpg\" alt=\"\" \/>\n        <div class=\"content\">\n            <div class=\"main\">\n                <p class=\"title\">R\u00e9seau de femmes pour la CMR-19 (#NOW4WRC19)<\/p>\n\n            <\/div>\n            <div class=\"addInfo\">31 October to 2 November 2019<\/div>\n        <\/div>\n    <\/a>\n\n                    <\/div>\n    <\/section>\n\n\n<div class=\"ituContainer\">\n<h2 class=\"wp-block-heading\" id=\"previous-conferences\"><a rel=\"noreferrer noopener\" href=\"https:\/\/www.itu.int\/web\/pp-18\/en\/\" target=\"_blank\"><\/a><a href=\"https:\/\/www.itu.int\/fr\/ITU-R\/conferences\/wrc\/2019\/Pages\/default.aspx\"><\/a><\/h2>\n<\/div>","protected":false},"excerpt":{"rendered":"<p>\u00c0 propos des Copr\u00e9sidentes au niveau r\u00e9gional Les Copr\u00e9sidentes au niveau r\u00e9gional du r\u00e9seau NOW4WRC23 ont \u00e9t\u00e9 nomm\u00e9es pour: \u00c0 propos des coordonnatrices Trois coordonnatrices du Bureau des radiocommunications de l&rsquo;UIT (BR) ont \u00e9t\u00e9 nomm\u00e9es pour: \u00c0 propos du lancement de l&rsquo;initiative NOW4WRC23 Le R\u00e9seau de femmes pour la CMR-23 a \u00e9t\u00e9 lanc\u00e9 pour tenir [&hellip;]<\/p>\n","protected":false},"author":5,"featured_media":0,"parent":0,"menu_order":0,"comment_status":"closed","ping_status":"closed","template":"","meta":{"_crdt_document":"","_uag_custom_page_level_css":"","footnotes":""},"folder":[],"class_list":["post-309","page","type-page","status-publish","hentry"],"uagb_featured_image_src":{"full":false,"thumbnail":false,"medium":false,"medium_large":false,"large":false,"1536x1536":false,"2048x2048":false,"gs-tiny":false,"xl":false,"xxl":false,"xxxl":false,"xxxxl":false,"xxxxxl":false,"gform-image-choice-sm":false,"gform-image-choice-md":false,"gform-image-choice-lg":false},"uagb_author_info":{"display_name":"mgaillard","author_link":"https:\/\/itu-app42363.pagelyhosting.com\/now4wrc23\/fr\/author\/mgaillard\/"},"uagb_comment_info":0,"uagb_excerpt":"\u00c0 propos des Copr\u00e9sidentes au niveau r\u00e9gional Les Copr\u00e9sidentes au niveau r\u00e9gional du r\u00e9seau NOW4WRC23 ont \u00e9t\u00e9 nomm\u00e9es pour: \u00c0 propos des coordonnatrices Trois coordonnatrices du Bureau des radiocommunications de l&rsquo;UIT (BR) ont \u00e9t\u00e9 nomm\u00e9es pour: \u00c0 propos du lancement de l&rsquo;initiative NOW4WRC23 Le R\u00e9seau de femmes pour la CMR-23 a \u00e9t\u00e9 lanc\u00e9 pour tenir\u2026","_links":{"self":[{"href":"https:\/\/itu-app42363.pagelyhosting.com\/now4wrc23\/fr\/wp-json\/wp\/v2\/pages\/309","targetHints":{"allow":["GET"]}}],"collection":[{"href":"https:\/\/itu-app42363.pagelyhosting.com\/now4wrc23\/fr\/wp-json\/wp\/v2\/pages"}],"about":[{"href":"https:\/\/itu-app42363.pagelyhosting.com\/now4wrc23\/fr\/wp-json\/wp\/v2\/types\/page"}],"author":[{"embeddable":true,"href":"https:\/\/itu-app42363.pagelyhosting.com\/now4wrc23\/fr\/wp-json\/wp\/v2\/users\/5"}],"replies":[{"embeddable":true,"href":"https:\/\/itu-app42363.pagelyhosting.com\/now4wrc23\/fr\/wp-json\/wp\/v2\/comments?post=309"}],"version-history":[{"count":0,"href":"https:\/\/itu-app42363.pagelyhosting.com\/now4wrc23\/fr\/wp-json\/wp\/v2\/pages\/309\/revisions"}],"wp:attachment":[{"href":"https:\/\/itu-app42363.pagelyhosting.com\/now4wrc23\/fr\/wp-json\/wp\/v2\/media?parent=309"}],"wp:term":[{"taxonomy":"folder","embeddable":true,"href":"https:\/\/itu-app42363.pagelyhosting.com\/now4wrc23\/fr\/wp-json\/wp\/v2\/folder?post=309"}],"curies":[{"name":"wp","href":"https:\/\/api.w.org\/{rel}","templated":true}]}}