{"id":1191,"date":"2023-03-07T09:39:00","date_gmt":"2023-03-07T09:39:00","guid":{"rendered":"https:\/\/itu-app42363.pagelyhosting.com\/ra-23\/participacion\/admission\/"},"modified":"2023-10-09T11:47:34","modified_gmt":"2023-10-09T11:47:34","slug":"admission","status":"publish","type":"page","link":"https:\/\/itu-app42363.pagelyhosting.com\/ra-23\/es\/participacion\/admission\/","title":{"rendered":"Admisi\u00f3n en la AR-23"},"content":{"rendered":"<div class=\"ituContainer\">\n<p class=\"wp-block-paragraph\">De conformidad con el Art\u00edculo 25 del <a href=\"https:\/\/www.itu.int\/pub\/S-CONF-PLEN-2015\" target=\"_blank\" rel=\"noreferrer noopener\">Convenio&nbsp;de la UIT<\/a>, <strong>se admitir\u00e1 en la Asamblea de Radiocomunicaciones de 2023<\/strong> a:\u200b<\/p>\n<\/div>\n\n<div class=\"ituContainer\">\n<ul class=\"wp-block-list\" type=\"1\" start=\"1\"><div class=\"ituContainer\">\n<li>\u200bDelegaciones de <a rel=\"noreferrer noopener\" href=\"https:\/\/www.itu.int\/hub\/membership\/our-members\/directory\/?myitu-members-states=true&amp;request=countries\" target=\"_blank\"><strong>Estados Miembros\u200b<\/strong><\/a>;<\/li>\n<\/div>\n\n<div class=\"ituContainer\">\n<li><a href=\"https:\/\/www.itu.int\/online\/mm\/scripts\/gensel9\"><strong>El Estado de Palestina<\/strong><\/a>&nbsp;[Resoluci\u00f3n 99 (Rev. Dub\u00e1i, 2018)];<\/li>\n<\/div>\n\n<div class=\"ituContainer\">\n<li>Representantes de los&nbsp;<a rel=\"noreferrer noopener\" href=\"https:\/\/www.itu.int\/hub\/membership\/our-members\/directory\/?myitu-members-directory=true&amp;request=search-companies&amp;type=SEC_MEMBER&amp;sector=ITU-R\" target=\"_blank\"><strong>Miembros de Sector<\/strong><\/a><strong>&nbsp;<\/strong>interesados;<\/li>\n<\/div>\n\n<div class=\"ituContainer\">\n<li><strong>Observadores, que participan con car\u00e1cter consultivo<\/strong>, que pertenezcan a:<div class=\"ituContainer\">\n<ul class=\"wp-block-list\"><div class=\"ituContainer\">\n<li>las organizaciones y organismos mencionados en los n\u00fameros 269A a 269D del <a href=\"https:\/\/www.itu.int\/pub\/S-CONF-PLEN-2019\/es\" target=\"_blank\" rel=\"noreferrer noopener\">Convenio de la UIT<\/a>;<\/li>\n<\/div>\n\n<div class=\"ituContainer\">\n<li>cualquier otra organizaci\u00f3n regional o internacional que se ocupe de asuntos de inter\u00e9s para la asamblea o la conferencia.<\/li>\n<\/div><\/ul>\n<\/div><\/li>\n<\/div><\/ul>\n<\/div>\n\n<div class=\"ituContainer\">\n<p class=\"wp-block-paragraph\">Por \u00faltimo, de conformidad con el <em>resuelve 4<\/em> de la <a href=\"https:\/\/www.itu.int\/pub\/S-CONF-ACTF-2022\/es\" target=\"_blank\" rel=\"noreferrer noopener\">Resoluci\u00f3n 169 (Rev. Bucarest, 2022)<\/a>, se admitir\u00e1 en la Asamblea de Radiocomunicaciones de 2023 la participaci\u00f3n de <a href=\"https:\/\/www.itu.int\/hub\/membership\/our-members\/directory\/?myitu-academia=true&amp;request=academia\" target=\"_blank\" rel=\"noreferrer noopener\"><strong>Instituciones Acad\u00e9micas<\/strong><\/a><sup>1<\/sup>, en calidad de <strong>observadores sin car\u00e1cter consultivo<\/strong>.<\/p>\n<\/div>\n\n<div class=\"ituContainer\">\n<p class=\"wp-block-paragraph\">De conformidad con el Art\u00edculo 33 del <a href=\"https:\/\/www.itu.int\/pub\/S-CONF-PLEN-2019\/es\" target=\"_blank\" rel=\"noreferrer noopener\">Convenio de la UIT<\/a>, CV\/476:\u200b<\/p>\n<\/div>\n\n<div class=\"ituContainer\">\n<p class=\"wp-block-paragraph\">\u00ab\u2026Las organizaciones indicadas en los n\u00fameros 269A a 269E del presente Convenio, otras organizaciones que tambi\u00e9n se indican en el Cap\u00edtulo II del mismo (a menos que el Consejo las haya exonerado en r\u00e9gimen de reciprocidad) y los Miembros de Sector que se se\u00f1alan en el n\u00famero 230 del presente Convenio y que participen, de conformidad con las disposiciones pertinentes del presente Convenio, en una Conferencia de Plenipotenciarios, en una conferencia, asamblea o reuni\u00f3n de un Sector de la Uni\u00f3n, o en una Conferencia Mundial de Telecomunicaciones Internacionales, contribuir\u00e1n a sufragar los gastos de las conferencias, asambleas y reuniones en las que participen sobre la base del coste de las mismas y de conformidad con el Reglamento Financiero. No obstante, los Miembros de Sector no contribuir\u00e1n espec\u00edficamente a los gastos correspondientes a su participaci\u00f3n en una conferencia, asamblea o reuni\u00f3n de su respectivo Sector, salvo en el caso de las conferencias regionales de radiocomunicaciones\u2026\u00bb<\/p>\n<\/div>\n\n    <section>\n            <div class=\"ituContainer\" >\n        <h2 className=\"h3\"><\/h2>\n            <\/div>\n\t\t\t\t\n\t                    <div class=\"ituContainer grid mb1\">\n                    <a class=\"ituCard anim\" data-span=\"6\" style=\"padding: 0.5rem 1rem;\" href=\"\/ra-23\/wp-content\/uploads\/sites\/10\/2023\/10\/InformationNoteOnDelegationOfVote-RA23.pdf\" rel=\"noopener noreferrer\">\n        <div class=\"content\">\n            <div class=\"main ituIcnLnk docList\">\n                <i class=\"fal fa-file\"><\/i><span>pdf<\/span>Information note on the delegation of voting rights at the Radiocommunication Assembly (RA-23)            <\/div>\n        <\/div>\n    <\/a>\n            <\/div>\n            <\/section>\n\n\n<div class=\"ituContainer\">\n<blockquote class=\"wp-block-quote is-layout-flow wp-block-quote-is-layout-flow\"><div class=\"ituContainer\">\n<p class=\"wp-block-paragraph\"><sup>1<\/sup>&nbsp;Comprende facultades, institutos, universidades y sus centros de investigaci\u00f3n asociados interesados en el desarrollo de las telecomunicaciones\/TIC.<\/p>\n<\/div><\/blockquote>\n<\/div>","protected":false},"excerpt":{"rendered":"<p>De conformidad con el Art\u00edculo 25 del Convenio&nbsp;de la UIT, se admitir\u00e1 en la Asamblea de Radiocomunicaciones de 2023 a:\u200b Por \u00faltimo, de conformidad con el resuelve 4 de la Resoluci\u00f3n 169 (Rev. Bucarest, 2022), se admitir\u00e1 en la Asamblea de Radiocomunicaciones de 2023 la participaci\u00f3n de Instituciones Acad\u00e9micas1, en calidad de observadores sin car\u00e1cter [&hellip;]<\/p>\n","protected":false},"author":9,"featured_media":0,"parent":840,"menu_order":3,"comment_status":"closed","ping_status":"closed","template":"obsolete-templates\/page-submenu.php","meta":{"_crdt_document":"","_uag_custom_page_level_css":"","footnotes":""},"folder":[],"class_list":["post-1191","page","type-page","status-publish","hentry"],"uagb_featured_image_src":{"full":false,"thumbnail":false,"medium":false,"medium_large":false,"large":false,"1536x1536":false,"2048x2048":false,"gs-tiny":false,"xl":false,"xxl":false,"xxxl":false,"xxxxl":false,"xxxxxl":false,"gform-image-choice-sm":false,"gform-image-choice-md":false,"gform-image-choice-lg":false},"uagb_author_info":{"display_name":"fhuguet","author_link":"https:\/\/itu-app42363.pagelyhosting.com\/ra-23\/es\/author\/fhuguet\/"},"uagb_comment_info":0,"uagb_excerpt":"De conformidad con el Art\u00edculo 25 del Convenio&nbsp;de la UIT, se admitir\u00e1 en la Asamblea de Radiocomunicaciones de 2023 a:\u200b Por \u00faltimo, de conformidad con el resuelve 4 de la Resoluci\u00f3n 169 (Rev. Bucarest, 2022), se admitir\u00e1 en la Asamblea de Radiocomunicaciones de 2023 la participaci\u00f3n de Instituciones Acad\u00e9micas1, en calidad de observadores sin car\u00e1cter&hellip;","_links":{"self":[{"href":"https:\/\/itu-app42363.pagelyhosting.com\/ra-23\/es\/wp-json\/wp\/v2\/pages\/1191","targetHints":{"allow":["GET"]}}],"collection":[{"href":"https:\/\/itu-app42363.pagelyhosting.com\/ra-23\/es\/wp-json\/wp\/v2\/pages"}],"about":[{"href":"https:\/\/itu-app42363.pagelyhosting.com\/ra-23\/es\/wp-json\/wp\/v2\/types\/page"}],"author":[{"embeddable":true,"href":"https:\/\/itu-app42363.pagelyhosting.com\/ra-23\/es\/wp-json\/wp\/v2\/users\/9"}],"replies":[{"embeddable":true,"href":"https:\/\/itu-app42363.pagelyhosting.com\/ra-23\/es\/wp-json\/wp\/v2\/comments?post=1191"}],"version-history":[{"count":0,"href":"https:\/\/itu-app42363.pagelyhosting.com\/ra-23\/es\/wp-json\/wp\/v2\/pages\/1191\/revisions"}],"up":[{"embeddable":true,"href":"https:\/\/itu-app42363.pagelyhosting.com\/ra-23\/es\/wp-json\/wp\/v2\/pages\/840"}],"wp:attachment":[{"href":"https:\/\/itu-app42363.pagelyhosting.com\/ra-23\/es\/wp-json\/wp\/v2\/media?parent=1191"}],"wp:term":[{"taxonomy":"folder","embeddable":true,"href":"https:\/\/itu-app42363.pagelyhosting.com\/ra-23\/es\/wp-json\/wp\/v2\/folder?post=1191"}],"curies":[{"name":"wp","href":"https:\/\/api.w.org\/{rel}","templated":true}]}}