{"id":1310,"date":"2023-06-12T07:29:04","date_gmt":"2023-06-12T07:29:04","guid":{"rendered":"https:\/\/itu-app42363.pagelyhosting.com\/ra-23\/participacion\/faq-on-ra-23-wrc-23-registration\/"},"modified":"2023-10-06T14:19:07","modified_gmt":"2023-10-06T14:19:07","slug":"faq-on-ra-23-wrc-23-registration","status":"publish","type":"page","link":"https:\/\/itu-app42363.pagelyhosting.com\/ra-23\/es\/participacion\/faq-on-ra-23-wrc-23-registration\/","title":{"rendered":"FAQ sobre la inscripci\u00f3n en la AR-23\/CMR-23"},"content":{"rendered":"    <div class=\"ituContainer grid\">\n        <div data-span=\"12\">\n                            \n<div class=\"wp-block-pb-accordion-item c-accordion__item js-accordion-item no-js\" data-initially-open=\"false\" data-click-to-close=\"true\" data-auto-close=\"true\" data-scroll=\"false\" data-scroll-offset=\"0\"><h4 id=\"at-13100\" class=\"c-accordion__title js-accordion-controller\" role=\"button\">1 <strong>\u00bfQui\u00e9n puede participar en la AR-23 y\/o la CMR-23?<\/strong><\/h4><div id=\"ac-13100\" class=\"c-accordion__content\"><div class=\"ituContainer\">\n<p class=\"wp-block-paragraph\">T\u00e9ngase en cuenta que la AR-23 y la CMR-23 <strong>no est\u00e1n abiertas al p\u00fablico en general, sino restringidas a los Miembros de la UIT<\/strong>.<\/p>\n<\/div>\n\n<div class=\"ituContainer\">\n<p class=\"wp-block-paragraph\">Lea m\u00e1s sobre la <a href=\"https:\/\/www.itu.int\/ra-23\/participation\/admission\/\">admisi\u00f3n a la AR-23<\/a>\/<a href=\"https:\/\/www.itu.int\/wrc-23\/participation\/admission\/\">admisi\u00f3n a la CMR-23<\/a>.<\/p>\n<\/div><\/div><\/div>\n                            \n<div class=\"wp-block-pb-accordion-item c-accordion__item js-accordion-item no-js\" data-initially-open=\"false\" data-click-to-close=\"true\" data-auto-close=\"true\" data-scroll=\"false\" data-scroll-offset=\"0\"><h4 id=\"at-13101\" class=\"c-accordion__title js-accordion-controller\" role=\"button\"><strong>2 \u00bfC\u00f3mo inscribirse en la AR-23 y\/o la CMR-23?<\/strong><\/h4><div id=\"ac-13101\" class=\"c-accordion__content\"><div class=\"ituContainer\">\n<ol class=\"wp-block-list\"><div class=\"ituContainer\">\n<li><strong>\u00bfDispone ya de una cuenta de usuario de la UIT o de credenciales de acceso&nbsp;TIES?<\/strong> En caso afirmativo, proceda al paso 2; de no ser as\u00ed, visite el sitio web de <a href=\"https:\/\/www.itu.int\/en\/ties-services\/Pages\/default.aspx\">gesti\u00f3n de la cuenta de usuario de la UIT<\/a> para crear una cuenta de usuario de la UIT. Si necesita ayuda en relaci\u00f3n con su cuenta de usuario de la UIT, dir\u00edjase a <a href=\"mailto:servicedesk@itu.int\">servicedesk@itu.int<\/a><\/li>\n<\/div>\n\n<div class=\"ituContainer\">\n<li><a href=\"https:\/\/www.itu.int\/net4\/CRM\/xreg\/web\/registration.aspx?Event=C-00012452\"><strong>Inscr\u00edbase aqu\u00ed en la AR-23\/CMR-23<\/strong><\/a><strong> \u2013 iniciar sesi\u00f3n utilizando su cuenta de usuario de la UIT.<\/strong><\/li>\n<\/div>\n\n<div class=\"ituContainer\">\n<li>Tras la presentaci\u00f3n con \u00e9xito de su solicitud de inscripci\u00f3n, recibir\u00e1 un acuse de recibo por correo electr\u00f3nico.<\/li>\n<\/div>\n\n<div class=\"ituContainer\">\n<li><strong>Su solicitud de inscripci\u00f3n se transmite autom\u00e1ticamente al <\/strong><a href=\"https:\/\/www.itu.int\/online\/mm\/scripts\/s\/gensel21?_lang=&amp;_event=C-00006136&amp;_event_type=ZSER\"><strong>Coordinador designado para eventos del UIT-R (DFP)<\/strong><\/a> correspondiente, para su consideraci\u00f3n (aprobaci\u00f3n\/rechazo).<\/li>\n<\/div>\n\n<div class=\"ituContainer\">\n<li><strong>Una vez obtenida la aprobaci\u00f3n del Coordinador designado, recibir\u00e1 una confirmaci\u00f3n de inscripci\u00f3n por correo electr\u00f3nico<\/strong>. Tambi\u00e9n se notificar\u00e1 a los participantes cuando el DFP rechace la solicitud de inscripci\u00f3n.<\/li>\n<\/div><\/ol>\n<\/div><\/div><\/div>\n                            \n<div class=\"wp-block-pb-accordion-item c-accordion__item js-accordion-item no-js\" data-initially-open=\"false\" data-click-to-close=\"true\" data-auto-close=\"true\" data-scroll=\"false\" data-scroll-offset=\"0\"><h4 id=\"at-13102\" class=\"c-accordion__title js-accordion-controller\" role=\"button\"><strong>3 \u00bfD\u00f3nde puedo encontrar qui\u00e9n es mi Coordinador designado para la inscripci\u00f3n en la AR-23 y la CMR-23?<\/strong><\/h4><div id=\"ac-13102\" class=\"c-accordion__content\"><div class=\"ituContainer\">\n<p class=\"wp-block-paragraph\"><strong>Pulse aqu\u00ed para obtener<\/strong> <a href=\"https:\/\/www.itu.int\/online\/mm\/scripts\/s\/gensel21?_lang=&amp;_event=C-00006136&amp;_event_type=ZSER\">la lista de Coordinadores designados para la inscripci\u00f3n a eventos del UIT-R<\/a> <strong>(se requiere<\/strong> <a href=\"https:\/\/www.itu.int\/en\/ties-services\/Pages\/default.aspx\">acceso TIES<\/a><strong>)<\/strong>.<\/p>\n<\/div><\/div><\/div>\n                            \n<div class=\"wp-block-pb-accordion-item c-accordion__item js-accordion-item no-js\" data-initially-open=\"false\" data-click-to-close=\"true\" data-auto-close=\"true\" data-scroll=\"false\" data-scroll-offset=\"0\"><h4 id=\"at-13103\" class=\"c-accordion__title js-accordion-controller\" role=\"button\"><strong>4 Como Coordinador designado para la inscripci\u00f3n en eventos del UIT-R, \u00bfc\u00f3mo puedo aprobar una solicitud de inscripci\u00f3n pendiente de mi aprobaci\u00f3n?<\/strong><\/h4><div id=\"ac-13103\" class=\"c-accordion__content\"><div class=\"ituContainer\">\n<p class=\"wp-block-paragraph\"><strong>Se notificar\u00e1 a los Coordinadores por correo electr\u00f3nico cada solicitud de inscripci\u00f3n presentada para que las consideren (aprobaci\u00f3n\/rechazo).<\/strong><\/p>\n<\/div>\n\n<div class=\"ituContainer\">\n<p class=\"wp-block-paragraph\"><strong>Los Coordinadores pueden<\/strong> <a href=\"https:\/\/www.itu.int\/net4\/CRM\/xreg\/web\/Login.aspx?src=Focalpoint\">examinar aqu\u00ed (aprobaci\u00f3n\/rechazo) todas las solicitudes de inscripci\u00f3n pendientes de su aprobaci\u00f3n<\/a> <strong>(conexi\u00f3n a trav\u00e9s de su<\/strong> <a href=\"https:\/\/www.itu.int\/en\/ties-services\/Pages\/default.aspx\">cuenta de usuario de la UIT<\/a> <strong>necesaria)<\/strong>.<\/p>\n<\/div><\/div><\/div>\n                            \n<div class=\"wp-block-pb-accordion-item c-accordion__item js-accordion-item no-js\" data-initially-open=\"false\" data-click-to-close=\"true\" data-auto-close=\"true\" data-scroll=\"false\" data-scroll-offset=\"0\"><h4 id=\"at-13104\" class=\"c-accordion__title js-accordion-controller\" role=\"button\"><strong>5 El Coordinador designado para la inscripci\u00f3n en eventos del UIT-R de mi organizaci\u00f3n\/Estado Miembro ha cambiado, \u00bfc\u00f3mo puede actualizarse la informaci\u00f3n?<\/strong><\/h4><div id=\"ac-13104\" class=\"c-accordion__content\"><div class=\"ituContainer\">\n<p class=\"wp-block-paragraph\">Se invita al actual <a href=\"https:\/\/www.itu.int\/online\/mm\/scripts\/s\/gensel21?_lang=&amp;_event=C-00006136&amp;_event_type=ZSER\">Coordinador designado para la inscripci\u00f3n en eventos del UIT-R<\/a> de una organizaci\u00f3n\/Estado Miembro a notificar al Servicio de inscripci\u00f3n en eventos del UIT-R toda modificaci\u00f3n del Coordinador designado de su organizaci\u00f3n\/Estado Miembro a la direcci\u00f3n <a href=\"file:\/\/blue\/dfs\/pool\/TRAD\/S\/ITU-R\/BR\/IAP\/itu-r.registrations@itu.int\">itu-r.registrations@itu.int<\/a>. Para ello, s\u00edrvase facilitar los datos de contacto del nuevo Coordinador designado, a saber:<\/p>\n<\/div>\n\n<div class=\"ituContainer\">\n<ul class=\"wp-block-list\"><div class=\"ituContainer\">\n<li>Nombre<\/li>\n<\/div>\n\n<div class=\"ituContainer\">\n<li>Apellidos<\/li>\n<\/div>\n\n<div class=\"ituContainer\">\n<li>Organizaci\u00f3n<\/li>\n<\/div>\n\n<div class=\"ituContainer\">\n<li>Direcci\u00f3n de correo electr\u00f3nico<\/li>\n<\/div><\/ul>\n<\/div><\/div><\/div>\n                            \n<div class=\"wp-block-pb-accordion-item c-accordion__item js-accordion-item no-js\" data-initially-open=\"false\" data-click-to-close=\"true\" data-auto-close=\"true\" data-scroll=\"false\" data-scroll-offset=\"0\"><h4 id=\"at-13105\" class=\"c-accordion__title js-accordion-controller\" role=\"button\"><strong>6 \u00bfExiste un plazo de inscripci\u00f3n en la AR-23 y\/o la CMR-23?<\/strong><\/h4><div id=\"ac-13105\" class=\"c-accordion__content\"><div class=\"ituContainer\">\n<p class=\"wp-block-paragraph\">No hay plazo l\u00edmite para la inscripci\u00f3n. Sin embargo, se recomienda a los delegados que soliciten visados para viajar a los EAU que se <a href=\"https:\/\/www.itu.int\/wrc-23\/participation\/registration\/\">inscriban en la AR-23\/CMR-23<\/a> lo antes posible (y obtengan la aprobaci\u00f3n del coordinador) para dar tiempo suficiente para la tramitaci\u00f3n de las solicitudes de visado (v\u00e9ase tambi\u00e9n la Pregunta 14 infra).<\/p>\n<\/div>\n\n<div class=\"ituContainer\">\n<p class=\"wp-block-paragraph\"><a href=\"https:\/\/www.itu.int\/net4\/CRM\/xreg\/web\/registration.aspx?Event=C-00012452\"><strong>Inscr\u00edbase aqu\u00ed a la AR-23\/CMR-23<\/strong><\/a><strong><\/strong><\/p>\n<\/div>\n\n<div class=\"ituContainer\">\n<p class=\"wp-block-paragraph\">Tenga en cuenta que la <a href=\"https:\/\/dubaiwrc23.ae\/accomodation\">disponibilidad de alojamiento<\/a> tambi\u00e9n puede reducirse a medida que se aproxime la fecha de la Conferencia.<\/p>\n<\/div><\/div><\/div>\n                            \n<div class=\"wp-block-pb-accordion-item c-accordion__item js-accordion-item no-js\" data-initially-open=\"false\" data-click-to-close=\"true\" data-auto-close=\"true\" data-scroll=\"false\" data-scroll-offset=\"0\"><h4 id=\"at-13106\" class=\"c-accordion__title js-accordion-controller\" role=\"button\"><strong>7 \u00bfD\u00f3nde puedo encontrar una lista de los participantes inscritos en la AR-23 y en la CMR-23?<\/strong><\/h4><div id=\"ac-13106\" class=\"c-accordion__content\"><div class=\"ituContainer\">\n<p class=\"wp-block-paragraph\"><a href=\"https:\/\/www.itu.int\/online\/mm\/scripts\/s\/gensel23?_event=C-00012452&amp;_event_type=ZSER&amp;_dspnum=&amp;_sort=&amp;_filtertxt=&amp;_filtertxt2=&amp;lstsubmeet=%2CRA-23&amp;_sg=RA-23&amp;_presence=+&amp;_includeitustaff=on&amp;_includestaff=on\">Lista de participantes inscritos en la AR-23 (se necesita cuenta TIES)<\/a><\/p>\n<\/div>\n\n<div class=\"ituContainer\">\n<p class=\"wp-block-paragraph\"><a href=\"https:\/\/www.itu.int\/online\/mm\/scripts\/s\/gensel23?_event=C-00012452&amp;_event_type=ZSER&amp;_dspnum=&amp;_sort=&amp;_filtertxt=&amp;_filtertxt2=&amp;lstsubmeet=%2CWRC-23&amp;_sg=WRC-23&amp;_presence=+&amp;_includeitustaff=on&amp;_includestaff=on\">Lista de participantes inscritos en la CMR-23 (se necesita cuenta TIES)<\/a><\/p>\n<\/div><\/div><\/div>\n                            \n<div class=\"wp-block-pb-accordion-item c-accordion__item js-accordion-item no-js\" data-initially-open=\"false\" data-click-to-close=\"true\" data-auto-close=\"true\" data-scroll=\"false\" data-scroll-offset=\"0\"><h4 id=\"at-13107\" class=\"c-accordion__title js-accordion-controller\" role=\"button\"><strong>8 \u00bfExiste una cuota de inscripci\u00f3n en la AR-23 y\/o la CMR-23?<\/strong><\/h4><div id=\"ac-13107\" class=\"c-accordion__content\"><div class=\"ituContainer\">\n<p class=\"wp-block-paragraph\">No se impone a los Estados Miembros de la UIT ni a los Miembros de Sector del UIT-R una cuota de inscripci\u00f3n y participaci\u00f3n en la AR-23 y\/o la CMR-23.<\/p>\n<\/div>\n\n<div class=\"ituContainer\">\n<p class=\"wp-block-paragraph\">Obs\u00e9rvese, no obstante, que <strong>la AR-23 y la CMR-23 no est\u00e1n abiertas al p\u00fablico en general<\/strong>. Lea m\u00e1s sobre la <a href=\"https:\/\/www.itu.int\/ra-23\/participation\/admission\/\"><strong>admisi\u00f3n a la AR-23<\/strong><\/a><strong>\/<\/strong><a href=\"https:\/\/www.itu.int\/wrc-23\/participation\/admission\/\"><strong>admisi\u00f3n a la CMR-23<\/strong><\/a>.<\/p>\n<\/div><\/div><\/div>\n                            \n<div class=\"wp-block-pb-accordion-item c-accordion__item js-accordion-item no-js\" data-initially-open=\"false\" data-click-to-close=\"true\" data-auto-close=\"true\" data-scroll=\"false\" data-scroll-offset=\"0\"><h4 id=\"at-13108\" class=\"c-accordion__title js-accordion-controller\" role=\"button\"><strong>9 \u00bfExiste un n\u00famero m\u00e1ximo de participantes autorizados por delegaci\u00f3n?<\/strong><\/h4><div id=\"ac-13108\" class=\"c-accordion__content\"><div class=\"ituContainer\">\n<p class=\"wp-block-paragraph\">Los Miembros de la UIT autorizados a participar en la AR-23 y\/o la CMR-23 pueden designar e inscribir cuantos representantes estimen necesarios. No se impondr\u00e1n l\u00edmites al n\u00famero de delegados y observadores que asistan a la Asamblea o a la Conferencia.<\/p>\n<\/div><\/div><\/div>\n                            \n<div class=\"wp-block-pb-accordion-item c-accordion__item js-accordion-item no-js\" data-initially-open=\"false\" data-click-to-close=\"true\" data-auto-close=\"true\" data-scroll=\"false\" data-scroll-offset=\"0\"><h4 id=\"at-13109\" class=\"c-accordion__title js-accordion-controller\" role=\"button\"><strong>10 \u00bfExiste un n\u00famero m\u00e1ximo de Jefes o Jefes Adjuntos autorizados por delegaci\u00f3n de los Estados Miembros de la UIT?<\/strong><\/h4><div id=\"ac-13109\" class=\"c-accordion__content\"><div class=\"ituContainer\">\n<p class=\"wp-block-paragraph\">No hay m\u00e1ximo n\u00famero de Jefes o Jefes Adjuntos de las delegaciones de los Estados Miembros de la UIT.<\/p>\n<\/div>\n\n<div class=\"ituContainer\">\n<p class=\"wp-block-paragraph\">S\u00edrvase informar al Servicio de inscripci\u00f3n en la AR-23\/CMR-23 (<a href=\"file:\/\/blue\/dfs\/pool\/TRAD\/S\/ITU-R\/BR\/IAP\/itu-r.registrations@itu.int\">itu-r.registrations@itu.int<\/a>) en caso de que un Jefe de Delegaci\u00f3n\/Jefe Adjunto de Delegaci\u00f3n sea sustituido por otro delegado de la misma delegaci\u00f3n durante la reuni\u00f3n (s\u00f3lo aplicable a los Estados Miembros).<\/p>\n<\/div><\/div><\/div>\n                            \n<div class=\"wp-block-pb-accordion-item c-accordion__item js-accordion-item no-js\" data-initially-open=\"false\" data-click-to-close=\"true\" data-auto-close=\"true\" data-scroll=\"false\" data-scroll-offset=\"0\"><h4 id=\"at-131010\" class=\"c-accordion__title js-accordion-controller\" role=\"button\"><strong>11&nbsp;Soy un delegado inscrito, \u00bfpuede mi c\u00f3nyuge, mi compa\u00f1ero\/a o un miembro de mi familia acceder al lugar de celebraci\u00f3n del evento?<\/strong><\/h4><div id=\"ac-131010\" class=\"c-accordion__content\"><div class=\"ituContainer\">\n<p class=\"wp-block-paragraph\">S\u00ed, cualquier miembro de la familia de los delegados de la AR-23\/CMR-23 puede inscribirse en el evento para acceder al lugar de celebraci\u00f3n y, mientras se encuentre en el per\u00edmetro de la Conferencia, deber\u00e1 llevar la tarjeta de identificaci\u00f3n con fotograf\u00eda del evento.<\/p>\n<\/div>\n\n<div class=\"ituContainer\">\n<p class=\"wp-block-paragraph\">En caso de que requieran <a href=\"https:\/\/dubaiwrc23.ae\/visa\">ayuda para la obtenci\u00f3n del visado<\/a>, deber\u00e1n inscribirse en l\u00ednea y seguir el mismo proceso que el delegado que los acompa\u00f1a y, por lo tanto, obtener la aprobaci\u00f3n del Coordinador. Al hacerlo, deben seleccionar la funci\u00f3n de \u00abMiembro de la familia\u00bb en el formulario de inscripci\u00f3n en l\u00ednea de forma que no aparezcan en la lista de participantes y no se consideren parte de una delegaci\u00f3n. Los delegados pueden informar a su Coordinador de que van a inscribir a su miembro de familia para el evento.<\/p>\n<\/div>\n\n<div class=\"ituContainer\">\n<p class=\"wp-block-paragraph\">Si no se necesita ayuda para la obtenci\u00f3n del visado para el miembro de la familia, los delegados inscritos pueden dirigir la solicitud de inscripci\u00f3n de ese miembro de la familia directamente a la direcci\u00f3n <a href=\"file:\/\/blue\/dfs\/pool\/TRAD\/S\/ITU-R\/BR\/IAP\/itu-r.registrations@itu.int\">itu-r.registrations@itu.int<\/a>.<\/p>\n<\/div>\n\n<div class=\"ituContainer\">\n<p class=\"wp-block-paragraph\">Tenga en cuenta que los miembros de la familia inscritos tendr\u00e1n acceso al lugar de celebraci\u00f3n del evento, pero no podr\u00e1n entrar en las salas de reuni\u00f3n.<\/p>\n<\/div><\/div><\/div>\n                            \n<div class=\"wp-block-pb-accordion-item c-accordion__item js-accordion-item no-js\" data-initially-open=\"false\" data-click-to-close=\"true\" data-auto-close=\"true\" data-scroll=\"false\" data-scroll-offset=\"0\"><h4 id=\"at-131011\" class=\"c-accordion__title js-accordion-controller\" role=\"button\"><strong>12 \u00bfSe dispone de apoyo financiero para participar en la AR-23\/CMR-23?<\/strong><\/h4><div id=\"ac-131011\" class=\"c-accordion__content\"><div class=\"ituContainer\">\n<p class=\"wp-block-paragraph\">No se conceder\u00e1n becas ni apoyo financiero para participar en las Conferencias de la UIT en las que se concluyen tratados, tales como la Conferencia Mundial de Radiocomunicaciones o la Asamblea de Radiocomunicaciones. <a href=\"https:\/\/www.itu.int\/en\/fellowships\/Documents\/2021\/SO_21-02_E.pdf\">M\u00e1s informaci\u00f3n sobre la pol\u00edtica de la UIT en materia de concesi\u00f3n de becas<\/a>.<\/p>\n<\/div><\/div><\/div>\n                            \n<div class=\"wp-block-pb-accordion-item c-accordion__item js-accordion-item no-js\" data-initially-open=\"false\" data-click-to-close=\"true\" data-auto-close=\"true\" data-scroll=\"false\" data-scroll-offset=\"0\"><h4 id=\"at-131012\" class=\"c-accordion__title js-accordion-controller\" role=\"button\"><strong>13 \u00bfPodr\u00e1 participarse a distancia en la AR-23 y la CMR-23?<\/strong><\/h4><div id=\"ac-131012\" class=\"c-accordion__content\"><div class=\"ituContainer\">\n<p class=\"wp-block-paragraph\">No se facilitar\u00e1 la participaci\u00f3n a distancia en la AR-23 ni en la CMR-23. No obstante, las Sesiones Plenarias, de Comisiones y de Grupos de Trabajo se <a href=\"https:\/\/www.itu.int\/wrc-23\/programme\/webcast-and-captioning\/\">retransmitir\u00e1n por la web<\/a> y grabar\u00e1n en los seis idiomas de la UIT, para que puedan verse durante o despu\u00e9s de las sesiones, respectivamente. La inscripci\u00f3n para la AR-23 o la CMR-23 no es necesaria para ver las transmisiones por la web, pero se requiere una <a href=\"https:\/\/www.itu.int\/en\/ties-services\/Pages\/default.aspx\">cuenta TIES<\/a>.<\/p>\n<\/div><\/div><\/div>\n                            \n<div class=\"wp-block-pb-accordion-item c-accordion__item js-accordion-item no-js\" data-initially-open=\"false\" data-click-to-close=\"true\" data-auto-close=\"true\" data-scroll=\"false\" data-scroll-offset=\"0\"><h4 id=\"at-131013\" class=\"c-accordion__title js-accordion-controller\" role=\"button\"><strong>14 \u00bfC\u00f3mo puedo recibir ayuda para la obtenci\u00f3n de visados para viajar a Dub\u00e1i (EAU)?<\/strong><\/h4><div id=\"ac-131013\" class=\"c-accordion__content\"><div class=\"ituContainer\">\n<p class=\"wp-block-paragraph\">La Secretar\u00eda de la UIT no puede prestar apoyo para la obtenci\u00f3n de visados para eventos que se celebren fuera de Ginebra (Suiza). Si necesita ayuda del pa\u00eds anfitri\u00f3n para obtener visado, visite la p\u00e1gina <a href=\"https:\/\/dubaiwrc23.ae\/visa\">https:\/\/dubaiwrc23.ae\/visa<\/a> o dir\u00edjase a <a href=\"file:\/\/blue\/dfs\/pool\/TRAD\/S\/ITU-R\/BR\/IAP\/visa@dubaiwrc23.ae\">visa@dubaiwrc23.ae<\/a>.<\/p>\n<\/div>\n\n<div class=\"ituContainer\">\n<p class=\"wp-block-paragraph\">Dado que <strong>el servicio de apoyo para la obtenci\u00f3n del visado ofrecido por el pa\u00eds anfitri\u00f3n est\u00e1 destinado \u00fanicamente a los participantes inscritos<\/strong>, \u00e9stos se inscribir\u00e1n primero en el evento y habr\u00e1n obtenido la aprobaci\u00f3n del Coordinador antes de ponerse en contacto con el pa\u00eds anfitri\u00f3n para la obtenci\u00f3n del visado.<\/p>\n<\/div>\n\n<div class=\"ituContainer\">\n<p class=\"wp-block-paragraph\"><strong>Se insta encarecidamente a los participantes inscritos a que <\/strong><a href=\"https:\/\/dubaiwrc23.ae\/visa\"><strong>presenten sus solicitudes de visado y los documentos oficiales necesarios a las autoridades de los EAU<\/strong><\/a><strong> lo antes posible, preferiblemente al menos 8 semanas, pero no menos de 2 semanas, antes de viajar a los EAU<\/strong>. Tenga en cuenta que el pa\u00eds anfitri\u00f3n tramitar\u00e1 las solicitudes de ayuda para la obtenci\u00f3n del visado a partir de julio.<\/p>\n<\/div><\/div><\/div>\n                            \n<div class=\"wp-block-pb-accordion-item c-accordion__item js-accordion-item no-js\" data-initially-open=\"false\" data-click-to-close=\"true\" data-auto-close=\"true\" data-scroll=\"false\" data-scroll-offset=\"0\"><h4 id=\"at-131014\" class=\"c-accordion__title js-accordion-controller\" role=\"button\"><strong>15 \u00bfD\u00f3nde puedo encontrar m\u00e1s informaci\u00f3n sobre los Emiratos \u00c1rabes Unidos, la ciudad de Dub\u00e1i, los viajes y el alojamiento durante la Conferencia?<\/strong><\/h4><div id=\"ac-131014\" class=\"c-accordion__content\"><div class=\"ituContainer\">\n<p class=\"wp-block-paragraph\">Visite el sitio web del pa\u00eds anfitri\u00f3n en la direcci\u00f3n <a href=\"https:\/\/dubaiwrc23.ae\/\">https:\/\/dubaiwrc23.ae\/<\/a>.<\/p>\n<\/div>\n\n<div class=\"ituContainer\">\n<p class=\"wp-block-paragraph\">M\u00e1s informaci\u00f3n sobre:<\/p>\n<\/div>\n\n<div class=\"ituContainer\">\n<ul class=\"wp-block-list\"><div class=\"ituContainer\">\n<li>Alojamiento: <a href=\"file:\/\/blue\/dfs\/pool\/TRAD\/S\/ITU-R\/BR\/IAP\/wrcinquiries@ntravel.ae\">wrcinquiries@ntravel.ae<\/a>. <\/li>\n<\/div>\n\n<div class=\"ituContainer\">\n<li>Apoyo para la obtenci\u00f3n del visado: <a href=\"file:\/\/blue\/dfs\/pool\/TRAD\/S\/ITU-R\/BR\/IAP\/wrcvisa@tra.gov.eg\">wrcvisa@tra.gov.eg<\/a><\/li>\n<\/div><\/ul>\n<\/div><\/div><\/div>\n                    <\/div>\n    <\/div>\n","protected":false},"excerpt":{"rendered":"","protected":false},"author":5,"featured_media":0,"parent":840,"menu_order":3,"comment_status":"closed","ping_status":"closed","template":"obsolete-templates\/page-submenu.php","meta":{"_crdt_document":"","_uag_custom_page_level_css":"","footnotes":""},"folder":[],"class_list":["post-1310","page","type-page","status-publish","hentry"],"uagb_featured_image_src":{"full":false,"thumbnail":false,"medium":false,"medium_large":false,"large":false,"1536x1536":false,"2048x2048":false,"gs-tiny":false,"xl":false,"xxl":false,"xxxl":false,"xxxxl":false,"xxxxxl":false,"gform-image-choice-sm":false,"gform-image-choice-md":false,"gform-image-choice-lg":false},"uagb_author_info":{"display_name":"mgaillard","author_link":"https:\/\/itu-app42363.pagelyhosting.com\/ra-23\/es\/author\/mgaillard\/"},"uagb_comment_info":0,"uagb_excerpt":null,"_links":{"self":[{"href":"https:\/\/itu-app42363.pagelyhosting.com\/ra-23\/es\/wp-json\/wp\/v2\/pages\/1310","targetHints":{"allow":["GET"]}}],"collection":[{"href":"https:\/\/itu-app42363.pagelyhosting.com\/ra-23\/es\/wp-json\/wp\/v2\/pages"}],"about":[{"href":"https:\/\/itu-app42363.pagelyhosting.com\/ra-23\/es\/wp-json\/wp\/v2\/types\/page"}],"author":[{"embeddable":true,"href":"https:\/\/itu-app42363.pagelyhosting.com\/ra-23\/es\/wp-json\/wp\/v2\/users\/5"}],"replies":[{"embeddable":true,"href":"https:\/\/itu-app42363.pagelyhosting.com\/ra-23\/es\/wp-json\/wp\/v2\/comments?post=1310"}],"version-history":[{"count":0,"href":"https:\/\/itu-app42363.pagelyhosting.com\/ra-23\/es\/wp-json\/wp\/v2\/pages\/1310\/revisions"}],"up":[{"embeddable":true,"href":"https:\/\/itu-app42363.pagelyhosting.com\/ra-23\/es\/wp-json\/wp\/v2\/pages\/840"}],"wp:attachment":[{"href":"https:\/\/itu-app42363.pagelyhosting.com\/ra-23\/es\/wp-json\/wp\/v2\/media?parent=1310"}],"wp:term":[{"taxonomy":"folder","embeddable":true,"href":"https:\/\/itu-app42363.pagelyhosting.com\/ra-23\/es\/wp-json\/wp\/v2\/folder?post=1310"}],"curies":[{"name":"wp","href":"https:\/\/api.w.org\/{rel}","templated":true}]}}