{"id":1374,"date":"2023-10-20T09:09:23","date_gmt":"2023-10-20T09:09:23","guid":{"rendered":"https:\/\/itu-app42363.pagelyhosting.com\/ra-23\/on-site-badge-collection\/badge-collection\/"},"modified":"2023-10-20T13:27:54","modified_gmt":"2023-10-20T13:27:54","slug":"badge-collection","status":"publish","type":"page","link":"https:\/\/itu-app42363.pagelyhosting.com\/ra-23\/es\/on-site-badge-collection\/badge-collection\/","title":{"rendered":"Badge Collection"},"content":{"rendered":"<div class=\"ituContainer\">\n<p class=\"wp-block-paragraph\">Todas las tarjetas deben recogerse personalmente, ya que se tomar\u00e1 una fotograf\u00eda que se imprimir\u00e1 en la tarjeta para el control de seguridad de los accesos, por lo que son estrictamente intransferibles.<\/p>\n<\/div>\n\n<div class=\"ituContainer\">\n<h2 class=\"wp-block-heading\">Ubicaci\u00f3n<\/h2>\n<\/div>\n\n<div class=\"ituContainer\">\n<p class=\"wp-block-paragraph\">Recoja su acreditaci\u00f3n en los puestos de acreditaci\u00f3n situados en el vest\u00edbulo 2 de Za&#8217;abeel<\/p>\n<\/div>\n\n<div class=\"ituContainer\">\n<h2 class=\"wp-block-heading\">Horario de apertura<\/h2>\n<\/div>\n\n<div class=\"ituContainer\">\n<p class=\"wp-block-paragraph\">Horario de apertura del distintivo\u00a0<a href=\"\/ra-23\/es\/on-site-badge-collection\/desks-opening-hours\/\">aqu\u00ed\u00a0<\/a>.<\/p>\n<\/div>\n\n<div class=\"ituContainer\">\n<p class=\"wp-block-paragraph\">Dada la habitual gran afluencia de delegados el primer d\u00eda, recomendamos recoger su tarjeta de identificaci\u00f3n al menos uno o dos d\u00edas antes de la jornada inaugural o de su primer d\u00eda en la conferencia.<\/p>\n<\/div>\n\n<div class=\"ituContainer\">\n<h2 class=\"wp-block-heading\">Colecci\u00f3n de insignias VIP<\/h2>\n<\/div>\n\n<div class=\"ituContainer\">\n<p class=\"wp-block-paragraph\">Excepcionalmente para las personalidades, un punto focal autorizado podr\u00e1 recoger la tarjeta en su nombre si se ha facilitado previamente una fotograf\u00eda de identificaci\u00f3n en un formato adecuado y el nombre del punto focal a&nbsp;<a href=\"mailto:itu-r.registrations@itu.int\">itu-r.registrations@itu.int&nbsp;<\/a>,&nbsp;<strong>a m\u00e1s tardar el 31 de&nbsp;<sup>st&nbsp;<\/sup>cOB de octubre&nbsp;<\/strong>.<\/p>\n<\/div>\n\n<div class=\"ituContainer\">\n<ul class=\"wp-block-list\"><div class=\"ituContainer\">\n<li><strong>Formato de la fotograf\u00eda de carn\u00e9:&nbsp;<\/strong>jpg, tipo pasaporte, en color y sobre fondo blanco.<\/li>\n<\/div><\/ul>\n<\/div>\n\n<div class=\"ituContainer\">\n<p class=\"wp-block-paragraph\"><strong>Nota:&nbsp;<\/strong>Sin la presentaci\u00f3n previa de una fotograf\u00eda adecuada y el nombre del punto focal que recoger\u00e1 la insignia, los VIP tendr\u00e1n que hacer cola in situ y recoger su propia insignia.<\/p>\n<\/div>","protected":false},"excerpt":{"rendered":"<p>Todas las tarjetas deben recogerse personalmente, ya que se tomar\u00e1 una fotograf\u00eda que se imprimir\u00e1 en la tarjeta para el control de seguridad de los accesos, por lo que son estrictamente intransferibles. Ubicaci\u00f3n Recoja su acreditaci\u00f3n en los puestos de acreditaci\u00f3n situados en el vest\u00edbulo 2 de Za&#8217;abeel Horario de apertura Horario de apertura del [&hellip;]<\/p>\n","protected":false},"author":5,"featured_media":0,"parent":1369,"menu_order":0,"comment_status":"closed","ping_status":"closed","template":"obsolete-templates\/page-submenu.php","meta":{"_crdt_document":"","_uag_custom_page_level_css":"","footnotes":""},"folder":[],"class_list":["post-1374","page","type-page","status-publish","hentry"],"uagb_featured_image_src":{"full":false,"thumbnail":false,"medium":false,"medium_large":false,"large":false,"1536x1536":false,"2048x2048":false,"gs-tiny":false,"xl":false,"xxl":false,"xxxl":false,"xxxxl":false,"xxxxxl":false,"gform-image-choice-sm":false,"gform-image-choice-md":false,"gform-image-choice-lg":false},"uagb_author_info":{"display_name":"mgaillard","author_link":"https:\/\/itu-app42363.pagelyhosting.com\/ra-23\/es\/author\/mgaillard\/"},"uagb_comment_info":0,"uagb_excerpt":"Todas las tarjetas deben recogerse personalmente, ya que se tomar\u00e1 una fotograf\u00eda que se imprimir\u00e1 en la tarjeta para el control de seguridad de los accesos, por lo que son estrictamente intransferibles. Ubicaci\u00f3n Recoja su acreditaci\u00f3n en los puestos de acreditaci\u00f3n situados en el vest\u00edbulo 2 de Za&#8217;abeel Horario de apertura Horario de apertura del&hellip;","_links":{"self":[{"href":"https:\/\/itu-app42363.pagelyhosting.com\/ra-23\/es\/wp-json\/wp\/v2\/pages\/1374","targetHints":{"allow":["GET"]}}],"collection":[{"href":"https:\/\/itu-app42363.pagelyhosting.com\/ra-23\/es\/wp-json\/wp\/v2\/pages"}],"about":[{"href":"https:\/\/itu-app42363.pagelyhosting.com\/ra-23\/es\/wp-json\/wp\/v2\/types\/page"}],"author":[{"embeddable":true,"href":"https:\/\/itu-app42363.pagelyhosting.com\/ra-23\/es\/wp-json\/wp\/v2\/users\/5"}],"replies":[{"embeddable":true,"href":"https:\/\/itu-app42363.pagelyhosting.com\/ra-23\/es\/wp-json\/wp\/v2\/comments?post=1374"}],"version-history":[{"count":0,"href":"https:\/\/itu-app42363.pagelyhosting.com\/ra-23\/es\/wp-json\/wp\/v2\/pages\/1374\/revisions"}],"up":[{"embeddable":true,"href":"https:\/\/itu-app42363.pagelyhosting.com\/ra-23\/es\/wp-json\/wp\/v2\/pages\/1369"}],"wp:attachment":[{"href":"https:\/\/itu-app42363.pagelyhosting.com\/ra-23\/es\/wp-json\/wp\/v2\/media?parent=1374"}],"wp:term":[{"taxonomy":"folder","embeddable":true,"href":"https:\/\/itu-app42363.pagelyhosting.com\/ra-23\/es\/wp-json\/wp\/v2\/folder?post=1374"}],"curies":[{"name":"wp","href":"https:\/\/api.w.org\/{rel}","templated":true}]}}