{"id":842,"date":"2022-11-07T16:10:34","date_gmt":"2022-11-07T16:10:34","guid":{"rendered":"https:\/\/itu-app42363.pagelyhosting.com\/ra-23\/participacion\/registration-to-ra-23\/"},"modified":"2023-10-31T10:00:59","modified_gmt":"2023-10-31T10:00:59","slug":"registration-to-ra-23","status":"publish","type":"page","link":"https:\/\/itu-app42363.pagelyhosting.com\/ra-23\/es\/participacion\/registration-to-ra-23\/","title":{"rendered":"Inscripci\u00f3n en la AR-23"},"content":{"rendered":"    <div class=\"ituContainer grid\">\n        <div data-span=\"12\">\n                            <div class=\"ituContainer\">\n<p class=\"wp-block-paragraph\"><strong>La inscripci\u00f3n para la AR-23 y la CMR-23 ya est\u00e1 abierta<\/strong><\/p>\n<\/div>                            <div class=\"ituContainer\">\n<ul class=\"wp-block-list\"><div class=\"ituContainer\">\n<li><a href=\"https:\/\/www.itu.int\/net4\/CRM\/xreg\/web\/registration.aspx?Event=C-00012452\">Reg\u00edstrese en la AR-23 y\/o la CMR-23<\/a><\/li>\n<\/div>\n\n<div class=\"ituContainer\">\n<li><a href=\"\/ra-23\/participation\/registration-to-ra-23\/vip-registration\/#\/es\">Inscripci\u00f3n VIP<\/a><\/li>\n<\/div><\/ul>\n<\/div>                            <div class=\"ituContainer\">\n<p class=\"wp-block-paragraph\">La participaci\u00f3n en la <a href=\"https:\/\/www.itu.int\/es\/ITU-R\/conferences\/ra\/Pages\/default.aspx\">Asamblea de Radiocomunicaciones<\/a>&nbsp;y en la &nbsp;<a href=\"https:\/\/www.itu.int\/es\/ITU-R\/conferences\/wrc\/Pages\/default.aspx\">Conferencia Mundial de Radiocomunicaciones<\/a>&nbsp;est\u00e1 reservada a los Miembros de la UIT.<\/p>\n<\/div>                            <div class=\"ituContainer\">\n<ul class=\"wp-block-list\"><div class=\"ituContainer\">\n<li><a href=\"\/ra-23\/es\/participation\/admission\/\">Admisi\u00f3n al AR-23<\/a><\/li>\n<\/div>\n\n<div class=\"ituContainer\">\n<li><a href=\"\/wrc-23\/es\/participation\/admission\/\">Admisi\u00f3n a la CMR-23<\/a><\/li>\n<\/div><\/ul>\n<\/div>                            <div class=\"ituContainer\">\n<p class=\"wp-block-paragraph\">Para inscribirse, los participantes deben cumplimentar primero un formulario de inscripci\u00f3n en l\u00ednea y luego solicitar la aprobaci\u00f3n de su inscripci\u00f3n a su&nbsp;<a href=\"https:\/\/www.itu.int\/online\/mm\/scripts\/s\/gensel21?_lang=&amp;_event=C-00006136&amp;_event_type=ZSER\">coordinador designado (DFP) para la inscripci\u00f3n en eventos del UIT-R<\/a>. Para inscribirse, siga los pasos que se explican a continuaci\u00f3n.<\/p>\n<\/div>                            <div class=\"ituContainer\">\n<p class=\"eplus-zExHIG eplus-wrapper wp-block-paragraph\" id=\"paragraph_J93iEbhajP1\">To do so, please follow the few easy steps explained below.<\/p>\n<\/div>                    <\/div>\n    <\/div>\n\n\n    <div class=\"ituContainer grid\">\n        <div data-span=\"12\">\n                            <div class=\"ituContainer\">\n<h2 class=\"eplus-6PiVXW eplus-wrapper wp-block-heading\" id=\"registration-links\">Enlaces de registro<\/h2>\n<\/div>                            <div class=\"ituContainer\">\n<section>\n\t<div class=\"ituContainer grid\">\n\t\t<div class=\"wp-block-bod-modal-block bod-block-popup\" data-span=\"3\">\n    \t<a href=\"javascript:void(0)\" style=\"color:#000000\" class=\"bod-block-popup-trigger type_text\">\n\t\n\t\t\t<div class=\"ituCard anim\">\n\t\t\t\t<div class=\"content center\">\n\t\t\t\t\t<div class=\"main\">\n\t\t\t\t\t<img decoding=\"async\" src=\"\/wrc-23\/wp-content\/uploads\/sites\/12\/2021\/12\/WRC-23-icons-180x180-12.png\" class=\"icon\" alt=\"icon\">\n\t\t\t\t\t<p class=\"title\">Cr\u00e9er un compte<\/p> <br>\n\t\t\t\t\t<p><\/p>\n\t\t\t\t\t<\/div>\n\t\t\t\t<\/div>\n\t\t\t<\/div>\n\t\n\t<div style=\"background-color:rgba(0, 0, 0, 0.5)\" class=\"bod-block-popup-overlay\" data-disabled-overlay-close=\"false\"><\/div>\n\t \n    <\/a><div class=\"bod-block-popup-wrap undefined\"><a href=\"javascript:void(0)\" style=\"color:#000000\" class=\"bod-block-popup-trigger type_text\"> \n        <\/a><div style=\"background-color:#ffffff;border-radius:10px\" class=\"bod-block-popup size-m\"><a href=\"javascript:void(0)\" style=\"color:#000000\" class=\"bod-block-popup-trigger type_text\">\n        \t<\/a><div class=\"bod-modal-content\" style=\"margin:15px;\"><a href=\"javascript:void(0)\" style=\"color:#000000\" class=\"bod-block-popup-trigger type_text\">\n\t\t\t\n\t\t\t\t<h2><strong>1. Compte d\u2019utilisateur de l\u2019UIT<\/strong><\/h2>\n\t\t\t\t<p><strong>Disposez-vous d&#8217;un compte utilisateur de l\u2019UIT ?<\/strong><\/p>\n\t\t\t\t<\/a><ul><a href=\"javascript:void(0)\" style=\"color:#000000\" class=\"bod-block-popup-trigger type_text\">\n\t\t\t\t<\/a><li><a href=\"javascript:void(0)\" style=\"color:#000000\" class=\"bod-block-popup-trigger type_text\"><strong>OUI : Soumettre une<\/strong> <\/a><a href=\"https:\/\/www.itu.int\/net4\/ITU-R\/events\" style=\"color:#0076A1\"><strong>demande d\u2019enregistrement<\/strong><\/a><strong><br><br><\/strong><\/li>\n\t\t\t\t<li><strong>NON<\/strong>: <a href=\"https:\/\/www.itu.int\/en\/ties-services\/Pages\/default.aspx\" style=\"color:#0076A1\">Cr\u00e9er un compte d\u2019utilisateur de l\u2019UIT<\/a><\/li>\n\t\t\t\t<\/ul>\n\t\t\t\t<ul>\n\t\t\t\t<li><strong>JE NE SAIS PAS:<\/strong>: <a href=\"https:\/\/www.itu.int\/en\/ties-services\/Pages\/default.aspx\" style=\"color:#0076A1\">Connectez-vous \u00e0 votre compte d\u2019utilisateur de l\u2019UIT<\/a>pour mettre \u00e0 jour vos donn\u00e9es personnelles, modifier ou r\u00e9cup\u00e9rer un mot de passe, demander un acc\u00e8s TIES (r\u00e9serv\u00e9 aux membres de l&#8217;UIT), etc.<\/li>\n\t\t\t\t<\/ul>\n        \n\t\t\t\t<div class=\"bod-block-popup-closer\"><\/div>\n\t\t\t<\/div> \n\t\t\t<\/div> \n\t\t<\/div>\n\t<\/div>\n\t<div class=\"wp-block-bod-modal-block bod-block-popup\" data-span=\"3\">\n    <a href=\"javascript:void(0)\" style=\"color:#000000\" class=\"bod-block-popup-trigger type_text\">\n\t\n\t<div class=\"ituCard anim\" data-span=\"3\">\n\t\t<div class=\"content center\">\n            <div class=\"main\">\n\t\t\t\t<img decoding=\"async\" src=\"\/wrc-23\/wp-content\/uploads\/sites\/12\/2021\/12\/WRC-23-icons-180x180-09.png\" class=\"icon\" alt=\"icon\">\n\t\t\t<p class=\"title\">Demande d\u2019inscription<\/p> <br>\n\t\t\t<p><\/p>\n\t\t\t<\/div>\n\t\t<\/div>\n\t<\/div>\n\t\t\n\t <div style=\"background-color:rgba(0, 0, 0, 0.5)\" class=\"bod-block-popup-overlay\" data-disabled-overlay-close=\"false\"><\/div>\n\t \n    <\/a><div class=\"bod-block-popup-wrap undefined\"><a href=\"javascript:void(0)\" style=\"color:#000000\" class=\"bod-block-popup-trigger type_text\"> \n        <\/a><div style=\"background-color:#ffffff;border-radius:10px\" class=\"bod-block-popup size-m\"><a href=\"javascript:void(0)\" style=\"color:#000000\" class=\"bod-block-popup-trigger type_text\">\n        <\/a><div class=\"bod-modal-content\" style=\"margin:15px;\"><a href=\"javascript:void(0)\" style=\"color:#000000\" class=\"bod-block-popup-trigger type_text\">\n\n            <h2><strong>2. Demande d\u2019inscription<\/strong><\/h2>\n            <\/a><p><a href=\"javascript:void(0)\" style=\"color:#000000\" class=\"bod-block-popup-trigger type_text\"><strong>Rendez-vous sur la <\/strong><\/a><a href=\"https:\/\/www.itu.int\/net4\/CRM\/xreg\/web\/registration.aspx?Event=C-00012452\" style=\"color:#0076A1\"><strong>page web consacr\u00e9e \u00e0 l&#8217;inscription aux manifestations de l&#8217;UIT-R<\/strong><\/a><\/p>\n            <ul>\n        \n            <li>Remplissez le formulaire de demande d&#8217;inscription. Pour modifier vos donn\u00e9es personnelles, rendez-vous sur votre <a href=\"https:\/\/www.itu.int\/en\/ties-services\/Pages\/default.aspx\" style=\"color:#0076A1\">compte d\u2019utilisateur de l\u2019UIT.<\/a><\/li>\n            <li>Apr\u00e8s avoir soumis la demande d&#8217;inscription, vous recevrez un <strong>accus\u00e9 de r\u00e9ception par courriel<\/strong> indiquant que votre demande est en attente d&#8217;approbation par le coordonnateur  [<a href=\"\/wrc-23\/wp-content\/uploads\/sites\/12\/2023\/05\/2.-reg-request-email.jpg\" style=\"color:#0076A1\" target=\"_blank\" rel=\"noopener\">montrez-moi un exemple<\/a>].<br><br><\/li>\n            <\/ul>\n            <p><strong>Vous n&#8217;avez pas re\u00e7u de courriel?<\/strong><\/p>\n            <ul>\n            <li>V\u00e9rifiez les donn\u00e9es personnelles associ\u00e9es \u00e0 votre compte utilisateur de l&#8217;UIT.<\/li>\n            <\/ul>\n\t\t\t\n\t\t\t\t<div class=\"bod-block-popup-closer\"><\/div>\n\t\t\t<\/div> \n\t\t\t<\/div> \n\t\t<\/div>\n\t<\/div>\n\t<div class=\"wp-block-bod-modal-block bod-block-popup\" data-span=\"3\">\n    <a href=\"javascript:void(0)\" style=\"color:#000000\" class=\"bod-block-popup-trigger type_text\">\n\t\n\t\t<div class=\"ituCard anim\">\n\t\t<div class=\"content center\">\n            <div class=\"main\">\n\t\t\t\t<img decoding=\"async\" src=\"\/wrc-23\/wp-content\/uploads\/sites\/12\/2021\/12\/WRC-23-icons-180x180-10.png\" class=\"icon\" alt=\"icon\">\n\t\t\t<p class=\"title\">Approbation de la demande<\/p>\n\t\t\t<p><\/p>\n\t\t\t<\/div>\n\t\t<\/div>\n\t<\/div>\n\t\n\t <div style=\"background-color:rgba(0, 0, 0, 0.5)\" class=\"bod-block-popup-overlay\" data-disabled-overlay-close=\"false\"><\/div>\n\t \n    <\/a><div class=\"bod-block-popup-wrap undefined\"><a href=\"javascript:void(0)\" style=\"color:#000000\" class=\"bod-block-popup-trigger type_text\"> \n        <\/a><div style=\"background-color:#ffffff;border-radius:10px\" class=\"bod-block-popup size-m\"><a href=\"javascript:void(0)\" style=\"color:#000000\" class=\"bod-block-popup-trigger type_text\">\n        <\/a><div class=\"bod-modal-content\" style=\"margin:15px;\"><a href=\"javascript:void(0)\" style=\"color:#000000\" class=\"bod-block-popup-trigger type_text\">\n\n\t\t\t<h2><strong>3. Approbation de la demande<\/strong><\/h2>\n\t\t\t<\/a><ul><a href=\"javascript:void(0)\" style=\"color:#000000\" class=\"bod-block-popup-trigger type_text\">\n\t\t\t<\/a><li><a href=\"javascript:void(0)\" style=\"color:#000000\" class=\"bod-block-popup-trigger type_text\">Une fois soumise, votre demande d&#8217;inscription est automatiquement transmise au <\/a><a href=\"https:\/\/www.itu.int\/online\/mm\/scripts\/s\/gensel21?_lang=&amp;_event=C-00006136&amp;_event_type=ZSER\" style=\"color:#0076A1\">coordonnateur<\/a> correspondant pour les inscriptions aux manifestations de l&#8217;UIT-R, pour approbation.<br><br><\/li>\n\t\t\t<li>Si votre demande demeure en attente d&#8217;approbation, veuillez contacter directement votre coordonnateur.<br><br><\/li>\n\t\t\t<li>Sans l&#8217;approbation de leur coordonnateur, les participants ne pourront pas prendre part \u00e0 la manifestation, que ce soit physiquement ou \u00e0 distance.<\/li>\n\t\t\t<\/ul>\n\t\t\n\t\t<div class=\"bod-block-popup-closer\"><\/div>\t\n<\/div> <\/div> <\/div> <\/div>\n\t\n\t<div class=\"wp-block-bod-modal-block bod-block-popup\" data-span=\"3\">\n    <a href=\"javascript:void(0)\" style=\"color:#000000\" class=\"bod-block-popup-trigger type_text\">\t\t\n\t\t\n\t\t<div class=\"ituCard anim\">\n\t\t<div class=\"content center\">\n            <div class=\"main\">\n\t\t\t\t<img decoding=\"async\" src=\"\/wrc-23\/wp-content\/uploads\/sites\/12\/2021\/12\/WRC-23-icons-180x180-11.png\" class=\"icon\" alt=\"icon\">\n\t\t\t<p class=\"title\">Confirmation de l&#8217;inscription<\/p>\n\t\t\t<p><\/p>\n\t\t\t<\/div>\n\t\t<\/div>\n\t<\/div>\n\t\n\t <div style=\"background-color:rgba(0, 0, 0, 0.5)\" class=\"bod-block-popup-overlay\" data-disabled-overlay-close=\"false\"><\/div>\n\t \n\t\t<\/a><div class=\"bod-block-popup-wrap undefined\"><a href=\"javascript:void(0)\" style=\"color:#000000\" class=\"bod-block-popup-trigger type_text\"> \n\t\t\t<\/a><div style=\"background-color:#ffffff;border-radius:10px\" class=\"bod-block-popup size-m\"><a href=\"javascript:void(0)\" style=\"color:#000000\" class=\"bod-block-popup-trigger type_text\">\n\t\t\t<\/a><div class=\"bod-modal-content\" style=\"margin:15px;\"><a href=\"javascript:void(0)\" style=\"color:#000000\" class=\"bod-block-popup-trigger type_text\">\n\t\t\t\t<h2><strong>4. Confirmation de l&#8217;inscription<\/strong><\/h2>\n\t\t\t\t<\/a><ul><a href=\"javascript:void(0)\" style=\"color:#000000\" class=\"bod-block-popup-trigger type_text\">\n\t\t\t\t<\/a><li><a href=\"javascript:void(0)\" style=\"color:#000000\" class=\"bod-block-popup-trigger type_text\">Lorsque le coordonnateur d\u00e9sign\u00e9 aura donn\u00e9 son approbation, vous recevrez une  confirmation de votre inscription par courrier \u00e9lectronique [<\/a><a href=\"\/wrc-23\/wp-content\/uploads\/sites\/12\/2023\/05\/4.-reg-confirmation-email.jpg\" style=\"color:#0076A1\" target=\"_blank\" rel=\"noopener\">exemple<\/a>].<\/li><br>\n\t\t\t\t<li>Les participants seront \u00e9galement tenus inform\u00e9s en cas de rejet de leur demande d&#8217;inscription par le coordonnateur d\u00e9sign\u00e9.<\/li>\n\t\t\t\t<\/ul>\n\t\t\t\t<div class=\"bod-block-popup-closer\"><\/div>\n\t\t\t<\/div> \n\t\t\t<\/div> \n\t\t<\/div>\n\t<\/div>\n<\/div>\n<br><br>\n<!-- Deuxi\u00e8me ligne --> \n\t\t\n\t\t<div class=\"ituContainer grid\">\n\t\t<a class=\"ituCard anim\" data-span=\"3\" href=\"\/wrc-23\/fr\/visa\/\">\n\t\t<div class=\"content center\">\n            <div class=\"main\">\n\t\t\t\t<img decoding=\"async\" src=\"\/wrc-23\/wp-content\/uploads\/sites\/12\/2023\/03\/visa.png\" class=\"icon\" alt=\"icon\">\n\t\t\t<p class=\"title\">Prochaine \u00e9tape :<\/p> \n\t\t\t<p>Obtenir un visa pour les \u00c9mirats arabes unis<\/p>\n            <\/div>\n\t\t<\/div>\n\t<\/a>\n\t\n\t<div class=\"wp-block-bod-modal-block bod-block-popup\" data-span=\"3\">\n\t\t<a href=\"javascript:void(0)\" class=\"bod-block-popup-trigger type_text\">\t\t\n\t\t\t\n\t\t\t<div class=\"ituCard anim\">\n\t\t\t<div class=\"content center\">\n\t\t\t\t<div class=\"main\">\n\t\t\t\t\t\t<img decoding=\"async\" src=\"\/wrc-23\/wp-content\/uploads\/sites\/12\/2021\/12\/WRC-23-icons-180x180-05.png\" class=\"icon\" alt=\"icon\">\n\t\t\t\t\t<p class=\"title\">Plus d\u2019informations<\/p> <br>\n\t\t\t\t\t<p><\/p>\n\t\t\t\t\t<\/div>\n\t\t\t\t<\/div>\n\t\t\t<\/div>\n\t\t\t<\/a>\n\t\t\n\t <div style=\"background-color:rgba(0, 0, 0, 0.5)\" class=\"bod-block-popup-overlay\" data-disabled-overlay-close=\"false\"><\/div>\n\t \n    <div class=\"bod-block-popup-wrap undefined\"> \n        <div style=\"background-color:#ffffff;border-radius:10px\" class=\"bod-block-popup size-m\">\n        <div class=\"bod-modal-content\" style=\"margin:15px;\">\n\t\t\n\t\t\t<h2><strong>Plus d\u2019informations<\/strong><\/h2>\n\t\t\t<ul>\n\t\t\t<li><a href=\"https:\/\/www.itu.int\/en\/ITU-R\/information\/events\/Pages\/eventregistration.aspx\" style=\"color:#0076A1\">En savoir plus sur l&#8217;inscription aux manifestations de l&#8217;UIT-R<\/a><\/li>\n\t\t\t<li><a href=\"https:\/\/www.itu.int\/en\/events\/Pages\/Calendar-Events.aspx?sector=ITU-R\" style=\"color:#0076A1\">Calendrier des manifestations de l&#8217;UIT-R<\/a><\/li>\n\t\t\t<\/ul>\n\t\t\t<p>Pour toute demande d&#8217;assistance, veuillez contacter <a href=\"mailto:itu-r.registrations@itu.int\" style=\"color:#0076A1\">itu-r.registrations@itu.int<\/a><\/p> \n\n\t\t<div class=\"bod-block-popup-closer\"><\/div>\n\t<\/div> \n\t<\/div> \n<\/div>\n<\/div><\/div><\/section>\n<\/div>                    <\/div>\n    <\/div>\n\n\n<div class=\"ituContainer\">\n<h2 class=\"wp-block-heading\">Informaci\u00f3n \u00fatil<\/h2>\n<\/div>\n\n    <section>\n        <div class=\"ituContainer grid\">\n                                                        <a class=\"ituCard anim\" data-span=\"3\" href=\"\/ra-23\/es\/on-site-badge-collection\/badge-collection\/\" >\n                    <div class=\"content center\">\n                <div class=\"main\">\n                    <img decoding=\"async\" src=\"https:\/\/itu-app42363.pagelyhosting.com\/wrc-23\/wp-content\/uploads\/sites\/12\/2023\/04\/media_accreditation-icon.png\" class=\"icon\" alt=\"icon\" \/>\n                                            <p class=\"title\">Insignia in situ<\/p>\n                                                            <p>RA-23\/WRC-23 and CPM27-1<\/p>\n                                    <\/div>\n            <\/div>\n                    <\/a>\n    \n                                                        <a class=\"ituCard anim\" data-span=\"3\" href=\"https:\/\/www.itu.int\/online\/mm\/scripts\/s\/gensel23?_event=C-00012452&#038;_event_type=ZSER&#038;_dspnum=&#038;_sort=&#038;_filtertxt=&#038;_filtertxt2=&#038;lstsubmeet=%2CWRC-23&#038;_sg=WRC-23&#038;_presence=+&#038;_includeitustaff=on&#038;_includestaff=on\" target='blank' rel='noreferrer noopener'>\n                    <div class=\"content center\">\n                <div class=\"main\">\n                    <img decoding=\"async\" src=\"https:\/\/www.itu.int\/ra-23\/wp-content\/uploads\/sites\/10\/2022\/09\/WRC-23-icons-20.png\" class=\"icon\" alt=\"icon\" \/>\n                                            <p class=\"title\">Lista de participantes inscritos<\/p>\n                                                            <p>TIES restringidos<\/p>\n                                    <\/div>\n            <\/div>\n                    <\/a>\n    \n                    <\/div>\n    <\/section>\n","protected":false},"excerpt":{"rendered":"<p>Informaci\u00f3n \u00fatil<\/p>\n","protected":false},"author":5,"featured_media":0,"parent":840,"menu_order":2,"comment_status":"closed","ping_status":"closed","template":"obsolete-templates\/page-submenu.php","meta":{"_crdt_document":"","_uag_custom_page_level_css":"","footnotes":""},"folder":[],"class_list":["post-842","page","type-page","status-publish","hentry"],"uagb_featured_image_src":{"full":false,"thumbnail":false,"medium":false,"medium_large":false,"large":false,"1536x1536":false,"2048x2048":false,"gs-tiny":false,"xl":false,"xxl":false,"xxxl":false,"xxxxl":false,"xxxxxl":false,"gform-image-choice-sm":false,"gform-image-choice-md":false,"gform-image-choice-lg":false},"uagb_author_info":{"display_name":"mgaillard","author_link":"https:\/\/itu-app42363.pagelyhosting.com\/ra-23\/es\/author\/mgaillard\/"},"uagb_comment_info":0,"uagb_excerpt":"Informaci\u00f3n \u00fatil","_links":{"self":[{"href":"https:\/\/itu-app42363.pagelyhosting.com\/ra-23\/es\/wp-json\/wp\/v2\/pages\/842","targetHints":{"allow":["GET"]}}],"collection":[{"href":"https:\/\/itu-app42363.pagelyhosting.com\/ra-23\/es\/wp-json\/wp\/v2\/pages"}],"about":[{"href":"https:\/\/itu-app42363.pagelyhosting.com\/ra-23\/es\/wp-json\/wp\/v2\/types\/page"}],"author":[{"embeddable":true,"href":"https:\/\/itu-app42363.pagelyhosting.com\/ra-23\/es\/wp-json\/wp\/v2\/users\/5"}],"replies":[{"embeddable":true,"href":"https:\/\/itu-app42363.pagelyhosting.com\/ra-23\/es\/wp-json\/wp\/v2\/comments?post=842"}],"version-history":[{"count":0,"href":"https:\/\/itu-app42363.pagelyhosting.com\/ra-23\/es\/wp-json\/wp\/v2\/pages\/842\/revisions"}],"up":[{"embeddable":true,"href":"https:\/\/itu-app42363.pagelyhosting.com\/ra-23\/es\/wp-json\/wp\/v2\/pages\/840"}],"wp:attachment":[{"href":"https:\/\/itu-app42363.pagelyhosting.com\/ra-23\/es\/wp-json\/wp\/v2\/media?parent=842"}],"wp:term":[{"taxonomy":"folder","embeddable":true,"href":"https:\/\/itu-app42363.pagelyhosting.com\/ra-23\/es\/wp-json\/wp\/v2\/folder?post=842"}],"curies":[{"name":"wp","href":"https:\/\/api.w.org\/{rel}","templated":true}]}}