{"id":1201,"date":"2023-03-08T14:22:43","date_gmt":"2023-03-08T14:22:43","guid":{"rendered":"https:\/\/itu-app42363.pagelyhosting.com\/ra-23\/visa\/"},"modified":"2023-04-24T06:43:48","modified_gmt":"2023-04-24T06:43:48","slug":"visa","status":"publish","type":"page","link":"https:\/\/itu-app42363.pagelyhosting.com\/ra-23\/fr\/visa\/","title":{"rendered":"Visa"},"content":{"rendered":"<div class=\"ituContainer\">\n<p class=\"wp-block-paragraph\">Veuillez noter qu&rsquo;il n&rsquo;est pas possible d&rsquo;obtenir un visa pour se rendre aux \u00c9mirats arabes unis (EAU) par l&rsquo;interm\u00e9diaire du secr\u00e9tariat de l&rsquo;UIT.<\/p>\n<\/div>\n\n<div class=\"ituContainer\">\n<p class=\"wp-block-paragraph\">Vous devrez joindre la confirmation de votre inscription \u00e0 votre demande de visa, que vous devez soumettre directement aux autorit\u00e9s des \u00c9mirats arabes unis. <br>Vous trouverez sur <a href=\"https:\/\/dubaiwrc23.ae\/home\">le site web du pays h\u00f4te<\/a> plus des renseignements concernant les conditions de voyage vers les \u00c9mirats\u00a0arabes unis. <\/p>\n<\/div>\n\n<div class=\"ituContainer\">\n<p class=\"wp-block-paragraph\">Informations suppl\u00e9mentaires concernant les\u00a0<a href=\"https:\/\/eur03.safelinks.protection.outlook.com\/?url=https%3A%2F%2Fu.ae%2Fen%2Finformation-and-services%2Fvisa-and-emirates-id%2Fdo-you-need-an-entry-permit-or-a-visa-to-enter-the-uae&amp;data=05%7C01%7Cmichel.gaillard%40itu.int%7Cc0f1ea3ed7b94d97bf3508db1a355054%7C23e464d704e64b87913c24bd89219fd3%7C0%7C0%7C638132588496891408%7CUnknown%7CTWFpbGZsb3d8eyJWIjoiMC4wLjAwMDAiLCJQIjoiV2luMzIiLCJBTiI6Ik1haWwiLCJXVCI6Mn0%3D%7C3000%7C%7C%7C&amp;sdata=seNDjoYzeqekoNdvUe2ocsZ3O4XE1538%2BrPifgtucHA%3D&amp;reserved=0\">permis\/visas pour entrer aux \u00c9mirats arabes unis<\/a><\/p>\n<\/div>","protected":false},"excerpt":{"rendered":"<p>Veuillez noter qu&rsquo;il n&rsquo;est pas possible d&rsquo;obtenir un visa pour se rendre aux \u00c9mirats arabes unis (EAU) par l&rsquo;interm\u00e9diaire du secr\u00e9tariat de l&rsquo;UIT. Vous devrez joindre la confirmation de votre inscription \u00e0 votre demande de visa, que vous devez soumettre directement aux autorit\u00e9s des \u00c9mirats arabes unis. Vous trouverez sur le site web du pays [&hellip;]<\/p>\n","protected":false},"author":5,"featured_media":0,"parent":0,"menu_order":0,"comment_status":"closed","ping_status":"closed","template":"page-banner-blue.php","meta":{"_crdt_document":"","_uag_custom_page_level_css":"","footnotes":""},"folder":[],"class_list":["post-1201","page","type-page","status-publish","hentry"],"uagb_featured_image_src":{"full":false,"thumbnail":false,"medium":false,"medium_large":false,"large":false,"1536x1536":false,"2048x2048":false,"gs-tiny":false,"xl":false,"xxl":false,"xxxl":false,"xxxxl":false,"xxxxxl":false,"gform-image-choice-sm":false,"gform-image-choice-md":false,"gform-image-choice-lg":false},"uagb_author_info":{"display_name":"mgaillard","author_link":"https:\/\/itu-app42363.pagelyhosting.com\/ra-23\/fr\/author\/mgaillard\/"},"uagb_comment_info":0,"uagb_excerpt":"Veuillez noter qu&rsquo;il n&rsquo;est pas possible d&rsquo;obtenir un visa pour se rendre aux \u00c9mirats arabes unis (EAU) par l&rsquo;interm\u00e9diaire du secr\u00e9tariat de l&rsquo;UIT. Vous devrez joindre la confirmation de votre inscription \u00e0 votre demande de visa, que vous devez soumettre directement aux autorit\u00e9s des \u00c9mirats arabes unis. Vous trouverez sur le site web du pays\u2026","_links":{"self":[{"href":"https:\/\/itu-app42363.pagelyhosting.com\/ra-23\/fr\/wp-json\/wp\/v2\/pages\/1201","targetHints":{"allow":["GET"]}}],"collection":[{"href":"https:\/\/itu-app42363.pagelyhosting.com\/ra-23\/fr\/wp-json\/wp\/v2\/pages"}],"about":[{"href":"https:\/\/itu-app42363.pagelyhosting.com\/ra-23\/fr\/wp-json\/wp\/v2\/types\/page"}],"author":[{"embeddable":true,"href":"https:\/\/itu-app42363.pagelyhosting.com\/ra-23\/fr\/wp-json\/wp\/v2\/users\/5"}],"replies":[{"embeddable":true,"href":"https:\/\/itu-app42363.pagelyhosting.com\/ra-23\/fr\/wp-json\/wp\/v2\/comments?post=1201"}],"version-history":[{"count":0,"href":"https:\/\/itu-app42363.pagelyhosting.com\/ra-23\/fr\/wp-json\/wp\/v2\/pages\/1201\/revisions"}],"wp:attachment":[{"href":"https:\/\/itu-app42363.pagelyhosting.com\/ra-23\/fr\/wp-json\/wp\/v2\/media?parent=1201"}],"wp:term":[{"taxonomy":"folder","embeddable":true,"href":"https:\/\/itu-app42363.pagelyhosting.com\/ra-23\/fr\/wp-json\/wp\/v2\/folder?post=1201"}],"curies":[{"name":"wp","href":"https:\/\/api.w.org\/{rel}","templated":true}]}}