{"id":1308,"date":"2023-06-12T07:29:04","date_gmt":"2023-06-12T07:29:04","guid":{"rendered":"https:\/\/itu-app42363.pagelyhosting.com\/ra-23\/participation\/faq-on-ra-23-wrc-23-registration\/"},"modified":"2023-10-06T14:19:52","modified_gmt":"2023-10-06T14:19:52","slug":"faq-on-ra-23-wrc-23-registration","status":"publish","type":"page","link":"https:\/\/itu-app42363.pagelyhosting.com\/ra-23\/fr\/participation\/faq-on-ra-23-wrc-23-registration\/","title":{"rendered":"FAQ sur l&rsquo;inscription \u00e0 l&rsquo;AR-23 et \u00e0 la CMR-23"},"content":{"rendered":"    <div class=\"ituContainer grid\">\n        <div data-span=\"12\">\n                            \n<div class=\"wp-block-pb-accordion-item c-accordion__item js-accordion-item no-js\" data-initially-open=\"false\" data-click-to-close=\"true\" data-auto-close=\"true\" data-scroll=\"false\" data-scroll-offset=\"0\"><h3 id=\"at-13080\" class=\"c-accordion__title js-accordion-controller\" role=\"button\"><strong>1 Qui peut participer \u00e0 l&rsquo;AR-23 et \u00e0 la CMR-23?<\/strong><\/h3><div id=\"ac-13080\" class=\"c-accordion__content\"><div class=\"ituContainer\">\n<p class=\"wp-block-paragraph\">Veuillez noter que la participation \u00e0 l&rsquo;AR-23 et la CMR-23 <strong>n&rsquo;est pas ouverte au grand public, mais r\u00e9serv\u00e9e aux membres de l&rsquo;UIT<\/strong>.<br>Pour en savoir plus, veuillez consulter les informations sur l&rsquo;<a href=\"https:\/\/www.itu.int\/ra-23\/fr\/participation\/admission\/\"><strong>admission \u00e0 participer \u00e0 l&rsquo;AR\u201123<\/strong><\/a>&nbsp;et l&rsquo;<a href=\"https:\/\/www.itu.int\/wrc-23\/fr\/participation\/admission\/\"><strong>admission \u00e0 participer \u00e0 la CMR-23<\/strong><\/a>.<\/p>\n<\/div><\/div><\/div>\n                            \n<div class=\"wp-block-pb-accordion-item c-accordion__item js-accordion-item no-js\" data-initially-open=\"false\" data-click-to-close=\"true\" data-auto-close=\"true\" data-scroll=\"false\" data-scroll-offset=\"0\"><h3 id=\"at-13081\" class=\"c-accordion__title js-accordion-controller\" role=\"button\"><strong>2 Comment s&rsquo;inscrire \u00e0 l&rsquo;AR-23 et \u00e0 la CMR-23?<\/strong><\/h3><div id=\"ac-13081\" class=\"c-accordion__content\"><div class=\"ituContainer\">\n<ol class=\"wp-block-list\"><div class=\"ituContainer\">\n<li><strong>Disposez-vous d\u00e9j\u00e0 d&rsquo;un compte utilisateur UIT ou d&rsquo;identifiants TIES? <\/strong>Dans l&rsquo;affirmative, passez \u00e0 l&rsquo;\u00e9tape 2; dans le cas contraire, veuillez consulter la page web consacr\u00e9e \u00e0 la <a rel=\"noreferrer noopener\" href=\"https:\/\/www.itu.int\/en\/ties-services\/Pages\/default.aspx\" target=\"_blank\">gestion des comptes d&rsquo;utilisateurs de l&rsquo;UIT<\/a> pour <strong>cr\u00e9er un compte utilisateur UIT<\/strong>. Si vous avez besoin d&rsquo;une assistance concernant votre compte utilisateur UIT, veuillez contacter <a href=\"mailto:servicedesk@itu.int\">servicedesk@itu.int<\/a>.<\/li>\n<\/div>\n\n<div class=\"ituContainer\">\n<li><a href=\"https:\/\/www.itu.int\/net4\/CRM\/xreg\/web\/registration.aspx?Event=C-00012452\"><strong>Cliquez ici pour vous inscrire \u00e0 l&rsquo;AR-23 ou \u00e0 la CMR-23<\/strong><\/a><strong> \u2013 Connectez-vous en utilisant votre compte utilisateur UIT.<\/strong><\/li>\n<\/div>\n\n<div class=\"ituContainer\">\n<li> Apr\u00e8s avoir envoy\u00e9 votre demande d&rsquo;inscription, vous recevrez un accus\u00e9 de r\u00e9ception par courrier \u00e9lectronique.<\/li>\n<\/div>\n\n<div class=\"ituContainer\">\n<li><strong>Votre demande d&rsquo;inscription est automatiquement transmise au <\/strong><a href=\"https:\/\/www.itu.int\/online\/mm\/scripts\/s\/gensel21?_lang=&amp;_event=C-00006136&amp;_event_type=ZSER\"><strong>coordonnateur d\u00e9sign\u00e9 pour l&rsquo;inscription aux manifestations de l&rsquo;UIT-R<\/strong> <\/a>pour examen (approbation ou rejet de la demande).<\/li>\n<\/div>\n\n<div class=\"ituContainer\">\n<li><strong>Lorsque le coordonnateur d\u00e9sign\u00e9 aura donn\u00e9 son approbation, vous recevrez un<\/strong>&nbsp;<strong>courrier \u00e9lectronique confirmant votre inscription.<\/strong> Les participants seront \u00e9galement inform\u00e9s en cas de rejet de leur demande d&rsquo;inscription par le coordonnateur d\u00e9sign\u00e9.<\/li>\n<\/div><\/ol>\n<\/div><\/div><\/div>\n                            \n<div class=\"wp-block-pb-accordion-item c-accordion__item js-accordion-item no-js\" data-initially-open=\"false\" data-click-to-close=\"true\" data-auto-close=\"true\" data-scroll=\"false\" data-scroll-offset=\"0\"><h3 id=\"at-13082\" class=\"c-accordion__title js-accordion-controller\" role=\"button\"><strong>3 Comment savoir qui est le coordonnateur d\u00e9sign\u00e9 pour l&rsquo;inscription \u00e0 l&rsquo;AR-23 et \u00e0 la CMR-23?<\/strong><\/h3><div id=\"ac-13082\" class=\"c-accordion__content\"><div class=\"ituContainer\">\n<p class=\"wp-block-paragraph\"><strong>Cliquez ici pour consulter la <\/strong><a href=\"https:\/\/www.itu.int\/online\/mm\/scripts\/s\/gensel21?_lang=&amp;_event=C-00006136&amp;_event_type=ZSER\">Liste des coordonnateurs d\u00e9sign\u00e9s pour l&rsquo;inscription aux manifestations de l&rsquo;UIT-R<\/a><strong>&nbsp;(un <\/strong><a href=\"https:\/\/www.itu.int\/en\/ties-services\/Pages\/default.aspx\">compte utilisateur TIES<\/a><strong>est<\/strong> <strong>n\u00e9cessaire).<\/strong><\/p>\n<\/div><\/div><\/div>\n                            \n<div class=\"wp-block-pb-accordion-item c-accordion__item js-accordion-item no-js\" data-initially-open=\"false\" data-click-to-close=\"true\" data-auto-close=\"true\" data-scroll=\"false\" data-scroll-offset=\"0\"><h3 id=\"at-13083\" class=\"c-accordion__title js-accordion-controller\" role=\"button\"><strong>4 En tant que coordonnateur d\u00e9sign\u00e9 pour l&rsquo;inscription aux manifestations de l&rsquo;UIT-R, comment puis-je approuver une demande d&rsquo;inscription en attente de mon approbation?<\/strong><\/h3><div id=\"ac-13083\" class=\"c-accordion__content\"><div class=\"ituContainer\">\n<p class=\"wp-block-paragraph\"><strong>Les coordonnateurs seront inform\u00e9s par courrier \u00e9lectronique de chaque demande d&rsquo;inscription soumise pour examen (approbation ou rejet).Les coordonnateurs peuvent <\/strong><a href=\"https:\/\/www.itu.int\/net4\/CRM\/xreg\/web\/Login.aspx?src=Focalpoint\">cliquer ici pour examiner (approbation ou rejet) toutes les demandes d&rsquo;inscription en attente de leur approbation<\/a><strong>(identification requise en utilisant un <\/strong><a href=\"https:\/\/www.itu.int\/en\/ties-services\/Pages\/default.aspx\">compte utilisateur UIT<\/a><strong>).<\/strong><\/p>\n<\/div><\/div><\/div>\n                            \n<div class=\"wp-block-pb-accordion-item c-accordion__item js-accordion-item no-js\" data-initially-open=\"false\" data-click-to-close=\"true\" data-auto-close=\"true\" data-scroll=\"false\" data-scroll-offset=\"0\"><h3 id=\"at-13084\" class=\"c-accordion__title js-accordion-controller\" role=\"button\"><strong>5 Le coordonnateur d\u00e9sign\u00e9 pour l&rsquo;inscription aux manifestations de l&rsquo;UIT-R pour mon organisation\/\u00c9tat Membre a chang\u00e9. Comment mettre \u00e0 jour les informations \u00e0 ce sujet?<\/strong><\/h3><div id=\"ac-13084\" class=\"c-accordion__content\"><div class=\"ituContainer\">\n<p class=\"wp-block-paragraph\">Le <a href=\"https:\/\/www.itu.int\/online\/mm\/scripts\/s\/gensel21?_lang=&amp;_event=C-00006136&amp;_event_type=ZSER\">coordonnateur d\u00e9sign\u00e9 pour l&rsquo;inscription aux manifestations de l&rsquo;UIT-R<\/a> actuel d&rsquo;une organisation ou d&rsquo;un \u00c9tat Membre est invit\u00e9 \u00e0 informer le Service d&rsquo;inscription aux r\u00e9unions de l&rsquo;UIT-R, \u00e0 l&rsquo;adresse <a href=\"mailto:itu-r.registrations@itu.int\">itu-r.registrations@itu.int<\/a>, de tout changement concernant le coordonnateur d\u00e9sign\u00e9 pour son organisation\/\u00c9tat Membre, en indiquant les coordonn\u00e9es du nouveau coordonnateur, notamment:<\/p>\n<\/div>\n\n<div class=\"ituContainer\">\n<ul class=\"wp-block-list\"><div class=\"ituContainer\">\n<li>Pr\u00e9nom<\/li>\n<\/div>\n\n<div class=\"ituContainer\">\n<li>Nom de famille<\/li>\n<\/div>\n\n<div class=\"ituContainer\">\n<li>Organisation<\/li>\n<\/div>\n\n<div class=\"ituContainer\">\n<li>Adresse de courrier \u00e9lectronique<\/li>\n<\/div><\/ul>\n<\/div><\/div><\/div>\n                            \n<div class=\"wp-block-pb-accordion-item c-accordion__item js-accordion-item no-js\" data-initially-open=\"false\" data-click-to-close=\"true\" data-auto-close=\"true\" data-scroll=\"false\" data-scroll-offset=\"0\"><h3 id=\"at-13085\" class=\"c-accordion__title js-accordion-controller\" role=\"button\"><strong>6 Y a-t-il une date limite pour les inscriptions \u00e0 l&rsquo;AR-23 ou \u00e0 la CMR-23?<\/strong><\/h3><div id=\"ac-13085\" class=\"c-accordion__content\"><div class=\"ituContainer\">\n<p class=\"wp-block-paragraph\">Il n&rsquo;y a pas de date limite pour s&rsquo;inscrire, mais il est conseill\u00e9 aux d\u00e9l\u00e9gu\u00e9s qui doivent demander un visa pour se rendre aux \u00c9mirats arabes unis de <a href=\"https:\/\/www.itu.int\/wrc-23\/fr\/participation\/registration\/\">s&rsquo;inscrire \u00e0 l&rsquo;AR-23 ou \u00e0 la CMR-23<\/a> (et obtenir l&rsquo;approbation du coordonnateur) le plus t\u00f4t possible, afin de m\u00e9nager suffisamment de temps pour le traitement de la demande de visa (voir \u00e9galement la question 14 ci-dessous).<\/p>\n<\/div>\n\n<div class=\"ituContainer\">\n<p class=\"wp-block-paragraph\"><a href=\"https:\/\/www.itu.int\/net4\/CRM\/xreg\/web\/registration.aspx?Event=C-00012452\"><strong>Cliquez ici pour vous inscrire \u00e0 l&rsquo;AR-23 ou \u00e0 la CMR-23<\/strong><\/a><\/p>\n<\/div>\n\n<div class=\"ituContainer\">\n<p class=\"wp-block-paragraph\">Veuillez \u00e9galement noter que <a href=\"https:\/\/dubaiwrc23.ae\/accomodation\">la disponibilit\u00e9 des h\u00e9bergement<\/a>s peut \u00eatre limit\u00e9e \u00e0 l&rsquo;approche de la date de la conf\u00e9rence.<\/p>\n<\/div><\/div><\/div>\n                            \n<div class=\"wp-block-pb-accordion-item c-accordion__item js-accordion-item no-js\" data-initially-open=\"false\" data-click-to-close=\"true\" data-auto-close=\"true\" data-scroll=\"false\" data-scroll-offset=\"0\"><h3 id=\"at-13086\" class=\"c-accordion__title js-accordion-controller\" role=\"button\"><strong>7 O\u00f9 puis-je trouver la liste des participants inscrits \u00e0 l&rsquo;AR-23 et \u00e0 la CMR-23?<\/strong><\/h3><div id=\"ac-13086\" class=\"c-accordion__content\"><div class=\"ituContainer\">\n<p class=\"wp-block-paragraph\"><a href=\"https:\/\/www.itu.int\/online\/mm\/scripts\/s\/gensel23?_event=C-00012452&amp;_event_type=ZSER&amp;_dspnum=&amp;_sort=&amp;_filtertxt=&amp;_filtertxt2=&amp;lstsubmeet=%2CRA-23&amp;_sg=RA-23&amp;_presence=+&amp;_includeitustaff=on&amp;_includestaff=on\">Liste des participants inscrits \u00e0 l&rsquo;AR-23<\/a> (acc\u00e8s r\u00e9serv\u00e9 aux titulaires d&rsquo;un compte TIES).<br><a href=\"https:\/\/www.itu.int\/online\/mm\/scripts\/s\/gensel23?_event=C-00012452&amp;_event_type=ZSER&amp;_dspnum=&amp;_sort=&amp;_filtertxt=&amp;_filtertxt2=&amp;lstsubmeet=%2CWRC-23&amp;_sg=WRC-23&amp;_presence=+&amp;_includeitustaff=on&amp;_includestaff=on\">Liste des participants inscrits \u00e0 la CMR-23<\/a> (acc\u00e8s r\u00e9serv\u00e9 aux titulaires d&rsquo;un compte TIES).<\/p>\n<\/div><\/div><\/div>\n                            \n<div class=\"wp-block-pb-accordion-item c-accordion__item js-accordion-item no-js\" data-initially-open=\"false\" data-click-to-close=\"true\" data-auto-close=\"true\" data-scroll=\"false\" data-scroll-offset=\"0\"><h3 id=\"at-13087\" class=\"c-accordion__title js-accordion-controller\" role=\"button\"><strong>8 La participation \u00e0 l&rsquo;AR-23 ou \u00e0 la CMR-23 est-elle payante?<\/strong><\/h3><div id=\"ac-13087\" class=\"c-accordion__content\"><div class=\"ituContainer\">\n<p class=\"wp-block-paragraph\">L&rsquo;inscription et la participation \u00e0 l&rsquo;AR-23 et \u00e0 la CMR-23 sont gratuites pour les \u00c9tats&nbsp;Membres de l&rsquo;UIT ou les Membres du Secteur de l&rsquo;UIT-R.<\/p>\n<\/div>\n\n<div class=\"ituContainer\">\n<p class=\"wp-block-paragraph\">Il convient toutefois de noter que la participation \u00e0 l&rsquo;<strong>AR-23 et \u00e0 la CMR-23 <em>n&rsquo;<\/em>est <em><u>pas<\/u><\/em> ouverte au grand public<\/strong>. Pour en savoir plus, veuillez consulter les informations sur l&rsquo;<a href=\"https:\/\/www.itu.int\/ra-23\/fr\/participation\/admission\/\"><strong>admission \u00e0 participer \u00e0 l&rsquo;AR-23<\/strong><\/a>&nbsp;et l&rsquo;<a href=\"https:\/\/www.itu.int\/wrc-23\/fr\/participation\/admission\/\"><strong>admission \u00e0 participer \u00e0 la CMR-23<\/strong><\/a>.<\/p>\n<\/div><\/div><\/div>\n                            \n<div class=\"wp-block-pb-accordion-item c-accordion__item js-accordion-item no-js\" data-initially-open=\"false\" data-click-to-close=\"true\" data-auto-close=\"true\" data-scroll=\"false\" data-scroll-offset=\"0\"><h3 id=\"at-13088\" class=\"c-accordion__title js-accordion-controller\" role=\"button\"><strong>9 Y a-t-il un nombre maximum de participants autoris\u00e9s par d\u00e9l\u00e9gation?<\/strong><\/h3><div id=\"ac-13088\" class=\"c-accordion__content\"><div class=\"ituContainer\">\n<p class=\"wp-block-paragraph\">Les Membres de l&rsquo;UIT autoris\u00e9s \u00e0 participer \u00e0 l&rsquo;AR-23 ou \u00e0 la CMR-23 peuvent d\u00e9signer et inscrire autant de repr\u00e9sentants qu&rsquo;ils le jugent n\u00e9cessaire. Le nombre de d\u00e9l\u00e9gu\u00e9s et d&rsquo;observateurs participant \u00e0 l&rsquo;Assembl\u00e9e ou \u00e0 la Conf\u00e9rence n&rsquo;est pas limit\u00e9.<\/p>\n<\/div><\/div><\/div>\n                            \n<div class=\"wp-block-pb-accordion-item c-accordion__item js-accordion-item no-js\" data-initially-open=\"false\" data-click-to-close=\"true\" data-auto-close=\"true\" data-scroll=\"false\" data-scroll-offset=\"0\"><h3 id=\"at-13089\" class=\"c-accordion__title js-accordion-controller\" role=\"button\"><strong>10 Existe-t-il un nombre maximum de chefs ou d&rsquo;adjoints au chef de d\u00e9l\u00e9gation par d\u00e9l\u00e9gation d&rsquo;un \u00c9tat Membre de l&rsquo;UIT?<\/strong> <\/h3><div id=\"ac-13089\" class=\"c-accordion__content\"><div class=\"ituContainer\">\n<p class=\"wp-block-paragraph\">Il n&rsquo;y a pas de nombre maximum de chefs ou d&rsquo;adjoints au chef de d\u00e9l\u00e9gation d&rsquo;un \u00c9tat&nbsp;Membre de l&rsquo;UIT.<\/p>\n<\/div>\n\n<div class=\"ituContainer\">\n<p class=\"wp-block-paragraph\">Veuillez informer le service charg\u00e9 des inscriptions \u00e0 l&rsquo;AR-23 et \u00e0 la CMR-23, \u00e0 l&rsquo;adresse&nbsp;<a href=\"mailto:itur.registrations@itu.int\">itu\u2011r.registrations@itu.int<\/a>, dans l&rsquo;\u00e9ventualit\u00e9 o\u00f9 un chef de d\u00e9l\u00e9gation ou adjoint au chef de d\u00e9l\u00e9gation devrait \u00eatre remplac\u00e9 par un autre d\u00e9l\u00e9gu\u00e9 de la m\u00eame d\u00e9l\u00e9gation au cours de la r\u00e9union (applicable aux \u00c9tats Membres uniquement).<\/p>\n<\/div><\/div><\/div>\n                            \n<div class=\"wp-block-pb-accordion-item c-accordion__item js-accordion-item no-js\" data-initially-open=\"false\" data-click-to-close=\"true\" data-auto-close=\"true\" data-scroll=\"false\" data-scroll-offset=\"0\"><h3 id=\"at-130810\" class=\"c-accordion__title js-accordion-controller\" role=\"button\"><strong>11 Je suis un d\u00e9l\u00e9gu\u00e9 inscrit. Mon conjoint\/ma conjointe, mon compagnon\/ma compagne ou un membre de ma famille peut-il\/elle acc\u00e9der au site de la manifestation?<\/strong><\/h3><div id=\"ac-130810\" class=\"c-accordion__content\"><div class=\"ituContainer\">\n<p class=\"wp-block-paragraph\">Oui, tout membre de la famille d&rsquo;un d\u00e9l\u00e9gu\u00e9 participant \u00e0 l&rsquo;AR-23 ou \u00e0 la CMR-23 peut s&rsquo;inscrire \u00e0 la manifestation afin d&rsquo;acc\u00e9der au site. Lorsqu&rsquo;il se trouve dans le p\u00e9rim\u00e8tre de la conf\u00e9rence, il doit porter un badge de la manifestation avec photo.<\/p>\n<\/div>\n\n<div class=\"ituContainer\">\n<p class=\"wp-block-paragraph\">Si cette personne a besoin d&rsquo;une <a href=\"https:\/\/dubaiwrc23.ae\/visa\">assistance pour l&rsquo;obtention d&rsquo;un visa<\/a>, elle doit s&rsquo;inscrire en ligne et suivre la m\u00eame proc\u00e9dure que le d\u00e9l\u00e9gu\u00e9 qu&rsquo;elle accompagne et, par cons\u00e9quent, obtenir l&rsquo;approbation du coordonnateur. Pour ce faire, elle doit s\u00e9lectionner \u00ab\u00a0Membre de la famille\u00a0\u00bb sur le formulaire en ligne, afin de ne pas appara\u00eetre sur la liste des participants et de ne pas \u00eatre consid\u00e9r\u00e9e comme faisant partie d&rsquo;une d\u00e9l\u00e9gation. Les d\u00e9l\u00e9gu\u00e9s peuvent informer leur coordonnateur d\u00e9sign\u00e9 qu&rsquo;ils inscriront un membre de leur famille \u00e0 la manifestation.<\/p>\n<\/div>\n\n<div class=\"ituContainer\">\n<p class=\"wp-block-paragraph\">Si le membre de leur famille n&rsquo;a pas besoin de visa, les d\u00e9l\u00e9gu\u00e9s inscrits peuvent adresser directement la demande d&rsquo;inscription de cette personne \u00e0 l&rsquo;adresse <a href=\"mailto:itur.registrations@itu.int\">itu\u2011r.registrations@itu.int<\/a>.<\/p>\n<\/div>\n\n<div class=\"ituContainer\">\n<p class=\"wp-block-paragraph\">Veuillez noter que les membres de la famille inscrits auront acc\u00e8s au lieu de la manifestation, mais ne seront pas autoris\u00e9s \u00e0 acc\u00e9der aux salles de r\u00e9union.<\/p>\n<\/div><\/div><\/div>\n                            \n<div class=\"wp-block-pb-accordion-item c-accordion__item js-accordion-item no-js\" data-initially-open=\"false\" data-click-to-close=\"true\" data-auto-close=\"true\" data-scroll=\"false\" data-scroll-offset=\"0\"><h3 id=\"at-130811\" class=\"c-accordion__title js-accordion-controller\" role=\"button\"><strong>12 Une aide financi\u00e8re est-elle disponible pour la participation \u00e0 l&rsquo;AR-23 ou \u00e0 la CMR-23?<\/strong><\/h3><div id=\"ac-130811\" class=\"c-accordion__content\"><div class=\"ituContainer\">\n<p class=\"wp-block-paragraph\">Aucune bourse ou aide financi\u00e8re ne peut \u00eatre accord\u00e9e pour les conf\u00e9rences de l&rsquo;UIT habilit\u00e9es \u00e0 conclure des trait\u00e9s, telles que la conf\u00e9rence mondiale des radiocommunications, ou pour les assembl\u00e9es des radiocommunications. <a href=\"https:\/\/www.itu.int\/en\/fellowships\/Documents\/2021\/SO_21-02_F.pdf\">Cliquez ici pour en savoir plus sur la politique de l&rsquo;UIT en mati\u00e8re d&rsquo;attribution de bourses.<\/a><\/p>\n<\/div><\/div><\/div>\n                            \n<div class=\"wp-block-pb-accordion-item c-accordion__item js-accordion-item no-js\" data-initially-open=\"false\" data-click-to-close=\"true\" data-auto-close=\"true\" data-scroll=\"false\" data-scroll-offset=\"0\"><h3 id=\"at-130812\" class=\"c-accordion__title js-accordion-controller\" role=\"button\"><strong>13 Sera-t-il possible de participer \u00e0 distance \u00e0 l&rsquo;AR-23 et la CMR-23?<\/strong><\/h3><div id=\"ac-130812\" class=\"c-accordion__content\"><div class=\"ituContainer\">\n<p class=\"wp-block-paragraph\">Il ne sera pas possible de participer \u00e0 distance \u00e0 l&rsquo;AR-23 ou \u00e0 la CMR-23. Toutefois, les s\u00e9ances pl\u00e9ni\u00e8res, ainsi que les s\u00e9ances des comit\u00e9s et des groupes de travail, seront <a href=\"https:\/\/www.itu.int\/wrc-23\/fr\/programme\/webcast-and-captioning\/\">diffus\u00e9es sur le web<\/a> et enregistr\u00e9es, dans les six langues de l&rsquo;UIT, et pourront \u00eatre visionn\u00e9es pendant ou apr\u00e8s les sessions. Il n&rsquo;est pas n\u00e9cessaire de s&rsquo;inscrire \u00e0 l&rsquo;AR-23 ou \u00e0 la CMR-23 pour acc\u00e9der \u00e0 la diffusion sur le web, mais <a href=\"https:\/\/www.itu.int\/en\/ties-services\/Pages\/default.aspx\">des identifiants TIES<\/a> sont n\u00e9cessaires.<\/p>\n<\/div><\/div><\/div>\n                            \n<div class=\"wp-block-pb-accordion-item c-accordion__item js-accordion-item no-js\" data-initially-open=\"false\" data-click-to-close=\"true\" data-auto-close=\"true\" data-scroll=\"false\" data-scroll-offset=\"0\"><h3 id=\"at-130813\" class=\"c-accordion__title js-accordion-controller\" role=\"button\"><strong>14 Comment puis-je obtenir une assistance pour l&rsquo;obtention d&rsquo;un visa afin de me rendre \u00e0 Duba\u00ef (\u00c9mirats arabes unis)?<\/strong><\/h3><div id=\"ac-130813\" class=\"c-accordion__content\"><div class=\"ituContainer\">\n<p class=\"wp-block-paragraph\">Le secr\u00e9tariat de l&rsquo;UIT ne peut pas fournir d&rsquo;assistance pour l&rsquo;obtention d&rsquo;un visa en vue d&rsquo;une manifestation organis\u00e9e en dehors de Gen\u00e8ve (Suisse). Pour b\u00e9n\u00e9ficier de l&rsquo;assistance fournie par le pays h\u00f4te pour l&rsquo;obtention d&rsquo;un visa, rendez-vous sur <a href=\"https:\/\/dubaiwrc23.ae\/visa\">https:\/\/dubaiwrc23.ae\/visa<\/a> ou contactez <a href=\"mailto:visa@dubaiwrc23.ae\">visa@dubaiwrc23.ae<\/a>.<\/p>\n<\/div>\n\n<div class=\"ituContainer\">\n<p class=\"wp-block-paragraph\">Dans la mesure o\u00f9 le<strong> service d&rsquo;assistance pour l&rsquo;obtention d&rsquo;un visa fourni par le pays h\u00f4te est r\u00e9serv\u00e9 aux participants inscrits<\/strong>, les participants doivent d&rsquo;abord \u00eatre inscrits \u00e0 la manifestation et avoir obtenu l&rsquo;approbation du coordonnateur avant de contacter le pays h\u00f4te, afin de b\u00e9n\u00e9ficier de ce service.<\/p>\n<\/div>\n\n<div class=\"ituContainer\">\n<p class=\"wp-block-paragraph\"><strong>Les participants inscrits sont vivement encourag\u00e9s \u00e0 <\/strong><a href=\"https:\/\/dubaiwrc23.ae\/visa\"><strong>soumettre leur demande de visa et les documents officiels requis aux \u00c9mirats arabes unis<\/strong><\/a><strong> d\u00e8s que possible, de pr\u00e9f\u00e9rence 8&nbsp;semaines \u00e0 l&rsquo;avance, mais au plus tard 2 semaines avant leur d\u00e9part pour les \u00c9mirats&nbsp;arabes unis. <\/strong>Veuillez noter que le pays h\u00f4te traitera les demandes d&rsquo;assistance pour l&rsquo;obtention d&rsquo;un visa \u00e0 partir du mois de juillet.<\/p>\n<\/div><\/div><\/div>\n                            \n<div class=\"wp-block-pb-accordion-item c-accordion__item js-accordion-item no-js\" data-initially-open=\"false\" data-click-to-close=\"true\" data-auto-close=\"true\" data-scroll=\"false\" data-scroll-offset=\"0\"><h3 id=\"at-130814\" class=\"c-accordion__title js-accordion-controller\" role=\"button\"><strong>15 O\u00f9 puis-je trouver de plus amples informations sur les \u00c9mirats arabes unis, la ville de Duba\u00ef, le voyage et l&rsquo;h\u00e9bergement pour la conf\u00e9rence?<\/strong><\/h3><div id=\"ac-130814\" class=\"c-accordion__content\"><div class=\"ituContainer\">\n<p class=\"wp-block-paragraph\">Veuillez consulter le site web du pays h\u00f4te, \u00e0 l&rsquo;adresse <a href=\"https:\/\/dubaiwrc23.ae\/\">https:\/\/dubaiwrc23.ae\/<\/a>.<\/p>\n<\/div>\n\n<div class=\"ituContainer\">\n<p class=\"wp-block-paragraph\">Vous trouverez ci-dessous de plus amples informations sur:<\/p>\n<\/div>\n\n<div class=\"ituContainer\">\n<ul class=\"wp-block-list\"><div class=\"ituContainer\">\n<li>L&rsquo;h\u00e9bergement: <a href=\"mailto:wrcinquiries@ntravel.ae\">wrcinquiries@ntravel.ae<\/a>. <\/li>\n<\/div>\n\n<div class=\"ituContainer\">\n<li>L&rsquo;assistance pour l&rsquo;obtention d&rsquo;un visa: <a href=\"mailto:wrcvisa@tra.gov.eg\">wrcvisa@tra.gov.eg<\/a>.<\/li>\n<\/div><\/ul>\n<\/div><\/div><\/div>\n                    <\/div>\n    <\/div>\n","protected":false},"excerpt":{"rendered":"","protected":false},"author":5,"featured_media":0,"parent":819,"menu_order":3,"comment_status":"closed","ping_status":"closed","template":"obsolete-templates\/page-submenu.php","meta":{"_crdt_document":"","_uag_custom_page_level_css":"","footnotes":""},"folder":[],"class_list":["post-1308","page","type-page","status-publish","hentry"],"uagb_featured_image_src":{"full":false,"thumbnail":false,"medium":false,"medium_large":false,"large":false,"1536x1536":false,"2048x2048":false,"gs-tiny":false,"xl":false,"xxl":false,"xxxl":false,"xxxxl":false,"xxxxxl":false,"gform-image-choice-sm":false,"gform-image-choice-md":false,"gform-image-choice-lg":false},"uagb_author_info":{"display_name":"mgaillard","author_link":"https:\/\/itu-app42363.pagelyhosting.com\/ra-23\/fr\/author\/mgaillard\/"},"uagb_comment_info":0,"uagb_excerpt":null,"_links":{"self":[{"href":"https:\/\/itu-app42363.pagelyhosting.com\/ra-23\/fr\/wp-json\/wp\/v2\/pages\/1308","targetHints":{"allow":["GET"]}}],"collection":[{"href":"https:\/\/itu-app42363.pagelyhosting.com\/ra-23\/fr\/wp-json\/wp\/v2\/pages"}],"about":[{"href":"https:\/\/itu-app42363.pagelyhosting.com\/ra-23\/fr\/wp-json\/wp\/v2\/types\/page"}],"author":[{"embeddable":true,"href":"https:\/\/itu-app42363.pagelyhosting.com\/ra-23\/fr\/wp-json\/wp\/v2\/users\/5"}],"replies":[{"embeddable":true,"href":"https:\/\/itu-app42363.pagelyhosting.com\/ra-23\/fr\/wp-json\/wp\/v2\/comments?post=1308"}],"version-history":[{"count":0,"href":"https:\/\/itu-app42363.pagelyhosting.com\/ra-23\/fr\/wp-json\/wp\/v2\/pages\/1308\/revisions"}],"up":[{"embeddable":true,"href":"https:\/\/itu-app42363.pagelyhosting.com\/ra-23\/fr\/wp-json\/wp\/v2\/pages\/819"}],"wp:attachment":[{"href":"https:\/\/itu-app42363.pagelyhosting.com\/ra-23\/fr\/wp-json\/wp\/v2\/media?parent=1308"}],"wp:term":[{"taxonomy":"folder","embeddable":true,"href":"https:\/\/itu-app42363.pagelyhosting.com\/ra-23\/fr\/wp-json\/wp\/v2\/folder?post=1308"}],"curies":[{"name":"wp","href":"https:\/\/api.w.org\/{rel}","templated":true}]}}