{"id":1372,"date":"2023-10-20T09:09:23","date_gmt":"2023-10-20T09:09:23","guid":{"rendered":"https:\/\/itu-app42363.pagelyhosting.com\/ra-23\/on-site-badge-collection\/badge-collection\/"},"modified":"2023-10-20T13:26:21","modified_gmt":"2023-10-20T13:26:21","slug":"badge-collection","status":"publish","type":"page","link":"https:\/\/itu-app42363.pagelyhosting.com\/ra-23\/fr\/on-site-badge-collection\/badge-collection\/","title":{"rendered":"Badge Collection"},"content":{"rendered":"<div class=\"ituContainer\">\n<p class=\"wp-block-paragraph\">Tous les badges doivent \u00eatre retir\u00e9s personnellement, car une photo sera prise et imprim\u00e9e sur le badge pour la s\u00e9curit\u00e9 du contr\u00f4le d&rsquo;acc\u00e8s. Les badges sont donc strictement incessibles.<\/p>\n<\/div>\n\n<div class=\"ituContainer\">\n<h2 class=\"wp-block-heading\">Localisation<\/h2>\n<\/div>\n\n<div class=\"ituContainer\">\n<p class=\"wp-block-paragraph\">Retirez votre badge de l&rsquo;\u00e9v\u00e9nement aux stations de badgeage situ\u00e9es dans le hall 2 de Za&rsquo;abeel<\/p>\n<\/div>\n\n<div class=\"ituContainer\">\n<h2 class=\"wp-block-heading\">Heures d&rsquo;ouverture<\/h2>\n<\/div>\n\n<div class=\"ituContainer\">\n<p class=\"wp-block-paragraph\">Les heures d&rsquo;ouverture du badge sont disponibles\u00a0<a href=\"\/ra-23\/fr\/on-site-badge-collection\/desks-opening-hours\/\">ici\u00a0<\/a>.<\/p>\n<\/div>\n\n<div class=\"ituContainer\">\n<p class=\"wp-block-paragraph\">Compte tenu de l&rsquo;afflux habituel de d\u00e9l\u00e9gu\u00e9s le premier jour, nous vous recommandons de retirer votre badge au moins un ou deux jours avant la journ\u00e9e d&rsquo;ouverture ou votre premier jour \u00e0 la conf\u00e9rence.<\/p>\n<\/div>\n\n<div class=\"ituContainer\">\n<h2 class=\"wp-block-heading\">Collection de badges VIP<\/h2>\n<\/div>\n\n<div class=\"ituContainer\">\n<p class=\"wp-block-paragraph\">Exceptionnellement pour les VIP, un point focal autoris\u00e9 peut retirer le badge en leur nom si une photo d&rsquo;identit\u00e9 dans un format appropri\u00e9 et le nom du point focal ont \u00e9t\u00e9 fournis \u00e0 l&rsquo;avance \u00e0&nbsp;<a href=\"mailto:itu-r.registrations@itu.int\">itu-r.registrations@itu.int&nbsp;<\/a>,&nbsp;<strong>au plus tard le 31&nbsp;<sup>st&nbsp;<\/sup>cOB d&rsquo;octobre&nbsp;<\/strong>.<\/p>\n<\/div>\n\n<div class=\"ituContainer\">\n<ul class=\"wp-block-list\"><div class=\"ituContainer\">\n<li><strong>Format de la photographie d&rsquo;identit\u00e9 :&nbsp;<\/strong>jpg, de type passeport, en couleur et pris sur un fond blanc uni.<\/li>\n<\/div><\/ul>\n<\/div>\n\n<div class=\"ituContainer\">\n<p class=\"wp-block-paragraph\"><strong>Remarque :&nbsp;<\/strong>Sans l&rsquo;envoi pr\u00e9alable d&rsquo;une photographie appropri\u00e9e et du nom de la personne qui r\u00e9cup\u00e9rera le badge, les VIP devront faire la queue sur place et r\u00e9cup\u00e9rer leur propre badge.<\/p>\n<\/div>","protected":false},"excerpt":{"rendered":"<p>Tous les badges doivent \u00eatre retir\u00e9s personnellement, car une photo sera prise et imprim\u00e9e sur le badge pour la s\u00e9curit\u00e9 du contr\u00f4le d&rsquo;acc\u00e8s. Les badges sont donc strictement incessibles. Localisation Retirez votre badge de l&rsquo;\u00e9v\u00e9nement aux stations de badgeage situ\u00e9es dans le hall 2 de Za&rsquo;abeel Heures d&rsquo;ouverture Les heures d&rsquo;ouverture du badge sont disponibles\u00a0ici\u00a0. [&hellip;]<\/p>\n","protected":false},"author":5,"featured_media":0,"parent":1367,"menu_order":0,"comment_status":"closed","ping_status":"closed","template":"obsolete-templates\/page-submenu.php","meta":{"_crdt_document":"","_uag_custom_page_level_css":"","footnotes":""},"folder":[],"class_list":["post-1372","page","type-page","status-publish","hentry"],"uagb_featured_image_src":{"full":false,"thumbnail":false,"medium":false,"medium_large":false,"large":false,"1536x1536":false,"2048x2048":false,"gs-tiny":false,"xl":false,"xxl":false,"xxxl":false,"xxxxl":false,"xxxxxl":false,"gform-image-choice-sm":false,"gform-image-choice-md":false,"gform-image-choice-lg":false},"uagb_author_info":{"display_name":"mgaillard","author_link":"https:\/\/itu-app42363.pagelyhosting.com\/ra-23\/fr\/author\/mgaillard\/"},"uagb_comment_info":0,"uagb_excerpt":"Tous les badges doivent \u00eatre retir\u00e9s personnellement, car une photo sera prise et imprim\u00e9e sur le badge pour la s\u00e9curit\u00e9 du contr\u00f4le d&rsquo;acc\u00e8s. Les badges sont donc strictement incessibles. Localisation Retirez votre badge de l&rsquo;\u00e9v\u00e9nement aux stations de badgeage situ\u00e9es dans le hall 2 de Za&rsquo;abeel Heures d&rsquo;ouverture Les heures d&rsquo;ouverture du badge sont disponibles\u00a0ici\u00a0.\u2026","_links":{"self":[{"href":"https:\/\/itu-app42363.pagelyhosting.com\/ra-23\/fr\/wp-json\/wp\/v2\/pages\/1372","targetHints":{"allow":["GET"]}}],"collection":[{"href":"https:\/\/itu-app42363.pagelyhosting.com\/ra-23\/fr\/wp-json\/wp\/v2\/pages"}],"about":[{"href":"https:\/\/itu-app42363.pagelyhosting.com\/ra-23\/fr\/wp-json\/wp\/v2\/types\/page"}],"author":[{"embeddable":true,"href":"https:\/\/itu-app42363.pagelyhosting.com\/ra-23\/fr\/wp-json\/wp\/v2\/users\/5"}],"replies":[{"embeddable":true,"href":"https:\/\/itu-app42363.pagelyhosting.com\/ra-23\/fr\/wp-json\/wp\/v2\/comments?post=1372"}],"version-history":[{"count":0,"href":"https:\/\/itu-app42363.pagelyhosting.com\/ra-23\/fr\/wp-json\/wp\/v2\/pages\/1372\/revisions"}],"up":[{"embeddable":true,"href":"https:\/\/itu-app42363.pagelyhosting.com\/ra-23\/fr\/wp-json\/wp\/v2\/pages\/1367"}],"wp:attachment":[{"href":"https:\/\/itu-app42363.pagelyhosting.com\/ra-23\/fr\/wp-json\/wp\/v2\/media?parent=1372"}],"wp:term":[{"taxonomy":"folder","embeddable":true,"href":"https:\/\/itu-app42363.pagelyhosting.com\/ra-23\/fr\/wp-json\/wp\/v2\/folder?post=1372"}],"curies":[{"name":"wp","href":"https:\/\/api.w.org\/{rel}","templated":true}]}}