{"id":811,"date":"2022-11-07T15:13:52","date_gmt":"2022-11-07T15:13:52","guid":{"rendered":"https:\/\/itu-app42363.pagelyhosting.com\/ra-23\/a-propos\/a-propos-des-ar\/"},"modified":"2023-04-25T08:19:01","modified_gmt":"2023-04-25T08:19:01","slug":"a-propos-des-ar","status":"publish","type":"page","link":"https:\/\/itu-app42363.pagelyhosting.com\/ra-23\/fr\/a-propos\/a-propos-des-ar\/","title":{"rendered":"\u00c0 propos des AR"},"content":{"rendered":"<div class=\"ituContainer\">\n<h2 class=\"wp-block-heading\"><strong>Assembl\u00e9e des radiocommunications (AR)<\/strong><\/h2>\n<\/div>\n\n<div class=\"ituContainer\">\n<p class=\"wp-block-paragraph\">Les Assembl\u00e9es des radiocommunications (ARs) sont responsables de la structure, du programme et des proc\u00e9dures d\u2019approbation des \u00e9tudes sur les radiocommunications.<\/p>\n<\/div>\n\n<div class=\"ituContainer\">\n<p class=\"wp-block-paragraph\">Les Assembl\u00e9es des radiocommunications sont habituellement convoqu\u00e9es tous les trois ou quatre ans et associ\u00e9es, en lieu et date, \u00e0 des&nbsp;<a href=\"https:\/\/www.itu.int\/ITU-R\/go\/wrc\/fr\">Conf\u00e9rences mondiales des radiocommunications.<\/a><\/p>\n<\/div>\n\n<div class=\"ituContainer\">\n<h2 class=\"wp-block-heading\">Les Assembl\u00e9es:<\/h2>\n<\/div>\n\n<div class=\"ituContainer\">\n<ul class=\"wp-block-list\"><div class=\"ituContainer\">\n<li>attribuent les travaux pr\u00e9paratoires des conf\u00e9rences et d&rsquo;autres questions aux <a href=\"https:\/\/www.itu.int\/fr\/ITU-R\/study-groups\">Commissions d&rsquo;\u00e9tudes;<\/a><\/li>\n<\/div>\n\n<div class=\"ituContainer\">\n<li>donnent suite \u00e0 d&rsquo;autres demandes \u00e9manant des conf\u00e9rences de l&rsquo;UIT;<\/li>\n<\/div>\n\n<div class=\"ituContainer\">\n<li>proposent des sujets \u00e0 inscrire \u00e0 l&rsquo;ordre du jour de futures CMR;<\/li>\n<\/div>\n\n<div class=\"ituContainer\">\n<li>approuvent et publient les <a href=\"https:\/\/www.itu.int\/pub\/R-REC\/fr\">Recommandations UIT-R<\/a> et les <a href=\"https:\/\/www.itu.int\/pub\/R-QUE\/fr\">Questions UIT-R<\/a> \u00e9labor\u00e9es par les Commissions d&rsquo;\u00e9tudes;<\/li>\n<\/div>\n\n<div class=\"ituContainer\">\n<li>fixent le programme de travail des Commissions d&rsquo;\u00e9tudes, dissolvent les Commissions d&rsquo;\u00e9tudes ou en cr\u00e9ent de nouvelles s&rsquo;il y a lieu.<\/li>\n<\/div><\/ul>\n<\/div>\n\n<div class=\"ituContainer\">\n<h2 class=\"wp-block-heading\">Logos et identit\u00e9 visuelle<\/h2>\n<\/div>\n\n<div class=\"ituContainer\">\n<ul class=\"wp-block-list\"><div class=\"ituContainer\">\n<li><a href=\"https:\/\/itu-app42363.pagelyhosting.com\/ra-23\/fr\/utilisation-des-logos\/\">Utilisation des logos de l\u2019UIT et de la AR-23<\/a><\/li>\n<\/div><\/ul>\n<\/div>\n\n<div class=\"ituContainer\">\n<h2 class=\"wp-block-heading\">Assembl\u00e9es pr\u00e9c\u00e9dentes<\/h2>\n<\/div>\n\n    <section>\n        <div class=\"ituContainer grid\">\n                                                <a class=\"ituCard anim bg hor\" href=\"https:\/\/www.itu.int\/en\/ITU-R\/conferences\/RA\/2019\/Pages\/default.aspx\" data-span=\"6\" target=\"\">\n        <img decoding=\"async\" class=\"square\" src=\"https:\/\/itu-app42363.pagelyhosting.com\/ra-23\/wp-content\/uploads\/sites\/10\/2022\/09\/ra-19.png\" alt=\"\" \/>\n        <div class=\"content\">\n            <div class=\"main\">\n                <p class=\"title\">Radioc\u200b\u200bom\u200b\u200bmunication Assembly 2019 (RA-19) <\/p>\n\n            <\/div>\n            <div class=\"addInfo\">SHARM EL-SHEIKH, EGYPT<\/div>\n        <\/div>\n    <\/a>\n\n                                                <a class=\"ituCard anim bg hor\" href=\"https:\/\/www.itu.int\/en\/ITU-R\/conferences\/RA\/2015\" data-span=\"6\" target=\"\">\n        <img decoding=\"async\" class=\"square\" src=\"https:\/\/itu-app42363.pagelyhosting.com\/ra-23\/wp-content\/uploads\/sites\/10\/2022\/02\/wrc-ra-2015-logo-h100.png\" alt=\"\" \/>\n        <div class=\"content\">\n            <div class=\"main\">\n                <p class=\"title\">Radiocommunication Assembly 2015 (RA-15)  <\/p>\n\n            <\/div>\n            <div class=\"addInfo\">GENEVA, SWITZERLAND<\/div>\n        <\/div>\n    <\/a>\n\n                                                <a class=\"ituCard anim bg hor\" href=\"https:\/\/www.itu.int\/ITU-R\/go\/ra-12\/en\" data-span=\"6\" target=\"\">\n        <img decoding=\"async\" class=\"square\" src=\"https:\/\/itu-app42363.pagelyhosting.com\/ra-23\/wp-content\/uploads\/sites\/10\/2022\/02\/wrc-12s.jpg\" alt=\"\" \/>\n        <div class=\"content\">\n            <div class=\"main\">\n                <p class=\"title\">Radiocommunication Assembly 2012 (RA-12)<\/p>\n\n            <\/div>\n            <div class=\"addInfo\">GENEVA, SWITZERLAND<\/div>\n        <\/div>\n    <\/a>\n\n                    <\/div>\n    <\/section>\n\n\n    <div class=\"ituContainer grid\">\n        <div data-span=\"12\">\n                    <\/div>\n    <\/div>\n","protected":false},"excerpt":{"rendered":"<p>Assembl\u00e9e des radiocommunications (AR) Les Assembl\u00e9es des radiocommunications (ARs) sont responsables de la structure, du programme et des proc\u00e9dures d\u2019approbation des \u00e9tudes sur les radiocommunications. Les Assembl\u00e9es des radiocommunications sont habituellement convoqu\u00e9es tous les trois ou quatre ans et associ\u00e9es, en lieu et date, \u00e0 des&nbsp;Conf\u00e9rences mondiales des radiocommunications. Les Assembl\u00e9es: Logos et identit\u00e9 visuelle [&hellip;]<\/p>\n","protected":false},"author":5,"featured_media":0,"parent":810,"menu_order":0,"comment_status":"closed","ping_status":"closed","template":"obsolete-templates\/page-submenu.php","meta":{"_crdt_document":"","_uag_custom_page_level_css":"","footnotes":""},"folder":[],"class_list":["post-811","page","type-page","status-publish","hentry"],"uagb_featured_image_src":{"full":false,"thumbnail":false,"medium":false,"medium_large":false,"large":false,"1536x1536":false,"2048x2048":false,"gs-tiny":false,"xl":false,"xxl":false,"xxxl":false,"xxxxl":false,"xxxxxl":false,"gform-image-choice-sm":false,"gform-image-choice-md":false,"gform-image-choice-lg":false},"uagb_author_info":{"display_name":"mgaillard","author_link":"https:\/\/itu-app42363.pagelyhosting.com\/ra-23\/fr\/author\/mgaillard\/"},"uagb_comment_info":0,"uagb_excerpt":"Assembl\u00e9e des radiocommunications (AR) Les Assembl\u00e9es des radiocommunications (ARs) sont responsables de la structure, du programme et des proc\u00e9dures d\u2019approbation des \u00e9tudes sur les radiocommunications. Les Assembl\u00e9es des radiocommunications sont habituellement convoqu\u00e9es tous les trois ou quatre ans et associ\u00e9es, en lieu et date, \u00e0 des&nbsp;Conf\u00e9rences mondiales des radiocommunications. Les Assembl\u00e9es: Logos et identit\u00e9 visuelle\u2026","_links":{"self":[{"href":"https:\/\/itu-app42363.pagelyhosting.com\/ra-23\/fr\/wp-json\/wp\/v2\/pages\/811","targetHints":{"allow":["GET"]}}],"collection":[{"href":"https:\/\/itu-app42363.pagelyhosting.com\/ra-23\/fr\/wp-json\/wp\/v2\/pages"}],"about":[{"href":"https:\/\/itu-app42363.pagelyhosting.com\/ra-23\/fr\/wp-json\/wp\/v2\/types\/page"}],"author":[{"embeddable":true,"href":"https:\/\/itu-app42363.pagelyhosting.com\/ra-23\/fr\/wp-json\/wp\/v2\/users\/5"}],"replies":[{"embeddable":true,"href":"https:\/\/itu-app42363.pagelyhosting.com\/ra-23\/fr\/wp-json\/wp\/v2\/comments?post=811"}],"version-history":[{"count":0,"href":"https:\/\/itu-app42363.pagelyhosting.com\/ra-23\/fr\/wp-json\/wp\/v2\/pages\/811\/revisions"}],"up":[{"embeddable":true,"href":"https:\/\/itu-app42363.pagelyhosting.com\/ra-23\/fr\/wp-json\/wp\/v2\/pages\/810"}],"wp:attachment":[{"href":"https:\/\/itu-app42363.pagelyhosting.com\/ra-23\/fr\/wp-json\/wp\/v2\/media?parent=811"}],"wp:term":[{"taxonomy":"folder","embeddable":true,"href":"https:\/\/itu-app42363.pagelyhosting.com\/ra-23\/fr\/wp-json\/wp\/v2\/folder?post=811"}],"curies":[{"name":"wp","href":"https:\/\/api.w.org\/{rel}","templated":true}]}}