{"id":814,"date":"2022-11-07T15:25:09","date_gmt":"2022-11-07T15:25:09","guid":{"rendered":"https:\/\/itu-app42363.pagelyhosting.com\/ra-23\/documents\/"},"modified":"2023-11-07T13:36:01","modified_gmt":"2023-11-07T09:36:01","slug":"documents","status":"publish","type":"page","link":"https:\/\/itu-app42363.pagelyhosting.com\/ra-23\/fr\/documents\/","title":{"rendered":"Documents"},"content":{"rendered":"    <section class=\"ituBanner bg smallheight\">\n        <div class=\"bgContainer \">\n            <img src=https:\/\/www.itu.int\/ra-23\/wp-content\/uploads\/sites\/10\/2022\/11\/document-top.jpg alt=\"Background decorative image\" \/>\n            <div class=\"ituContainer grid\">\n                <div class=\"content\" data-span=\"8\">\n                    <div class=\"main\">\n                        <h2 class=\"h1 white\">Documents<\/h2>\n                    <\/div>\n                    <div class=\"addInfo\"><\/div>\n                <\/div>\n            <\/div>\n        <\/div>\n    <\/section>\n\n\n<div class=\"ituContainer\">\n<p class=\"wp-block-paragraph\">Les circulaires et les documents de RA-23 seront disponibles \u00e9lectroniquement sur le site web de RA-23, y compris les actes finaux provisoires de la conf\u00e9rence qui seront disponibles en format \u00e9lectronique uniquement.<\/p>\n<\/div>\n\n<div class=\"ituContainer\">\n<p class=\"wp-block-paragraph\">Un&nbsp;<a href=\"https:\/\/www.itu.int\/en\/ties-services\/Pages\/default.aspx\">Compte TIES de l&rsquo;UIT&nbsp;<\/a>est n\u00e9cessaire pour acc\u00e9der aux documents RA-23 et aux autres ressources \u00e9lectroniques.<\/p>\n<\/div>\n\n    <div class=\"ituContainer grid\">\n        <div data-span=\"12\">\n                                <div class=\"ituContainer grid\">\n        <div data-span=\"12\">\n                            <div class=\"ituContainer\">\n<div class=\"wp-block-columns is-layout-flex wp-container-core-columns-is-layout-8f761849 wp-block-columns-is-layout-flex\"><div class=\"ituContainer\">\n<div class=\"wp-block-column is-layout-flow wp-block-column-is-layout-flow\"><div class=\"ituContainer\">\n<h2 class=\"wp-block-heading\" id=\"general-documents-1\">Main Documents<\/h2>\n<\/div>\n\n    <section>\n        <div class=\"ituContainer grid\">\n                                                        <a class=\"ituCard anim\" data-span=\"3\" href=\"https:\/\/extranet.itu.int\/sites\/wrc-ra\/RA-23-share\/Contributionsas_received\/Forms\/As_received.aspx\" >\n                    <div class=\"content center\">\n                <div class=\"main\">\n                    <img decoding=\"async\" src=\"https:\/\/www.itu.int\/ra-23\/wp-content\/uploads\/sites\/10\/2022\/11\/documents-2.png\" class=\"icon\" alt=\"icon\" \/>\n                                            <p class=\"title\">\u200bContributions (PLEN) \u00ab\u00a0telles que re\u00e7ues\u00a0\u00bb\u200b<\/p>\n                                                            <p><\/p>\n                                    <\/div>\n            <\/div>\n                    <\/a>\n    \n                                                        <a class=\"ituCard anim\" data-span=\"3\" href=\"https:\/\/www.itu.int\/md\/R23-RA23-C\/en\" >\n                    <div class=\"content center\">\n                <div class=\"main\">\n                    <img decoding=\"async\" src=\"https:\/\/www.itu.int\/ra-23\/wp-content\/uploads\/sites\/10\/2022\/11\/documents-2.png\" class=\"icon\" alt=\"icon\" \/>\n                                            <p class=\"title\">Contributions (PLEN)<\/p>\n                                                            <p><\/p>\n                                    <\/div>\n            <\/div>\n                    <\/a>\n    \n                                                        <a class=\"ituCard anim\" data-span=\"3\" href=\"https:\/\/www.itu.int\/md\/R23-RA23-ADM\/en\" >\n                    <div class=\"content center\">\n                <div class=\"main\">\n                    <img decoding=\"async\" src=\"https:\/\/www.itu.int\/ra-23\/wp-content\/uploads\/sites\/10\/2022\/11\/documents-2.png\" class=\"icon\" alt=\"icon\" \/>\n                                            <p class=\"title\">Administratifs \u200b(ADM) \u200b<\/p>\n                                                            <p><\/p>\n                                    <\/div>\n            <\/div>\n                    <\/a>\n    \n                                                        <a class=\"ituCard anim\" data-span=\"3\" href=\"https:\/\/www.itu.int\/md\/R23-RA23-INF\/en\" >\n                    <div class=\"content center\">\n                <div class=\"main\">\n                    <img decoding=\"async\" src=\"https:\/\/www.itu.int\/ra-23\/wp-content\/uploads\/sites\/10\/2022\/11\/documents-2.png\" class=\"icon\" alt=\"icon\" \/>\n                                            <p class=\"title\">Infor\u200bmation (INFO)<\/p>\n                                                            <p><\/p>\n                                    <\/div>\n            <\/div>\n                    <\/a>\n    \n                    <\/div>\n    <\/section>\n\n\n<div class=\"ituContainer\">\n<h2 class=\"wp-block-heading\" id=\"study-group-inputs-sg-1000\">Contributions des Commissions d&rsquo;\u00e9tudes\u200b (CE\/1000)<\/h2>\n<\/div>\n\n    <section>\n        <div class=\"ituContainer grid\">\n                                                        <a class=\"ituCard anim\" data-span=\"3\" href=\"https:\/\/www.itu.int\/md\/R19-SG01-RP\/en\" >\n                    <div class=\"content center\">\n                <div class=\"main\">\n                    <img decoding=\"async\" src=\"https:\/\/www.itu.int\/ra-23\/wp-content\/uploads\/sites\/10\/2022\/11\/documents-1-e1668001331151.png\" class=\"icon\" alt=\"icon\" \/>\n                                            <p class=\"title\">Comm\u200bision d&rsquo;\u00e9tudes 1 (CE 1) &#8211; Gestion du spectre<\/p>\n                                                            <p><\/p>\n                                    <\/div>\n            <\/div>\n                    <\/a>\n    \n                                                        <a class=\"ituCard anim\" data-span=\"3\" href=\"https:\/\/www.itu.int\/md\/R19-SG03-RP\/en\" >\n                    <div class=\"content center\">\n                <div class=\"main\">\n                    <img decoding=\"async\" src=\"https:\/\/www.itu.int\/ra-23\/wp-content\/uploads\/sites\/10\/2022\/11\/documents-1-e1668001331151.png\" class=\"icon\" alt=\"icon\" \/>\n                                            <p class=\"title\">Commision d&rsquo;\u00e9tudes 3 (CE 3) &#8211; Propagation des ondes radio\u00e9lectriques<\/p>\n                                                            <p><\/p>\n                                    <\/div>\n            <\/div>\n                    <\/a>\n    \n                                                        <a class=\"ituCard anim\" data-span=\"3\" href=\"https:\/\/www.itu.int\/md\/R19-SG04-RP\/en\" >\n                    <div class=\"content center\">\n                <div class=\"main\">\n                    <img decoding=\"async\" src=\"https:\/\/www.itu.int\/ra-23\/wp-content\/uploads\/sites\/10\/2022\/11\/documents-1-e1668001331151.png\" class=\"icon\" alt=\"icon\" \/>\n                                            <p class=\"title\">Commision d&rsquo;\u00e9tudes 4 (CE 4) &#8211; Services par satellite<\/p>\n                                                            <p><\/p>\n                                    <\/div>\n            <\/div>\n                    <\/a>\n    \n                                                        <a class=\"ituCard anim\" data-span=\"3\" href=\"https:\/\/www.itu.int\/md\/R19-SG05-RP\/en\" >\n                    <div class=\"content center\">\n                <div class=\"main\">\n                    <img decoding=\"async\" src=\"https:\/\/www.itu.int\/ra-23\/wp-content\/uploads\/sites\/10\/2022\/11\/documents-1-e1668001331151.png\" class=\"icon\" alt=\"icon\" \/>\n                                            <p class=\"title\">Commision d&rsquo;\u00e9tudes 5 (CE 5) &#8211; Services de Terre<\/p>\n                                                            <p><\/p>\n                                    <\/div>\n            <\/div>\n                    <\/a>\n    \n                                                        <a class=\"ituCard anim\" data-span=\"3\" href=\"https:\/\/www.itu.int\/md\/R19-SG06-RP\/en\" >\n                    <div class=\"content center\">\n                <div class=\"main\">\n                    <img decoding=\"async\" src=\"https:\/\/www.itu.int\/ra-23\/wp-content\/uploads\/sites\/10\/2022\/11\/documents-1-e1668001331151.png\" class=\"icon\" alt=\"icon\" \/>\n                                            <p class=\"title\">Commision d&rsquo;\u00e9tudes 6 (CE 6) &#8211; Service de radiodiffusion<\/p>\n                                                            <p><\/p>\n                                    <\/div>\n            <\/div>\n                    <\/a>\n    \n                                                            <div class=\"ituCard\" data-span=\"3\">\n                        <div class=\"content center\">\n                <div class=\"main\">\n                    <img decoding=\"async\" src=\"https:\/\/www.itu.int\/ra-23\/wp-content\/uploads\/sites\/10\/2022\/11\/documents-1-e1668001331151.png\" class=\"icon\" alt=\"icon\" \/>\n                                            <p class=\"title\">Commision d&rsquo;\u00e9tudes 7 (CE 7) &#8211; Services scientifiques<\/p>\n                                                            <p><\/p>\n                                    <\/div>\n            <\/div>\n                    <\/div>\n    \n                                                        <a class=\"ituCard anim\" data-span=\"3\" href=\"https:\/\/www.itu.int\/md\/R19-CCV-RP\/en\" >\n                    <div class=\"content center\">\n                <div class=\"main\">\n                    <img decoding=\"async\" src=\"https:\/\/www.itu.int\/ra-23\/wp-content\/uploads\/sites\/10\/2022\/11\/documents-1-e1668001331151.png\" class=\"icon\" alt=\"icon\" \/>\n                                            <p class=\"title\">Comit\u00e9 de coordination pour le vocabulaire (CCV)<\/p>\n                                                            <p><\/p>\n                                    <\/div>\n            <\/div>\n                    <\/a>\n    \n                    <\/div>\n    <\/section>\n\n\n<div class=\"ituContainer\">\n<h2 class=\"wp-block-heading\">Document tools <\/h2>\n<\/div>\n\n    <section>\n        <div class=\"ituContainer grid\">\n                                                        <a class=\"ituCard anim\" data-span=\"3\" href=\"https:\/\/www.itu.int\/oth\/R0A0E0000EA\" >\n                    <div class=\"content center\">\n                <div class=\"main\">\n                    <img decoding=\"async\" src=\"https:\/\/www.itu.int\/ra-23\/wp-content\/uploads\/sites\/10\/2022\/11\/documents-2.png\" class=\"icon\" alt=\"icon\" \/>\n                                            <p class=\"title\">Gabarits \u200b<\/p>\n                                                            <p><\/p>\n                                    <\/div>\n            <\/div>\n                    <\/a>\n    \n                                                        <a class=\"ituCard anim\" data-span=\"3\" href=\"https:\/\/extranet.itu.int\/sites\/wrc-ra\/RA-23-share\/Share%20folder\/Forms\/AllItems.aspx\" >\n                    <div class=\"content center\">\n                <div class=\"main\">\n                    <img decoding=\"async\" src=\"https:\/\/www.itu.int\/ra-23\/wp-content\/uploads\/sites\/10\/2022\/02\/WRC-23-icons-180x180-09.png\" class=\"icon\" alt=\"icon\" \/>\n                                            <p class=\"title\">\u200b\u200bSite SharePoint pour l&rsquo;\u00e9change de documents informels<\/p>\n                                                            <p><\/p>\n                                    <\/div>\n            <\/div>\n                    <\/a>\n    \n                                                        <a class=\"ituCard anim\" data-span=\"3\" href=\"\/ra-23\/resources\/working-resources\/ra-23-sync-application\/\" >\n                    <div class=\"content center\">\n                <div class=\"main\">\n                    <img decoding=\"async\" src=\"https:\/\/www.itu.int\/ra-23\/wp-content\/uploads\/sites\/10\/2022\/02\/WRC-23-icons-180x180-07.png\" class=\"icon\" alt=\"icon\" \/>\n                                            <p class=\"title\">Application Sync de l&rsquo;UIT pour l&rsquo;AR-23<\/p>\n                                                            <p><\/p>\n                                    <\/div>\n            <\/div>\n                    <\/a>\n    \n                    <\/div>\n    <\/section>\n<\/div>\n<\/div><\/div>\n<\/div>                    <\/div>\n    <\/div>\n                    <\/div>\n    <\/div>\n","protected":false},"excerpt":{"rendered":"<p>Les circulaires et les documents de RA-23 seront disponibles \u00e9lectroniquement sur le site web de RA-23, y compris les actes finaux provisoires de la conf\u00e9rence qui seront disponibles en format \u00e9lectronique uniquement. Un&nbsp;Compte TIES de l&rsquo;UIT&nbsp;est n\u00e9cessaire pour acc\u00e9der aux documents RA-23 et aux autres ressources \u00e9lectroniques.<\/p>\n","protected":false},"author":5,"featured_media":0,"parent":0,"menu_order":0,"comment_status":"closed","ping_status":"closed","template":"","meta":{"_crdt_document":"","_uag_custom_page_level_css":"","footnotes":""},"folder":[],"class_list":["post-814","page","type-page","status-publish","hentry"],"uagb_featured_image_src":{"full":false,"thumbnail":false,"medium":false,"medium_large":false,"large":false,"1536x1536":false,"2048x2048":false,"gs-tiny":false,"xl":false,"xxl":false,"xxxl":false,"xxxxl":false,"xxxxxl":false,"gform-image-choice-sm":false,"gform-image-choice-md":false,"gform-image-choice-lg":false},"uagb_author_info":{"display_name":"mgaillard","author_link":"https:\/\/itu-app42363.pagelyhosting.com\/ra-23\/fr\/author\/mgaillard\/"},"uagb_comment_info":0,"uagb_excerpt":"Les circulaires et les documents de RA-23 seront disponibles \u00e9lectroniquement sur le site web de RA-23, y compris les actes finaux provisoires de la conf\u00e9rence qui seront disponibles en format \u00e9lectronique uniquement. Un&nbsp;Compte TIES de l&rsquo;UIT&nbsp;est n\u00e9cessaire pour acc\u00e9der aux documents RA-23 et aux autres ressources \u00e9lectroniques.","_links":{"self":[{"href":"https:\/\/itu-app42363.pagelyhosting.com\/ra-23\/fr\/wp-json\/wp\/v2\/pages\/814","targetHints":{"allow":["GET"]}}],"collection":[{"href":"https:\/\/itu-app42363.pagelyhosting.com\/ra-23\/fr\/wp-json\/wp\/v2\/pages"}],"about":[{"href":"https:\/\/itu-app42363.pagelyhosting.com\/ra-23\/fr\/wp-json\/wp\/v2\/types\/page"}],"author":[{"embeddable":true,"href":"https:\/\/itu-app42363.pagelyhosting.com\/ra-23\/fr\/wp-json\/wp\/v2\/users\/5"}],"replies":[{"embeddable":true,"href":"https:\/\/itu-app42363.pagelyhosting.com\/ra-23\/fr\/wp-json\/wp\/v2\/comments?post=814"}],"version-history":[{"count":0,"href":"https:\/\/itu-app42363.pagelyhosting.com\/ra-23\/fr\/wp-json\/wp\/v2\/pages\/814\/revisions"}],"wp:attachment":[{"href":"https:\/\/itu-app42363.pagelyhosting.com\/ra-23\/fr\/wp-json\/wp\/v2\/media?parent=814"}],"wp:term":[{"taxonomy":"folder","embeddable":true,"href":"https:\/\/itu-app42363.pagelyhosting.com\/ra-23\/fr\/wp-json\/wp\/v2\/folder?post=814"}],"curies":[{"name":"wp","href":"https:\/\/api.w.org\/{rel}","templated":true}]}}