{"id":823,"date":"2022-11-07T15:44:41","date_gmt":"2022-11-07T15:44:41","guid":{"rendered":"https:\/\/itu-app42363.pagelyhosting.com\/ra-23\/participation\/infos-pratiques\/"},"modified":"2023-11-12T23:42:28","modified_gmt":"2023-11-12T19:42:28","slug":"infos-pratiques","status":"publish","type":"page","link":"https:\/\/itu-app42363.pagelyhosting.com\/ra-23\/fr\/participation\/infos-pratiques\/","title":{"rendered":"Infos pratiques"},"content":{"rendered":"    <div class=\"ituContainer grid\">\n        <div data-span=\"12\">\n                            <div class=\"ituContainer\">\n<h2 class=\"wp-block-heading\">Informations pratiques pour voyager \u00e0 Duba\u00ef &#8211; Site du pays h\u00f4te<\/h2>\n<\/div>                                <section>\n        <div class=\"ituContainer grid\">\n                                                <a class=\"ituCard anim bg hor\" href=\"https:\/\/dubaiwrc23.ae\/home\" data-span=\"6\" target=\"_blank\">\n        <img decoding=\"async\" class=\"square\" src=\"https:\/\/www.itu.int\/wrc-23\/wp-content\/uploads\/sites\/12\/2023\/01\/frame-Dubai.jpg\" alt=\"\" \/>\n        <div class=\"content\">\n            <div class=\"main\">\n                <p class=\"title\">Host Country Website<\/p>\n\n            <\/div>\n            <div class=\"addInfo\">\u2022 Discover Dubai<br>\u2022 Plan your trip (Fly, Visa, Venue)<br>\u2022 General information<\/div>\n        <\/div>\n    <\/a>\n\n                                                        <a class=\"ituCard anim\" data-span=\"3\" href=\"https:\/\/dubaiwrc23.ae\/getting-to-dubai\" target='blank' rel='noreferrer noopener'>\n                    <div class=\"content center\">\n                <div class=\"main\">\n                    <img decoding=\"async\" src=\"https:\/\/www.itu.int\/wrc-23\/wp-content\/uploads\/sites\/12\/2023\/06\/travel.png\" class=\"icon\" alt=\"icon\" \/>\n                                            <p class=\"title\">Voyage \u00e0 Duba\u00ef<\/p>\n                                                            <p>Par avion \/ Par la route<\/p>\n                                    <\/div>\n            <\/div>\n                    <\/a>\n    \n                                                        <a class=\"ituCard anim\" data-span=\"3\" href=\"https:\/\/dubaiwrc23.ae\/accomodation\" target='blank' rel='noreferrer noopener'>\n                    <div class=\"content center\">\n                <div class=\"main\">\n                    <img decoding=\"async\" src=\"https:\/\/www.itu.int\/wrc-23\/wp-content\/uploads\/sites\/12\/2023\/06\/Accommodation.png\" class=\"icon\" alt=\"icon\" \/>\n                                            <p class=\"title\">Logement<\/p>\n                                                            <p>Luxury Experience<\/p>\n                                    <\/div>\n            <\/div>\n                    <\/a>\n    \n                                                        <a class=\"ituCard anim\" data-span=\"3\" href=\"https:\/\/dubaiwrc23.ae\/getting-to-venue\" target='blank' rel='noreferrer noopener'>\n                    <div class=\"content center\">\n                <div class=\"main\">\n                    <img decoding=\"async\" src=\"https:\/\/www.itu.int\/wrc-23\/wp-content\/uploads\/sites\/12\/2023\/06\/Local-transport.png\" class=\"icon\" alt=\"icon\" \/>\n                                            <p class=\"title\">Se rendre sur place<\/p>\n                                                            <p>M\u00e9tro \/ Taxi \/ Louer une voiture<\/p>\n                                    <\/div>\n            <\/div>\n                    <\/a>\n    \n                                                        <a class=\"ituCard anim\" data-span=\"3\" href=\"\/wrc-23\/fr\/visa\/\" >\n                    <div class=\"content center\">\n                <div class=\"main\">\n                    <img decoding=\"async\" src=\"https:\/\/www.itu.int\/wrc-23\/wp-content\/uploads\/sites\/12\/2023\/03\/visa.png\" class=\"icon\" alt=\"icon\" \/>\n                                            <p class=\"title\"><strong>Obtenir un visa pour les \u00c9mirats arabes unis<\/strong><\/p>\n                                                            <p><\/p>\n                                    <\/div>\n            <\/div>\n                    <\/a>\n    \n                    <\/div>\n    <\/section>\n                            <div class=\"ituContainer\">\n<h2 class=\"wp-block-heading\">Informations pratiques pour participer \u00e0 la AR-23<\/h2>\n<\/div>                                <section>\n        <div class=\"ituContainer grid\">\n                                                        <a class=\"ituCard anim\" data-span=\"3\" href=\"\/ra-23\/participation\/practical-info\/safety-and-security\/\" >\n                    <div class=\"content center\">\n                <div class=\"main\">\n                    <img decoding=\"async\" src=\"https:\/\/www.itu.int\/wrc-23\/wp-content\/uploads\/sites\/12\/2023\/06\/security.png\" class=\"icon\" alt=\"icon\" \/>\n                                            <p class=\"title\">Note d\u2019information sur la s\u00e9curit\u00e9<\/p>\n                                                            <p><\/p>\n                                    <\/div>\n            <\/div>\n                    <\/a>\n    \n                                                        <a class=\"ituCard anim\" data-span=\"3\" href=\"https:\/\/www.dwtc.com\/en\/visit-us\/\" target='blank' rel='noreferrer noopener'>\n                    <div class=\"content center\">\n                <div class=\"main\">\n                    <img decoding=\"async\" src=\"https:\/\/www.itu.int\/wrc-23\/wp-content\/uploads\/sites\/12\/2023\/06\/DWTC-icon-tan.blue_.png\" class=\"icon\" alt=\"icon\" \/>\n                                            <p class=\"title\">Dubai World Trade Center<\/p>\n                                                            <p>Installations &amp; Services<\/p>\n                                    <\/div>\n            <\/div>\n                    <\/a>\n    \n                                                        <a class=\"ituCard anim\" data-span=\"3\" href=\"\/ra-23\/participation\/practical-info\/ra-23-floor-plan\/\" >\n                    <div class=\"content center\">\n                <div class=\"main\">\n                    <img decoding=\"async\" src=\"https:\/\/www.itu.int\/wrc-23\/wp-content\/uploads\/sites\/12\/2023\/10\/floor-plan.png\" class=\"icon\" alt=\"icon\" \/>\n                                            <p class=\"title\"><br>RA-23 Floor Plan<\/p>\n                                                            <p><\/p>\n                                    <\/div>\n            <\/div>\n                    <\/a>\n    \n                                                        <a class=\"ituCard anim\" data-span=\"3\" href=\"\/ra-23\/participation\/practical-info\/protocol-services\/\" >\n                    <div class=\"content center\">\n                <div class=\"main\">\n                    <img decoding=\"async\" src=\"https:\/\/www.itu.int\/wrc-23\/wp-content\/uploads\/sites\/12\/2023\/01\/protocol-services.png\" class=\"icon\" alt=\"icon\" \/>\n                                            <p class=\"title\">Protocol Services<\/p>\n                                                            <p><\/p>\n                                    <\/div>\n            <\/div>\n                    <\/a>\n    \n                                                        <a class=\"ituCard anim\" data-span=\"3\" href=\"\/ra-23\/fr\/on-site-badge-collection\/badge-collection\/\" >\n                    <div class=\"content center\">\n                <div class=\"main\">\n                    <img decoding=\"async\" src=\"https:\/\/www.itu.int\/wrc-23\/wp-content\/uploads\/sites\/12\/2023\/04\/media_accreditation-icon.png\" class=\"icon\" alt=\"icon\" \/>\n                                            <p class=\"title\">Bureau de badges<br>Heures d\u2019ouverture<\/p>\n                                                            <p>RA-23\/WRC-23 and CPM27-1<\/p>\n                                    <\/div>\n            <\/div>\n                    <\/a>\n    \n                                                        <a class=\"ituCard anim\" data-span=\"3\" href=\"https:\/\/www.itu.int\/online\/mm\/scripts\/s\/gensel23?_event=C-00012452&#038;_event_type=ZSER&#038;_dspnum=&#038;_sort=&#038;_filtertxt=&#038;_filtertxt2=&#038;lstsubmeet=%2CRA-23&#038;_sg=RA-23&#038;_presence=+&#038;_includeitustaff=on&#038;_includestaff=on\" target='blank' rel='noreferrer noopener'>\n                    <div class=\"content center\">\n                <div class=\"main\">\n                    <img decoding=\"async\" src=\"https:\/\/www.itu.int\/ra-23\/wp-content\/uploads\/sites\/10\/2022\/09\/WRC-23-icons-20.png\" class=\"icon\" alt=\"icon\" \/>\n                                            <p class=\"title\">Liste des participants enregistr\u00e9s<\/p>\n                                                            <p>TIES restreint<\/p>\n                                    <\/div>\n            <\/div>\n                    <\/a>\n    \n                    <\/div>\n    <\/section>\n                    <\/div>\n    <\/div>\n","protected":false},"excerpt":{"rendered":"","protected":false},"author":5,"featured_media":0,"parent":819,"menu_order":4,"comment_status":"closed","ping_status":"closed","template":"obsolete-templates\/page-submenu.php","meta":{"_crdt_document":"","_uag_custom_page_level_css":"","footnotes":""},"folder":[],"class_list":["post-823","page","type-page","status-publish","hentry"],"uagb_featured_image_src":{"full":false,"thumbnail":false,"medium":false,"medium_large":false,"large":false,"1536x1536":false,"2048x2048":false,"gs-tiny":false,"xl":false,"xxl":false,"xxxl":false,"xxxxl":false,"xxxxxl":false,"gform-image-choice-sm":false,"gform-image-choice-md":false,"gform-image-choice-lg":false},"uagb_author_info":{"display_name":"mgaillard","author_link":"https:\/\/itu-app42363.pagelyhosting.com\/ra-23\/fr\/author\/mgaillard\/"},"uagb_comment_info":0,"uagb_excerpt":null,"_links":{"self":[{"href":"https:\/\/itu-app42363.pagelyhosting.com\/ra-23\/fr\/wp-json\/wp\/v2\/pages\/823","targetHints":{"allow":["GET"]}}],"collection":[{"href":"https:\/\/itu-app42363.pagelyhosting.com\/ra-23\/fr\/wp-json\/wp\/v2\/pages"}],"about":[{"href":"https:\/\/itu-app42363.pagelyhosting.com\/ra-23\/fr\/wp-json\/wp\/v2\/types\/page"}],"author":[{"embeddable":true,"href":"https:\/\/itu-app42363.pagelyhosting.com\/ra-23\/fr\/wp-json\/wp\/v2\/users\/5"}],"replies":[{"embeddable":true,"href":"https:\/\/itu-app42363.pagelyhosting.com\/ra-23\/fr\/wp-json\/wp\/v2\/comments?post=823"}],"version-history":[{"count":0,"href":"https:\/\/itu-app42363.pagelyhosting.com\/ra-23\/fr\/wp-json\/wp\/v2\/pages\/823\/revisions"}],"up":[{"embeddable":true,"href":"https:\/\/itu-app42363.pagelyhosting.com\/ra-23\/fr\/wp-json\/wp\/v2\/pages\/819"}],"wp:attachment":[{"href":"https:\/\/itu-app42363.pagelyhosting.com\/ra-23\/fr\/wp-json\/wp\/v2\/media?parent=823"}],"wp:term":[{"taxonomy":"folder","embeddable":true,"href":"https:\/\/itu-app42363.pagelyhosting.com\/ra-23\/fr\/wp-json\/wp\/v2\/folder?post=823"}],"curies":[{"name":"wp","href":"https:\/\/api.w.org\/{rel}","templated":true}]}}