{"id":111,"date":"2025-07-02T16:44:06","date_gmt":"2025-07-02T16:44:06","guid":{"rendered":"https:\/\/itu-app42363.pagelyhosting.com\/ra-27\/?page_id=111"},"modified":"2025-11-03T08:58:51","modified_gmt":"2025-11-03T08:58:51","slug":"circular-letters","status":"publish","type":"page","link":"https:\/\/itu-app42363.pagelyhosting.com\/ra-27\/participation\/circular-letters\/","title":{"rendered":"Circular letters"},"content":{"rendered":"    <section>\n            <div class=\"ituContainer\" >\n        <h2 className=\"h3\"><\/h2>\n            <\/div>\n\t\t\t\t\n\t                    <div class=\"ituContainer grid mb1\">\n                    <a class=\"ituCard anim\" data-span=\"6\" style=\"padding: 0.5rem 1rem;\" href=\"https:\/\/www.itu.int\/dms_pub\/itu-s\/md\/25\/sg\/cir\/S25-SG-CIR-0045!!PDF-E.pdf\" rel=\"noopener noreferrer\">\n        <div class=\"content\">\n            <div class=\"main ituIcnLnk docList\">\n                <i class=\"fal fa-file\"><\/i><span>pdf<\/span>CL-25\/45 &#8211; Results of the consultation by correspondence on the precise place and exact dates of the 2027 Radiocommunication Assembly (RA-27) and the World Radiocommunication Conference (WRC-27)            <\/div>\n        <\/div>\n    <\/a>\n            <\/div>\n            <\/section>\n\n\n    <section>\n            <div class=\"ituContainer\" >\n        <h2 className=\"h3\"><\/h2>\n            <\/div>\n\t\t\t\t\n\t                    <div class=\"ituContainer grid mb1\">\n                    <a class=\"ituCard anim\" data-span=\"6\" style=\"padding: 0.5rem 1rem;\" href=\"https:\/\/www.itu.int\/dms_pub\/itu-s\/md\/25\/sg\/cir\/S25-SG-CIR-0045!!PDF-A.pdf\" rel=\"noopener noreferrer\">\n        <div class=\"content\">\n            <div class=\"main ituIcnLnk docList\">\n                <i class=\"fal fa-file\"><\/i><span>pdf<\/span>CL-25\/45 &#8211; \u064f  \u062c\u0631\u064a\u062a \u0639\u0646 \u0637\u0631\u064a\u0642 \u0627\u0644\u0645\u0631\u0627\u0633\u0644\u0629 \u0628\u0634\u0623\u0646 \u0627\u0644\u0645\u0643\u0627\u0646 \u0627\u0644\u0645\u062d\u062f\u062f \u0648\u0627\u0644\u0645\u0648\u0627\u0639\u064a\u062f \u0627\u0644\u062f\u0642\u064a\u0642\u0629 \u0644\u0639\u0642\u062f<br>\u0646\u062a\u0627\u0626\u062c \u0627\u0644\u0645\u0634\u0627\u0648\u0631\u0629 \u0627\u0644\u062a\u064a \u0623<br>\u062c\u0645\u0639\u064a\u0629 \u0627\u0627\u0644\u062a\u0635\u0627\u0627\u0644\u062a \u0627\u0644\u0631\u0627\u062f\u064a\u0648\u064a\u0629 \u0644\u0639\u0627 2027 )-27RA )\u0648\u0627\u0644\u0645\u0624\u062a\u0645\u0631 \u0627\u0644\u0639\u0627\u0644\u0645\u064a \u0644\u0627\u0644\u062a\u0635\u0627\u0627\u0644\u062a \u0627\u0644\u0631\u0627\u062f\u064a\u0648\u064a\u0629 \u0644\u0639\u0627\u0645<br>)WRC-27 ( 2027            <\/div>\n        <\/div>\n    <\/a>\n            <\/div>\n            <\/section>\n\n\n    <section>\n            <div class=\"ituContainer\" >\n        <h2 className=\"h3\"><\/h2>\n            <\/div>\n\t\t\t\t\n\t                    <div class=\"ituContainer grid mb1\">\n                    <a class=\"ituCard anim\" data-span=\"6\" style=\"padding: 0.5rem 1rem;\" href=\"https:\/\/www.itu.int\/dms_pub\/itu-s\/md\/25\/sg\/cir\/S25-SG-CIR-0045!!PDF-C.pdf\" rel=\"noopener noreferrer\">\n        <div class=\"content\">\n            <div class=\"main ituIcnLnk docList\">\n                <i class=\"fal fa-file\"><\/i><span>pdf<\/span>CL-25\/45 &#8211; \u4ee5\u4fe1\u51fd\u65b9\u5f0f\u5c312027\u5e74\u65e0\u7ebf\u7535\u901a\u4fe1\u5168\u4f1a\uff08RA-27\uff09\u548c\u4e16\u754c\u65e0\u7ebf\u7535\u901a\u4fe1\u5927\u4f1a \uff08WRC-27\uff09\u7684\u5177\u4f53\u5730\u70b9\u548c\u786e\u5207\u65e5\u671f\u8fdb\u884c\u78cb\u5546\u7684\u7ed3\u679c            <\/div>\n        <\/div>\n    <\/a>\n            <\/div>\n            <\/section>\n\n\n    <section>\n            <div class=\"ituContainer\" >\n        <h2 className=\"h3\"><\/h2>\n            <\/div>\n\t\t\t\t\n\t                    <div class=\"ituContainer grid mb1\">\n                    <a class=\"ituCard anim\" data-span=\"6\" style=\"padding: 0.5rem 1rem;\" href=\"https:\/\/www.itu.int\/dms_pub\/itu-s\/md\/25\/sg\/cir\/S25-SG-CIR-0045!!PDF-S.pdf\" rel=\"noopener noreferrer\">\n        <div class=\"content\">\n            <div class=\"main ituIcnLnk docList\">\n                <i class=\"fal fa-file\"><\/i><span>pdf<\/span>CL-25\/45 &#8211; Resultados de la consulta por correspondencia sobre el lugar preciso y fechas exactas de la Asamblea de Radiocomunicaciones de 2027 (AR-27) y la Conferencia Mundial de<br>Radiocomunicaciones (CMR-27)            <\/div>\n        <\/div>\n    <\/a>\n            <\/div>\n            <\/section>\n\n\n    <section>\n            <div class=\"ituContainer\" >\n        <h2 className=\"h3\"><\/h2>\n            <\/div>\n\t\t\t\t\n\t                    <div class=\"ituContainer grid mb1\">\n                    <a class=\"ituCard anim\" data-span=\"6\" style=\"padding: 0.5rem 1rem;\" href=\"https:\/\/www.itu.int\/dms_pub\/itu-s\/md\/25\/sg\/cir\/S25-SG-CIR-0045!!PDF-F.pdf\" rel=\"noopener noreferrer\">\n        <div class=\"content\">\n            <div class=\"main ituIcnLnk docList\">\n                <i class=\"fal fa-file\"><\/i><span>pdf<\/span>CL-25\/45 &#8211; R\u00e9sultats de la consultation par correspondance au sujet du lieu pr\u00e9cis et des dates exactes de l&#8217;Assembl\u00e9e des radiocommunications (AR-27) et de la Conf\u00e9rence mondiale des radiocommunications (CMR-27) de 2027            <\/div>\n        <\/div>\n    <\/a>\n            <\/div>\n            <\/section>\n\n\n    <section>\n            <div class=\"ituContainer\" >\n        <h2 className=\"h3\"><\/h2>\n            <\/div>\n\t\t\t\t\n\t                    <div class=\"ituContainer grid mb1\">\n                    <a class=\"ituCard anim\" data-span=\"6\" style=\"padding: 0.5rem 1rem;\" href=\"https:\/\/www.itu.int\/dms_pub\/itu-s\/md\/25\/sg\/cir\/S25-SG-CIR-0045!!PDF-R.pdf\" rel=\"noopener noreferrer\">\n        <div class=\"content\">\n            <div class=\"main ituIcnLnk docList\">\n                <i class=\"fal fa-file\"><\/i><span>pdf<\/span>CL-25\/45 &#8211; \u0420\u0435\u0437\u0443\u043b\u044c\u0442\u0430\u0442 \u043a\u043e\u043d\u0441\u0443\u043b\u044c\u0442\u0430\u0446\u0438\u0439 \u043f\u043e \u043f\u0435\u0440\u0435\u043f\u0438\u0441\u043a\u0435 \u043e\u0442\u043d\u043e\u0441\u0438\u0442\u0435\u043b\u044c\u043d\u043e \u043a\u043e\u043d\u043a\u0440\u0435\u0442\u043d\u043e\u0433\u043e \u043c\u0435\u0441\u0442\u0430<br>\u0438 \u0442\u043e\u0447\u043d\u044b\u0445 \u0434\u0430\u0442 \u043f\u0440\u043e\u0432\u0435\u0434\u0435\u043d\u0438\u044f \u0410\u0441\u0441\u0430\u043c\u0431\u043b\u0435\u0438 \u0440\u0430\u0434\u0438\u043e\u0441\u0432\u044f\u0437\u0438 2027 \u0433\u043e\u0434\u0430 (\u0410\u0420-27)<br>\u0438 \u0412\u0441\u0435\u043c\u0438\u0440\u043d\u043e\u0439 \u043a\u043e\u043d\u0444\u0435\u0440\u0435\u043d\u0446\u0438\u0438 \u0440\u0430\u0434\u0438\u043e\u0441\u0432\u044f\u0437\u0438 2027 \u0433\u043e\u0434\u0430 (\u0412\u041a\u0420-27            <\/div>\n        <\/div>\n    <\/a>\n            <\/div>\n            <\/section>\n\n\n\n<div class=\"wp-block-brblocks-code-editor\" data-selected-script=\"css\" data-code-content=\"\/* Cache proprement les \u00e9l\u00e9ments marqu\u00e9s hidden *\/\n[hidden]{ display:none !important; }\n\"><\/div>\n\n\n<div class=\"ituContainer\">\n<script>\n(function ($) {\n  const map = { en:'E', fr:'F', ar:'A', zh:'C', ru:'R', es:'S' };\n\n  function detectLang() {\n    const h=(location.hash||'').toLowerCase(),\n          s=(location.search||'').toLowerCase(),\n          p=(location.pathname||'').toLowerCase();\n    let m;\n    if ((m=h.match(\/^#\\\/?(fr|ar|zh|ru|es)$\/))) return m[1];\n    if ((m=s.match(\/[?&]lang=(fr|ar|zh|ru|es)\\b\/))) return m[1];\n    if ((m=p.match(\/\\\/(fr|ar|zh|ru|es)\\\/?$\/))) return m[1];\n    return 'en';\n  }\n\n  function applyLang() {\n    const lang = detectLang();\n    const suffix = map[lang] || 'E';\n\n    \/\/ 1) Tout cacher: le contenu, la card <a>, et son wrapper imm\u00e9diat\n    $('.main.ituIcnLnk.docList').each(function () {\n      const $doc   = $(this).attr('hidden', true);\n      const $card  = $doc.closest('a.ituCard').attr('hidden', true);\n      const $wrap  = $card.closest('.ituContainer.grid.mb1').attr('hidden', true);\n    });\n\n    \/\/ 2) R\u00e9v\u00e9ler uniquement les bonnes cartes pour la langue\n    $('.main.ituIcnLnk.docList').each(function () {\n      const $doc  = $(this);\n      const $card = $doc.closest('a.ituCard');\n      const href  = $card.attr('href') || '';\n      if (href.match(new RegExp('!!PDF-' + suffix + '\\\\.pdf$', 'i'))) {\n        $doc.removeAttr('hidden');\n        $card.removeAttr('hidden');\n        $card.closest('.ituContainer.grid.mb1').removeAttr('hidden');\n      }\n    });\n  }\n\n  $(applyLang);\n  $(window).on('hashchange popstate', applyLang);\n  new MutationObserver(applyLang).observe(document.body, {childList:true, subtree:true});\n})(jQuery);\n<\/script>\n<\/div>","protected":false},"excerpt":{"rendered":"","protected":false},"author":5,"featured_media":0,"parent":110,"menu_order":0,"comment_status":"closed","ping_status":"closed","template":"","meta":{"_crdt_document":"","_uag_custom_page_level_css":"","footnotes":""},"folder":[],"class_list":["post-111","page","type-page","status-publish","hentry"],"uagb_featured_image_src":{"full":false,"thumbnail":false,"medium":false,"medium_large":false,"large":false,"1536x1536":false,"2048x2048":false,"gs-tiny":false,"xl":false,"xxl":false,"xxxl":false,"xxxxl":false,"xxxxxl":false,"gform-image-choice-sm":false,"gform-image-choice-md":false,"gform-image-choice-lg":false},"uagb_author_info":{"display_name":"mgaillard","author_link":"https:\/\/itu-app42363.pagelyhosting.com\/ra-27\/author\/mgaillard\/"},"uagb_comment_info":0,"uagb_excerpt":null,"_links":{"self":[{"href":"https:\/\/itu-app42363.pagelyhosting.com\/ra-27\/wp-json\/wp\/v2\/pages\/111","targetHints":{"allow":["GET"]}}],"collection":[{"href":"https:\/\/itu-app42363.pagelyhosting.com\/ra-27\/wp-json\/wp\/v2\/pages"}],"about":[{"href":"https:\/\/itu-app42363.pagelyhosting.com\/ra-27\/wp-json\/wp\/v2\/types\/page"}],"author":[{"embeddable":true,"href":"https:\/\/itu-app42363.pagelyhosting.com\/ra-27\/wp-json\/wp\/v2\/users\/5"}],"replies":[{"embeddable":true,"href":"https:\/\/itu-app42363.pagelyhosting.com\/ra-27\/wp-json\/wp\/v2\/comments?post=111"}],"version-history":[{"count":0,"href":"https:\/\/itu-app42363.pagelyhosting.com\/ra-27\/wp-json\/wp\/v2\/pages\/111\/revisions"}],"up":[{"embeddable":true,"href":"https:\/\/itu-app42363.pagelyhosting.com\/ra-27\/wp-json\/wp\/v2\/pages\/110"}],"wp:attachment":[{"href":"https:\/\/itu-app42363.pagelyhosting.com\/ra-27\/wp-json\/wp\/v2\/media?parent=111"}],"wp:term":[{"taxonomy":"folder","embeddable":true,"href":"https:\/\/itu-app42363.pagelyhosting.com\/ra-27\/wp-json\/wp\/v2\/folder?post=111"}],"curies":[{"name":"wp","href":"https:\/\/api.w.org\/{rel}","templated":true}]}}