{"id":126,"date":"2024-04-11T10:02:47","date_gmt":"2024-04-11T10:02:47","guid":{"rendered":"https:\/\/itu-app42363.pagelyhosting.com\/radiocommunication-contacts\/?page_id=126"},"modified":"2026-03-09T11:42:50","modified_gmt":"2026-03-09T11:42:50","slug":"home","status":"publish","type":"page","link":"https:\/\/itu-app42363.pagelyhosting.com\/radiocommunication-contacts\/","title":{"rendered":"home"},"content":{"rendered":"    <section class=\"ituBanner bg smallheight\">\n        <div class=\"bgContainer \">\n            <img src=https:\/\/itu-app42363.pagelyhosting.com\/radiocommunication-contacts\/wp-content\/uploads\/sites\/53\/2024\/04\/itu-banner.png alt=\"Background decorative image\" \/>\n            <div class=\"ituContainer grid\">\n                <div class=\"content\" data-span=\"8\">\n                    <div class=\"main\">\n                        <h2 class=\"h1 white\">Radiocommunication <br><strong>Address and Contacts<\/strong><\/h2>\n                    <\/div>\n                    <div class=\"addInfo\"><\/div>\n                <\/div>\n            <\/div>\n        <\/div>\n    <\/section>\n\n\n    <div class=\"ituContainer grid\">\n                        <div data-span=\"6\">\n                    <div class=\"ituContainer\">\n<h2 class=\"wp-block-heading\">Radiocommunication Bureau (BR)<\/h2>\n<\/div>                    <div class=\"ituContainer\">\n<ul class=\"wp-block-list\"><div class=\"ituContainer\">\n<li><a href=\"https:\/\/itu-app42363.pagelyhosting.com\/radiocommunication-contacts\/dir\/\" data-type=\"page\" data-id=\"138\"><strong>Director&#8217;s Office (DIR)<\/strong><\/a><\/li>\n<\/div>\n\n<div class=\"ituContainer\">\n<li><a href=\"https:\/\/itu-app42363.pagelyhosting.com\/radiocommunication-contacts\/iap\/\" data-type=\"page\" data-id=\"143\"><strong>Informatics, Administration and Publications Department (IAP)<\/strong><\/a><\/li>\n<\/div>\n\n<div class=\"ituContainer\">\n<li><a href=\"https:\/\/www.itu.int\/net\/ITU-R\/index.asp?category=information&amp;rlink=address-contacts&amp;lang=en&amp;group=rag\"><strong>Radiocommunication Advisory Group (RAG)<\/strong><\/a><\/li>\n<\/div>\n\n<div class=\"ituContainer\">\n<li><a href=\"\/radiocommunication-contacts\/rrb\/\"><strong>Radio Regulations Board (RRB)<\/strong><\/a><\/li>\n<\/div>\n\n<div class=\"ituContainer\">\n<li><a href=\"https:\/\/itu-app42363.pagelyhosting.com\/radiocommunication-contacts\/ssd\/\" data-type=\"page\" data-id=\"146\"><strong>Space Services Department (SSD)<\/strong><\/a><\/li>\n<\/div>\n\n<div class=\"ituContainer\">\n<li><a href=\"https:\/\/itu-app42363.pagelyhosting.com\/radiocommunication-contacts\/sgd\/\" data-type=\"page\" data-id=\"148\"><strong>Study Groups Department (SGD)<\/strong><\/a><\/li>\n<\/div>\n\n<div class=\"ituContainer\">\n<li><a href=\"https:\/\/itu-app42363.pagelyhosting.com\/radiocommunication-contacts\/tsd\/\" data-type=\"page\" data-id=\"152\"><strong>Terrestrial Services Department (TSD)<\/strong><\/a><\/li>\n<\/div><\/ul>\n<\/div>                    <div class=\"ituContainer\">\n<ul class=\"wp-block-list\"><div class=\"ituContainer\">\n<li><a href=\"https:\/\/itu-app42363.pagelyhosting.com\/radiocommunication-contacts\/contact\/\" data-type=\"page\" data-id=\"161\"><strong>BR Mail<\/strong> \/ <strong>BR Promotion Office<\/strong> \/ <strong>BR Web Services<\/strong><\/a><\/li>\n<\/div><\/ul>\n<\/div>            <\/div>\n                        <div data-span=\"6\">\n                    <div class=\"ituContainer\">\n<h2 class=\"wp-block-heading\">Official correspondence should be directed to<\/h2>\n<\/div>                    <div class=\"ituContainer\">\n<p class=\"wp-block-paragraph\">Union internationale des t\u00e9l\u00e9communications (UIT)<br>Bureau des radiocommunications (BR)<br>Place des Nations<br>CH-1211 Gen\u00e8ve 20<br>Suisse<\/p>\n<\/div>                    \n<div class=\"wp-block-uagb-icon-list uagb-block-d9fec3b8\"><div class=\"uagb-icon-list__wrap\">\n<div class=\"wp-block-uagb-icon-list-child uagb-block-ace679af\"><a target=\"_self\" aria-label=\"brmail@itu.int\" rel=\"noopener noreferrer\" href=\"mailto:brmail@itu.int\"> <\/a><span class=\"uagb-icon-list__source-wrap\"><svg xmlns=\"https:\/\/www.w3.org\/2000\/svg\" viewBox=\"0 0 512 512\"><path d=\"M464 64C490.5 64 512 85.49 512 112C512 127.1 504.9 141.3 492.8 150.4L275.2 313.6C263.8 322.1 248.2 322.1 236.8 313.6L19.2 150.4C7.113 141.3 0 127.1 0 112C0 85.49 21.49 64 48 64H464zM217.6 339.2C240.4 356.3 271.6 356.3 294.4 339.2L512 176V384C512 419.3 483.3 448 448 448H64C28.65 448 0 419.3 0 384V176L217.6 339.2z\"><\/path><\/svg><\/span><span class=\"uagb-icon-list__label\">brmail@itu.int<\/span><\/div>\n\n\n\n<div class=\"wp-block-uagb-icon-list-child uagb-block-cdf7fd93\"><span class=\"uagb-icon-list__source-wrap\"><svg xmlns=\"https:\/\/www.w3.org\/2000\/svg\" viewBox=\"0 0 512 512\"><path d=\"M511.2 387l-23.25 100.8c-3.266 14.25-15.79 24.22-30.46 24.22C205.2 512 0 306.8 0 54.5c0-14.66 9.969-27.2 24.22-30.45l100.8-23.25C139.7-2.602 154.7 5.018 160.8 18.92l46.52 108.5c5.438 12.78 1.77 27.67-8.98 36.45L144.5 207.1c33.98 69.22 90.26 125.5 159.5 159.5l44.08-53.8c8.688-10.78 23.69-14.51 36.47-8.975l108.5 46.51C506.1 357.2 514.6 372.4 511.2 387z\"><\/path><\/svg><\/span><span class=\"uagb-icon-list__label\">+41 22 730 5560<\/span><\/div>\n\n\n\n<div class=\"wp-block-uagb-icon-list-child uagb-block-c8138cd3\"><span class=\"uagb-icon-list__source-wrap\"><svg xmlns=\"https:\/\/www.w3.org\/2000\/svg\" viewBox=\"0 0 512 512\"><path d=\"M192 64h197.5L416 90.51V160h64V77.25c0-8.484-3.375-16.62-9.375-22.62l-45.25-45.25C419.4 3.375 411.2 0 402.8 0H160C142.3 0 128 14.33 128 32v128h64V64zM64 128H32C14.38 128 0 142.4 0 160v320c0 17.62 14.38 32 32 32h32c17.62 0 32-14.38 32-32V160C96 142.4 81.63 128 64 128zM480 192H128v288c0 17.6 14.4 32 32 32h320c17.6 0 32-14.4 32-32V224C512 206.4 497.6 192 480 192zM288 432c0 8.875-7.125 16-16 16h-32C231.1 448 224 440.9 224 432v-32C224 391.1 231.1 384 240 384h32c8.875 0 16 7.125 16 16V432zM288 304c0 8.875-7.125 16-16 16h-32C231.1 320 224 312.9 224 304v-32C224 263.1 231.1 256 240 256h32C280.9 256 288 263.1 288 272V304zM416 432c0 8.875-7.125 16-16 16h-32c-8.875 0-16-7.125-16-16v-32c0-8.875 7.125-16 16-16h32c8.875 0 16 7.125 16 16V432zM416 304c0 8.875-7.125 16-16 16h-32C359.1 320 352 312.9 352 304v-32C352 263.1 359.1 256 368 256h32C408.9 256 416 263.1 416 272V304z\"><\/path><\/svg><\/span><span class=\"uagb-icon-list__label\">+41 22 730 5785<\/span><\/div>\n<\/div><\/div>\n            <\/div>\n            <\/div>\n\n\n    <div class=\"ituContainer grid\">\n        <div data-span=\"12\">\n                            <div class=\"ituContainer\">\n<div style=\"height:30px\" aria-hidden=\"true\" class=\"wp-block-spacer\"><\/div>\n<\/div>                            \n<div class=\"wp-block-brblocks-separation-bar\"><div style=\"background-color:#009ad7;height:1px\"><\/div><\/div>\n                            <div class=\"ituContainer\">\n<div style=\"height:30px\" aria-hidden=\"true\" class=\"wp-block-spacer\"><\/div>\n<\/div>                            <div class=\"ituContainer\">\n<h2 class=\"wp-block-heading\">Related Quick Links<\/h2>\n<\/div>                                <section>\n        <div class=\"ituContainer grid\">\n                                                <a class=\"ituCard anim bg hor\" href=\"https:\/\/www.itu.int\/en\/ITU-R\/Pages\/default.aspx\" data-span=\"6\" target=\"\">\n        <img decoding=\"async\" class=\"square\" src=\"https:\/\/itu-app42363.pagelyhosting.com\/radiocommunication-contacts\/wp-content\/uploads\/sites\/53\/2025\/11\/slider-brific-hub-thumb.jpg\" alt=\"\" \/>\n        <div class=\"content\">\n            <div class=\"main\">\n                <p class=\"title\">ITU Radiocommunication Sector<\/p>\n                <p>https:\/\/www.itu.int\/en\/ITU-R\/<\/p>\n            <\/div>\n        <\/div>\n    <\/a>\n                    <\/div>\n    <\/section>\n                                <section>\n        <div class=\"ituContainer grid\">\n                                                <a class=\"ituCard bg anim bgButton\" data-span=\"3\" href=\"#Space-Services\" >\n        <div class=\"bgContainer\">\n            <img decoding=\"async\" src=\"https:\/\/itu-app42363.pagelyhosting.com\/wp-content\/uploads\/2025\/06\/image-1.png\" class=\"icon\" alt=\"icon\" \/>\n            <div class=\"content content-img-button\">\n                <div class=\"main\">\n                    <p class=\"title\" style=\"margin-bottom: 0 !important;\">Space Services Department (SSD)<\/p>\n                <\/div>\n            <\/div>\n        <\/div>\n    <\/a>\n                                                <a class=\"ituCard bg anim bgButton\" data-span=\"3\" href=\"#Terrestrial-Services\" >\n        <div class=\"bgContainer\">\n            <img decoding=\"async\" src=\"https:\/\/itu-app42363.pagelyhosting.com\/wp-content\/uploads\/2025\/06\/image-2.png\" class=\"icon\" alt=\"icon\" \/>\n            <div class=\"content content-img-button\">\n                <div class=\"main\">\n                    <p class=\"title\" style=\"margin-bottom: 0 !important;\">Terrestrial Services Department (TSD)<\/p>\n                <\/div>\n            <\/div>\n        <\/div>\n    <\/a>\n                                                <a class=\"ituCard bg anim bgButton\" data-span=\"3\" href=\"#Study-Groups\" >\n        <div class=\"bgContainer\">\n            <img decoding=\"async\" src=\"https:\/\/itu-app42363.pagelyhosting.com\/wp-content\/uploads\/2025\/06\/image-4.png\" class=\"icon\" alt=\"icon\" \/>\n            <div class=\"content content-img-button\">\n                <div class=\"main\">\n                    <p class=\"title\" style=\"margin-bottom: 0 !important;\">Radiocommunication Study Groups<\/p>\n                <\/div>\n            <\/div>\n        <\/div>\n    <\/a>\n                                                <a class=\"ituCard bg anim bgButton\" data-span=\"3\" href=\"#Radio-Pegulation\" >\n        <div class=\"bgContainer\">\n            <img decoding=\"async\" src=\"https:\/\/itu-app42363.pagelyhosting.com\/wp-content\/uploads\/2025\/06\/RR-banner.png\" class=\"icon\" alt=\"icon\" \/>\n            <div class=\"content content-img-button\">\n                <div class=\"main\">\n                    <p class=\"title\" style=\"margin-bottom: 0 !important;\">The Radio Regulations (RR)<\/p>\n                <\/div>\n            <\/div>\n        <\/div>\n    <\/a>\n                    <\/div>\n    <\/section>\n                                <div class=\"ituContainer grid\">\n        <div data-span=\"12\">\n                            \n<div id=\"Space-Services\" class=\"wp-block-brblocks-accordion  no-title\"><div id=\"Space-Services__content\" class=\"accordion-content  blue\" role=\"region\" aria-labelledby=\"Space-Services__title\"><div class=\"accordion-inner\"><div class=\"ituContainer\">\n<h2 class=\"wp-block-heading\">Space Services Department (SSD)<\/h2>\n<\/div>\n\n<div class=\"ituContainer\">\n<p class=\"wp-block-paragraph\">The Space Services Department (SSD) is responsible for coordination and recording procedures for space systems and earth stations. The Department handles capture, processing and publication of data and carries out examination of frequency assignment notices submitted by administrations for inclusion in the formal coordination procedures or recording in the Master International Frequency Register (MIFR).<\/p>\n<\/div>\n\n<div class=\"ituContainer\">\n<p class=\"wp-block-paragraph\">The Department is also responsible for managing the procedures for space related assignment or allotment plans of the ITU and for provision of assistance to administrations on all of the above issues.<\/p>\n<\/div>\n\n<div class=\"ituContainer\">\n<p class=\"wp-block-paragraph\"><strong>Structure of SSD<\/strong><\/p>\n<\/div>\n\n<div class=\"ituContainer\">\n<ul class=\"wp-block-list\"><div class=\"ituContainer\">\n<li>Space Publication and Registration Division (SPR)<\/li>\n<\/div>\n\n<div class=\"ituContainer\">\n<li>Space Systems Coordination Division (SSC)<\/li>\n<\/div>\n\n<div class=\"ituContainer\">\n<li>Space Notification and Plans Division (SNP) \u200b\u200b<\/li>\n<\/div><\/ul>\n<\/div>\n\n    <p>\n        <a href=\"https:\/\/www.itu.int\/ITU-R\/go\/space\/en\" class=\"ituBtn\" target=\"_blank\" rel=\"noreferrer noopener\">\n            More on Space Services Department (SSD)         <\/a>\n    <\/p>\n\n\n\n<div class=\"ituContainer\">\n<div style=\"height:30px\" aria-hidden=\"true\" class=\"wp-block-spacer\"><\/div>\n<\/div>\n\n<div class=\"ituContainer\">\n<ul class=\"wp-block-list\"><div class=\"ituContainer\">\n<li><a href=\"https:\/\/www.itu.int\/en\/ITU-R\/space\/Pages\/brificMain.aspx\" target=\"_blank\" rel=\"noreferrer noopener\">BRIFIC<\/a><\/li>\n<\/div>\n\n<div class=\"ituContainer\">\n<li><a href=\"https:\/\/www.itu.int\/ITU-R\/space\/snl\/index.html\" target=\"_blank\" rel=\"noreferrer noopener\">SNL<\/a><\/li>\n<\/div>\n\n<div class=\"ituContainer\">\n<li><a href=\"https:\/\/www.itu.int\/sns\" target=\"_blank\" rel=\"noreferrer noopener\">SNS<\/a><\/li>\n<\/div>\n\n<div class=\"ituContainer\">\n<li><a href=\"https:\/\/www.itu.int\/ITU-R\/go\/space-plans\/en\" target=\"_blank\" rel=\"noreferrer noopener\">Space Plans<\/a><\/li>\n<\/div><\/ul>\n<\/div>\n\n<div class=\"ituContainer\">\n<div style=\"height:30px\" aria-hidden=\"true\" class=\"wp-block-spacer\"><\/div>\n<\/div><\/div><\/div><\/div>\n                            \n<div id=\"Terrestrial-Services\" class=\"wp-block-brblocks-accordion  no-title\"><div id=\"Terrestrial-Services__content\" class=\"accordion-content  blue\" role=\"region\" aria-labelledby=\"Terrestrial-Services__title\"><div class=\"accordion-inner\"><div class=\"ituContainer\">\n<h2 class=\"wp-block-heading\">Terrestrial Services Department (TSD)<\/h2>\n<\/div>\n\n<div class=\"ituContainer\">\n<p class=\"wp-block-paragraph\">\u200b\u200b\u200b\u200b\u200b\u200b\u200b\u200b\u200b\u200b\u200b\u200b\u200b\u200b\u200b\u200bThe Terrestrial Services Department (TSD) carries out technical and regulatory functions and provides assistance to administrations in the domain of international management of the RF spectrum, as specified in the Radio Regulations and various Regional Agreements, concerning terrestrial services (broadcasting, fixed, maritime mobile, aeronautical mobile, etc.).<\/p>\n<\/div>\n\n<div class=\"ituContainer\">\n<p class=\"wp-block-paragraph\">It processes notifications of frequency assignments, maintains the Master Register and Plans concerning terrestrial services and publishes their updates at regular intervals.<\/p>\n<\/div>\n\n<div class=\"ituContainer\">\n<p class=\"wp-block-paragraph\">It applies various administrative regulations dealing with allocation of international means of identifications (call sign series, MIDs) and with safety of life. To this end, it processes submissions for various service documents (List of coast stations, List of ship stations, etc.), publishes their updates and maintains their on-line versions.\u200b<\/p>\n<\/div>\n\n<div class=\"ituContainer\">\n<div style=\"height:30px\" aria-hidden=\"true\" class=\"wp-block-spacer\"><\/div>\n<\/div>\n\n    <p>\n        <a href=\"https:\/\/www.itu.int\/en\/ITU-R\/terrestrial\/Pages\/default.aspx\" class=\"ituBtn\" target=\"_blank\" rel=\"noreferrer noopener\">\n            More on Terrestrial Services Department (TSD)        <\/a>\n    <\/p>\n\n\n\n<div class=\"ituContainer\">\n<div style=\"height:30px\" aria-hidden=\"true\" class=\"wp-block-spacer\"><\/div>\n<\/div>\n\n<div class=\"ituContainer\">\n<ul class=\"wp-block-list\"><div class=\"ituContainer\">\n<li><a href=\"https:\/\/www.itu.int\/ITU-R\/go\/terrestrial-brific\/en\" target=\"_blank\" rel=\"noreferrer noopener\">BRIFIC<\/a><\/li>\n<\/div>\n\n<div class=\"ituContainer\">\n<li><a href=\"https:\/\/www.itu.int\/ITU-R\/go\/glad\/en\" target=\"_blank\" rel=\"noreferrer noopener\">GLAD<\/a><\/li>\n<\/div>\n\n<div class=\"ituContainer\">\n<li><a href=\"https:\/\/www.itu.int\/ITU-R\/go\/mars\/en\" target=\"_blank\" rel=\"noreferrer noopener\">MARS<\/a><\/li>\n<\/div>\n\n<div class=\"ituContainer\">\n<li><a href=\"https:\/\/www.itu.int\/ITU-R\/go\/wisfat\/en\" target=\"_blank\" rel=\"noreferrer noopener\">WISFAT<\/a><\/li>\n<\/div><\/ul>\n<\/div>\n\n<div class=\"ituContainer\">\n<div style=\"height:30px\" aria-hidden=\"true\" class=\"wp-block-spacer\"><\/div>\n<\/div><\/div><\/div><\/div>\n                            \n<div id=\"Study-Groups\" class=\"wp-block-brblocks-accordion  no-title\"><div id=\"Study-Groups__content\" class=\"accordion-content  blue\" role=\"region\" aria-labelledby=\"Study-Groups__title\"><div class=\"accordion-inner\"><div class=\"ituContainer\">\n<h2 class=\"wp-block-heading\">Radiocommunication Study Groups<\/h2>\n<\/div>\n\n<div class=\"ituContainer\">\n<p class=\"wp-block-paragraph\">The ITU-R Study Groups develop the technical bases for decisions taken at World Radiocommunication Conferences and develop global standards (Recommendations), Reports and Handbooks on radiocommunication matters. More than 5\u200b&nbsp;000 specialists, from administrations, the telecommunications industry as a whole and academic organizations throughout the world, participate in the work of the Study Groups on topics such as efficient management and use of the spectrum\/orbit resource, radio systems characteristics and performance, spectrum monitoring and emergency radiocommunications for public protection and disaster relief.<\/p>\n<\/div>\n\n<div class=\"ituContainer\">\n<div style=\"height:30px\" aria-hidden=\"true\" class=\"wp-block-spacer\"><\/div>\n<\/div>\n\n        <div class=\"ituContainer\">\n            <div class=\"ituBtnGroup\">\n                                        <p>\n        <a href=\"https:\/\/www.itu.int\/en\/ITU-R\/study-groups\/Pages\/default.aspx\" class=\"ituBtn ituBtnGroup_btn\" target=\"_blank\" rel=\"noreferrer noopener\">\n            More on Radiocommunication Study Groups        <\/a>\n    <\/p>\n\n                                        <p>\n        <a href=\"https:\/\/www.itu.int\/pub\/R-GEN-SGB-2025\" class=\"ituBtn ituBtnGroup_btn\" target=\"_blank\" rel=\"noreferrer noopener\">\n            Download  Radiocommunication Study Groups Brochure        <\/a>\n    <\/p>\n\n                            <\/div>\n        <\/div>\n\n\n\n<div class=\"ituContainer\">\n<div style=\"height:30px\" aria-hidden=\"true\" class=\"wp-block-spacer\"><\/div>\n<\/div>\n\n    <section>\n        <div class=\"ituContainer grid\">\n                                                        <a class=\"ituCard anim\" data-span=\"4\" href=\"https:\/\/www.itu.int\/en\/ITU-R\/study-groups\/rsg1\/Pages\/default.aspx\" target='blank' rel='noreferrer noopener'>\n                    <div class=\"content center\">\n                <div class=\"main\">\n                    <img decoding=\"async\" src=\"https:\/\/www.itu.int\/rsgcar\/wp-content\/uploads\/sites\/71\/2025\/02\/sg1.png\" class=\"icon\" alt=\"icon\" \/>\n                                            <p class=\"title\">Study Gro\u200bup 1 (SG 1)<\/p>\n                                                            <p>Spectrum management<\/p>\n                                    <\/div>\n            <\/div>\n                    <\/a>\n    \n                                                        <a class=\"ituCard anim\" data-span=\"4\" href=\"https:\/\/www.itu.int\/en\/ITU-R\/study-groups\/rsg3\/Pages\/default.aspx\" >\n                    <div class=\"content center\">\n                <div class=\"main\">\n                    <img decoding=\"async\" src=\"https:\/\/www.itu.int\/rsgcar\/wp-content\/uploads\/sites\/71\/2025\/02\/sg3.png\" class=\"icon\" alt=\"icon\" \/>\n                                            <p class=\"title\">Study Group 3 (SG 3)<\/p>\n                                                            <p>Radio-wave propagation\u200b<\/p>\n                                    <\/div>\n            <\/div>\n                    <\/a>\n    \n                                                        <a class=\"ituCard anim\" data-span=\"4\" href=\"https:\/\/www.itu.int\/en\/ITU-R\/study-groups\/rsg4\/Pages\/default.aspx\" >\n                    <div class=\"content center\">\n                <div class=\"main\">\n                    <img decoding=\"async\" src=\"https:\/\/www.itu.int\/rsgcar\/wp-content\/uploads\/sites\/71\/2025\/02\/sg4.png\" class=\"icon\" alt=\"icon\" \/>\n                                            <p class=\"title\">Study Group 4 (SG 4)<\/p>\n                                                            <p>Satellite services<\/p>\n                                    <\/div>\n            <\/div>\n                    <\/a>\n    \n                                                        <a class=\"ituCard anim\" data-span=\"4\" href=\"https:\/\/www.itu.int\/en\/ITU-R\/study-groups\/rsg5\/Pages\/default.aspx\" >\n                    <div class=\"content center\">\n                <div class=\"main\">\n                    <img decoding=\"async\" src=\"https:\/\/www.itu.int\/rsgcar\/wp-content\/uploads\/sites\/71\/2025\/02\/sg5.png\" class=\"icon\" alt=\"icon\" \/>\n                                            <p class=\"title\">Study Group 5 (SG 5)<\/p>\n                                                            <p>Terrestrial services<\/p>\n                                    <\/div>\n            <\/div>\n                    <\/a>\n    \n                                                        <a class=\"ituCard anim\" data-span=\"4\" href=\"https:\/\/www.itu.int\/en\/ITU-R\/study-groups\/rsg6\/Pages\/default.aspx\" >\n                    <div class=\"content center\">\n                <div class=\"main\">\n                    <img decoding=\"async\" src=\"https:\/\/www.itu.int\/rsgcar\/wp-content\/uploads\/sites\/71\/2025\/02\/sg6.png\" class=\"icon\" alt=\"icon\" \/>\n                                            <p class=\"title\">Study Group 6 (SG 6)<\/p>\n                                                            <p>Broadcasting service<\/p>\n                                    <\/div>\n            <\/div>\n                    <\/a>\n    \n                                                        <a class=\"ituCard anim\" data-span=\"4\" href=\"https:\/\/www.itu.int\/en\/ITU-R\/study-groups\/rsg7\/Pages\/default.aspx\" >\n                    <div class=\"content center\">\n                <div class=\"main\">\n                    <img decoding=\"async\" src=\"https:\/\/www.itu.int\/rsgcar\/wp-content\/uploads\/sites\/71\/2025\/02\/sg7.png\" class=\"icon\" alt=\"icon\" \/>\n                                            <p class=\"title\">Study Group 7 (SG 7)<\/p>\n                                                            <p>Science services<\/p>\n                                    <\/div>\n            <\/div>\n                    <\/a>\n    \n                    <\/div>\n    <\/section>\n\n\n<div class=\"ituContainer\">\n<p class=\"wp-block-paragraph\"><\/p>\n<\/div>\n\n<div class=\"ituContainer\">\n<ul class=\"wp-block-list\"><div class=\"ituContainer\">\n<li><a href=\"https:\/\/www.itu.int\/en\/ITU-R\/study-groups\/rccv\">Coordination Committee for Vocabulary (CCV)<\/a><\/li>\n<\/div>\n\n<div class=\"ituContainer\">\n<li><a href=\"https:\/\/www.itu.int\/en\/ITU-R\/study-groups\/rcpm\">Conference Preparatory Meeting (CPM)<\/a><\/li>\n<\/div>\n\n<div class=\"ituContainer\">\n<li><a href=\"https:\/\/www.itu.int\/en\/ITU-R\/study-groups\/Pages\/rcvc.aspx\">Chairmen and Vice-Chairmen Meeting (CVC)<\/a><\/li>\n<\/div><\/ul>\n<\/div><\/div><\/div><\/div>\n                            \n<div id=\"Radio-Pegulation\" class=\"wp-block-brblocks-accordion  no-title\"><div id=\"Radio-Pegulation__content\" class=\"accordion-content  blue\" role=\"region\" aria-labelledby=\"Radio-Pegulation__title\"><div class=\"accordion-inner\"><div class=\"ituContainer\">\n<h2 class=\"wp-block-heading\">The Radio Regulations (RR)<\/h2>\n<\/div>\n\n<div class=\"ituContainer\">\n<p class=\"wp-block-paragraph\">\u200b\u200b\u200b\u200b\u200b\u200bThe legal framework of ITU comprises the basic instruments of the Union, which have treaty status and are binding on ITU Member States. These instruments are the Constitution and Convention of the International Telecommunication Union and the Administrative Regulations, which complement the Constitution and the Convention.<\/p>\n<\/div>\n\n<div class=\"ituContainer\">\n<p class=\"wp-block-paragraph\">The Radio Regulations (RR) form an integral part of the Administrative Regulations.<\/p>\n<\/div>\n\n<div class=\"ituContainer\">\n<p class=\"wp-block-paragraph\">The Rules of Procedure are approved by the Radio Regulations Board (RRB). They complement the RR by providing clarification of the application of particular Regulations or establishing the necessary practical procedures that may not be provided for in the current Regulatory Procedures<\/p>\n<\/div>\n\n<div class=\"ituContainer\">\n<div style=\"height:30px\" aria-hidden=\"true\" class=\"wp-block-spacer\"><\/div>\n<\/div>\n\n    <p>\n        <a href=\"https:\/\/www.itu.int\/pub\/R-REG\" class=\"ituBtn\" target=\"_blank\" rel=\"noreferrer noopener\">\n            More on The Radio Regulations (RR)        <\/a>\n    <\/p>\n\n\n\n<div class=\"ituContainer\">\n<div style=\"height:30px\" aria-hidden=\"true\" class=\"wp-block-spacer\"><\/div>\n<\/div><\/div><\/div><\/div>\n                    <\/div>\n    <\/div>\n                            \n<div class=\"wp-block-brblocks-separation-bar\"><div style=\"background-color:#009ad7;height:1px\"><\/div><\/div>\n                    <\/div>\n    <\/div>\n","protected":false},"excerpt":{"rendered":"","protected":false},"author":5,"featured_media":0,"parent":0,"menu_order":0,"comment_status":"closed","ping_status":"closed","template":"","meta":{"_crdt_document":"","_uag_custom_page_level_css":"","footnotes":""},"folder":[],"class_list":["post-126","page","type-page","status-publish","hentry"],"uagb_featured_image_src":{"full":false,"thumbnail":false,"medium":false,"medium_large":false,"large":false,"1536x1536":false,"2048x2048":false,"gs-tiny":false,"xl":false,"xxl":false,"xxxl":false,"xxxxl":false,"xxxxxl":false,"gform-image-choice-sm":false,"gform-image-choice-md":false,"gform-image-choice-lg":false},"uagb_author_info":{"display_name":"mgaillard","author_link":"https:\/\/itu-app42363.pagelyhosting.com\/radiocommunication-contacts\/author\/mgaillard\/"},"uagb_comment_info":0,"uagb_excerpt":null,"_links":{"self":[{"href":"https:\/\/itu-app42363.pagelyhosting.com\/radiocommunication-contacts\/wp-json\/wp\/v2\/pages\/126","targetHints":{"allow":["GET"]}}],"collection":[{"href":"https:\/\/itu-app42363.pagelyhosting.com\/radiocommunication-contacts\/wp-json\/wp\/v2\/pages"}],"about":[{"href":"https:\/\/itu-app42363.pagelyhosting.com\/radiocommunication-contacts\/wp-json\/wp\/v2\/types\/page"}],"author":[{"embeddable":true,"href":"https:\/\/itu-app42363.pagelyhosting.com\/radiocommunication-contacts\/wp-json\/wp\/v2\/users\/5"}],"replies":[{"embeddable":true,"href":"https:\/\/itu-app42363.pagelyhosting.com\/radiocommunication-contacts\/wp-json\/wp\/v2\/comments?post=126"}],"version-history":[{"count":0,"href":"https:\/\/itu-app42363.pagelyhosting.com\/radiocommunication-contacts\/wp-json\/wp\/v2\/pages\/126\/revisions"}],"wp:attachment":[{"href":"https:\/\/itu-app42363.pagelyhosting.com\/radiocommunication-contacts\/wp-json\/wp\/v2\/media?parent=126"}],"wp:term":[{"taxonomy":"folder","embeddable":true,"href":"https:\/\/itu-app42363.pagelyhosting.com\/radiocommunication-contacts\/wp-json\/wp\/v2\/folder?post=126"}],"curies":[{"name":"wp","href":"https:\/\/api.w.org\/{rel}","templated":true}]}}