{"id":146,"date":"2024-04-16T13:36:17","date_gmt":"2024-04-16T13:36:17","guid":{"rendered":"https:\/\/itu-app42363.pagelyhosting.com\/radiocommunication-contacts\/iap-copy\/"},"modified":"2025-12-04T09:49:48","modified_gmt":"2025-12-04T09:49:48","slug":"ssd","status":"publish","type":"page","link":"https:\/\/itu-app42363.pagelyhosting.com\/radiocommunication-contacts\/ssd\/","title":{"rendered":"Space Services Department (SSD)"},"content":{"rendered":"<div class=\"ituContainer\">\n<h2 class=\"wp-block-heading\">Chief of Department<\/h2>\n<\/div>\n\n    <div class=\"ituContainer grid\">\n        <div data-span=\"12\">\n                            <div class=\"br-contact-group mode-business br-contact-columns-4\" data-sort-by=\"priority1\" data-hide-role=\"0\"><div class=\"br-contact-card\" data-jobtitle=\"Chief of Department\" data-title2=\"BR \/ SSD\" data-company=\"ITU\" data-country=\"\" data-logo=\"\" data-priority1=\"6\" data-priority2=\"0\"><div class=\"photo-bio-wrapper\" style=\"text-align:center;\"><img decoding=\"async\" src=\"https:\/\/itu-app42363.pagelyhosting.com\/radiocommunication-contacts\/wp-content\/uploads\/sites\/53\/2025\/07\/Alexandre-VALLET.jpg\" alt=\"Alexandre Vallet\" class=\"br-contact-photo\"><div class=\"see-bio-icon\"><a href=\"#\" class=\"see-bio\" title=\"See Alexandre Vallet&#039;s biography\"><span class=\"dashicons dashicons-welcome-write-blog\"><\/span><\/a><\/div><\/div><div class=\"text-content\"><h3>Alexandre Vallet<\/h3><p>Chief of Department<\/p><p class=\"contact-title2\">BR \/ SSD<\/p><p>ITU<\/p><p><span class=\"dashicons dashicons-phone\" style=\"color:#01a0dd; vertical-align:middle; margin-right:4px;\"><\/span>+4122 730 55 36<\/p><p><a href=\"mailto:alexandre.vallet@itu.int\" class=\"contact-email-link\"><span class=\"dashicons dashicons-email-alt\" style=\"color:#01a0dd; vertical-align:middle; margin-right:4px;\"><\/span>alexandre.vallet@itu.int<\/a><\/p><\/div><div class=\"br-contact-bio\" style=\"display:none;\">Alexandre Vallet is the current Chief of the Space Services Department in the Radiocommunication Bureau of the International Telecommunication Union (ITU), since November 2017. As such, he leads the team responsible for the maintenance of the international registry of satellite radio frequencies, which allows all countries around the world to coordinate their use in order to avoid radio interference in outer space.\n\nAlexandre Vallet began to work in 2000 in the R&amp;D center of Orange dealing with communications satellites. In 2006, he joined the satellite operator Eutelsat where he was in charge of regulatory matters. From 2007 to 2017, he was the Head of the Regulatory affairs and Spectrum\/Orbit Resources Department at the French Agency in charge of radio spectrum management (Agence Nationale des Fr\u00e9quences \u2013 ANFR).<\/div><\/div><\/div>                            <div class=\"ituContainer\">\n<h2 class=\"wp-block-heading\">Head of Department<\/h2>\n<\/div>                            <div class=\"br-contact-group mode-business br-contact-columns-4\" data-sort-by=\"priority1\" data-hide-role=\"0\"><div class=\"br-contact-card\" data-jobtitle=\"Head, CSS Division\" data-title2=\"BR \/ SSD \/ CSS\" data-company=\"ITU\" data-country=\"\" data-logo=\"\" data-priority1=\"3\" data-priority2=\"0\"><div class=\"photo-bio-wrapper\" style=\"text-align:center;\"><img decoding=\"async\" src=\"https:\/\/itu-app42363.pagelyhosting.com\/radiocommunication-contacts\/wp-content\/uploads\/sites\/53\/2025\/07\/Chuen-Chern-LOO.jpg\" alt=\"Chuen Chern Loo\" class=\"br-contact-photo\"><\/div><div class=\"text-content\"><h3>Chuen Chern Loo<\/h3><p>Head, CSS Division<\/p><p class=\"contact-title2\">BR \/ SSD \/ CSS<\/p><p>ITU<\/p><p><span class=\"dashicons dashicons-phone\" style=\"color:#01a0dd; vertical-align:middle; margin-right:4px;\"><\/span>+4122 730 53 39<\/p><p><a href=\"mailto:Chuen-Chern.Loo@itu.int\" class=\"contact-email-link\"><span class=\"dashicons dashicons-email-alt\" style=\"color:#01a0dd; vertical-align:middle; margin-right:4px;\"><\/span>Chuen-Chern.Loo@itu.int<\/a><\/p><\/div><\/div><div class=\"br-contact-card\" data-jobtitle=\"Head, USS Division\" data-title2=\"BR \/ SSD \/ USS\" data-company=\"ITU\" data-country=\"\" data-logo=\"\" data-priority1=\"2\" data-priority2=\"0\"><div class=\"photo-bio-wrapper\" style=\"text-align:center;\"><img decoding=\"async\" src=\"https:\/\/itu-app42363.pagelyhosting.com\/radiocommunication-contacts\/wp-content\/uploads\/sites\/53\/2025\/11\/Danny-Weng-Hoa.jpg\" alt=\"Danny Weng Hoa Tham\" class=\"br-contact-photo\"><\/div><div class=\"text-content\"><h3>Danny Weng Hoa Tham<\/h3><p>Head, USS Division<\/p><p class=\"contact-title2\">BR \/ SSD \/ USS<\/p><p>ITU<\/p><p><span class=\"dashicons dashicons-phone\" style=\"color:#01a0dd; vertical-align:middle; margin-right:4px;\"><\/span>+41227306051<\/p><p><a href=\"mailto:danny.tham@itu.int\" class=\"contact-email-link\"><span class=\"dashicons dashicons-email-alt\" style=\"color:#01a0dd; vertical-align:middle; margin-right:4px;\"><\/span>danny.tham@itu.int<\/a><\/p><\/div><\/div><div class=\"br-contact-card\" data-jobtitle=\"Head, SPS Division\" data-title2=\"BR \/ SSD \/ SPS\" data-company=\"ITU\" data-country=\"\" data-logo=\"\" data-priority1=\"5\" data-priority2=\"0\"><div class=\"photo-bio-wrapper\" style=\"text-align:center;\"><img decoding=\"async\" src=\"https:\/\/itu-app42363.pagelyhosting.com\/radiocommunication-contacts\/wp-content\/uploads\/sites\/53\/2025\/07\/Jian-WANG.jpg\" alt=\"Jian Wang\" class=\"br-contact-photo\"><\/div><div class=\"text-content\"><h3>Jian Wang<\/h3><p>Head, SPS Division<\/p><p class=\"contact-title2\">BR \/ SSD \/ SPS<\/p><p>ITU<\/p><p><span class=\"dashicons dashicons-phone\" style=\"color:#01a0dd; vertical-align:middle; margin-right:4px;\"><\/span>+4122 730 66 67<\/p><p><a href=\"mailto:Jian.Wang@itu.int\" class=\"contact-email-link\"><span class=\"dashicons dashicons-email-alt\" style=\"color:#01a0dd; vertical-align:middle; margin-right:4px;\"><\/span>Jian.Wang@itu.int<\/a><\/p><\/div><\/div><div class=\"br-contact-card\" data-jobtitle=\"Head, SSSI Division\" data-title2=\"BR \/ SSD \/ SSS\" data-company=\"ITU\" data-country=\"\" data-logo=\"\" data-priority1=\"4\" data-priority2=\"0\"><div class=\"photo-bio-wrapper\" style=\"text-align:center;\"><img decoding=\"async\" src=\"https:\/\/itu-app42363.pagelyhosting.com\/radiocommunication-contacts\/wp-content\/uploads\/sites\/53\/2025\/07\/Ciccorossi-Jorge-Alberto.jpg\" alt=\"Jorge Alberto Ciccorossi\" class=\"br-contact-photo\"><div class=\"see-bio-icon\"><a href=\"#\" class=\"see-bio\" title=\"See Jorge Alberto Ciccorossi&#039;s biography\"><span class=\"dashicons dashicons-welcome-write-blog\"><\/span><\/a><\/div><\/div><div class=\"text-content\"><h3>Jorge Alberto Ciccorossi<\/h3><p>Head, SSSI Division<\/p><p class=\"contact-title2\">BR \/ SSD \/ SSS<\/p><p>ITU<\/p><p><span class=\"dashicons dashicons-phone\" style=\"color:#01a0dd; vertical-align:middle; margin-right:4px;\"><\/span>+4122 730 53 24<\/p><p><a href=\"mailto:Jorge-Alberto.Ciccorossi@itu.int\" class=\"contact-email-link\"><span class=\"dashicons dashicons-email-alt\" style=\"color:#01a0dd; vertical-align:middle; margin-right:4px;\"><\/span>Jorge-Alberto.Ciccorossi@itu.int<\/a><\/p><\/div><div class=\"br-contact-bio\" style=\"display:none;\">With over 25 years of experience in satellite communications and regulations at international level, Mr Ciccorossi is the Head of the Space Strategy and Sustainability Division at the ITU Radiocommunications Bureau. His team is dedicated to monitor and ensure the effective and precise deployment of satellites in geostationary and non geostationary orbits in conformity with the Radio Regulations, as well as the treatment of cases of harmful interference affecting space services.\r\n\r\nMr. Ciccorossi advises ITU Member States, Sectors Members and ITU intersectoral groups on technical regulatory matters of space services, including those related to space sustainability activities in the context of ITU and the Radiocommunication Bureau.\r\n\r\nPrior to the current position, he has taken the following responsibilities:\r\n&lt;ul&gt;\r\n \t&lt;li style=&quot;list-style-type: none&quot;&gt;\r\n&lt;ul&gt;\r\n \t&lt;li&gt;Acting Head of the Satellite Systems Coordination Division at the International Telecommunication Union (ITU).&lt;\/li&gt;\r\n&lt;\/ul&gt;\r\n&lt;\/li&gt;\r\n&lt;\/ul&gt;\r\n&lt;ul&gt;\r\n \t&lt;li style=&quot;list-style-type: none&quot;&gt;\r\n&lt;ul&gt;\r\n \t&lt;li&gt;Chairman of the 22nd. International Space Radio Monitoring Meeting (ISRMM), September 2021.&lt;\/li&gt;\r\n&lt;\/ul&gt;\r\n&lt;\/li&gt;\r\n&lt;\/ul&gt;\r\n&lt;ul&gt;\r\n \t&lt;li style=&quot;list-style-type: none&quot;&gt;\r\n&lt;ul&gt;\r\n \t&lt;li&gt;Spokesperson on satellites issues representing the Radiocommunications Bureau at the World Radiocommunications Conference 2023 and at the Radio Regulations Board Counsellor of DG-Plenary at the CPM-2023 and WG-6C at the World Radiocommunication Conference 2012.&lt;\/li&gt;\r\n&lt;\/ul&gt;\r\n&lt;\/li&gt;\r\n&lt;\/ul&gt;\r\n&lt;ul&gt;\r\n \t&lt;li style=&quot;list-style-type: none&quot;&gt;\r\n&lt;ul&gt;\r\n \t&lt;li&gt;Represented the ITU Radiocommunications Bureau at WRCs since 2003, as well as at several regional and international fora, including Space Debris Conference, CITEL, ICAO, International Astronautical Congress, Eurocontrol, United Nations Office for Outer Space Affairs, Munich Satellite Navigation Summit, Forum Europe, US Small Satellite Symposium, SmallSat Europe , the Regulatory Expert Group of the ISRMM, IEEE and ITU Study Groups.&lt;\/li&gt;\r\n&lt;\/ul&gt;\r\n&lt;\/li&gt;\r\n&lt;\/ul&gt;\r\n&lt;ul&gt;\r\n \t&lt;li style=&quot;list-style-type: none&quot;&gt;\r\n&lt;ul&gt;\r\n \t&lt;li&gt;Responsible for the analysis of GSO and NGSO satellite systems submitted to ITU for coordination and notification, and the treatment of cases of harmful interference.&lt;\/li&gt;\r\n&lt;\/ul&gt;\r\n&lt;\/li&gt;\r\n&lt;\/ul&gt;\r\nMr. Ciccorossi has conceived the first (and unique) Intergovernmental Online Platform to Report RFI cases affecting Satellite System (SIRRS), assisting 194 ITU Member States in its resolution.\r\n\r\nHe holds the degree of engineer in electronics from the National University of Technology (UTN) in Buenos Aires, an Executive Certificate in Management and Leadership from the Massachusetts Institute of Technology in the US, and has studied satellite communications and spacecraft design at the University of Surrey in the UK.<\/div><\/div><\/div>                            <div class=\"ituContainer\">\n<h2 class=\"wp-block-heading\">Assistant<\/h2>\n<\/div>                            <div class=\"br-contact-group mode-business br-contact-columns-4\" data-sort-by=\"priority1\" data-hide-role=\"0\"><div class=\"br-contact-card\" data-jobtitle=\"Administrative Assistant\" data-title2=\"BR \/ SSD\" data-company=\"ITU\" data-country=\"\" data-logo=\"\" data-priority1=\"1\" data-priority2=\"0\"><div class=\"photo-bio-wrapper\" style=\"text-align:center;\"><img decoding=\"async\" src=\"https:\/\/itu-app42363.pagelyhosting.com\/radiocommunication-contacts\/wp-content\/uploads\/sites\/53\/2025\/07\/Marchetti-Caroline.jpg\" alt=\"Caroline Marchetti\" class=\"br-contact-photo\"><\/div><div class=\"text-content\"><h3>Caroline Marchetti<\/h3><p>Administrative Assistant<\/p><p class=\"contact-title2\">BR \/ SSD<\/p><p>ITU<\/p><p><span class=\"dashicons dashicons-phone\" style=\"color:#01a0dd; vertical-align:middle; margin-right:4px;\"><\/span>+4122 730 55 53<\/p><p><a href=\"mailto:Caroline.Marchetti@itu.int\" class=\"contact-email-link\"><span class=\"dashicons dashicons-email-alt\" style=\"color:#01a0dd; vertical-align:middle; margin-right:4px;\"><\/span>Caroline.Marchetti@itu.int<\/a><\/p><\/div><\/div><\/div>                            <div class=\"ituContainer\">\n<div style=\"height:30px\" aria-hidden=\"true\" class=\"wp-block-spacer\"><\/div>\n<\/div>                            <div class=\"ituContainer\">\n<p class=\"wp-block-paragraph\">Union internationale des t\u00e9l\u00e9communications (UIT)<br>Bureau des radiocommunications (BR)<br>Place des Nations<br>CH-1211 Gen\u00e8ve 20<br>Suisse<\/p>\n<\/div>                    <\/div>\n    <\/div>\n","protected":false},"excerpt":{"rendered":"<p>Chief of Department<\/p>\n","protected":false},"author":5,"featured_media":0,"parent":0,"menu_order":0,"comment_status":"closed","ping_status":"closed","template":"","meta":{"_crdt_document":"","_uag_custom_page_level_css":"","footnotes":""},"folder":[],"class_list":["post-146","page","type-page","status-publish","hentry"],"uagb_featured_image_src":{"full":false,"thumbnail":false,"medium":false,"medium_large":false,"large":false,"1536x1536":false,"2048x2048":false,"gs-tiny":false,"xl":false,"xxl":false,"xxxl":false,"xxxxl":false,"xxxxxl":false,"gform-image-choice-sm":false,"gform-image-choice-md":false,"gform-image-choice-lg":false},"uagb_author_info":{"display_name":"mgaillard","author_link":"https:\/\/itu-app42363.pagelyhosting.com\/radiocommunication-contacts\/author\/mgaillard\/"},"uagb_comment_info":0,"uagb_excerpt":"Chief of Department","_links":{"self":[{"href":"https:\/\/itu-app42363.pagelyhosting.com\/radiocommunication-contacts\/wp-json\/wp\/v2\/pages\/146","targetHints":{"allow":["GET"]}}],"collection":[{"href":"https:\/\/itu-app42363.pagelyhosting.com\/radiocommunication-contacts\/wp-json\/wp\/v2\/pages"}],"about":[{"href":"https:\/\/itu-app42363.pagelyhosting.com\/radiocommunication-contacts\/wp-json\/wp\/v2\/types\/page"}],"author":[{"embeddable":true,"href":"https:\/\/itu-app42363.pagelyhosting.com\/radiocommunication-contacts\/wp-json\/wp\/v2\/users\/5"}],"replies":[{"embeddable":true,"href":"https:\/\/itu-app42363.pagelyhosting.com\/radiocommunication-contacts\/wp-json\/wp\/v2\/comments?post=146"}],"version-history":[{"count":0,"href":"https:\/\/itu-app42363.pagelyhosting.com\/radiocommunication-contacts\/wp-json\/wp\/v2\/pages\/146\/revisions"}],"wp:attachment":[{"href":"https:\/\/itu-app42363.pagelyhosting.com\/radiocommunication-contacts\/wp-json\/wp\/v2\/media?parent=146"}],"wp:term":[{"taxonomy":"folder","embeddable":true,"href":"https:\/\/itu-app42363.pagelyhosting.com\/radiocommunication-contacts\/wp-json\/wp\/v2\/folder?post=146"}],"curies":[{"name":"wp","href":"https:\/\/api.w.org\/{rel}","templated":true}]}}