{"id":148,"date":"2024-04-16T14:03:58","date_gmt":"2024-04-16T14:03:58","guid":{"rendered":"https:\/\/itu-app42363.pagelyhosting.com\/radiocommunication-contacts\/ssd-copy\/"},"modified":"2025-07-18T07:59:24","modified_gmt":"2025-07-18T07:59:24","slug":"sgd","status":"publish","type":"page","link":"https:\/\/itu-app42363.pagelyhosting.com\/radiocommunication-contacts\/sgd\/","title":{"rendered":"Study Groups Department (SGD)"},"content":{"rendered":"    <div class=\"ituContainer grid\">\n        <div data-span=\"12\">\n                            <div class=\"br-contact-group mode-business br-contact-columns-3\" data-sort-by=\"priority1\" data-hide-role=\"0\"><div class=\"br-contact-card\" data-jobtitle=\"Chief, Study Groups Department\" data-title2=\"\" data-company=\"ITU \u2022 BR \/ SGD\" data-country=\"\" data-logo=\"\" data-priority1=\"10\" data-priority2=\"0\"><div class=\"photo-bio-wrapper\" style=\"text-align:center;\"><img decoding=\"async\" src=\"https:\/\/itu-app42363.pagelyhosting.com\/radiocommunication-contacts\/wp-content\/uploads\/sites\/53\/2025\/07\/Sergio-Buonomo.jpg\" alt=\"Sergio Buonomo\" class=\"br-contact-photo\"><\/div><div class=\"text-content\"><h3>Sergio Buonomo<\/h3><p>Chief, Study Groups Department<\/p><p>ITU \u2022 BR \/ SGD<\/p><p><span class=\"dashicons dashicons-phone\" style=\"color:#01a0dd; vertical-align:middle; margin-right:4px;\"><\/span>+4122 730 62 29<\/p><p><a href=\"mailto:Sergio.Buonomo@itu.int\" class=\"contact-email-link\"><span class=\"dashicons dashicons-email-alt\" style=\"color:#01a0dd; vertical-align:middle; margin-right:4px;\"><\/span>Sergio.Buonomo@itu.int<\/a><\/p><\/div><\/div><\/div>                            <div class=\"ituContainer\">\n<h2 class=\"wp-block-heading\">ITU-R Study Group&nbsp;Counsellor<\/h2>\n<\/div>                            <div class=\"br-contact-group mode-business br-contact-columns-3\" data-sort-by=\"priority1\" data-hide-role=\"0\"><div class=\"br-contact-card\" data-jobtitle=\"Counsellor for ITU-R Study Group 1 (SGD\/SG1)\" data-title2=\"ITU-R Counsellor for the CPM\" data-company=\"ITU \u2022 BR \/ SGD\" data-country=\"\" data-logo=\"\" data-priority1=\"10\" data-priority2=\"0\"><div class=\"photo-bio-wrapper\" style=\"text-align:center;\"><img decoding=\"async\" src=\"https:\/\/itu-app42363.pagelyhosting.com\/radiocommunication-contacts\/wp-content\/uploads\/sites\/53\/2025\/07\/Philippe-Aubineau.jpg\" alt=\"Philippe Aubineau\" class=\"br-contact-photo\"><\/div><div class=\"text-content\"><h3>Philippe Aubineau<\/h3><p>Counsellor for ITU-R Study Group 1 (SGD\/SG1)<\/p><p class=\"contact-title2\">ITU-R Counsellor for the CPM<\/p><p>ITU \u2022 BR \/ SGD<\/p><p><span class=\"dashicons dashicons-phone\" style=\"color:#01a0dd; vertical-align:middle; margin-right:4px;\"><\/span>+4122 730 59 92<\/p><p><a href=\"mailto:Philippe.Aubineau@itu.int\" class=\"contact-email-link\"><span class=\"dashicons dashicons-email-alt\" style=\"color:#01a0dd; vertical-align:middle; margin-right:4px;\"><\/span>Philippe.Aubineau@itu.int<\/a><\/p><\/div><\/div><div class=\"br-contact-card\" data-jobtitle=\"Counsellor for ITU-R Study Group 3 (SGD\/SG3)\" data-title2=\"\" data-company=\"ITU \u2022 BR \/ SGD\" data-country=\"\" data-logo=\"\" data-priority1=\"9\" data-priority2=\"0\"><div class=\"photo-bio-wrapper\" style=\"text-align:center;\"><img decoding=\"async\" src=\"https:\/\/itu-app42363.pagelyhosting.com\/radiocommunication-contacts\/wp-content\/uploads\/sites\/53\/2025\/07\/David-Botha.jpg\" alt=\"David Botha\" class=\"br-contact-photo\"><\/div><div class=\"text-content\"><h3>David Botha<\/h3><p>Counsellor for ITU-R Study Group 3 (SGD\/SG3)<\/p><p>ITU \u2022 BR \/ SGD<\/p><p><span class=\"dashicons dashicons-phone\" style=\"color:#01a0dd; vertical-align:middle; margin-right:4px;\"><\/span>+4122 730 55 48<\/p><p><a href=\"mailto:david.botha@itu.int\" class=\"contact-email-link\"><span class=\"dashicons dashicons-email-alt\" style=\"color:#01a0dd; vertical-align:middle; margin-right:4px;\"><\/span>david.botha@itu.int<\/a><\/p><\/div><\/div><div class=\"br-contact-card\" data-jobtitle=\"Counsellor for ITU-R Study Group 4 (SGD\/SG4)\" data-title2=\"\" data-company=\"ITU \u2022 BR \/ SGD\" data-country=\"\" data-logo=\"\" data-priority1=\"8\" data-priority2=\"0\"><div class=\"photo-bio-wrapper\" style=\"text-align:center;\"><img decoding=\"async\" src=\"https:\/\/itu-app42363.pagelyhosting.com\/radiocommunication-contacts\/wp-content\/uploads\/sites\/53\/2025\/07\/Nick-Sinanis.jpg\" alt=\"Nick Sinanis\" class=\"br-contact-photo\"><\/div><div class=\"text-content\"><h3>Nick Sinanis<\/h3><p>Counsellor for ITU-R Study Group 4 (SGD\/SG4)<\/p><p>ITU \u2022 BR \/ SGD<\/p><p><span class=\"dashicons dashicons-phone\" style=\"color:#01a0dd; vertical-align:middle; margin-right:4px;\"><\/span>+4122 730 55 43<\/p><p><a href=\"mailto:nick.sinanis@itu.int\" class=\"contact-email-link\"><span class=\"dashicons dashicons-email-alt\" style=\"color:#01a0dd; vertical-align:middle; margin-right:4px;\"><\/span>nick.sinanis@itu.int<\/a><\/p><\/div><\/div><div class=\"br-contact-card\" data-jobtitle=\"Counsellor for ITU-R Study Group 5 (SGD\/SG5)\" data-title2=\"\" data-company=\"ITU \u2022 BR \/ SGD\" data-country=\"\" data-logo=\"\" data-priority1=\"7\" data-priority2=\"0\"><div class=\"photo-bio-wrapper\" style=\"text-align:center;\"><img decoding=\"async\" src=\"https:\/\/itu-app42363.pagelyhosting.com\/radiocommunication-contacts\/wp-content\/uploads\/sites\/53\/2025\/07\/Uwe-Loewenstein.jpg\" alt=\"Uwe Loewenstein\" class=\"br-contact-photo\"><\/div><div class=\"text-content\"><h3>Uwe Loewenstein<\/h3><p>Counsellor for ITU-R Study Group 5 (SGD\/SG5)<\/p><p>ITU \u2022 BR \/ SGD<\/p><p><span class=\"dashicons dashicons-phone\" style=\"color:#01a0dd; vertical-align:middle; margin-right:4px;\"><\/span>+4122 730 60 46<\/p><p><a href=\"mailto:Uwe.Loewenstein@itu.int\" class=\"contact-email-link\"><span class=\"dashicons dashicons-email-alt\" style=\"color:#01a0dd; vertical-align:middle; margin-right:4px;\"><\/span>Uwe.Loewenstein@itu.int<\/a><\/p><\/div><\/div><div class=\"br-contact-card\" data-jobtitle=\"Counsellor for ITU-R Study Group 6 (SGD\/SG6)\" data-title2=\"\" data-company=\"ITU \u2022 BR \/ SGD\" data-country=\"\" data-logo=\"\" data-priority1=\"6\" data-priority2=\"0\"><div class=\"photo-bio-wrapper\" style=\"text-align:center;\"><img decoding=\"async\" src=\"https:\/\/itu-app42363.pagelyhosting.com\/radiocommunication-contacts\/wp-content\/uploads\/sites\/53\/2025\/07\/Ruoting-Chang.jpg\" alt=\"Ruoting Chang\" class=\"br-contact-photo\"><\/div><div class=\"text-content\"><h3>Ruoting Chang<\/h3><p>Counsellor for ITU-R Study Group 6 (SGD\/SG6)<\/p><p>ITU \u2022 BR \/ SGD<\/p><p><span class=\"dashicons dashicons-phone\" style=\"color:#01a0dd; vertical-align:middle; margin-right:4px;\"><\/span>+4122 730 61 36<\/p><p><a href=\"mailto:ruoting.chang@itu.int\" class=\"contact-email-link\"><span class=\"dashicons dashicons-email-alt\" style=\"color:#01a0dd; vertical-align:middle; margin-right:4px;\"><\/span>ruoting.chang@itu.int<\/a><\/p><\/div><\/div><div class=\"br-contact-card\" data-jobtitle=\"Counsellor for ITU-R Study Group 7 (SGD\/SG7)\" data-title2=\"\" data-company=\"ITU \u2022 BR \/ SGD\" data-country=\"\" data-logo=\"\" data-priority1=\"5\" data-priority2=\"0\"><div class=\"photo-bio-wrapper\" style=\"text-align:center;\"><img decoding=\"async\" src=\"https:\/\/itu-app42363.pagelyhosting.com\/radiocommunication-contacts\/wp-content\/uploads\/sites\/53\/2025\/07\/Vadim-Nozdrin.jpg\" alt=\"Vadim Nozdrin\" class=\"br-contact-photo\"><\/div><div class=\"text-content\"><h3>Vadim Nozdrin<\/h3><p>Counsellor for ITU-R Study Group 7 (SGD\/SG7)<\/p><p>ITU \u2022 BR \/ SGD<\/p><p><span class=\"dashicons dashicons-phone\" style=\"color:#01a0dd; vertical-align:middle; margin-right:4px;\"><\/span>+4122 730 60 16<\/p><p><a href=\"mailto:vadim.nozdrin@itu.int\" class=\"contact-email-link\"><span class=\"dashicons dashicons-email-alt\" style=\"color:#01a0dd; vertical-align:middle; margin-right:4px;\"><\/span>vadim.nozdrin@itu.int<\/a><\/p><\/div><\/div><\/div>                            <div class=\"ituContainer\">\n<h2 class=\"wp-block-heading\"><strong>ITU-R CCV and CPM Counsellor<\/strong><\/h2>\n<\/div>                            <div class=\"br-contact-group mode-business br-contact-columns-3\" data-sort-by=\"priority1\" data-hide-role=\"0\"><div class=\"br-contact-card\" data-jobtitle=\"Counsellor for ITU-R Study Group 1 (SGD\/SG1)\" data-title2=\"ITU-R Counsellor for the CPM\" data-company=\"ITU \u2022 BR \/ SGD\" data-country=\"\" data-logo=\"\" data-priority1=\"10\" data-priority2=\"0\"><div class=\"photo-bio-wrapper\" style=\"text-align:center;\"><img decoding=\"async\" src=\"https:\/\/itu-app42363.pagelyhosting.com\/radiocommunication-contacts\/wp-content\/uploads\/sites\/53\/2025\/07\/Philippe-Aubineau.jpg\" alt=\"Philippe Aubineau\" class=\"br-contact-photo\"><\/div><div class=\"text-content\"><h3>Philippe Aubineau<\/h3><p>Counsellor for ITU-R Study Group 1 (SGD\/SG1)<\/p><p class=\"contact-title2\">ITU-R Counsellor for the CPM<\/p><p>ITU \u2022 BR \/ SGD<\/p><p><span class=\"dashicons dashicons-phone\" style=\"color:#01a0dd; vertical-align:middle; margin-right:4px;\"><\/span>+4122 730 59 92<\/p><p><a href=\"mailto:Philippe.Aubineau@itu.int\" class=\"contact-email-link\"><span class=\"dashicons dashicons-email-alt\" style=\"color:#01a0dd; vertical-align:middle; margin-right:4px;\"><\/span>Philippe.Aubineau@itu.int<\/a><\/p><\/div><\/div><div class=\"br-contact-card\" data-jobtitle=\"Project Officer\" data-title2=\"\" data-company=\"ITU \u2022 BR \/ SGD\" data-country=\"\" data-logo=\"\" data-priority1=\"0\" data-priority2=\"0\"><div class=\"photo-bio-wrapper\" style=\"text-align:center;\"><img decoding=\"async\" src=\"https:\/\/itu-app42363.pagelyhosting.com\/radiocommunication-contacts\/wp-content\/uploads\/sites\/53\/2025\/07\/Alicia-Soto-Romero.jpg\" alt=\"Alicia Soto Romero\" class=\"br-contact-photo\"><\/div><div class=\"text-content\"><h3>Alicia Soto Romero<\/h3><p>Project Officer<\/p><p>ITU \u2022 BR \/ SGD<\/p><p><span class=\"dashicons dashicons-phone\" style=\"color:#01a0dd; vertical-align:middle; margin-right:4px;\"><\/span>+4122 730 60 73<\/p><p><a href=\"mailto:Alicia.Soto.Romero@itu.int\" class=\"contact-email-link\"><span class=\"dashicons dashicons-email-alt\" style=\"color:#01a0dd; vertical-align:middle; margin-right:4px;\"><\/span>Alicia.Soto.Romero@itu.int<\/a><\/p><\/div><\/div><\/div>                            <div class=\"ituContainer\">\n<h2 class=\"wp-block-heading\"><strong>ITU-R Working Party<\/strong> Counsellor<\/h2>\n<\/div>                            <div class=\"br-contact-group mode-business br-contact-columns-3\" data-sort-by=\"priority1\" data-hide-role=\"0\"><div class=\"br-contact-card\" data-jobtitle=\"Chief, Study Groups Department\" data-title2=\"\" data-company=\"ITU \u2022 BR \/ SGD\" data-country=\"\" data-logo=\"\" data-priority1=\"10\" data-priority2=\"0\"><div class=\"photo-bio-wrapper\" style=\"text-align:center;\"><img decoding=\"async\" src=\"https:\/\/itu-app42363.pagelyhosting.com\/radiocommunication-contacts\/wp-content\/uploads\/sites\/53\/2025\/07\/Sergio-Buonomo.jpg\" alt=\"Sergio Buonomo\" class=\"br-contact-photo\"><\/div><div class=\"text-content\"><h3>Sergio Buonomo<\/h3><p>Chief, Study Groups Department<\/p><p>ITU \u2022 BR \/ SGD<\/p><p><span class=\"dashicons dashicons-phone\" style=\"color:#01a0dd; vertical-align:middle; margin-right:4px;\"><\/span>+4122 730 62 29<\/p><p><a href=\"mailto:Sergio.Buonomo@itu.int\" class=\"contact-email-link\"><span class=\"dashicons dashicons-email-alt\" style=\"color:#01a0dd; vertical-align:middle; margin-right:4px;\"><\/span>Sergio.Buonomo@itu.int<\/a><\/p><\/div><\/div><div class=\"br-contact-card\" data-jobtitle=\"Counsellor for ITU-R Study Group 7 (SGD\/SG7)\" data-title2=\"\" data-company=\"ITU \u2022 BR \/ SGD\" data-country=\"\" data-logo=\"\" data-priority1=\"5\" data-priority2=\"0\"><div class=\"photo-bio-wrapper\" style=\"text-align:center;\"><img decoding=\"async\" src=\"https:\/\/itu-app42363.pagelyhosting.com\/radiocommunication-contacts\/wp-content\/uploads\/sites\/53\/2025\/07\/Vadim-Nozdrin.jpg\" alt=\"Vadim Nozdrin\" class=\"br-contact-photo\"><\/div><div class=\"text-content\"><h3>Vadim Nozdrin<\/h3><p>Counsellor for ITU-R Study Group 7 (SGD\/SG7)<\/p><p>ITU \u2022 BR \/ SGD<\/p><p><span class=\"dashicons dashicons-phone\" style=\"color:#01a0dd; vertical-align:middle; margin-right:4px;\"><\/span>+4122 730 60 16<\/p><p><a href=\"mailto:vadim.nozdrin@itu.int\" class=\"contact-email-link\"><span class=\"dashicons dashicons-email-alt\" style=\"color:#01a0dd; vertical-align:middle; margin-right:4px;\"><\/span>vadim.nozdrin@itu.int<\/a><\/p><\/div><\/div><\/div>                            <div class=\"ituContainer\">\n<h2 class=\"wp-block-heading\">ITU-R Study Group&nbsp;Assistants<\/h2>\n<\/div>                            <div class=\"br-contact-group mode-business br-contact-columns-3\" data-sort-by=\"priority1\" data-hide-role=\"0\"><div class=\"br-contact-card\" data-jobtitle=\"Head, Study Groups Assistants Unit\" data-title2=\"\" data-company=\"ITU \u2022 BR \/ SGD\" data-country=\"\" data-logo=\"\" data-priority1=\"1\" data-priority2=\"0\"><div class=\"photo-bio-wrapper\" style=\"text-align:center;\"><img decoding=\"async\" src=\"https:\/\/itu-app42363.pagelyhosting.com\/radiocommunication-contacts\/wp-content\/uploads\/sites\/53\/2025\/07\/Emma-Norton-Viard.jpg\" alt=\"Emma Norton Viard\" class=\"br-contact-photo\"><\/div><div class=\"text-content\"><h3>Emma Norton Viard<\/h3><p>Head, Study Groups Assistants Unit<\/p><p>ITU \u2022 BR \/ SGD<\/p><p><span class=\"dashicons dashicons-phone\" style=\"color:#01a0dd; vertical-align:middle; margin-right:4px;\"><\/span>+4122 730 58 71<\/p><p><a href=\"mailto:emma.norton-viard@itu.int\" class=\"contact-email-link\"><span class=\"dashicons dashicons-email-alt\" style=\"color:#01a0dd; vertical-align:middle; margin-right:4px;\"><\/span>emma.norton-viard@itu.int<\/a><\/p><\/div><\/div><div class=\"br-contact-card\" data-jobtitle=\"Administrative Assistant\" data-title2=\"\" data-company=\"ITU \u2022 BR \/ SGD\" data-country=\"\" data-logo=\"\" data-priority1=\"0\" data-priority2=\"0\"><div class=\"photo-bio-wrapper\" style=\"text-align:center;\"><img decoding=\"async\" src=\"https:\/\/itu-app42363.pagelyhosting.com\/radiocommunication-contacts\/wp-content\/uploads\/sites\/53\/2025\/07\/Fabienne-Huguet.jpg\" alt=\"Fabienne Huguet\" class=\"br-contact-photo\"><\/div><div class=\"text-content\"><h3>Fabienne Huguet<\/h3><p>Administrative Assistant<\/p><p>ITU \u2022 BR \/ SGD<\/p><p><span class=\"dashicons dashicons-phone\" style=\"color:#01a0dd; vertical-align:middle; margin-right:4px;\"><\/span>+4122 730 58 16<\/p><p><a href=\"mailto:Fabienne.Huguet@itu.int\" class=\"contact-email-link\"><span class=\"dashicons dashicons-email-alt\" style=\"color:#01a0dd; vertical-align:middle; margin-right:4px;\"><\/span>Fabienne.Huguet@itu.int<\/a><\/p><\/div><\/div><\/div>                            <div class=\"ituContainer\">\n<div style=\"height:30px\" aria-hidden=\"true\" class=\"wp-block-spacer\"><\/div>\n<\/div>                            <div class=\"ituContainer\">\n<p class=\"wp-block-paragraph\">Union internationale des t\u00e9l\u00e9communications (UIT)<br>Bureau des radiocommunications (BR)<br>Place des Nations<br>CH-1211 Gen\u00e8ve 20<br>Suisse<\/p>\n<\/div>                    <\/div>\n    <\/div>\n","protected":false},"excerpt":{"rendered":"","protected":false},"author":5,"featured_media":0,"parent":0,"menu_order":0,"comment_status":"closed","ping_status":"closed","template":"","meta":{"_crdt_document":"","_uag_custom_page_level_css":"","footnotes":""},"folder":[],"class_list":["post-148","page","type-page","status-publish","hentry"],"uagb_featured_image_src":{"full":false,"thumbnail":false,"medium":false,"medium_large":false,"large":false,"1536x1536":false,"2048x2048":false,"gs-tiny":false,"xl":false,"xxl":false,"xxxl":false,"xxxxl":false,"xxxxxl":false,"gform-image-choice-sm":false,"gform-image-choice-md":false,"gform-image-choice-lg":false},"uagb_author_info":{"display_name":"mgaillard","author_link":"https:\/\/itu-app42363.pagelyhosting.com\/radiocommunication-contacts\/author\/mgaillard\/"},"uagb_comment_info":0,"uagb_excerpt":null,"_links":{"self":[{"href":"https:\/\/itu-app42363.pagelyhosting.com\/radiocommunication-contacts\/wp-json\/wp\/v2\/pages\/148","targetHints":{"allow":["GET"]}}],"collection":[{"href":"https:\/\/itu-app42363.pagelyhosting.com\/radiocommunication-contacts\/wp-json\/wp\/v2\/pages"}],"about":[{"href":"https:\/\/itu-app42363.pagelyhosting.com\/radiocommunication-contacts\/wp-json\/wp\/v2\/types\/page"}],"author":[{"embeddable":true,"href":"https:\/\/itu-app42363.pagelyhosting.com\/radiocommunication-contacts\/wp-json\/wp\/v2\/users\/5"}],"replies":[{"embeddable":true,"href":"https:\/\/itu-app42363.pagelyhosting.com\/radiocommunication-contacts\/wp-json\/wp\/v2\/comments?post=148"}],"version-history":[{"count":0,"href":"https:\/\/itu-app42363.pagelyhosting.com\/radiocommunication-contacts\/wp-json\/wp\/v2\/pages\/148\/revisions"}],"wp:attachment":[{"href":"https:\/\/itu-app42363.pagelyhosting.com\/radiocommunication-contacts\/wp-json\/wp\/v2\/media?parent=148"}],"wp:term":[{"taxonomy":"folder","embeddable":true,"href":"https:\/\/itu-app42363.pagelyhosting.com\/radiocommunication-contacts\/wp-json\/wp\/v2\/folder?post=148"}],"curies":[{"name":"wp","href":"https:\/\/api.w.org\/{rel}","templated":true}]}}