{"id":152,"date":"2024-04-16T14:35:50","date_gmt":"2024-04-16T14:35:50","guid":{"rendered":"https:\/\/itu-app42363.pagelyhosting.com\/radiocommunication-contacts\/ssd-copy\/"},"modified":"2025-07-18T08:21:17","modified_gmt":"2025-07-18T08:21:17","slug":"tsd","status":"publish","type":"page","link":"https:\/\/itu-app42363.pagelyhosting.com\/radiocommunication-contacts\/tsd\/","title":{"rendered":"Terrestrial Services Department (TSD)"},"content":{"rendered":"    <div class=\"ituContainer grid\">\n        <div data-span=\"12\">\n                            <div class=\"br-contact-group mode-business br-contact-columns-3\" data-sort-by=\"priority1\" data-hide-role=\"0\"><div class=\"br-contact-card\" data-jobtitle=\"Chief of Department\" data-title2=\"\" data-company=\"ITU \u2022 BR \/ TSD\" data-country=\"\" data-logo=\"\" data-priority1=\"5\" data-priority2=\"0\"><div class=\"photo-bio-wrapper\" style=\"text-align:center;\"><img decoding=\"async\" src=\"https:\/\/itu-app42363.pagelyhosting.com\/radiocommunication-contacts\/wp-content\/uploads\/sites\/53\/2025\/07\/Nikolai-Vassiliev.jpg\" alt=\"Nikolai Vassiliev\" class=\"br-contact-photo\"><\/div><div class=\"text-content\"><h3>Nikolai Vassiliev<\/h3><p>Chief of Department<\/p><p>ITU \u2022 BR \/ TSD<\/p><p><span class=\"dashicons dashicons-phone\" style=\"color:#01a0dd; vertical-align:middle; margin-right:4px;\"><\/span>+4122 730 55 30<\/p><p><a href=\"mailto:nikolai.vassiliev@itu.int\" class=\"contact-email-link\"><span class=\"dashicons dashicons-email-alt\" style=\"color:#01a0dd; vertical-align:middle; margin-right:4px;\"><\/span>nikolai.vassiliev@itu.int<\/a><\/p><\/div><\/div><div class=\"br-contact-card\" data-jobtitle=\"Head, FMD Division\" data-title2=\"\" data-company=\"ITU \u2022 BR \/ TSD \/ FMD\" data-country=\"\" data-logo=\"\" data-priority1=\"4\" data-priority2=\"0\"><div class=\"photo-bio-wrapper\" style=\"text-align:center;\"><img decoding=\"async\" src=\"https:\/\/itu-app42363.pagelyhosting.com\/radiocommunication-contacts\/wp-content\/uploads\/sites\/53\/2025\/07\/Karlis-Bogens.jpg\" alt=\"Karlis Bogens\" class=\"br-contact-photo\"><\/div><div class=\"text-content\"><h3>Karlis Bogens<\/h3><p>Head, FMD Division<\/p><p>ITU \u2022 BR \/ TSD \/ FMD<\/p><p><span class=\"dashicons dashicons-phone\" style=\"color:#01a0dd; vertical-align:middle; margin-right:4px;\"><\/span>+4122 730 56 36<\/p><p><a href=\"mailto:karlis.bogens@itu.int\" class=\"contact-email-link\"><span class=\"dashicons dashicons-email-alt\" style=\"color:#01a0dd; vertical-align:middle; margin-right:4px;\"><\/span>karlis.bogens@itu.int<\/a><\/p><\/div><\/div><div class=\"br-contact-card\" data-jobtitle=\"Head of Division\" data-title2=\"\" data-company=\"ITU \u2022 BR \/ TSD \/ TPR\" data-country=\"\" data-logo=\"\" data-priority1=\"3\" data-priority2=\"0\"><div class=\"photo-bio-wrapper\" style=\"text-align:center;\"><img decoding=\"async\" src=\"https:\/\/itu-app42363.pagelyhosting.com\/radiocommunication-contacts\/wp-content\/uploads\/sites\/53\/2025\/07\/Ben-Ousmane-Ba.jpg\" alt=\"Ben Ousmane Ba\" class=\"br-contact-photo\"><\/div><div class=\"text-content\"><h3>Ben Ousmane Ba<\/h3><p>Head of Division<\/p><p>ITU \u2022 BR \/ TSD \/ TPR<\/p><p><span class=\"dashicons dashicons-phone\" style=\"color:#01a0dd; vertical-align:middle; margin-right:4px;\"><\/span>+4122 730 50 44<\/p><p><a href=\"mailto:ben.ba@itu.int\" class=\"contact-email-link\"><span class=\"dashicons dashicons-email-alt\" style=\"color:#01a0dd; vertical-align:middle; margin-right:4px;\"><\/span>ben.ba@itu.int<\/a><\/p><\/div><\/div><div class=\"br-contact-card\" data-jobtitle=\"Head, BCD Division\" data-title2=\"\" data-company=\"ITU \u2022 BR \/ TSD \/ BCD\" data-country=\"\" data-logo=\"\" data-priority1=\"2\" data-priority2=\"0\"><div class=\"photo-bio-wrapper\" style=\"text-align:center;\"><img decoding=\"async\" src=\"https:\/\/itu-app42363.pagelyhosting.com\/radiocommunication-contacts\/wp-content\/uploads\/sites\/53\/2025\/07\/Ilham-Ghazi.jpg\" alt=\"Ilham Ghazi\" class=\"br-contact-photo\"><\/div><div class=\"text-content\"><h3>Ilham Ghazi<\/h3><p>Head, BCD Division<\/p><p>ITU \u2022 BR \/ TSD \/ BCD<\/p><p><span class=\"dashicons dashicons-phone\" style=\"color:#01a0dd; vertical-align:middle; margin-right:4px;\"><\/span>+4122 730 63 29<\/p><p><a href=\"mailto:ilham.Ghazi@itu.int\" class=\"contact-email-link\"><span class=\"dashicons dashicons-email-alt\" style=\"color:#01a0dd; vertical-align:middle; margin-right:4px;\"><\/span>ilham.Ghazi@itu.int<\/a><\/p><\/div><\/div><div class=\"br-contact-card\" data-jobtitle=\"Administrative Assistant\" data-title2=\"\" data-company=\"ITU \u2022 BR \/ TSD\" data-country=\"\" data-logo=\"\" data-priority1=\"0\" data-priority2=\"0\"><div class=\"photo-bio-wrapper\" style=\"text-align:center;\"><img decoding=\"async\" src=\"https:\/\/itu-app42363.pagelyhosting.com\/radiocommunication-contacts\/wp-content\/uploads\/sites\/53\/2025\/07\/Na-Demoulin.jpg\" alt=\"Na Demoulin\" class=\"br-contact-photo\"><\/div><div class=\"text-content\"><h3>Na Demoulin<\/h3><p>Administrative Assistant<\/p><p>ITU \u2022 BR \/ TSD<\/p><p><span class=\"dashicons dashicons-phone\" style=\"color:#01a0dd; vertical-align:middle; margin-right:4px;\"><\/span>+4122 730 57 09<\/p><p><a href=\"mailto:Na.Demoulin@itu.int\" class=\"contact-email-link\"><span class=\"dashicons dashicons-email-alt\" style=\"color:#01a0dd; vertical-align:middle; margin-right:4px;\"><\/span>Na.Demoulin@itu.int<\/a><\/p><\/div><\/div><\/div>                            <div class=\"ituContainer\">\n<div style=\"height:30px\" aria-hidden=\"true\" class=\"wp-block-spacer\"><\/div>\n<\/div>                            <div class=\"ituContainer\">\n<p class=\"wp-block-paragraph\">Union internationale des t\u00e9l\u00e9communications (UIT)<br>Bureau des radiocommunications (BR)<br>Place des Nations<br>CH-1211 Gen\u00e8ve 20<br>Suisse<\/p>\n<\/div>                    <\/div>\n    <\/div>\n","protected":false},"excerpt":{"rendered":"","protected":false},"author":5,"featured_media":0,"parent":0,"menu_order":0,"comment_status":"closed","ping_status":"closed","template":"","meta":{"_crdt_document":"","_uag_custom_page_level_css":"","footnotes":""},"folder":[],"class_list":["post-152","page","type-page","status-publish","hentry"],"uagb_featured_image_src":{"full":false,"thumbnail":false,"medium":false,"medium_large":false,"large":false,"1536x1536":false,"2048x2048":false,"gs-tiny":false,"xl":false,"xxl":false,"xxxl":false,"xxxxl":false,"xxxxxl":false,"gform-image-choice-sm":false,"gform-image-choice-md":false,"gform-image-choice-lg":false},"uagb_author_info":{"display_name":"mgaillard","author_link":"https:\/\/itu-app42363.pagelyhosting.com\/radiocommunication-contacts\/author\/mgaillard\/"},"uagb_comment_info":0,"uagb_excerpt":null,"_links":{"self":[{"href":"https:\/\/itu-app42363.pagelyhosting.com\/radiocommunication-contacts\/wp-json\/wp\/v2\/pages\/152","targetHints":{"allow":["GET"]}}],"collection":[{"href":"https:\/\/itu-app42363.pagelyhosting.com\/radiocommunication-contacts\/wp-json\/wp\/v2\/pages"}],"about":[{"href":"https:\/\/itu-app42363.pagelyhosting.com\/radiocommunication-contacts\/wp-json\/wp\/v2\/types\/page"}],"author":[{"embeddable":true,"href":"https:\/\/itu-app42363.pagelyhosting.com\/radiocommunication-contacts\/wp-json\/wp\/v2\/users\/5"}],"replies":[{"embeddable":true,"href":"https:\/\/itu-app42363.pagelyhosting.com\/radiocommunication-contacts\/wp-json\/wp\/v2\/comments?post=152"}],"version-history":[{"count":0,"href":"https:\/\/itu-app42363.pagelyhosting.com\/radiocommunication-contacts\/wp-json\/wp\/v2\/pages\/152\/revisions"}],"wp:attachment":[{"href":"https:\/\/itu-app42363.pagelyhosting.com\/radiocommunication-contacts\/wp-json\/wp\/v2\/media?parent=152"}],"wp:term":[{"taxonomy":"folder","embeddable":true,"href":"https:\/\/itu-app42363.pagelyhosting.com\/radiocommunication-contacts\/wp-json\/wp\/v2\/folder?post=152"}],"curies":[{"name":"wp","href":"https:\/\/api.w.org\/{rel}","templated":true}]}}