{"id":155,"date":"2024-04-17T11:53:40","date_gmt":"2024-04-17T11:53:40","guid":{"rendered":"https:\/\/itu-app42363.pagelyhosting.com\/radiocommunication-contacts\/dir-copy\/"},"modified":"2025-08-28T16:25:16","modified_gmt":"2025-08-28T16:25:16","slug":"rrb","status":"publish","type":"page","link":"https:\/\/itu-app42363.pagelyhosting.com\/radiocommunication-contacts\/rrb\/","title":{"rendered":"Radio Regulations Board (RRB)"},"content":{"rendered":"    <div class=\"ituContainer grid\">\n        <div data-span=\"12\">\n                            \n<div class=\"wp-block-brblocks-magictools\" data-table-anchor=\"\"><div id=\"extracted-content-placeholder\" data-url=\"https:\/\/itu-app42363.pagelyhosting.com\/rrb\/en\/contact\/\" data-selector=\"#rrb-secretariat\"><\/div><\/div>\n                    <\/div>\n    <\/div>\n\n\n<div class=\"ituContainer\">\n<div style=\"height:30px\" aria-hidden=\"true\" class=\"wp-block-spacer\"><\/div>\n<\/div>\n\n<div class=\"ituContainer\">\n<p class=\"wp-block-paragraph\">Union internationale des t\u00e9l\u00e9communications (UIT)<br>Bureau des radiocommunications (BR)<br>Place des Nations<br>CH-1211 Gen\u00e8ve 20<br>Suisse<\/p>\n<\/div>","protected":false},"excerpt":{"rendered":"<p>Union internationale des t\u00e9l\u00e9communications (UIT)Bureau des radiocommunications (BR)Place des NationsCH-1211 Gen\u00e8ve 20Suisse<\/p>\n","protected":false},"author":5,"featured_media":0,"parent":0,"menu_order":0,"comment_status":"closed","ping_status":"closed","template":"","meta":{"_crdt_document":"","_uag_custom_page_level_css":"","footnotes":""},"folder":[],"class_list":["post-155","page","type-page","status-publish","hentry"],"uagb_featured_image_src":{"full":false,"thumbnail":false,"medium":false,"medium_large":false,"large":false,"1536x1536":false,"2048x2048":false,"gs-tiny":false,"xl":false,"xxl":false,"xxxl":false,"xxxxl":false,"xxxxxl":false,"gform-image-choice-sm":false,"gform-image-choice-md":false,"gform-image-choice-lg":false},"uagb_author_info":{"display_name":"mgaillard","author_link":"https:\/\/itu-app42363.pagelyhosting.com\/radiocommunication-contacts\/author\/mgaillard\/"},"uagb_comment_info":0,"uagb_excerpt":"Union internationale des t\u00e9l\u00e9communications (UIT)Bureau des radiocommunications (BR)Place des NationsCH-1211 Gen\u00e8ve 20Suisse","_links":{"self":[{"href":"https:\/\/itu-app42363.pagelyhosting.com\/radiocommunication-contacts\/wp-json\/wp\/v2\/pages\/155","targetHints":{"allow":["GET"]}}],"collection":[{"href":"https:\/\/itu-app42363.pagelyhosting.com\/radiocommunication-contacts\/wp-json\/wp\/v2\/pages"}],"about":[{"href":"https:\/\/itu-app42363.pagelyhosting.com\/radiocommunication-contacts\/wp-json\/wp\/v2\/types\/page"}],"author":[{"embeddable":true,"href":"https:\/\/itu-app42363.pagelyhosting.com\/radiocommunication-contacts\/wp-json\/wp\/v2\/users\/5"}],"replies":[{"embeddable":true,"href":"https:\/\/itu-app42363.pagelyhosting.com\/radiocommunication-contacts\/wp-json\/wp\/v2\/comments?post=155"}],"version-history":[{"count":0,"href":"https:\/\/itu-app42363.pagelyhosting.com\/radiocommunication-contacts\/wp-json\/wp\/v2\/pages\/155\/revisions"}],"wp:attachment":[{"href":"https:\/\/itu-app42363.pagelyhosting.com\/radiocommunication-contacts\/wp-json\/wp\/v2\/media?parent=155"}],"wp:term":[{"taxonomy":"folder","embeddable":true,"href":"https:\/\/itu-app42363.pagelyhosting.com\/radiocommunication-contacts\/wp-json\/wp\/v2\/folder?post=155"}],"curies":[{"name":"wp","href":"https:\/\/api.w.org\/{rel}","templated":true}]}}