{"id":154,"date":"2024-05-07T07:50:24","date_gmt":"2024-05-07T07:50:24","guid":{"rendered":"https:\/\/itu-app42363.pagelyhosting.com\/ssf24\/?page_id=154"},"modified":"2026-03-17T14:00:50","modified_gmt":"2026-03-17T14:00:50","slug":"webcast-and-captioning","status":"publish","type":"page","link":"https:\/\/itu-app42363.pagelyhosting.com\/ssf\/webcast-and-captioning\/","title":{"rendered":"Webcast and Captioning | Archive"},"content":{"rendered":"    <div class=\"ituContainer grid\">\n        <div data-span=\"12\">\n                            \n<div class=\"wp-block-brblocks-webcast-archive webcast-archive-block theme-light\" data-webcast-url=\"https:\/\/www.itu.int\/webcast\/archive\/r2025SSF\" data-show-search=\"false\" data-show-tabs=\"true\" data-show-menus=\"false\"><div class=\"wc-schedule\"><div class=\"wc-loading\">Loading schedule\u2026<\/div><\/div><div class=\"wc-disclaimer\"><button type=\"button\" class=\"wc-disclaimer-toggle\">Disclaimers may apply<\/button><div class=\"wc-disclaimer-content\" hidden><p><strong>EN:<\/strong> The interpretation of proceedings serves to facilitate communication and does not constitute an authentic or verbatim record of the proceedings. Only the original speech is authentic.<\/p><p><strong>FR:<\/strong> L\u2019interpr\u00e9tation des interventions est destin\u00e9e \u00e0 faciliter la communication et ne constitue un compte rendu authentique ou in extenso desdites interventions. Seules les interventions prononc\u00e9es dans la langue d\u2019origine font foi.<\/p><p><strong>ES:<\/strong> La interpretaci\u00f3n de las intervenciones sirve para facilitar la comunicaci\u00f3n, pero en modo alguno constituye una grabaci\u00f3n aut\u00e9ntica o literal de las mismas. S\u00f3lo las intervenciones originales son aut\u00e9nticas.<\/p><p><strong>RU:<\/strong> \u0423\u0441\u0442\u043d\u044b\u0439 \u043f\u0435\u0440\u0435\u0432\u043e\u0434 \u043d\u0430 \u0437\u0430\u0441\u0435\u0434\u0430\u043d\u0438\u044f\u0445 \u0441\u043b\u0443\u0436\u0438\u0442 \u0434\u043b\u044f \u0442\u043e\u0433\u043e, \u0447\u0442\u043e\u0431\u044b \u0441\u043e\u0434\u0435\u0439\u0441\u0442\u0432\u043e\u0432\u0430\u0442\u044c \u043a\u043e\u043c\u043c\u0443\u043d\u0438\u043a\u0430\u0446\u0438\u0438, \u0438 \u043d\u0435 \u044f\u0432\u043b\u044f\u0435\u0442\u0441\u044f \u0430\u0443\u0442\u0435\u043d\u0442\u0438\u0447\u043d\u043e\u0439 \u0438\u043b\u0438 \u0441\u0442\u0435\u043d\u043e\u0433\u0440\u0430\u0444\u0438\u0447\u0435\u0441\u043a\u043e\u0439 \u0437\u0430\u043f\u0438\u0441\u044c\u044e \u0437\u0430\u0441\u0435\u0434\u0430\u043d\u0438\u0439.<\/p><p><strong>ZH:<\/strong> \u5728\u4f1a\u8bae\u8fdb\u884c\u4e2d\u63d0\u4f9b\u7ffb\u8bd1\u662f\u4e3a\u65b9\u4fbf\u4ea4\u6d41\uff0c\u4e0d\u80fd\u5c06\u5176\u89c6\u4e3a\u4f1a\u8bae\u5b9e\u51b5\u8bb0\u5f55\u6216\u9006\u5b57\u8bb0\u5f55\u3002\u5e94\u4ee5\u53d1\u8a00\u539f\u6587\u4e3a\u51c6\u3002<\/p><p><strong>AR:<\/strong> \u0627\u0644\u062a\u0631\u062c\u0645\u0629 \u0627\u0644\u0634\u0641\u0648\u064a\u0629 \u0641\u064a \u0627\u0644\u0645\u062f\u0627\u0648\u0644\u0627\u062a \u0627\u0644\u063a\u0631\u0636 \u0645\u0646\u0647\u0627 \u062a\u0633\u0647\u064a\u0644 \u0627\u0644\u062a\u0648\u0627\u0635\u0644 \u0648\u0644\u0627 \u062a\u0634\u0643\u0644 \u0623\u064a \u0645\u062d\u0636\u0631 \u0630\u064a \u062d\u062c\u064a\u0629.<\/p><p><em>If you experience issues, contact: webcast@itu.int<\/em><\/p><\/div><\/div><\/div>\n                            <div class=\"ituContainer\">\n<div style=\"height:30px\" aria-hidden=\"true\" class=\"wp-block-spacer\"><\/div>\n<\/div>                            \n<div class=\"wp-block-brblocks-separation-bar\"><div style=\"background-color:#009ad7;height:1px\"><\/div><\/div>\n                            <div class=\"ituContainer\">\n<div style=\"height:30px\" aria-hidden=\"true\" class=\"wp-block-spacer\"><\/div>\n<\/div>                            \n<div class=\"wp-block-brblocks-accordion\"><h4 class=\"accordion-title h4  blue\" style=\"color:#000000\" role=\"button\" tabindex=\"0\" aria-expanded=\"false\">YouTube Archives<\/h4><div class=\"accordion-content  blue\" role=\"region\"><div class=\"accordion-inner\">\n<div class=\"youtube-playlist br-video-player layout-two-columns\"><div class=\"video-player\"><iframe id=\"youtube-player\" class=\"youtube-player-iframe\" src=\"https:\/\/www.youtube.com\/embed\/TOtLpU93kLA\" frameborder=\"0\" allowfullscreen><\/iframe><\/div><div class=\"video-list\"><div class=\"video-item\" data-url=\"https:\/\/www.youtube.com\/embed\/TOtLpU93kLA\"><p>Space Sustainability Forum 2025 &#8211; Day 1<\/p><\/div><div class=\"video-item\" data-url=\"https:\/\/www.youtube.com\/embed\/jXVzE3ro9Z4\"><p>Space Sustainability Forum 2025 &#8211; Day 2<\/p><\/div><\/div><div class=\"pagination\"><button class=\"prev\">\u2039<\/button><button class=\"next\">\u203a<\/button><\/div><\/div>\n<\/div><\/div><\/div>\n                    <\/div>\n    <\/div>\n","protected":false},"excerpt":{"rendered":"","protected":false},"author":5,"featured_media":0,"parent":0,"menu_order":0,"comment_status":"closed","ping_status":"closed","template":"","meta":{"_crdt_document":"","_uag_custom_page_level_css":"","footnotes":""},"folder":[],"class_list":["post-154","page","type-page","status-publish","hentry"],"uagb_featured_image_src":{"full":false,"thumbnail":false,"medium":false,"medium_large":false,"large":false,"1536x1536":false,"2048x2048":false,"gs-tiny":false,"xl":false,"xxl":false,"xxxl":false,"xxxxl":false,"xxxxxl":false,"gform-image-choice-sm":false,"gform-image-choice-md":false,"gform-image-choice-lg":false},"uagb_author_info":{"display_name":"mgaillard","author_link":"https:\/\/itu-app42363.pagelyhosting.com\/ssf\/author\/mgaillard\/"},"uagb_comment_info":0,"uagb_excerpt":null,"_links":{"self":[{"href":"https:\/\/itu-app42363.pagelyhosting.com\/ssf\/wp-json\/wp\/v2\/pages\/154","targetHints":{"allow":["GET"]}}],"collection":[{"href":"https:\/\/itu-app42363.pagelyhosting.com\/ssf\/wp-json\/wp\/v2\/pages"}],"about":[{"href":"https:\/\/itu-app42363.pagelyhosting.com\/ssf\/wp-json\/wp\/v2\/types\/page"}],"author":[{"embeddable":true,"href":"https:\/\/itu-app42363.pagelyhosting.com\/ssf\/wp-json\/wp\/v2\/users\/5"}],"replies":[{"embeddable":true,"href":"https:\/\/itu-app42363.pagelyhosting.com\/ssf\/wp-json\/wp\/v2\/comments?post=154"}],"version-history":[{"count":0,"href":"https:\/\/itu-app42363.pagelyhosting.com\/ssf\/wp-json\/wp\/v2\/pages\/154\/revisions"}],"wp:attachment":[{"href":"https:\/\/itu-app42363.pagelyhosting.com\/ssf\/wp-json\/wp\/v2\/media?parent=154"}],"wp:term":[{"taxonomy":"folder","embeddable":true,"href":"https:\/\/itu-app42363.pagelyhosting.com\/ssf\/wp-json\/wp\/v2\/folder?post=154"}],"curies":[{"name":"wp","href":"https:\/\/api.w.org\/{rel}","templated":true}]}}