{"id":2988,"date":"2022-04-19T12:23:11","date_gmt":"2022-04-19T11:23:11","guid":{"rendered":"https:\/\/itu-app42363.pagelyhosting.com\/wrc-23\/inicio\/"},"modified":"2025-02-07T17:02:17","modified_gmt":"2025-02-07T13:02:17","slug":"inicio","status":"publish","type":"page","link":"https:\/\/itu-app42363.pagelyhosting.com\/wrc-23\/es\/","title":{"rendered":"Inicio"},"content":{"rendered":"\n    <section class=\"ituBanner bg countdown\">\n        <div class=\"bgContainer\">\n            <img decoding=\"async\" src=\"https:\/\/www.itu.int\/wrc-23\/wp-content\/uploads\/sites\/12\/2022\/10\/pexels-photo-1164x350-1.jpg\" alt=\"\" \/>\n            <div class=\"ituContainer\">\n                <div class=\"content\">\n                    <div class=\"main\">\n                        <script src=\"https:\/\/unpkg.com\/@lottiefiles\/lottie-player@latest\/dist\/lottie-player.js\"><\/script>\n                        <lottie-player src=\"https:\/\/www.itu.int\/wrc-23\/wp-content\/uploads\/sites\/12\/2022\/12\/513852_WRC-23-logo-emblem-webpage-animation.json\" background=\"transparent\" autoplay=\"\"><\/lottie-player>\n                                            <\/div>\n                <\/div>\n            <\/div>\n        <\/div>\n    <\/section>\n\n\n    <div class=\"ituContainer grid\">\n        <div data-span=\"12\">\n                            <div class=\"ituContainer\">\n<div class=\"wp-block-columns eplus-SKXLXz eplus-wrapper is-layout-flex wp-container-core-columns-is-layout-8f761849 wp-block-columns-is-layout-flex\"><div class=\"ituContainer\">\n<div class=\"wp-block-column eplus-xCfxQ5 eplus-wrapper is-layout-flow wp-block-column-is-layout-flow\" style=\"flex-basis:100%\"><div class=\"ituContainer\">\n<h2 class=\"wp-block-heading\" id=\"conferencia-mundial-de-radiocomunicaciones-cmr-23-dubai-emiratos-arabes-unidos-del-20-de-noviembre-al-15-de-diciembre-de-2023\">Conferencia Mundial de Radiocomunicaciones (CMR-23)<br>Dub\u00e1i, Emiratos \u00c1rabes Unidos, del 20 de noviembre al 15 de diciembre de 2023<\/h2>\n<\/div>\n\n<div class=\"ituContainer\">\n<p class=\"eplus-7ShnNY eplus-wrapper has-medium-font-size wp-block-paragraph\">Las conferencias mundiales de radiocomunicaciones (CMR) se celebran cada tres o cuatro a\u00f1os y su labor consiste en examinar y, en caso necesario, modificar el Reglamento de Radiocomunicaciones, que es el tratado internacional por el cual se rige la utilizaci\u00f3n del espectro de frecuencias radioel\u00e9ctricas y de las \u00f3rbitas de los sat\u00e9lites geoestacionarios y no geoestacionarios. Las modificaciones se realizan sobre la base de un <a href=\"https:\/\/www.itu.int\/wrc-23\/wrc-23-agenda\/\">orden del d\u00eda<\/a> determinado por el Consejo de la UIT, que tiene en cuenta las recomendaciones formuladas por las conferencias mundiales de radiocomunicaciones anteriores.<br><\/p>\n<\/div>\n\n<div class=\"wp-bootstrap-blocks-button\">\n\t<a\n\t\thref=\"\/wrc-23\/es\/about\/\"\n\t\t\t\t\t\tclass=\"btn btn-secondary\"\n\t>\n\t\tRead more\t<\/a>\n<\/div>\n<\/div>\n<\/div><\/div>\n<\/div>                    <\/div>\n    <\/div>\n\n\n    <div class=\"ituContainer grid\">\n        <div data-span=\"12\">\n                            <div class=\"ituContainer\">\n<h2 class=\"wp-block-heading\">Reglamento de Radiocomunicaciones<\/h2>\n<\/div>                                <section>\n        <div class=\"ituContainer grid\">\n                                                <a class=\"ituCard anim bg hor\" href=\"https:\/\/www.itu.int\/hub\/publication\/r-reg-rr-2024\/#\/es\" data-span=\"6\" target=\"_blank\">\n        <img decoding=\"async\" class=\"square\" src=\"https:\/\/itu-app42363.pagelyhosting.com\/wrc-23\/wp-content\/uploads\/sites\/12\/2025\/02\/image.png\" alt=\"\" \/>\n        <div class=\"content\">\n            <div class=\"main\">\n                <p class=\"title\">Reglamento de Radiocomunicaciones 2024<\/p>\n\n            <\/div>\n            <div class=\"addInfo\">\u200b\u200b\u200b\u200b\u200b\u200b\u200b\u200b\u200b\u200b\u200b\u200b\u200b\u200b\u200bLa edici\u00f3n de 2024 del Reglamento de Radiocomunicaciones de la UIT ya est\u00e1 disponible en l\u00ednea en los seis idiomas oficiales de las Naciones Unidas.<\/div>\n        <\/div>\n    <\/a>\n\n                    <\/div>\n    <\/section>\n                            <div class=\"ituContainer\">\n<h2 class=\"wp-block-heading\">Actes finals de la CMR-23<\/h2>\n<\/div>                                <section>\n        <div class=\"ituContainer grid\">\n                                                <a class=\"ituCard anim bg hor\" href=\"https:\/\/www.itu.int\/hub\/publication\/r-act-wrc-16-2024\/#\/es\" data-span=\"6\" target=\"_blank\">\n        <img decoding=\"async\" class=\"square\" src=\"https:\/\/itu-app42363.pagelyhosting.com\/wrc-23\/wp-content\/uploads\/sites\/12\/2024\/03\/2400078_WRC-23_Final-Acts_s-Personnalise.jpg\" alt=\"\" \/>\n        <div class=\"content\">\n            <div class=\"main\">\n                <p class=\"title\">Actas Finales de la CMR-23<br><\/p>\n\n            <\/div>\n            <div class=\"addInfo\">Conferencia Mundial de <br>Radiocomunicaciones 2023<br>\u200e\u200e<\/div>\n        <\/div>\n    <\/a>\n\n                    <\/div>\n    <\/section>\n                            <div class=\"ituContainer\">\n<h2 class=\"wp-block-heading\">Actas de las Sesiones Plenarias<\/h2>\n<\/div>                                <section>\n        <div class=\"ituContainer grid\">\n                                                        <a class=\"ituCard anim\" data-span=\"3\" href=\"https:\/\/www.itu.int\/md\/meetingdoc.asp?lang=en&#038;parent=R23-WRC23-C&#038;class=MINS\" target='blank' rel='noreferrer noopener'>\n                    <div class=\"content center\">\n                <div class=\"main\">\n                    <img decoding=\"async\" src=\"https:\/\/www.itu.int\/wrc-23\/wp-content\/uploads\/sites\/12\/2021\/12\/WRC-23-icons-17-1.png\" class=\"icon\" alt=\"icon\" \/>\n                                            <p class=\"title\">Actas de las Sesiones Plenarias<\/p>\n                                                            <p><\/p>\n                                    <\/div>\n            <\/div>\n                    <\/a>\n    \n                    <\/div>\n    <\/section>\n                    <\/div>\n    <\/div>\n\n\n    <div class=\"ituContainer grid\">\n        <div data-span=\"12\">\n                            <div class=\"ituContainer\">\n<h2 class=\"wp-block-heading eplus-PsIUht eplus-wrapper\" id=\"information\">Informaci\u00f3n<\/h2>\n<\/div>                                <section>\n        <div class=\"ituContainer grid\">\n                                                        <a class=\"ituCard anim\" data-span=\"3\" href=\"https:\/\/www.itu.int\/en\/myitu\/Publications\/2020\/09\/02\/14\/23\/Radio-Regulations-2020\" >\n                    <div class=\"content center\">\n                <div class=\"main\">\n                    <img decoding=\"async\" src=\"https:\/\/www.itu.int\/wrc-23\/wp-content\/uploads\/sites\/12\/2021\/12\/WRC-23-icons-180x180-06.png\" class=\"icon\" alt=\"icon\" \/>\n                                            <p class=\"title\">Reglamento de Radiocomunicaciones 2020<\/p>\n                                                            <p><\/p>\n                                    <\/div>\n            <\/div>\n                    <\/a>\n    \n                                                        <a class=\"ituCard anim\" data-span=\"3\" href=\"\/wrc-23\/es\/booklet-wrc-23\/\" >\n                    <div class=\"content center\">\n                <div class=\"main\">\n                    <img decoding=\"async\" src=\"https:\/\/www.itu.int\/wrc-23\/wp-content\/uploads\/sites\/12\/2021\/12\/WRC-23-icons-180x180-01.png\" class=\"icon\" alt=\"icon\" \/>\n                                            <p class=\"title\">Folleto de la CMR-23: <\/p>\n                                                            <p>Orden del d\u00eda y Resoluciones pertinentes<\/p>\n                                    <\/div>\n            <\/div>\n                    <\/a>\n    \n                                                        <a class=\"ituCard anim\" data-span=\"3\" href=\"\/wrc-23\/es\/preparativos\/preparativos-para-la-cmr-23\/\" >\n                    <div class=\"content center\">\n                <div class=\"main\">\n                    <img decoding=\"async\" src=\"https:\/\/www.itu.int\/wrc-23\/wp-content\/uploads\/sites\/12\/2021\/12\/WRC-23-icons-180x180-04.png\" class=\"icon\" alt=\"icon\" \/>\n                                            <p class=\"title\">Preparativos<\/p>\n                                                            <p><\/p>\n                                    <\/div>\n            <\/div>\n                    <\/a>\n    \n                                                        <a class=\"ituCard anim\" data-span=\"3\" href=\"\/wrc-23\/es\/documents\/\" >\n                    <div class=\"content center\">\n                <div class=\"main\">\n                    <img decoding=\"async\" src=\"https:\/\/www.itu.int\/wrc-23\/wp-content\/uploads\/sites\/12\/2021\/12\/WRC-23-icons-17-1.png\" class=\"icon\" alt=\"icon\" \/>\n                                            <p class=\"title\">Documentos<\/p>\n                                                            <p><\/p>\n                                    <\/div>\n            <\/div>\n                    <\/a>\n    \n                                                        <a class=\"ituCard anim\" data-span=\"3\" href=\"\/wrc-23\/es\/programme\/horarios\/\" >\n                    <div class=\"content center\">\n                <div class=\"main\">\n                    <img decoding=\"async\" src=\"https:\/\/www.itu.int\/wrc-23\/wp-content\/uploads\/sites\/12\/2023\/10\/Side-events.png\" class=\"icon\" alt=\"icon\" \/>\n                                            <p class=\"title\">Horario y sesiones de reuniones de la CMR-23<\/p>\n                                                            <p><\/p>\n                                    <\/div>\n            <\/div>\n                    <\/a>\n    \n                                                        <a class=\"ituCard anim\" data-span=\"3\" href=\"https:\/\/www.un.org\/management\/sites\/www.un.org.management\/files\/un-system-model-code-conduct.pdf\" target='blank' rel='noreferrer noopener'>\n                    <div class=\"content center\">\n                <div class=\"main\">\n                    <img decoding=\"async\" src=\"https:\/\/www.itu.int\/wrc-23\/wp-content\/uploads\/sites\/12\/2023\/10\/code-of-conduct.png\" class=\"icon\" alt=\"icon\" \/>\n                                            <p class=\"title\">Code of Conduct<\/p>\n                                                            <p>PDF<\/p>\n                                    <\/div>\n            <\/div>\n                    <\/a>\n    \n                    <\/div>\n    <\/section>\n                    <\/div>\n    <\/div>\n\n\n    <div class=\"ituContainer grid\">\n        <div data-span=\"12\">\n                    <\/div>\n    <\/div>\n\n\n    <div class=\"ituContainer grid\">\n        <div data-span=\"12\">\n                            <div class=\"ituContainer\">\n<h2 class=\"wp-block-heading eplus-6eEDP8 eplus-wrapper\" id=\"resources\">Recursos<\/h2>\n<\/div>                                <section>\n        <div class=\"ituContainer grid\">\n                                                <a class=\"ituCard anim bg hor\" href=\"https:\/\/dubaiwrc23.ae\/home\" data-span=\"6\" target=\"_blank\">\n        <img decoding=\"async\" class=\"square\" src=\"https:\/\/www.itu.int\/wrc-23\/wp-content\/uploads\/sites\/12\/2023\/01\/frame-Dubai.jpg\" alt=\"\" \/>\n        <div class=\"content\">\n            <div class=\"main\">\n                <p class=\"title\">Sitio web del pa\u00eds anfitri\u00f3n<\/p>\n\n            <\/div>\n            <div class=\"addInfo\"><\/div>\n        <\/div>\n    <\/a>\n\n                                                <a class=\"ituCard anim bg hor\" href=\"https:\/\/www.itu.int\/pub\/R-ACT-CPM-2023\" data-span=\"6\" target=\"_blank\">\n        <img decoding=\"async\" class=\"square\" src=\"https:\/\/www.itu.int\/wrc-23\/wp-content\/uploads\/sites\/12\/2023\/05\/wp_report_cpm-23_es.jpg\" alt=\"\" \/>\n        <div class=\"content\">\n            <div class=\"main\">\n                <p class=\"title\">Informe de la RPC a la CMR-23<\/p>\n\n            <\/div>\n            <div class=\"addInfo\">\u200b\u200b\u200bsobre cuestiones t\u00e9cnicas, operacionales y de reglamentaci\u00e9n\/procedimiento que deben examinarse en la Conferencia Mundial de Radiocomunicaciones de 2023<\/div>\n        <\/div>\n    <\/a>\n\n                                                        <a class=\"ituCard anim\" data-span=\"3\" href=\"\/wrc-23\/es\/orden-del-dia-de-la-cmr-23\/\" >\n                    <div class=\"content center\">\n                <div class=\"main\">\n                    <img decoding=\"async\" src=\"https:\/\/www.itu.int\/wrc-23\/wp-content\/uploads\/sites\/12\/2021\/12\/WRC-23-icons-180x180-08.png\" class=\"icon\" alt=\"icon\" \/>\n                                            <p class=\"title\">Puntos del orden del d\u00eda y situaci\u00f3n de los estudios<\/p>\n                                                            <p><\/p>\n                                    <\/div>\n            <\/div>\n                    <\/a>\n    \n                                                        <a class=\"ituCard anim\" data-span=\"3\" href=\"\/wrc-23\/newsroom\/wrc-news\/#\/es\" >\n                    <div class=\"content center\">\n                <div class=\"main\">\n                    <img decoding=\"async\" src=\"https:\/\/www.itu.int\/wrc-23\/wp-content\/uploads\/sites\/12\/2021\/12\/WRC-23-icons-180x180-14.png\" class=\"icon\" alt=\"icon\" \/>\n                                            <p class=\"title\">Sala de prensa<\/p>\n                                                            <p><\/p>\n                                    <\/div>\n            <\/div>\n                    <\/a>\n    \n                                                        <a class=\"ituCard anim\" data-span=\"3\" href=\"\/wrc-23\/es\/electronic-tools\/\" >\n                    <div class=\"content center\">\n                <div class=\"main\">\n                    <img decoding=\"async\" src=\"https:\/\/www.itu.int\/wrc-23\/wp-content\/uploads\/sites\/12\/2021\/12\/WRC-23-icons-180x180-02.png\" class=\"icon\" alt=\"icon\" \/>\n                                            <p class=\"title\">Herramientas electr\u00f3nicas<\/p>\n                                                            <p><\/p>\n                                    <\/div>\n            <\/div>\n                    <\/a>\n    \n                                                        <a class=\"ituCard anim\" data-span=\"3\" href=\"\/wrc-23\/es\/participation\/practical-info\/\" >\n                    <div class=\"content center\">\n                <div class=\"main\">\n                    <img decoding=\"async\" src=\"https:\/\/www.itu.int\/wrc-23\/wp-content\/uploads\/sites\/12\/2021\/12\/WRC-23-icons-180x180-05.png\" class=\"icon\" alt=\"icon\" \/>\n                                            <p class=\"title\">Informaci\u00f3n pr\u00e1ctica para los participantes<\/p>\n                                                            <p><\/p>\n                                    <\/div>\n            <\/div>\n                    <\/a>\n    \n                                                        <a class=\"ituCard anim\" data-span=\"3\" href=\"\/wrc-23\/es\/participation\/inscripcion-en-la-ar-23-y-la-cmr-23\/\" >\n                    <div class=\"content center\">\n                <div class=\"main\">\n                    <img decoding=\"async\" src=\"https:\/\/www.itu.int\/wrc-23\/wp-content\/uploads\/sites\/12\/2021\/12\/WRC-23-icons-180x180-12.png\" class=\"icon\" alt=\"icon\" \/>\n                                            <p class=\"title\">Registro de delegados<\/p>\n                                                            <p>AR-23 \/ CMR-23<\/p>\n                                    <\/div>\n            <\/div>\n                    <\/a>\n    \n                                                            <div class=\"ituCard\" data-span=\"3\">\n                        <div class=\"content center\">\n                <div class=\"main\">\n                    <img decoding=\"async\" src=\"https:\/\/www.itu.int\/wrc-23\/wp-content\/uploads\/sites\/12\/2023\/02\/WRC-23-icons-29-1.png\" class=\"icon\" alt=\"icon\" \/>\n                                            <p class=\"title\">Acreditaci\u00f3n de Medios<\/p>\n                                                            <p>AR-23 \/ CMR-23<\/p>\n                                    <\/div>\n            <\/div>\n                    <\/div>\n    \n                                                        <a class=\"ituCard anim\" data-span=\"3\" href=\"\/wrc-23\/es\/use-of-logo\/\" >\n                    <div class=\"content center\">\n                <div class=\"main\">\n                    <img decoding=\"async\" src=\"https:\/\/www.itu.int\/wrc-23\/wp-content\/uploads\/sites\/12\/2021\/12\/WRC-23-icons-180x180-09.png\" class=\"icon\" alt=\"icon\" \/>\n                                            <p class=\"title\">Uso de logotipos<\/p>\n                                                            <p><\/p>\n                                    <\/div>\n            <\/div>\n                    <\/a>\n    \n                    <\/div>\n    <\/section>\n                    <\/div>\n    <\/div>\n\n\n    <div class=\"ituContainer grid\">\n        <div data-span=\"12\">\n                            <div class=\"ituContainer\">\n<h2 class=\"wp-block-heading eplus-QpCyQf eplus-wrapper\" id=\"activities-and-events\">Activitidades y eventos<\/h2>\n<\/div>                                <section>\n        <div class=\"ituContainer grid\">\n                                                <a class=\"ituCard anim bg hor\" href=\"https:\/\/www.itu.int\/en\/ITU-R\/study-groups\/rcpm\/Pages\/cpm-23.aspx\" data-span=\"6\" target=\"\">\n        <img decoding=\"async\" class=\"square\" src=\"https:\/\/www.itu.int\/wrc-23\/wp-content\/uploads\/sites\/12\/2021\/12\/Homepage-Events-tiles-gradient-03.png\" alt=\"\" \/>\n        <div class=\"content\">\n            <div class=\"main\">\n                <p class=\"title\">CPM-23<\/p>\n\n            <\/div>\n            <div class=\"addInfo\">Conference Preparatory <br>Meeting (CPM)<\/div>\n        <\/div>\n    <\/a>\n\n                                                <a class=\"ituCard anim bg hor\" href=\"https:\/\/www.itu.int\/ra-23\/es\" data-span=\"6\" target=\"\">\n        <img decoding=\"async\" class=\"square\" src=\"https:\/\/www.itu.int\/wrc-23\/wp-content\/uploads\/sites\/12\/2021\/12\/Homepage-Events-tiles-gradient-04.png\" alt=\"\" \/>\n        <div class=\"content\">\n            <div class=\"main\">\n                <p class=\"title\">AR-23<\/p>\n\n            <\/div>\n            <div class=\"addInfo\">Asamblea de Radiocomunicaciones (AR)<\/div>\n        <\/div>\n    <\/a>\n\n                                                <a class=\"ituCard anim bg hor\" href=\"https:\/\/www.itu.int\/en\/ITU-R\/conferences\/wrc\/2023\/irwsp\/Pages\/default.aspx\" data-span=\"6\" target=\"\">\n        <img decoding=\"async\" class=\"square\" src=\"https:\/\/www.itu.int\/wrc-23\/wp-content\/uploads\/sites\/12\/2021\/12\/Homepage-Events-tiles-gradient-02.png\" alt=\"\" \/>\n        <div class=\"content\">\n            <div class=\"main\">\n                <p class=\"title\">IRW<\/p>\n\n            <\/div>\n            <div class=\"addInfo\">ITU Inter-regional Workshops<br> on WRC-23 Preparation<\/div>\n        <\/div>\n    <\/a>\n\n                                                <a class=\"ituCard anim bg hor\" href=\"http:\/\/itu.int\/now4wrc23\/es\" data-span=\"6\" target=\"\">\n        <img decoding=\"async\" class=\"square\" src=\"https:\/\/www.itu.int\/wrc-23\/wp-content\/uploads\/sites\/12\/2021\/12\/Homepage-Events-tiles-gradient-01.png\" alt=\"\" \/>\n        <div class=\"content\">\n            <div class=\"main\">\n                <p class=\"title\">NOW4WRC23<\/p>\n\n            <\/div>\n            <div class=\"addInfo\">Red de Mujeres para la CMR-23<\/div>\n        <\/div>\n    <\/a>\n\n                    <\/div>\n    <\/section>\n                    <\/div>\n    <\/div>\n\n\n    <div class=\"ituContainer grid\">\n        <div data-span=\"12\">\n                            <div class=\"ituContainer\"><\/div>                    <\/div>\n    <\/div>\n","protected":false},"excerpt":{"rendered":"","protected":false},"author":5,"featured_media":0,"parent":0,"menu_order":0,"comment_status":"closed","ping_status":"closed","template":"","meta":{"_crdt_document":"","_uag_custom_page_level_css":"","footnotes":""},"folder":[],"class_list":["post-2988","page","type-page","status-publish","hentry"],"uagb_featured_image_src":{"full":false,"thumbnail":false,"medium":false,"medium_large":false,"large":false,"1536x1536":false,"2048x2048":false,"gs-tiny":false,"xl":false,"xxl":false,"xxxl":false,"xxxxl":false,"xxxxxl":false,"gform-image-choice-sm":false,"gform-image-choice-md":false,"gform-image-choice-lg":false},"uagb_author_info":{"display_name":"mgaillard","author_link":"https:\/\/itu-app42363.pagelyhosting.com\/wrc-23\/es\/author\/mgaillard\/"},"uagb_comment_info":0,"uagb_excerpt":null,"_links":{"self":[{"href":"https:\/\/itu-app42363.pagelyhosting.com\/wrc-23\/es\/wp-json\/wp\/v2\/pages\/2988","targetHints":{"allow":["GET"]}}],"collection":[{"href":"https:\/\/itu-app42363.pagelyhosting.com\/wrc-23\/es\/wp-json\/wp\/v2\/pages"}],"about":[{"href":"https:\/\/itu-app42363.pagelyhosting.com\/wrc-23\/es\/wp-json\/wp\/v2\/types\/page"}],"author":[{"embeddable":true,"href":"https:\/\/itu-app42363.pagelyhosting.com\/wrc-23\/es\/wp-json\/wp\/v2\/users\/5"}],"replies":[{"embeddable":true,"href":"https:\/\/itu-app42363.pagelyhosting.com\/wrc-23\/es\/wp-json\/wp\/v2\/comments?post=2988"}],"version-history":[{"count":0,"href":"https:\/\/itu-app42363.pagelyhosting.com\/wrc-23\/es\/wp-json\/wp\/v2\/pages\/2988\/revisions"}],"wp:attachment":[{"href":"https:\/\/itu-app42363.pagelyhosting.com\/wrc-23\/es\/wp-json\/wp\/v2\/media?parent=2988"}],"wp:term":[{"taxonomy":"folder","embeddable":true,"href":"https:\/\/itu-app42363.pagelyhosting.com\/wrc-23\/es\/wp-json\/wp\/v2\/folder?post=2988"}],"curies":[{"name":"wp","href":"https:\/\/api.w.org\/{rel}","templated":true}]}}