{"id":3003,"date":"2022-04-19T13:33:27","date_gmt":"2022-04-19T12:33:27","guid":{"rendered":"https:\/\/itu-app42363.pagelyhosting.com\/wrc-23\/acerca-de-las-cmr\/"},"modified":"2023-03-14T11:38:51","modified_gmt":"2023-03-14T10:38:51","slug":"about-wrcs","status":"publish","type":"page","link":"https:\/\/itu-app42363.pagelyhosting.com\/wrc-23\/es\/about\/about-wrcs\/","title":{"rendered":"Acerca de las CMR"},"content":{"rendered":"    <div class=\"ituContainer grid\">\n        <div data-span=\"12\">\n                            <div class=\"ituContainer\">\n<div class=\"wp-block-columns eplus-vCyu4P eplus-wrapper is-layout-flex wp-container-core-columns-is-layout-8f761849 wp-block-columns-is-layout-flex\"><div class=\"ituContainer\">\n<div class=\"wp-block-column eplus-DiSeMR eplus-wrapper is-layout-flow wp-block-column-is-layout-flow\" style=\"flex-basis:100%\"><div class=\"ituContainer\">\n<h2 class=\"eplus-2zmDZt eplus-wrapper wp-block-heading\" id=\"world-radiocommunication-conferences-wrc\">Conferencias Mundiales de Radiocomunicaciones (CMR)<\/h2>\n<\/div>\n\n<div class=\"ituContainer\">\n<p class=\"eplus-Vdu1Br eplus-wrapper wp-block-paragraph\">Las conferencias mundiales de radiocomunicaciones (CMR) se celebran cada tres o cuatro a\u00f1os y su labor consiste en examinar y, en caso necesario, modificar el <a href=\"https:\/\/www.itu.int\/en\/myitu\/Publications\/2020\/09\/02\/14\/23\/Radio-Regulations-2020\">Reglamento de Radiocomunicaciones<\/a>, que es el tratado internacional por el cual se rige la utilizaci\u00f3n del espectro de frecuencias radioel\u00e9ctricas y de las \u00f3rbitas de los sat\u00e9lites geoestacionarios y no geoestacionarios. Las modificaciones se realizan sobre la base de un orden del d\u00eda determinado por el <a href=\"https:\/\/www.itu.int\/en\/council\">Consejo de la UIT<\/a>, que tiene en cuenta las recomendaciones formuladas por las conferencias mundiales de radiocomunicaciones anteriores. Los temas generales del orden del d\u00eda de las conferencias mundiales de radiocomunicaciones se determinan con una antelaci\u00f3n de cuatro a seis a\u00f1os, y el Consejo de la UIT establece el orden del d\u00eda final dos a\u00f1os antes de la conferencia con el acuerdo de la mayor\u00eda de los Estados Miembros. De conformidad con la <a href=\"https:\/\/www.itu.int\/pub\/S-CONF-PLEN\/en\">Constituci\u00f3n de la UIT<\/a>, la CMR podr\u00e1:<\/p>\n<\/div>\n\n<div class=\"ituContainer\">\n<ul class=\"eplus-Q6ufRC eplus-wrapper wp-block-list\"><div class=\"ituContainer\">\n<li>revisar el Reglamento de Radiocomunicaciones y cualquiera de los Planes correspondientes de Asignaci\u00f3n y Adjudicaci\u00f3n de Frecuencias;<\/li>\n<\/div>\n\n<div class=\"ituContainer\">\n<li>examinar cualquier asunto de radiocomunicaciones de car\u00e1cter mundial;<\/li>\n<\/div>\n\n<div class=\"ituContainer\">\n<li>dar instrucciones a la&nbsp;<a href=\"https:\/\/www.itu.int\/en\/ITU-R\/conferences\/RRB\">Junta del Reglamento de Radiocomunicaciones <\/a>&nbsp;y a la &nbsp;<a href=\"https:\/\/itu-app42363.pagelyhosting.com\/wrc-23\/ar\/%d9%85%d9%83%d8%aa%d8%a8-%d8%a7%d9%84%d8%a7%d8%aa%d8%b5%d8%a7%d9%84%d8%a7%d8%aa-%d8%a7%d9%84%d8%b1%d8%a7%d8%af%d9%8a%d9%88%d9%8a%d8%a9\/\">Oficina de Radiocomunicaciones<\/a>, y examinar sus actividades;<\/li>\n<\/div>\n\n<div class=\"ituContainer\">\n<li>determinar las&nbsp;<a href=\"https:\/\/www.itu.int\/pub\/R-QUE\/en\">Cuestiones<\/a>&nbsp;que han de ser objeto de estudio por la &nbsp;<a href=\"https:\/\/www.itu.int\/en\/ITU-R\/conferences\/RA\">Asamblea de Radiocomunicaciones<\/a>&nbsp;y sus&nbsp;<a href=\"https:\/\/www.itu.int\/en\/ITU-R\/study-groups\">Comisiones de Estudio<\/a>&nbsp;en el marco de los preparativos para las futuras Conferencia de Radiocomunicaciones.<\/li>\n<\/div><\/ul>\n<\/div>\n\n<div class=\"ituContainer\">\n<p class=\"eplus-syc5eq eplus-wrapper wp-block-paragraph\">Bas\u00e1ndose en las contribuciones de las administraciones, de las Comisiones de Estudio de Radiocomunicaciones y de otras fuentes relacionadas con los temas reglamentarios, t\u00e9cnicos, de explotaci\u00f3n y de procedimiento que examinar\u00e1n las Conferencias Mundiales y Regionales de Radiocomunicaciones (v\u00e9ase el Art\u00edculo 19 del Convenio (Ginebra, 1992)), la&nbsp;<a href=\"https:\/\/www.itu.int\/en\/ITU-R\/study-groups\/rcpm\/Pages\/cpm-23.aspx\">Reuni\u00f3n Preparatoria de la Conferencia (RPC)<\/a>&nbsp;preparar\u00e1 un informe refundido que se utilizar\u00e1 como base para el trabajo de dichas conferencias.<\/p>\n<\/div>\n\n<div class=\"ituContainer\">\n<h2 class=\"wp-block-heading\" id=\"sitio-web-del-pais-anfitrion\">Sitio web del pa\u00eds anfitri\u00f3n<\/h2>\n<\/div>\n\n<div class=\"ituContainer\">\n<p class=\"wp-block-paragraph\"><a href=\"https:\/\/dubaiwrc23.ae\/home\">Sitio web del pa\u00eds anfitri\u00f3n<\/a><\/p>\n<\/div>\n\n<div class=\"ituContainer\">\n<h2 class=\"wp-block-heading\" id=\"logotipos-e-identidad-visual\">Logotipos e identidad visual<\/h2>\n<\/div>\n\n<div class=\"ituContainer\">\n<p class=\"wp-block-paragraph\"><a href=\"https:\/\/itu-app42363.pagelyhosting.com\/wrc-23\/es\/use-of-logo\/\">Uso de logotipos de la UIT y de la CMR-23<\/a><\/p>\n<\/div>\n\n<div class=\"ituContainer\">\n<h2 class=\"eplus-34b56D eplus-wrapper wp-block-heading\" id=\"history-portal\">Portal de historia<\/h2>\n<\/div>\n\n<div class=\"ituContainer\">\n<ul id=\"block-ca31de93-0e9f-4fc6-a372-f779a28fb9a5\" class=\"eplus-q2I6UH eplus-wrapper wp-block-list\"><div class=\"ituContainer\">\n<li><a href=\"https:\/\/www.itu.int\/en\/history\/Pages\/FocusOnRadiocommunication.aspx\">Hechos hist\u00f3ricos destacados: La UIT y las radiocomunicaciones<\/a><\/li>\n<\/div>\n\n<div class=\"ituContainer\">\n<li><a href=\"https:\/\/www.itu.int\/en\/history\/Pages\/CompleteListOfRadioConferences.aspx\">Lista completa de Conferencias Radiotelegr\u00e1ficas y de Radiocomunicaciones<\/a><\/li>\n<\/div><\/ul>\n<\/div><\/div>\n<\/div><\/div>\n<\/div>                    <\/div>\n    <\/div>\n\n\n    <div class=\"ituContainer grid\">\n        <div data-span=\"12\">\n                            <div class=\"ituContainer\">\n<h2 class=\"eplus-ILWnKs eplus-wrapper wp-block-heading\" id=\"previous-conferences\">Conferencias anteriores<\/h2>\n<\/div>                                <section>\n        <div class=\"ituContainer grid\">\n                                                <a class=\"ituCard anim bg hor\" href=\"https:\/\/www.itu.int\/en\/ITU-R\/conferences\/wrc\/2019\/Pages\/default.aspx\" data-span=\"6\" target=\"\">\n        <img decoding=\"async\" class=\"square\" src=\"https:\/\/itu-app42363.pagelyhosting.com\/wrc-23\/wp-content\/uploads\/sites\/12\/2021\/12\/Mask-Group-47-1.jpg\" alt=\"\" \/>\n        <div class=\"content\">\n            <div class=\"main\">\n                <p class=\"title\">World Radiocommunication Conference 2019 (WRC-19)<\/p>\n\n            <\/div>\n            <div class=\"addInfo\">Sharm El-Sheikh, Egypt<\/div>\n        <\/div>\n    <\/a>\n\n                                                <a class=\"ituCard anim bg hor\" href=\"https:\/\/www.itu.int\/en\/ITU-R\/conferences\/wrc\/2015\" data-span=\"6\" target=\"\">\n        <img decoding=\"async\" class=\"square\" src=\"https:\/\/itu-app42363.pagelyhosting.com\/wrc-23\/wp-content\/uploads\/sites\/12\/2021\/12\/Mask-Group-46-1.jpg\" alt=\"\" \/>\n        <div class=\"content\">\n            <div class=\"main\">\n                <p class=\"title\">World Radiocommunication Conference 2015 (WRC-15)<\/p>\n\n            <\/div>\n            <div class=\"addInfo\">Geneva, Switzerland<\/div>\n        <\/div>\n    <\/a>\n\n                                                <a class=\"ituCard anim bg hor\" href=\"https:\/\/www.itu.int\/ITU-R\/go\/wrc-12\/en\" data-span=\"6\" target=\"\">\n        <img decoding=\"async\" class=\"square\" src=\"https:\/\/itu-app42363.pagelyhosting.com\/wrc-23\/wp-content\/uploads\/sites\/12\/2021\/12\/Mask-Group-45-1.jpg\" alt=\"\" \/>\n        <div class=\"content\">\n            <div class=\"main\">\n                <p class=\"title\">World Radiocommunication Conference 2012 (WRC-12)<\/p>\n\n            <\/div>\n            <div class=\"addInfo\">Geneva, Switzerland<\/div>\n        <\/div>\n    <\/a>\n\n                                                <a class=\"ituCard anim bg hor\" href=\"https:\/\/www.itu.int\/ITU-R\/go\/wrc-07\/en\" data-span=\"6\" target=\"\">\n        <img decoding=\"async\" class=\"square\" src=\"https:\/\/itu-app42363.pagelyhosting.com\/wrc-23\/wp-content\/uploads\/sites\/12\/2021\/12\/Photo-Mr-Rancy-scaled.jpg\" alt=\"\" \/>\n        <div class=\"content\">\n            <div class=\"main\">\n                <p class=\"title\">World Radiocommunication Conference 2007 (WRC-07)<\/p>\n\n            <\/div>\n            <div class=\"addInfo\">Geneva, Switzerland<\/div>\n        <\/div>\n    <\/a>\n\n                                                <a class=\"ituCard anim bg hor\" href=\"https:\/\/www.itu.int\/ITU-R\/go\/wrc-03\/en\" data-span=\"6\" target=\"\">\n        <img decoding=\"async\" class=\"square\" src=\"https:\/\/itu-app42363.pagelyhosting.com\/wrc-23\/wp-content\/uploads\/sites\/12\/2021\/12\/330px-Veena_Rawat_Wikipedia.jpg\" alt=\"\" \/>\n        <div class=\"content\">\n            <div class=\"main\">\n                <p class=\"title\">World Radiocommunication Conference 2003 (WRC-03)<\/p>\n\n            <\/div>\n            <div class=\"addInfo\">Geneva, Switzerland<\/div>\n        <\/div>\n    <\/a>\n\n                                                <a class=\"ituCard anim bg hor\" href=\"https:\/\/www.itu.int\/ITU-R\/go\/wrc-00\/en\" data-span=\"6\" target=\"\">\n        <img decoding=\"async\" class=\"square\" src=\"https:\/\/itu-app42363.pagelyhosting.com\/wrc-23\/wp-content\/uploads\/sites\/12\/2021\/12\/6506247287_8b3910b8af_z.jpg\" alt=\"\" \/>\n        <div class=\"content\">\n            <div class=\"main\">\n                <p class=\"title\">World Radiocommunication Conference 2000 (WRC-2000)<\/p>\n\n            <\/div>\n            <div class=\"addInfo\">Istanbul, Turkey<\/div>\n        <\/div>\n    <\/a>\n\n                    <\/div>\n    <\/section>\n                    <\/div>\n    <\/div>\n\n\n    <div class=\"ituContainer grid\">\n        <div data-span=\"12\">\n                            <div class=\"ituContainer\">\n<p class=\"eplus-XXqYg5 eplus-wrapper wp-block-paragraph\"><a href=\"https:\/\/itu-app42363.pagelyhosting.com\/wrc-23\/es\/previous-conferences\/\" data-type=\"URL\" data-id=\"\/wrc-23\/es\/previous-conferences\/\">V\u00e9anse todas las Conferencias anteriores<\/a> &gt;<\/p>\n<\/div>                    <\/div>\n    <\/div>\n","protected":false},"excerpt":{"rendered":"","protected":false},"author":5,"featured_media":0,"parent":3096,"menu_order":1,"comment_status":"closed","ping_status":"closed","template":"page-submenu.php","meta":{"_crdt_document":"","_uag_custom_page_level_css":"","footnotes":""},"folder":[],"class_list":["post-3003","page","type-page","status-publish","hentry"],"uagb_featured_image_src":{"full":false,"thumbnail":false,"medium":false,"medium_large":false,"large":false,"1536x1536":false,"2048x2048":false,"gs-tiny":false,"xl":false,"xxl":false,"xxxl":false,"xxxxl":false,"xxxxxl":false,"gform-image-choice-sm":false,"gform-image-choice-md":false,"gform-image-choice-lg":false},"uagb_author_info":{"display_name":"mgaillard","author_link":"https:\/\/itu-app42363.pagelyhosting.com\/wrc-23\/es\/author\/mgaillard\/"},"uagb_comment_info":0,"uagb_excerpt":null,"_links":{"self":[{"href":"https:\/\/itu-app42363.pagelyhosting.com\/wrc-23\/es\/wp-json\/wp\/v2\/pages\/3003","targetHints":{"allow":["GET"]}}],"collection":[{"href":"https:\/\/itu-app42363.pagelyhosting.com\/wrc-23\/es\/wp-json\/wp\/v2\/pages"}],"about":[{"href":"https:\/\/itu-app42363.pagelyhosting.com\/wrc-23\/es\/wp-json\/wp\/v2\/types\/page"}],"author":[{"embeddable":true,"href":"https:\/\/itu-app42363.pagelyhosting.com\/wrc-23\/es\/wp-json\/wp\/v2\/users\/5"}],"replies":[{"embeddable":true,"href":"https:\/\/itu-app42363.pagelyhosting.com\/wrc-23\/es\/wp-json\/wp\/v2\/comments?post=3003"}],"version-history":[{"count":0,"href":"https:\/\/itu-app42363.pagelyhosting.com\/wrc-23\/es\/wp-json\/wp\/v2\/pages\/3003\/revisions"}],"up":[{"embeddable":true,"href":"https:\/\/itu-app42363.pagelyhosting.com\/wrc-23\/es\/wp-json\/wp\/v2\/pages\/3096"}],"wp:attachment":[{"href":"https:\/\/itu-app42363.pagelyhosting.com\/wrc-23\/es\/wp-json\/wp\/v2\/media?parent=3003"}],"wp:term":[{"taxonomy":"folder","embeddable":true,"href":"https:\/\/itu-app42363.pagelyhosting.com\/wrc-23\/es\/wp-json\/wp\/v2\/folder?post=3003"}],"curies":[{"name":"wp","href":"https:\/\/api.w.org\/{rel}","templated":true}]}}