{"id":3308,"date":"2022-05-04T15:52:26","date_gmt":"2022-05-04T14:52:26","guid":{"rendered":"https:\/\/itu-app42363.pagelyhosting.com\/wrc-23\/uso-de-logotipos\/"},"modified":"2023-11-22T16:20:02","modified_gmt":"2023-11-22T12:20:02","slug":"use-of-logo","status":"publish","type":"page","link":"https:\/\/itu-app42363.pagelyhosting.com\/wrc-23\/es\/use-of-logo\/","title":{"rendered":"Uso de logotipos"},"content":{"rendered":"    <div class=\"ituContainer grid\">\n        <div data-span=\"12\">\n                            <div class=\"ituContainer\">\n<p class=\"wp-block-paragraph\"><strong>Logotipo de la UIT<\/strong><\/p>\n<\/div>                            <div class=\"ituContainer\">\n<p class=\"wp-block-paragraph\"><strong>1.<\/strong> El logotipo de la UIT es un elemento esencial de la imagen institucional y del patrimonio de la Uni\u00f3n. Como tal, est\u00e1 protegido en virtud de las disposiciones del Art\u00edculo 6ter del Convenio de Par\u00eds sobre la Protecci\u00f3n de la Propiedad Industrial.<\/p>\n<\/div>                            <div class=\"ituContainer\">\n<p class=\"wp-block-paragraph\"><strong>2.<\/strong> Por consiguiente, el logotipo de la UIT no puede ser utilizado sin el consentimiento previo por escrito del Secretario General o de su representante debidamente autorizado a tal efecto. Las solicitudes por escrito para la utilizaci\u00f3n del logotipo de la Uni\u00f3n deben estar suficientemente fundadas (informaci\u00f3n exhaustiva sobre los motivos de la solicitud, precisi\u00f3n sobre la utilizaci\u00f3n prevista, en especial los \u00absoportes\u00bb utilizados (versi\u00f3n electr\u00f3nica, en papel, etc.), informaci\u00f3n relativa a la posible utilizaci\u00f3n de otros logotipos acompa\u00f1ados del correspondiente a la UIT y datos precisos de la persona que formula la solicitud, etc.) y ser\u00e1n enviadas oportunamente a&nbsp;<a href=\"mailto:branding@itu.int\">branding@itu.int<\/a>&nbsp;o a:<\/p>\n<\/div>                            <div class=\"ituContainer\">\n<p class=\"has-text-align-center wp-block-paragraph\">Corporate Communication Division, ITU&nbsp;<br>Place des Nations&nbsp;<br>CH \u2013 1211 Geneva 20&nbsp;<\/p>\n<\/div>                            <div class=\"ituContainer\">\n<p class=\"wp-block-paragraph\"><strong>3.<\/strong> Sin perjuicio de la realizaci\u00f3n de un examen detallado de cada solicitud, NO SE AUTORIZAR\u00c1 la utilizaci\u00f3n del logotipo de la Uni\u00f3n en los siguientes casos:<\/p>\n<\/div>                            <div class=\"ituContainer\">\n<p class=\"wp-block-paragraph\"><strong>4.<\/strong> Si recibe la correspondiente autorizaci\u00f3n, la utilizaci\u00f3n del logotipo se efectuar\u00e1 de conformidad con el pliego de condiciones y los plazos estipulados en el correo que contempla la autorizaci\u00f3n. Sin embargo, en cualquier caso, el logotipo y todos sus componentes (formato, proporciones, rasgos gr\u00e1ficos, colores, etc.) no podr\u00e1n ser alterados, adaptados ni modificados.<\/p>\n<\/div>                            <div class=\"ituContainer\">\n<p class=\"wp-block-paragraph\"><strong>Logotipo de la CMR-23<\/strong><\/p>\n<\/div>                            <div class=\"ituContainer\">\n<p class=\"wp-block-paragraph\"><strong>1.<\/strong>&nbsp; La utilizaci\u00f3n del logotipo creado especialmente para (\u00abla Conferencia\u00bb) tambi\u00e9n est\u00e1 sujeta a la autorizaci\u00f3n previa por escrito del Secretario General de la Uni\u00f3n o de su representante debidamente autorizado a tal efecto. Las solicitudes por escrito para la utilizaci\u00f3n del logotipo de la Conferencia deben estar suficientemente fundadas (informaci\u00f3n exhaustiva sobre los motivos de la solicitud, precisi\u00f3n sobre la utilizaci\u00f3n prevista, en especial los \u00absoportes\u00bb utilizados (versi\u00f3n electr\u00f3nica, en papel, etc.), informaci\u00f3n relativa a la posible utilizaci\u00f3n de otros logotipos acompa\u00f1ados del correspondiente a la UIT y datos precisos de la persona que formula la solicitud, etc.) y ser\u00e1n enviadas oportunamente a&nbsp;<a href=\"mailto:brandingr@itu.int\">branding@itu.int<\/a>&nbsp;o a:<\/p>\n<\/div>                            <div class=\"ituContainer\">\n<p class=\"has-text-align-center wp-block-paragraph\">Corporate Communication Division, ITU&nbsp;<br>Place des Nations&nbsp;<br>CH \u2013 1211 Geneva 20&nbsp;<\/p>\n<\/div>                            <div class=\"ituContainer\">\n<p class=\"wp-block-paragraph\">En la medida en que el logotipo de la UIT est\u00e1 integrado en el logotipo de la Conferencia, la no autorizaci\u00f3n de la solicitud de utilizaci\u00f3n, por los motivos indicados en el apartado 3 supra, se aplicar\u00e1 asimismo al logotipo de la Conferencia.<\/p>\n<\/div>                            <div class=\"ituContainer\">\n<p class=\"wp-block-paragraph\"><strong>2.<\/strong> A reserva de lo se\u00f1alado supra, en principio se acordar\u00e1 su utilizaci\u00f3n si el Secretario General estima que, por su naturaleza, contribuir\u00e1 a la realizaci\u00f3n del mandato de la Conferencia o a promover sus trabajos.<\/p>\n<\/div>                            <div class=\"ituContainer\">\n<p class=\"wp-block-paragraph\">Si recibe la correspondiente autorizaci\u00f3n, la utilizaci\u00f3n del logotipo se efectuar\u00e1 de conformidad con el pliego de condiciones y los plazos estipulados en el correo que contempla la autorizaci\u00f3n. Sin embargo, en cualquier caso, el logotipo y todos sus componentes (formato, proporciones, rasgos gr\u00e1ficos, colores, etc.) no podr\u00e1n ser alterados, adaptados ni modificados.<\/p>\n<\/div>                            <div class=\"ituContainer\">\n<p class=\"wp-block-paragraph\">Para obtener m\u00e1s informaci\u00f3n, dirigirse a&nbsp;<a href=\"mailto:branding@itu.int\">branding@itu.int<\/a>&nbsp;o a:<\/p>\n<\/div>                            <div class=\"ituContainer\">\n<p class=\"has-text-align-center wp-block-paragraph\">Corporate Communication Division, ITU&nbsp;<br>Place des Nations&nbsp;<br>CH \u2013 1211 Geneva 20&nbsp;<\/p>\n<\/div>                            <div class=\"ituContainer\">\n<p class=\"wp-block-paragraph\"><strong>Formulario de solicitud para utilizar el logotipo de la UIT<\/strong><\/p>\n<\/div>                            <div class=\"ituContainer\">\n<p class=\"wp-block-paragraph\">El logotipo es nuestra \u00fanica firma corporativa y representa la consolidada reputaci\u00f3n de la UIT en cuanto organismo de las Naciones Unidas especializado en las TIC.<\/p>\n<\/div>                            <div class=\"ituContainer\">\n<p class=\"wp-block-paragraph\">S\u00f3lo se concede la utilizaci\u00f3n a organizadores de eventos ajenos si se cumplen ciertos criterios. <\/p>\n<\/div>                            <div class=\"ituContainer\">\n<p class=\"wp-block-paragraph\">Para solicitar la utilizaci\u00f3n del logotipo\/emblema de la UIT y de los logotipos de las conferencias estatutarias, rellene <a href=\"https:\/\/www.itu.int\/hub\/itu-logo-form-request\/\" target=\"_blank\" rel=\"noreferrer noopener\">este formulario<\/a>.<\/p>\n<\/div>                    <\/div>\n    <\/div>\n","protected":false},"excerpt":{"rendered":"","protected":false},"author":5,"featured_media":0,"parent":0,"menu_order":6,"comment_status":"closed","ping_status":"closed","template":"page-banner-blue.php","meta":{"_crdt_document":"","_uag_custom_page_level_css":"","footnotes":""},"folder":[],"class_list":["post-3308","page","type-page","status-publish","hentry"],"uagb_featured_image_src":{"full":false,"thumbnail":false,"medium":false,"medium_large":false,"large":false,"1536x1536":false,"2048x2048":false,"gs-tiny":false,"xl":false,"xxl":false,"xxxl":false,"xxxxl":false,"xxxxxl":false,"gform-image-choice-sm":false,"gform-image-choice-md":false,"gform-image-choice-lg":false},"uagb_author_info":{"display_name":"mgaillard","author_link":"https:\/\/itu-app42363.pagelyhosting.com\/wrc-23\/es\/author\/mgaillard\/"},"uagb_comment_info":0,"uagb_excerpt":null,"_links":{"self":[{"href":"https:\/\/itu-app42363.pagelyhosting.com\/wrc-23\/es\/wp-json\/wp\/v2\/pages\/3308","targetHints":{"allow":["GET"]}}],"collection":[{"href":"https:\/\/itu-app42363.pagelyhosting.com\/wrc-23\/es\/wp-json\/wp\/v2\/pages"}],"about":[{"href":"https:\/\/itu-app42363.pagelyhosting.com\/wrc-23\/es\/wp-json\/wp\/v2\/types\/page"}],"author":[{"embeddable":true,"href":"https:\/\/itu-app42363.pagelyhosting.com\/wrc-23\/es\/wp-json\/wp\/v2\/users\/5"}],"replies":[{"embeddable":true,"href":"https:\/\/itu-app42363.pagelyhosting.com\/wrc-23\/es\/wp-json\/wp\/v2\/comments?post=3308"}],"version-history":[{"count":0,"href":"https:\/\/itu-app42363.pagelyhosting.com\/wrc-23\/es\/wp-json\/wp\/v2\/pages\/3308\/revisions"}],"wp:attachment":[{"href":"https:\/\/itu-app42363.pagelyhosting.com\/wrc-23\/es\/wp-json\/wp\/v2\/media?parent=3308"}],"wp:term":[{"taxonomy":"folder","embeddable":true,"href":"https:\/\/itu-app42363.pagelyhosting.com\/wrc-23\/es\/wp-json\/wp\/v2\/folder?post=3308"}],"curies":[{"name":"wp","href":"https:\/\/api.w.org\/{rel}","templated":true}]}}