{"id":3340,"date":"2022-05-05T09:52:47","date_gmt":"2022-05-05T08:52:47","guid":{"rendered":"https:\/\/itu-app42363.pagelyhosting.com\/wrc-23\/documents\/"},"modified":"2024-04-02T11:50:44","modified_gmt":"2024-04-02T07:50:44","slug":"documents","status":"publish","type":"page","link":"https:\/\/itu-app42363.pagelyhosting.com\/wrc-23\/es\/documents\/","title":{"rendered":"Documentos"},"content":{"rendered":"    <section class=\"ituBanner bg smallheight\">\n        <div class=\"bgContainer \">\n            <img src=https:\/\/www.itu.int\/wrc-23\/wp-content\/uploads\/sites\/12\/2021\/12\/documents-hires-gradient.jpg alt=\"Background decorative image\" \/>\n            <div class=\"ituContainer grid\">\n                <div class=\"content\" data-span=\"8\">\n                    <div class=\"main\">\n                        <h2 class=\"h1 white\">Documentos<\/h2>\n                    <\/div>\n                    <div class=\"addInfo\"><\/div>\n                <\/div>\n            <\/div>\n        <\/div>\n    <\/section>\n\n\n<div class=\"ituContainer\">\n<p class=\"wp-block-paragraph\">Los documentos de la CMR-23 est\u00e1n disponibles en formato electr\u00f3nico en el sitio web de la CMR-23, incluidas las Actas Finales Provisionales de la Conferencia.<\/p>\n<\/div>\n\n<div class=\"ituContainer\">\n<p class=\"wp-block-paragraph\">En&nbsp;<a href=\"https:\/\/www.itu.int\/en\/ties-services\/Pages\/default.aspx\">Cuenta TIES de la UIT&nbsp;<\/a>para acceder a los documentos de la CMR-23 y a otros recursos electr\u00f3nicos.<\/p>\n<\/div>\n\n<div class=\"ituContainer\">\n<h2 class=\"wp-block-heading\">Actes finals de la CMR-23<\/h2>\n<\/div>\n\n    <section>\n        <div class=\"ituContainer grid\">\n                                                <a class=\"ituCard anim bg hor\" href=\"https:\/\/www.itu.int\/hub\/publication\/r-act-wrc-16-2024\/#\/es\" data-span=\"6\" target=\"_blank\">\n        <img decoding=\"async\" class=\"square\" src=\"https:\/\/itu-app42363.pagelyhosting.com\/wrc-23\/wp-content\/uploads\/sites\/12\/2024\/03\/2400078_WRC-23_Final-Acts_s-Personnalise.jpg\" alt=\"\" \/>\n        <div class=\"content\">\n            <div class=\"main\">\n                <p class=\"title\">Actas Finales de la CMR-23<br>(Versi\u00f3n en espa\u00f1ol &#8211; pr\u00f3ximamente)<\/p>\n\n            <\/div>\n            <div class=\"addInfo\">Conferencia Mundial de Radiocomunicaciones 2023<br>\u200e\u200e<\/div>\n        <\/div>\n    <\/a>\n\n                    <\/div>\n    <\/section>\n\n\n    <div class=\"ituContainer grid\">\n        <div data-span=\"12\">\n                                <section>\n        <div class=\"ituContainer grid\">\n                    <\/div>\n    <\/section>\n                    <\/div>\n    <\/div>\n\n\n    <div class=\"ituContainer grid\">\n        <div data-span=\"12\">\n                            <div class=\"ituContainer\">\n<h2 class=\"wp-block-heading eplus-3dYE2F eplus-wrapper\" id=\"working-documents\">Main documents of the conference <\/h2>\n<\/div>                                <section>\n        <div class=\"ituContainer grid\">\n                                                        <a class=\"ituCard anim\" data-span=\"3\" href=\"https:\/\/www.itu.int\/md\/R23-WRC23-C\/en\" target='blank' rel='noreferrer noopener'>\n                    <div class=\"content center\">\n                <div class=\"main\">\n                    <img decoding=\"async\" src=\"https:\/\/www.itu.int\/wrc-23\/wp-content\/uploads\/sites\/12\/2021\/12\/WRC-23-icons-17-1-1.png\" class=\"icon\" alt=\"icon\" \/>\n                                            <p class=\"title\">Contributions (C)<\/p>\n                                                            <p>proposals for the work of the conference<\/p>\n                                    <\/div>\n            <\/div>\n                    <\/a>\n    \n                                                        <a class=\"ituCard anim\" data-span=\"3\" href=\"https:\/\/www.itu.int\/md\/meetingdoc.asp?lang=en&#038;parent=R23-WRC23-C&#038;class=SERIEB\" target='blank' rel='noreferrer noopener'>\n                    <div class=\"content center\">\n                <div class=\"main\">\n                    <img decoding=\"async\" src=\"https:\/\/www.itu.int\/wrc-23\/wp-content\/uploads\/sites\/12\/2021\/12\/WRC-23-icons-17-1-1.png\" class=\"icon\" alt=\"icon\" \/>\n                                            <p class=\"title\">Blue documents<\/p>\n                                                            <p>submitted by the Editorial Committee to the Plenary <br>(1st reading)<\/p>\n                                    <\/div>\n            <\/div>\n                    <\/a>\n    \n                                                        <a class=\"ituCard anim\" data-span=\"3\" href=\"https:\/\/www.itu.int\/md\/meetingdoc.asp?lang=en&#038;parent=R23-WRC23-C&#038;class=SERIER\" target='blank' rel='noreferrer noopener'>\n                    <div class=\"content center\">\n                <div class=\"main\">\n                    <img decoding=\"async\" src=\"https:\/\/www.itu.int\/wrc-23\/wp-content\/uploads\/sites\/12\/2021\/12\/WRC-23-icons-17-1-1.png\" class=\"icon\" alt=\"icon\" \/>\n                                            <p class=\"title\">Pink documents<\/p>\n                                                            <p>submitted by the Editorial Committee to the Plenary <br>(2nd reading)<\/p>\n                                    <\/div>\n            <\/div>\n                    <\/a>\n    \n                                                        <a class=\"ituCard anim\" data-span=\"3\" href=\"https:\/\/www.itu.int\/md\/meetingdoc.asp?lang=en&#038;parent=R23-WRC23-C&#038;class=MINS\" target='blank' rel='noreferrer noopener'>\n                    <div class=\"content center\">\n                <div class=\"main\">\n                    <img decoding=\"async\" src=\"https:\/\/www.itu.int\/wrc-23\/wp-content\/uploads\/sites\/12\/2021\/12\/WRC-23-icons-17-1.png\" class=\"icon\" alt=\"icon\" \/>\n                                            <p class=\"title\">\u200b\u200bMinutes of the Plenary Meetings\u200b<\/p>\n                                                            <p><\/p>\n                                    <\/div>\n            <\/div>\n                    <\/a>\n    \n                    <\/div>\n    <\/section>\n                            <div class=\"ituContainer\">\n<h2 class=\"wp-block-heading eplus-o43jSj eplus-wrapper\" id=\"working-documents\">Other documents (including meeting agendas)<\/h2>\n<\/div>                                <section>\n        <div class=\"ituContainer grid\">\n                                                        <a class=\"ituCard anim\" data-span=\"3\" href=\"https:\/\/www.itu.int\/net4\/proposals\/WRC23\" target='blank' rel='noreferrer noopener'>\n                    <div class=\"content center\">\n                <div class=\"main\">\n                    <img decoding=\"async\" src=\"https:\/\/www.itu.int\/wrc-23\/wp-content\/uploads\/sites\/12\/2021\/12\/WRC-23-icons-17-1-1.png\" class=\"icon\" alt=\"icon\" \/>\n                                            <p class=\"title\">WRC-23 Proposal Management System\u200b<\/p>\n                                                            <p><\/p>\n                                    <\/div>\n            <\/div>\n                    <\/a>\n    \n                                                        <a class=\"ituCard anim\" data-span=\"3\" href=\"https:\/\/www.itu.int\/md\/R23-WRC23-ADM\/en\" target='blank' rel='noreferrer noopener'>\n                    <div class=\"content center\">\n                <div class=\"main\">\n                    <img decoding=\"async\" src=\"https:\/\/www.itu.int\/wrc-23\/wp-content\/uploads\/sites\/12\/2021\/12\/WRC-23-icons-17-1-1.png\" class=\"icon\" alt=\"icon\" \/>\n                                            <p class=\"title\">Administrative documents <\/p>\n                                                            <p>(ADM \/ Meeting agendas)<\/p>\n                                    <\/div>\n            <\/div>\n                    <\/a>\n    \n                                                        <a class=\"ituCard anim\" data-span=\"3\" href=\"https:\/\/www.itu.int\/md\/R23-WRC23-231120-TD\/en\" target='blank' rel='noreferrer noopener'>\n                    <div class=\"content center\">\n                <div class=\"main\">\n                    <img decoding=\"async\" src=\"https:\/\/www.itu.int\/wrc-23\/wp-content\/uploads\/sites\/12\/2021\/12\/WRC-23-icons-17-1-1.png\" class=\"icon\" alt=\"icon\" \/>\n                                            <p class=\"title\">Temporary documents <\/p>\n                                                            <p>(DT)<\/p>\n                                    <\/div>\n            <\/div>\n                    <\/a>\n    \n                                                        <a class=\"ituCard anim\" data-span=\"3\" href=\"https:\/\/extranet.itu.int\/sites\/wrc-ra\/WRC-23\/default.aspx\" target='blank' rel='noreferrer noopener'>\n                    <div class=\"content center\">\n                <div class=\"main\">\n                    <img decoding=\"async\" src=\"https:\/\/www.itu.int\/wrc-23\/wp-content\/uploads\/sites\/12\/2021\/12\/WRC-23-icons-17-1.png\" class=\"icon\" alt=\"icon\" \/>\n                                            <p class=\"title\">WRC-23 SharePoint<\/p>\n                                                            <p><\/p>\n                                    <\/div>\n            <\/div>\n                    <\/a>\n    \n                                                        <a class=\"ituCard anim\" data-span=\"3\" href=\"https:\/\/www.itu.int\/md\/R23-WRC23-INF\/en\" target='blank' rel='noreferrer noopener'>\n                    <div class=\"content center\">\n                <div class=\"main\">\n                    <img decoding=\"async\" src=\"https:\/\/www.itu.int\/wrc-23\/wp-content\/uploads\/sites\/12\/2021\/12\/WRC-23-icons-17-1-1.png\" class=\"icon\" alt=\"icon\" \/>\n                                            <p class=\"title\">Information documents <\/p>\n                                                            <p>(INFO)<\/p>\n                                    <\/div>\n            <\/div>\n                    <\/a>\n    \n                                                        <a class=\"ituCard anim\" data-span=\"3\" href=\"https:\/\/extranet.itu.int\/sites\/wrc-ra\/WRC-23\/WRC-23_AsReceived\/SitePages\/Home.aspx\" target='blank' rel='noreferrer noopener'>\n                    <div class=\"content center\">\n                <div class=\"main\">\n                    <img decoding=\"async\" src=\"https:\/\/www.itu.int\/wrc-23\/wp-content\/uploads\/sites\/12\/2021\/12\/WRC-23-icons-17-1-1.png\" class=\"icon\" alt=\"icon\" \/>\n                                            <p class=\"title\">As Received Contributions<\/p>\n                                                            <p><\/p>\n                                    <\/div>\n            <\/div>\n                    <\/a>\n    \n                    <\/div>\n    <\/section>\n                            <div class=\"ituContainer\">\n<h2 class=\"wp-block-heading eplus-Cnr8uv eplus-wrapper\" id=\"working-documents\">Electronic resources <\/h2>\n<\/div>                                <section>\n        <div class=\"ituContainer grid\">\n                                                        <a class=\"ituCard anim\" data-span=\"3\" href=\"\/wrc-23\/electronic-tools\/\" >\n                    <div class=\"content center\">\n                <div class=\"main\">\n                    <img decoding=\"async\" src=\"https:\/\/www.itu.int\/wrc-23\/wp-content\/uploads\/sites\/12\/2021\/12\/WRC-23-icons-180x180-02.png\" class=\"icon\" alt=\"icon\" \/>\n                                            <p class=\"title\">Electronic Tools<\/p>\n                                                            <p><\/p>\n                                    <\/div>\n            <\/div>\n                    <\/a>\n    \n                    <\/div>\n    <\/section>\n                    <\/div>\n    <\/div>\n","protected":false},"excerpt":{"rendered":"<p>Los documentos de la CMR-23 est\u00e1n disponibles en formato electr\u00f3nico en el sitio web de la CMR-23, incluidas las Actas Finales Provisionales de la Conferencia. En&nbsp;Cuenta TIES de la UIT&nbsp;para acceder a los documentos de la CMR-23 y a otros recursos electr\u00f3nicos. Actes finals de la CMR-23<\/p>\n","protected":false},"author":5,"featured_media":0,"parent":0,"menu_order":0,"comment_status":"closed","ping_status":"closed","template":"","meta":{"_crdt_document":"","_uag_custom_page_level_css":"","footnotes":""},"folder":[],"class_list":["post-3340","page","type-page","status-publish","hentry"],"uagb_featured_image_src":{"full":false,"thumbnail":false,"medium":false,"medium_large":false,"large":false,"1536x1536":false,"2048x2048":false,"gs-tiny":false,"xl":false,"xxl":false,"xxxl":false,"xxxxl":false,"xxxxxl":false,"gform-image-choice-sm":false,"gform-image-choice-md":false,"gform-image-choice-lg":false},"uagb_author_info":{"display_name":"mgaillard","author_link":"https:\/\/itu-app42363.pagelyhosting.com\/wrc-23\/es\/author\/mgaillard\/"},"uagb_comment_info":0,"uagb_excerpt":"Los documentos de la CMR-23 est\u00e1n disponibles en formato electr\u00f3nico en el sitio web de la CMR-23, incluidas las Actas Finales Provisionales de la Conferencia. En&nbsp;Cuenta TIES de la UIT&nbsp;para acceder a los documentos de la CMR-23 y a otros recursos electr\u00f3nicos. Actes finals de la CMR-23","_links":{"self":[{"href":"https:\/\/itu-app42363.pagelyhosting.com\/wrc-23\/es\/wp-json\/wp\/v2\/pages\/3340","targetHints":{"allow":["GET"]}}],"collection":[{"href":"https:\/\/itu-app42363.pagelyhosting.com\/wrc-23\/es\/wp-json\/wp\/v2\/pages"}],"about":[{"href":"https:\/\/itu-app42363.pagelyhosting.com\/wrc-23\/es\/wp-json\/wp\/v2\/types\/page"}],"author":[{"embeddable":true,"href":"https:\/\/itu-app42363.pagelyhosting.com\/wrc-23\/es\/wp-json\/wp\/v2\/users\/5"}],"replies":[{"embeddable":true,"href":"https:\/\/itu-app42363.pagelyhosting.com\/wrc-23\/es\/wp-json\/wp\/v2\/comments?post=3340"}],"version-history":[{"count":0,"href":"https:\/\/itu-app42363.pagelyhosting.com\/wrc-23\/es\/wp-json\/wp\/v2\/pages\/3340\/revisions"}],"wp:attachment":[{"href":"https:\/\/itu-app42363.pagelyhosting.com\/wrc-23\/es\/wp-json\/wp\/v2\/media?parent=3340"}],"wp:term":[{"taxonomy":"folder","embeddable":true,"href":"https:\/\/itu-app42363.pagelyhosting.com\/wrc-23\/es\/wp-json\/wp\/v2\/folder?post=3340"}],"curies":[{"name":"wp","href":"https:\/\/api.w.org\/{rel}","templated":true}]}}