{"id":4210,"date":"2023-02-06T13:53:20","date_gmt":"2023-02-06T12:53:20","guid":{"rendered":"https:\/\/itu-app42363.pagelyhosting.com\/wrc-23\/participation\/inscripcion-en-la-ar-23-y-la-cmr-23\/"},"modified":"2023-10-31T11:06:53","modified_gmt":"2023-10-31T10:06:53","slug":"inscripcion-en-la-ar-23-y-la-cmr-23","status":"publish","type":"page","link":"https:\/\/itu-app42363.pagelyhosting.com\/wrc-23\/es\/participation\/inscripcion-en-la-ar-23-y-la-cmr-23\/","title":{"rendered":"Inscripci\u00f3n en la AR-23 y la CMR-23"},"content":{"rendered":"    <div class=\"ituContainer grid\">\n        <div data-span=\"12\">\n                            <div class=\"ituContainer\">\n<p class=\"eplus-qOea1X eplus-wrapper wp-block-paragraph\"><strong>La inscripci\u00f3n para la AR-23 y la CMR-23 ya est\u00e1 abierta<\/strong><\/p>\n<\/div>                            <div class=\"ituContainer\">\n<ul class=\"wp-block-list\"><div class=\"ituContainer\">\n<li><a href=\"https:\/\/www.itu.int\/net4\/CRM\/xreg\/web\/registration.aspx?Event=C-00012452\">Reg\u00edstrese en la AR-23 y\/o la CMR-23<\/a><\/li>\n<\/div>\n\n<div class=\"ituContainer\">\n<li><a href=\"\/wrc-23\/participation\/registration\/vip-registration\/#\/es\">Inscripci\u00f3n VIP<\/a><\/li>\n<\/div><\/ul>\n<\/div>                            <div class=\"ituContainer\">\n<p class=\"wp-block-paragraph\">La participaci\u00f3n en la Asamblea de Radiocomunicaciones y en la Conferencia Mundial de Radiocomunicaciones est\u00e1 reservada a los Miembros de la UIT.<\/p>\n<\/div>                            <div class=\"ituContainer\">\n<ul class=\"wp-block-list\"><div class=\"ituContainer\">\n<li><a href=\"https:\/\/itu-app42363.pagelyhosting.com\/ra-23\/fr\/participation\/admission\/\">Admisi\u00f3n al AR-23<\/a><\/li>\n<\/div>\n\n<div class=\"ituContainer\">\n<li><a href=\"https:\/\/itu-app42363.pagelyhosting.com\/wrc-23\/participation\/admission\/\">Admisi\u00f3n a la CMR-23<\/a><\/li>\n<\/div><\/ul>\n<\/div>                            <div class=\"ituContainer\">\n<p class=\"wp-block-paragraph\">Para inscribirse, los participantes deben cumplimentar primero un formulario de inscripci\u00f3n en l\u00ednea y luego solicitar la aprobaci\u00f3n de su inscripci\u00f3n a su&nbsp;<a href=\"https:\/\/www.itu.int\/online\/mm\/scripts\/s\/gensel21?_lang=&amp;_event=C-00006136&amp;_event_type=ZSER\">coordinador designado (DFP) para la inscripci\u00f3n en eventos del UIT-R<\/a>. Para inscribirse, siga los pasos que se explican a continuaci\u00f3n.<\/p>\n<\/div>                            <div class=\"ituContainer\">\n<p class=\"eplus-zExHIG eplus-wrapper wp-block-paragraph\" id=\"paragraph_J93iEbhajP1\">To do so, please follow the few easy steps explained below.<\/p>\n<\/div>                    <\/div>\n    <\/div>\n\n\n    <div class=\"ituContainer grid\">\n        <div data-span=\"12\">\n                            <div class=\"ituContainer\">\n<h2 class=\"eplus-6PiVXW eplus-wrapper wp-block-heading\" id=\"registration-links\">Enlaces de registro<\/h2>\n<\/div>                            <div class=\"ituContainer\">\n<section>\n\t<div class=\"ituContainer grid\">\n\t\t<div class=\"wp-block-bod-modal-block bod-block-popup\" data-span=\"3\">\n    \t<a href=\"javascript:void(0)\" style=\"color:#000000\" class=\"bod-block-popup-trigger type_text\">\n\t\n\t\t\t<div class=\"ituCard anim\">\n\t\t\t\t<div class=\"content center\">\n\t\t\t\t\t<div class=\"main\">\n\t\t\t\t\t<img decoding=\"async\" src=\"\/wrc-23\/wp-content\/uploads\/sites\/12\/2021\/12\/WRC-23-icons-180x180-12.png\" class=\"icon\" alt=\"icon\">\n\t\t\t\t\t<p class=\"title\">Creaci\u00f3n de una cuenta<\/p>\n\t\t\t\t\t<p><\/p>\n\t\t\t\t\t<\/div>\n\t\t\t\t<\/div>\n\t\t\t<\/div>\n\t\n\t<div style=\"background-color:rgba(0, 0, 0, 0.5)\" class=\"bod-block-popup-overlay\" data-disabled-overlay-close=\"false\"><\/div>\n\t \n    <\/a><div class=\"bod-block-popup-wrap undefined\"><a href=\"javascript:void(0)\" style=\"color:#000000\" class=\"bod-block-popup-trigger type_text\"> \n        <\/a><div style=\"background-color:#ffffff;border-radius:10px\" class=\"bod-block-popup size-m\"><a href=\"javascript:void(0)\" style=\"color:#000000\" class=\"bod-block-popup-trigger type_text\">\n        \t<\/a><div class=\"bod-modal-content\" style=\"margin:15px;\"><a href=\"javascript:void(0)\" style=\"color:#000000\" class=\"bod-block-popup-trigger type_text\">\n\t\t\t\n\t\t\t\t<h2><strong>1.\u00ad\u00ad Cuenta de usuario de la UIT<br><\/strong><\/h2>\n\t\t\t\t<p><strong>\u00bfDispone de una cuenta de usuario de la UIT?<\/strong><\/p>\n\t\t\t\t<\/a><ul><a href=\"javascript:void(0)\" style=\"color:#000000\" class=\"bod-block-popup-trigger type_text\">\n\t\t\t\t<\/a><li><a href=\"javascript:void(0)\" style=\"color:#000000\" class=\"bod-block-popup-trigger type_text\"><strong>S\u00cd: presente su <\/strong><\/a><a href=\"https:\/\/www.itu.int\/net4\/ITU-R\/events\" style=\"color:#0076A1\"><strong>solicitud de inscripci\u00f3n<\/strong><\/a><strong><br><br><\/strong><\/li>\n\t\t\t\t<li><strong>NO: <\/strong><a href=\"https:\/\/www.itu.int\/en\/ties-services\/Pages\/default.aspx\" style=\"color:#0076A1\"> cree una cuenta de usuario de la UIT<\/a><\/li>\n\t\t\t\t<\/ul>\n\t\t\t\t<ul>\n\t\t\t\t<li><strong>NO S\u00c9: <\/strong><a href=\"https:\/\/www.itu.int\/en\/ties-services\/Pages\/default.aspx\" style=\"color:#0076A1\">con\u00e9ctese a su cuenta de usuario de la UIT<\/a> para actualizar sus datos personales, modificar o recuperar una contrase\u00f1a, solicitar acceso TIES (s\u00f3lo miembros de la UIT), etc.<\/li>\n\t\t\t\t<\/ul>\n        \n\t\t\t\t<div class=\"bod-block-popup-closer\"><\/div>\n\t\t\t<\/div> \n\t\t\t<\/div> \n\t\t<\/div>\n\t<\/div>\n\t<div class=\"wp-block-bod-modal-block bod-block-popup\" data-span=\"3\">\n    <a href=\"javascript:void(0)\" style=\"color:#000000\" class=\"bod-block-popup-trigger type_text\">\n\t\n\t<div class=\"ituCard anim\" data-span=\"3\">\n\t\t<div class=\"content center\">\n            <div class=\"main\">\n\t\t\t\t<img decoding=\"async\" src=\"\/wrc-23\/wp-content\/uploads\/sites\/12\/2021\/12\/WRC-23-icons-180x180-09.png\" class=\"icon\" alt=\"icon\">\n\t\t\t<p class=\"title\">Solicitud de inscripci\u00f3n<\/p> \n\t\t\t<p><\/p>\n\t\t\t<\/div>\n\t\t<\/div>\n\t<\/div>\n\t\t\n\t <div style=\"background-color:rgba(0, 0, 0, 0.5)\" class=\"bod-block-popup-overlay\" data-disabled-overlay-close=\"false\"><\/div>\n\t \n    <\/a><div class=\"bod-block-popup-wrap undefined\"><a href=\"javascript:void(0)\" style=\"color:#000000\" class=\"bod-block-popup-trigger type_text\"> \n        <\/a><div style=\"background-color:#ffffff;border-radius:10px\" class=\"bod-block-popup size-m\"><a href=\"javascript:void(0)\" style=\"color:#000000\" class=\"bod-block-popup-trigger type_text\">\n        <\/a><div class=\"bod-modal-content\" style=\"margin:15px;\"><a href=\"javascript:void(0)\" style=\"color:#000000\" class=\"bod-block-popup-trigger type_text\">\n\n            <h2><strong>2. Solicitud de inscripci\u00f3n<\/strong><\/h2>\n            <\/a><p><a href=\"javascript:void(0)\" style=\"color:#000000\" class=\"bod-block-popup-trigger type_text\"><strong>Vaya a la <\/strong><\/a><a href=\"https:\/\/www.itu.int\/net4\/CRM\/xreg\/web\/registration.aspx?Event=C-00012452\" style=\"color:#0076A1\"><strong>p\u00e1gina web de inscripci\u00f3n en eventos del UIT-R<\/strong><\/a><\/p>\n            <ul>\n          \n            <li>Cumplimente el formulario de inscripci\u00f3n. Si desea modificar sus datos personales, vaya a la  <a href=\"\">cuenta de usuario de la UIT<\/a>. <\/li>\n            <li>Tras enviar la solicitud de inscripci\u00f3n recibir\u00e1 un <strong>acuse de recibo por correo electr\u00f3nico<\/strong> en el que se le indicar\u00e1 que su solicitud est\u00e1 pendiente de la aprobaci\u00f3n del coordinador [<a href=\"\/wrc-23\/wp-content\/uploads\/sites\/12\/2023\/05\/2.-reg-request-email.jpg\" style=\"color:#0076A1\" target=\"_blank\" rel=\"noopener\">vea un ejemplo<\/a>].<br><br><\/li>\n            <\/ul>\n            <p><strong>\u00bfNo recibe el correo-e?<\/strong><\/p>\n            <ul>\n            <li>Verifique sus datos personales en la cuenta de usuario de la UIT.<\/li>\n            <\/ul>\n\t\t\t\n\t\t\t\t<div class=\"bod-block-popup-closer\"><\/div>\n\t\t\t<\/div> \n\t\t\t<\/div> \n\t\t<\/div>\n\t<\/div>\n\t<div class=\"wp-block-bod-modal-block bod-block-popup\" data-span=\"3\">\n    <a href=\"javascript:void(0)\" style=\"color:#000000\" class=\"bod-block-popup-trigger type_text\">\n\t\n\t\t<div class=\"ituCard anim\">\n\t\t<div class=\"content center\">\n            <div class=\"main\">\n\t\t\t\t<img decoding=\"async\" src=\"\/wrc-23\/wp-content\/uploads\/sites\/12\/2021\/12\/WRC-23-icons-180x180-10.png\" class=\"icon\" alt=\"icon\">\n\t\t\t<p class=\"title\">Obtenci\u00f3n de aprobaci\u00f3n<\/p>\n\t\t\t<p><\/p>\n\t\t\t<\/div>\n\t\t<\/div>\n\t<\/div>\n\t\n\t <div style=\"background-color:rgba(0, 0, 0, 0.5)\" class=\"bod-block-popup-overlay\" data-disabled-overlay-close=\"false\"><\/div>\n\t \n    <\/a><div class=\"bod-block-popup-wrap undefined\"><a href=\"javascript:void(0)\" style=\"color:#000000\" class=\"bod-block-popup-trigger type_text\"> \n        <\/a><div style=\"background-color:#ffffff;border-radius:10px\" class=\"bod-block-popup size-m\"><a href=\"javascript:void(0)\" style=\"color:#000000\" class=\"bod-block-popup-trigger type_text\">\n        <\/a><div class=\"bod-modal-content\" style=\"margin:15px;\"><a href=\"javascript:void(0)\" style=\"color:#000000\" class=\"bod-block-popup-trigger type_text\">\n\n\t\t\t<h2><strong>3. Obtenci\u00f3n de aprobaci\u00f3n<\/strong><\/h2>\n\t\t\t<\/a><ul><a href=\"javascript:void(0)\" style=\"color:#000000\" class=\"bod-block-popup-trigger type_text\">\n\t\t\t<\/a><li><a href=\"javascript:void(0)\" style=\"color:#000000\" class=\"bod-block-popup-trigger type_text\">Una vez presentada, su solicitud de inscripci\u00f3n se transmite autom\u00e1ticamente al <\/a><a href=\"https:\/\/www.itu.int\/online\/mm\/scripts\/s\/gensel21?_lang=&amp;_event=C-00006136&amp;_event_type=ZSER\" style=\"color:#0076A1\">coordinador designado <\/a>&nbsp;correspondiente para su aprobaci\u00f3n.<br><br><\/li>\n\t\t\t<li>En caso de que su solicitud quede pendiente de aprobaci\u00f3n, dir\u00edjase directamente a su coordinador designado.<br><br><\/li>\n\t\t\t<li>Sin la aprobaci\u00f3n del coordinador designado no se podr\u00e1 participar en el evento, ya sea presencialmente o a distancia.<\/li>\n\t\t\t<\/ul>\n\t\t\n\t\t<div class=\"bod-block-popup-closer\"><\/div>\t\n<\/div> <\/div> <\/div> <\/div>\n\t\n\t<div class=\"wp-block-bod-modal-block bod-block-popup\" data-span=\"3\">\n    <a href=\"javascript:void(0)\" style=\"color:#000000\" class=\"bod-block-popup-trigger type_text\">\t\t\n\t\t\n\t\t<div class=\"ituCard anim\">\n\t\t<div class=\"content center\">\n            <div class=\"main\">\n\t\t\t\t<img decoding=\"async\" src=\"\/wrc-23\/wp-content\/uploads\/sites\/12\/2021\/12\/WRC-23-icons-180x180-11.png\" class=\"icon\" alt=\"icon\">\n\t\t\t<p class=\"title\">Confirmaci\u00f3n de inscripci\u00f3n<\/p>\n\t\t\t<p><\/p>\n\t\t\t<\/div>\n\t\t<\/div>\n\t<\/div>\n\t\n\t <div style=\"background-color:rgba(0, 0, 0, 0.5)\" class=\"bod-block-popup-overlay\" data-disabled-overlay-close=\"false\"><\/div>\n\t \n\t\t<\/a><div class=\"bod-block-popup-wrap undefined\"><a href=\"javascript:void(0)\" style=\"color:#000000\" class=\"bod-block-popup-trigger type_text\"> \n\t\t\t<\/a><div style=\"background-color:#ffffff;border-radius:10px\" class=\"bod-block-popup size-m\"><a href=\"javascript:void(0)\" style=\"color:#000000\" class=\"bod-block-popup-trigger type_text\">\n\t\t\t<\/a><div class=\"bod-modal-content\" style=\"margin:15px;\"><a href=\"javascript:void(0)\" style=\"color:#000000\" class=\"bod-block-popup-trigger type_text\">\n\t\t\t\t<h2><strong>4. Confirmaci\u00f3n de inscripci\u00f3n<\/strong><\/h2>\n\t\t\t\t<\/a><ul><a href=\"javascript:void(0)\" style=\"color:#000000\" class=\"bod-block-popup-trigger type_text\">\n\t\t\t\t<\/a><li><a href=\"javascript:void(0)\" style=\"color:#000000\" class=\"bod-block-popup-trigger type_text\">Una vez aprobada la inscripci\u00f3n por el coordinador designado, recibir\u00e1 un correo e de conformaci\u00f3n de la inscripci\u00f3n [<\/a><a href=\"\/wrc-23\/wp-content\/uploads\/sites\/12\/2023\/05\/4.-reg-confirmation-email.jpg\" style=\"color:#0076A1\" target=\"_blank\" rel=\"noopener\">vea un ejemplo<\/a>].<\/li><br>\n\t\t\t\t<li>Tambi\u00e9n se notificar\u00e1 a los participantes cuando el DFP rechace la solicitud de inscripci\u00f3n.<\/li>\n\t\t\t\t<\/ul>\n\t\t\t\t<div class=\"bod-block-popup-closer\"><\/div>\n\t\t\t<\/div> \n\t\t\t<\/div> \n\t\t<\/div>\n\t<\/div>\n<\/div>\n<br><br>\n<!-- Deuxi\u00e8me ligne --> \n\t\t\n\t\t<div class=\"ituContainer grid\">\n\t\t<a class=\"ituCard anim\" data-span=\"3\" href=\"\/wrc-23\/visa\/\">\n\t\t<div class=\"content center\">\n            <div class=\"main\">\n\t\t\t\t<img decoding=\"async\" src=\"\/wrc-23\/wp-content\/uploads\/sites\/12\/2023\/03\/visa.png\" class=\"icon\" alt=\"icon\">\n\t\t\t<p class=\"title\">Siguiente paso:<\/p> \n\t\t\t<p>Obtenci\u00f3n de un visado para EAU<\/p>\n            <\/div>\n\t\t<\/div>\n\t<\/a>\n\t\n\t<div class=\"wp-block-bod-modal-block bod-block-popup\" data-span=\"3\">\n\t\t<a href=\"javascript:void(0)\" class=\"bod-block-popup-trigger type_text\">\t\t\n\t\t\t\n\t\t\t<div class=\"ituCard anim\">\n\t\t\t<div class=\"content center\">\n\t\t\t\t<div class=\"main\">\n\t\t\t\t\t\t<img decoding=\"async\" src=\"\/wrc-23\/wp-content\/uploads\/sites\/12\/2021\/12\/WRC-23-icons-180x180-05.png\" class=\"icon\" alt=\"icon\">\n\t\t\t\t\t<p class=\"title\">M\u00e1s informaci\u00f3n<\/p> <br><br>\n\t\t\t\t\t<p><\/p>\n\t\t\t\t\t<\/div>\n\t\t\t\t<\/div>\n\t\t\t<\/div>\n\t\t\t<\/a>\n\t\t\n\t <div style=\"background-color:rgba(0, 0, 0, 0.5)\" class=\"bod-block-popup-overlay\" data-disabled-overlay-close=\"false\"><\/div>\n\t \n    <div class=\"bod-block-popup-wrap undefined\"> \n        <div style=\"background-color:#ffffff;border-radius:10px\" class=\"bod-block-popup size-m\">\n        <div class=\"bod-modal-content\" style=\"margin:15px;\">\n\t\t\n\t\t    <h2><strong>M\u00e1s informaci\u00f3n<\/strong><\/h2>\n    <ul>\n    <li><a href=\"https:\/\/www.itu.int\/en\/ITU-R\/information\/events\/Pages\/eventregistration.aspx\" style=\"color:#0076A1\">M\u00e1s informaci\u00f3n sobre la inscripci\u00f3n a eventos del UIT-R<\/a><\/li>\n    <li><a href=\"https:\/\/www.itu.int\/en\/events\/Pages\/Calendar-Events.aspx?sector=ITU-R\" style=\"color:#0076A1\">Calendario de eventos del UIT-R<\/a><\/li>\n    <\/ul>\n    <p>Si necesita ayuda, dir\u00edjase a<a href=\"mailto:itu-r.registrations@itu.int\" style=\"color:#0076A1\">itu-r.registrations@itu.int<\/a><\/p>  <\/div> \n\n\t\t<div class=\"bod-block-popup-closer\"><\/div>\n\t<\/div> \n\t<\/div> \n<\/div>\n<\/div><\/section>\n<\/div>                    <\/div>\n    <\/div>\n\n\n<div class=\"ituContainer\">\n<h2 class=\"wp-block-heading\">Informaci\u00f3n \u00fatil<\/h2>\n<\/div>\n\n    <section>\n        <div class=\"ituContainer grid\">\n                                                        <a class=\"ituCard anim\" data-span=\"3\" href=\"\/wrc-23\/es\/on-site-badge-collection\/badge-collection\/\" >\n                    <div class=\"content center\">\n                <div class=\"main\">\n                    <img decoding=\"async\" src=\"https:\/\/itu-app42363.pagelyhosting.com\/wrc-23\/wp-content\/uploads\/sites\/12\/2023\/04\/media_accreditation-icon.png\" class=\"icon\" alt=\"icon\" \/>\n                                            <p class=\"title\">Insignia in situ<\/p>\n                                                            <p>RA-23\/WRC-23 and CPM27-1<\/p>\n                                    <\/div>\n            <\/div>\n                    <\/a>\n    \n                                                        <a class=\"ituCard anim\" data-span=\"3\" href=\"https:\/\/www.itu.int\/online\/mm\/scripts\/s\/gensel23?_event=C-00012452&#038;_event_type=ZSER&#038;_dspnum=&#038;_sort=&#038;_filtertxt=&#038;_filtertxt2=&#038;lstsubmeet=%2CWRC-23&#038;_sg=WRC-23&#038;_presence=+&#038;_includeitustaff=on&#038;_includestaff=on\" target='blank' rel='noreferrer noopener'>\n                    <div class=\"content center\">\n                <div class=\"main\">\n                    <img decoding=\"async\" src=\"https:\/\/www.itu.int\/ra-23\/wp-content\/uploads\/sites\/10\/2022\/09\/WRC-23-icons-20.png\" class=\"icon\" alt=\"icon\" \/>\n                                            <p class=\"title\">Lista de participantes inscritos<\/p>\n                                                            <p>TIES restringidos<\/p>\n                                    <\/div>\n            <\/div>\n                    <\/a>\n    \n                    <\/div>\n    <\/section>\n","protected":false},"excerpt":{"rendered":"<p>Informaci\u00f3n \u00fatil<\/p>\n","protected":false},"author":5,"featured_media":0,"parent":3402,"menu_order":3,"comment_status":"closed","ping_status":"closed","template":"page-submenu.php","meta":{"_crdt_document":"","_uag_custom_page_level_css":"","footnotes":""},"folder":[],"class_list":["post-4210","page","type-page","status-publish","hentry"],"uagb_featured_image_src":{"full":false,"thumbnail":false,"medium":false,"medium_large":false,"large":false,"1536x1536":false,"2048x2048":false,"gs-tiny":false,"xl":false,"xxl":false,"xxxl":false,"xxxxl":false,"xxxxxl":false,"gform-image-choice-sm":false,"gform-image-choice-md":false,"gform-image-choice-lg":false},"uagb_author_info":{"display_name":"mgaillard","author_link":"https:\/\/itu-app42363.pagelyhosting.com\/wrc-23\/es\/author\/mgaillard\/"},"uagb_comment_info":0,"uagb_excerpt":"Informaci\u00f3n \u00fatil","_links":{"self":[{"href":"https:\/\/itu-app42363.pagelyhosting.com\/wrc-23\/es\/wp-json\/wp\/v2\/pages\/4210","targetHints":{"allow":["GET"]}}],"collection":[{"href":"https:\/\/itu-app42363.pagelyhosting.com\/wrc-23\/es\/wp-json\/wp\/v2\/pages"}],"about":[{"href":"https:\/\/itu-app42363.pagelyhosting.com\/wrc-23\/es\/wp-json\/wp\/v2\/types\/page"}],"author":[{"embeddable":true,"href":"https:\/\/itu-app42363.pagelyhosting.com\/wrc-23\/es\/wp-json\/wp\/v2\/users\/5"}],"replies":[{"embeddable":true,"href":"https:\/\/itu-app42363.pagelyhosting.com\/wrc-23\/es\/wp-json\/wp\/v2\/comments?post=4210"}],"version-history":[{"count":0,"href":"https:\/\/itu-app42363.pagelyhosting.com\/wrc-23\/es\/wp-json\/wp\/v2\/pages\/4210\/revisions"}],"up":[{"embeddable":true,"href":"https:\/\/itu-app42363.pagelyhosting.com\/wrc-23\/es\/wp-json\/wp\/v2\/pages\/3402"}],"wp:attachment":[{"href":"https:\/\/itu-app42363.pagelyhosting.com\/wrc-23\/es\/wp-json\/wp\/v2\/media?parent=4210"}],"wp:term":[{"taxonomy":"folder","embeddable":true,"href":"https:\/\/itu-app42363.pagelyhosting.com\/wrc-23\/es\/wp-json\/wp\/v2\/folder?post=4210"}],"curies":[{"name":"wp","href":"https:\/\/api.w.org\/{rel}","templated":true}]}}