{"id":4360,"date":"2023-02-22T16:16:25","date_gmt":"2023-02-22T15:16:25","guid":{"rendered":"https:\/\/itu-app42363.pagelyhosting.com\/wrc-23\/participation\/admision\/"},"modified":"2023-02-22T16:19:22","modified_gmt":"2023-02-22T15:19:22","slug":"admision","status":"publish","type":"page","link":"https:\/\/itu-app42363.pagelyhosting.com\/wrc-23\/es\/participation\/admision\/","title":{"rendered":"Admisi\u00f3n"},"content":{"rendered":"<div class=\"ituContainer\">\n<h2 class=\"wp-block-heading\"><strong>Admisi\u00f3n en la CMR-23:<\/strong><\/h2>\n<\/div>\n\n<div class=\"ituContainer\">\n<p class=\"wp-block-paragraph\">La Conferencia Mundial de Radiocomunicaciones de 2023 (CMR-23) est\u00e1 abierta a&nbsp;(v\u00e9ase el&nbsp;<a href=\"https:\/\/www.itu.int\/pub\/S-CONF-PLEN-2019\/es\">Convenio de la Uni\u00f3n Internacional de Telecomunicaciones<\/a>, Art\u00edculo&nbsp;24):<\/p>\n<\/div>\n\n<div class=\"ituContainer\">\n<p class=\"wp-block-paragraph\"><a href=\"https:\/\/www.itu.int\/hub\/membership\/our-members\/directory\/?myitu-members-states=true&amp;request=countries\">Los Estados Miembros<\/a>&nbsp;[CV\/277]<\/p>\n<\/div>\n\n<div class=\"ituContainer\">\n<p class=\"wp-block-paragraph\"><a href=\"https:\/\/www.itu.int\/online\/mm\/scripts\/gensel9\">El Estado de Palestina<\/a>&nbsp;[Resoluci\u00f3n 99 (Rev. Dub\u00e1i, 2018)]<\/p>\n<\/div>\n\n<div class=\"ituContainer\">\n<p class=\"wp-block-paragraph\"><strong>Observadores con car\u00e1cter consultivo<\/strong>&nbsp;(v\u00e9ase la Resoluci\u00f3n 145 (Antalya, 2006)):<\/p>\n<\/div>\n\n<div class=\"ituContainer\">\n<ul class=\"wp-block-list\"><div class=\"ituContainer\">\n<li>Naciones Unidas&nbsp;[CV\/269A] admitidas en virtud del CV\/278;<\/li>\n<\/div>\n\n<div class=\"ituContainer\">\n<li><a href=\"https:\/\/www.itu.int\/online\/mm\/scripts\/gensel11?_memb=OTHERORGS\">organizaciones regionales de telecomunicaciones<\/a>&nbsp;[CV\/269B] admitidas en virtud del CV\/278;<\/li>\n<\/div>\n\n<div class=\"ituContainer\">\n<li><a href=\"https:\/\/www.itu.int\/online\/mm\/scripts\/gensel11?_memb=OTHERORGS\">organizaciones intergubernamentales que explotan sistemas de sat\u00e9lites<\/a>&nbsp;[CV\/269C], admitidas en virtud del CV\/278;<\/li>\n<\/div>\n\n<div class=\"ituContainer\">\n<li>organismos especializados de las Naciones Unidas y el Organismo Internacional de Energ\u00eda At\u00f3mica [CV\/269D], admitidos en virtud del CV\/278;<\/li>\n<\/div>\n\n<div class=\"ituContainer\">\n<li>otras organizaciones internacionales admitidas en virtud del n\u00famero CV\/279, invitadas de conformidad con los n\u00fameros&nbsp;14 y 15 del Reglamento General y admitidas en virtud del n\u00famero 16 del Reglamento General.<\/li>\n<\/div><\/ul>\n<\/div>\n\n<div class=\"ituContainer\">\n<p class=\"wp-block-paragraph\"><strong>Observadores de los&nbsp;<\/strong><a href=\"https:\/\/www.itu.int\/online\/mm\/scripts\/gensel11?_sect=R\"><strong>Miembros de Sector del Sector de Radiocomunicaciones&nbsp;<\/strong><\/a><strong>sin capacidad asesora<\/strong>&nbsp;(v\u00e9ase la Resoluci\u00f3n 145 (Antalya, 2006))<\/p>\n<\/div>\n\n<div class=\"ituContainer\">\n<ul class=\"wp-block-list\"><div class=\"ituContainer\">\n<li>Empresas de explotaci\u00f3n reconocidas&nbsp;(CV\/229), admitidas en virtud del CV280<\/li>\n<\/div>\n\n<div class=\"ituContainer\">\n<li>Organismos cient\u00edficos o industriales&nbsp;(CV\/229), admitidos en virtud del CV280<\/li>\n<\/div>\n\n<div class=\"ituContainer\">\n<li>Instituciones de financiaci\u00f3n o de desarrollo&nbsp;(CV\/229), admitidas en virtud del CV280<\/li>\n<\/div>\n\n<div class=\"ituContainer\">\n<li>Otras entidades que se ocupen de cuestiones de telecomunicaciones&nbsp;(CV230), admitidas en virtud del CV280<\/li>\n<\/div><\/ul>\n<\/div>\n\n<div class=\"ituContainer\">\n<p class=\"wp-block-paragraph\">Organizaciones regionales u otras organizaciones internacionales\u00a0(CV231), admitidas en virtud del CV280 Organizaciones y entidades a que se hace referencia en el n\u00famero\u00a0476\u00a0del Convenio y en los p\u00e1rrafos 1b) y 5b) del Art\u00edculo 7 del Reglamento Financiero aplicables a esta Conferencia.<\/p>\n<\/div>","protected":false},"excerpt":{"rendered":"<p>Admisi\u00f3n en la CMR-23: La Conferencia Mundial de Radiocomunicaciones de 2023 (CMR-23) est\u00e1 abierta a&nbsp;(v\u00e9ase el&nbsp;Convenio de la Uni\u00f3n Internacional de Telecomunicaciones, Art\u00edculo&nbsp;24): Los Estados Miembros&nbsp;[CV\/277] El Estado de Palestina&nbsp;[Resoluci\u00f3n 99 (Rev. Dub\u00e1i, 2018)] Observadores con car\u00e1cter consultivo&nbsp;(v\u00e9ase la Resoluci\u00f3n 145 (Antalya, 2006)): Observadores de los&nbsp;Miembros de Sector del Sector de Radiocomunicaciones&nbsp;sin capacidad asesora&nbsp;(v\u00e9ase la [&hellip;]<\/p>\n","protected":false},"author":5,"featured_media":0,"parent":3402,"menu_order":3,"comment_status":"closed","ping_status":"closed","template":"page-submenu.php","meta":{"_crdt_document":"","_uag_custom_page_level_css":"","footnotes":""},"folder":[],"class_list":["post-4360","page","type-page","status-publish","hentry"],"uagb_featured_image_src":{"full":false,"thumbnail":false,"medium":false,"medium_large":false,"large":false,"1536x1536":false,"2048x2048":false,"gs-tiny":false,"xl":false,"xxl":false,"xxxl":false,"xxxxl":false,"xxxxxl":false,"gform-image-choice-sm":false,"gform-image-choice-md":false,"gform-image-choice-lg":false},"uagb_author_info":{"display_name":"mgaillard","author_link":"https:\/\/itu-app42363.pagelyhosting.com\/wrc-23\/es\/author\/mgaillard\/"},"uagb_comment_info":0,"uagb_excerpt":"Admisi\u00f3n en la CMR-23: La Conferencia Mundial de Radiocomunicaciones de 2023 (CMR-23) est\u00e1 abierta a&nbsp;(v\u00e9ase el&nbsp;Convenio de la Uni\u00f3n Internacional de Telecomunicaciones, Art\u00edculo&nbsp;24): Los Estados Miembros&nbsp;[CV\/277] El Estado de Palestina&nbsp;[Resoluci\u00f3n 99 (Rev. Dub\u00e1i, 2018)] Observadores con car\u00e1cter consultivo&nbsp;(v\u00e9ase la Resoluci\u00f3n 145 (Antalya, 2006)): Observadores de los&nbsp;Miembros de Sector del Sector de Radiocomunicaciones&nbsp;sin capacidad asesora&nbsp;(v\u00e9ase la&hellip;","_links":{"self":[{"href":"https:\/\/itu-app42363.pagelyhosting.com\/wrc-23\/es\/wp-json\/wp\/v2\/pages\/4360","targetHints":{"allow":["GET"]}}],"collection":[{"href":"https:\/\/itu-app42363.pagelyhosting.com\/wrc-23\/es\/wp-json\/wp\/v2\/pages"}],"about":[{"href":"https:\/\/itu-app42363.pagelyhosting.com\/wrc-23\/es\/wp-json\/wp\/v2\/types\/page"}],"author":[{"embeddable":true,"href":"https:\/\/itu-app42363.pagelyhosting.com\/wrc-23\/es\/wp-json\/wp\/v2\/users\/5"}],"replies":[{"embeddable":true,"href":"https:\/\/itu-app42363.pagelyhosting.com\/wrc-23\/es\/wp-json\/wp\/v2\/comments?post=4360"}],"version-history":[{"count":0,"href":"https:\/\/itu-app42363.pagelyhosting.com\/wrc-23\/es\/wp-json\/wp\/v2\/pages\/4360\/revisions"}],"up":[{"embeddable":true,"href":"https:\/\/itu-app42363.pagelyhosting.com\/wrc-23\/es\/wp-json\/wp\/v2\/pages\/3402"}],"wp:attachment":[{"href":"https:\/\/itu-app42363.pagelyhosting.com\/wrc-23\/es\/wp-json\/wp\/v2\/media?parent=4360"}],"wp:term":[{"taxonomy":"folder","embeddable":true,"href":"https:\/\/itu-app42363.pagelyhosting.com\/wrc-23\/es\/wp-json\/wp\/v2\/folder?post=4360"}],"curies":[{"name":"wp","href":"https:\/\/api.w.org\/{rel}","templated":true}]}}