{"id":3034,"date":"2022-04-20T08:33:14","date_gmt":"2022-04-20T07:33:14","guid":{"rendered":"https:\/\/itu-app42363.pagelyhosting.com\/wrc-23\/conferences-precedentes\/"},"modified":"2022-05-05T13:28:47","modified_gmt":"2022-05-05T12:28:47","slug":"previous-conferences","status":"publish","type":"page","link":"https:\/\/itu-app42363.pagelyhosting.com\/wrc-23\/fr\/previous-conferences\/","title":{"rendered":"Conf\u00e9rences pr\u00e9c\u00e9dentes"},"content":{"rendered":"    <div class=\"ituContainer grid\">\n        <div data-span=\"12\">\n                            <div class=\"ituContainer\">\n<ul id=\"block-9b602988-e3fe-4069-8aef-2c6ff3f4b163\" class=\"eplus-YcHgCu wp-block-list\"><li><strong><a href=\"https:\/\/www.itu.int\/en\/ITU-R\/conferences\/wrc\/2019\/Pages\/default.aspx\">Conf\u00e9rence mondiale des radiocommunications 2019<\/a><br><\/strong>28 OCTOBRE &#8211; 22 NOVEMBRE &nbsp;2019;CHARM EL-CHEIKH, EGYPTE<\/li><\/ul>\n<\/div>                            <div class=\"ituContainer\">\n<hr class=\"wp-block-separator has-text-color has-background has-vivid-cyan-blue-background-color has-vivid-cyan-blue-color eplus-OB4ONY is-style-wide\"\/>\n<\/div>                            <div class=\"ituContainer\">\n<ul class=\"eplus-vhjicv wp-block-list\"><li><strong><a href=\"https:\/\/www.itu.int\/en\/ITU-R\/conferences\/wrc\/2015\">Conf\u00e9rence mondiale des radiocommunications 2015 <\/a><br><\/strong>2-27 NOVEMBRE 2015 &nbsp;GEN\u00c8VE, SUISSE<\/li><\/ul>\n<\/div>                            <div class=\"ituContainer\">\n<hr class=\"wp-block-separator has-text-color has-background has-vivid-cyan-blue-background-color has-vivid-cyan-blue-color eplus-OWPrhH is-style-wide\"\/>\n<\/div>                            <div class=\"ituContainer\">\n<ul class=\"eplus-poYiZt wp-block-list\"><li><strong><a href=\"https:\/\/www.itu.int\/ITU-R\/go\/wrc-12\/en\">Conf\u00e9rence mondiale des radiocommunications 2012 (CMR-12)<\/a><br><\/strong> 23 JANVIER &#8211; 17 F\u00c9VRIER 2012&nbsp; GEN\u00c8VE, SUISSE<\/li><\/ul>\n<\/div>                            <div class=\"ituContainer\">\n<hr class=\"wp-block-separator has-text-color has-background has-vivid-cyan-blue-background-color has-vivid-cyan-blue-color eplus-wO2q9H is-style-wide\"\/>\n<\/div>                            <div class=\"ituContainer\">\n<ul class=\"eplus-R1i5wU wp-block-list\"><li><strong><a href=\"https:\/\/www.itu.int\/ITU-R\/go\/wrc-07\/en\">Conf\u00e9rence mondiale des radiocommunications 2007 (CMR-07)<\/a> <br><\/strong> 22 OCTOBRE &#8211; 16 NOVEMBRE 2007&nbsp; GEN\u00c8VE, SUISSE<\/li><\/ul>\n<\/div>                            <div class=\"ituContainer\">\n<hr class=\"wp-block-separator has-text-color has-background has-vivid-cyan-blue-background-color has-vivid-cyan-blue-color eplus-ThFgMm is-style-wide\"\/>\n<\/div>                            <div class=\"ituContainer\">\n<ul id=\"block-9b602988-e3fe-4069-8aef-2c6ff3f4b163\" class=\"eplus-VFTzHX wp-block-list\"><li><strong><a href=\"https:\/\/www.itu.int\/ITU-R\/go\/wrc-03\/en\">Conf\u00e9rence mondiale des radiocommunications 2003 (CMR-03)<\/a><br><\/strong> 9 JUIN &#8211; 4 JUILLET 2003&nbsp; GEN\u00c8VE, SUISSE<br><\/li><\/ul>\n<\/div>                            <div class=\"ituContainer\">\n<hr class=\"wp-block-separator has-text-color has-background has-vivid-cyan-blue-background-color has-vivid-cyan-blue-color eplus-4exnGY is-style-wide\"\/>\n<\/div>                            <div class=\"ituContainer\">\n<ul id=\"block-9b602988-e3fe-4069-8aef-2c6ff3f4b163\" class=\"eplus-mIiWoH wp-block-list\"><li><strong><a href=\"https:\/\/www.itu.int\/ITU-R\/go\/wrc-00\/en\">Conf\u00e9rence mondiale des radiocommunications 2000 (CMR-2000)<\/a> <br><\/strong> 8 MAI &#8211; 2 JUIN 2000&nbsp; ISTANBUL, TURQUIE<\/li><\/ul>\n<\/div>                            <div class=\"ituContainer\">\n<hr class=\"wp-block-separator has-text-color has-background has-vivid-cyan-blue-background-color has-vivid-cyan-blue-color eplus-eyIIKf is-style-wide\"\/>\n<\/div>                            <div class=\"ituContainer\">\n<ul id=\"block-9b602988-e3fe-4069-8aef-2c6ff3f4b163\" class=\"eplus-N8f3FO wp-block-list\"><li><strong><a href=\"https:\/\/www.itu.int\/ITU-R\/go\/wrc-97\/en\">Conf\u00e9rence mondiale des radiocommunications 1997 (CMR-97)<\/a><br><\/strong> 27 OCTOBRE &#8211; 21 NOVEMBRE 1997&nbsp; GEN\u00c8VE, SUISSE<br><\/li><\/ul>\n<\/div>                            <div class=\"ituContainer\">\n<hr class=\"wp-block-separator has-text-color has-background has-vivid-cyan-blue-background-color has-vivid-cyan-blue-color eplus-Ge0Q7m is-style-wide\"\/>\n<\/div>                            <div class=\"ituContainer\">\n<ul class=\"eplus-x01lBc wp-block-list\"><li><strong><a href=\"https:\/\/www.itu.int\/ITU-R\/go\/wrc-95\/en\">Conf\u00e9rence mondiale des radiocommunications 1995 (CMR-95)<\/a><br><\/strong> 23 OCTOBRE &#8211; 17 NOVEMBRE 1995&nbsp; GEN\u00c8VE, SUISSE<\/li><\/ul>\n<\/div>                            <div class=\"ituContainer\">\n<hr class=\"wp-block-separator has-text-color has-background has-vivid-cyan-blue-background-color has-vivid-cyan-blue-color is-style-wide eplus-sXI4ES\"\/>\n<\/div>                            <div class=\"ituContainer\">\n<ul class=\"eplus-W9UPOu wp-block-list\"><li><strong><a href=\"http:\/\/handle.itu.int\/11.1004\/020.1000\/4.123\">Conf\u00e9rence mondiale des radiocommunications 1993 (CMR-93)<\/a><br><\/strong> 15 &#8211; 19 NOVEMBRE 1995 GENEVA, SWITZERLAND<\/li><\/ul>\n<\/div>                            <div class=\"ituContainer\">\n<hr class=\"wp-block-separator has-text-color has-background has-vivid-cyan-blue-background-color has-vivid-cyan-blue-color eplus-NeCBkd is-style-wide\"\/>\n<\/div>                    <\/div>\n    <\/div>\n","protected":false},"excerpt":{"rendered":"","protected":false},"author":5,"featured_media":0,"parent":0,"menu_order":4,"comment_status":"closed","ping_status":"closed","template":"page-banner-blue.php","meta":{"_crdt_document":"","_uag_custom_page_level_css":"","footnotes":""},"folder":[],"class_list":["post-3034","page","type-page","status-publish","hentry"],"uagb_featured_image_src":{"full":false,"thumbnail":false,"medium":false,"medium_large":false,"large":false,"1536x1536":false,"2048x2048":false,"gs-tiny":false,"xl":false,"xxl":false,"xxxl":false,"xxxxl":false,"xxxxxl":false,"gform-image-choice-sm":false,"gform-image-choice-md":false,"gform-image-choice-lg":false},"uagb_author_info":{"display_name":"mgaillard","author_link":"https:\/\/itu-app42363.pagelyhosting.com\/wrc-23\/fr\/author\/mgaillard\/"},"uagb_comment_info":0,"uagb_excerpt":null,"_links":{"self":[{"href":"https:\/\/itu-app42363.pagelyhosting.com\/wrc-23\/fr\/wp-json\/wp\/v2\/pages\/3034","targetHints":{"allow":["GET"]}}],"collection":[{"href":"https:\/\/itu-app42363.pagelyhosting.com\/wrc-23\/fr\/wp-json\/wp\/v2\/pages"}],"about":[{"href":"https:\/\/itu-app42363.pagelyhosting.com\/wrc-23\/fr\/wp-json\/wp\/v2\/types\/page"}],"author":[{"embeddable":true,"href":"https:\/\/itu-app42363.pagelyhosting.com\/wrc-23\/fr\/wp-json\/wp\/v2\/users\/5"}],"replies":[{"embeddable":true,"href":"https:\/\/itu-app42363.pagelyhosting.com\/wrc-23\/fr\/wp-json\/wp\/v2\/comments?post=3034"}],"version-history":[{"count":0,"href":"https:\/\/itu-app42363.pagelyhosting.com\/wrc-23\/fr\/wp-json\/wp\/v2\/pages\/3034\/revisions"}],"wp:attachment":[{"href":"https:\/\/itu-app42363.pagelyhosting.com\/wrc-23\/fr\/wp-json\/wp\/v2\/media?parent=3034"}],"wp:term":[{"taxonomy":"folder","embeddable":true,"href":"https:\/\/itu-app42363.pagelyhosting.com\/wrc-23\/fr\/wp-json\/wp\/v2\/folder?post=3034"}],"curies":[{"name":"wp","href":"https:\/\/api.w.org\/{rel}","templated":true}]}}