{"id":3055,"date":"2022-04-20T10:17:17","date_gmt":"2022-04-20T09:17:17","guid":{"rendered":"https:\/\/itu-app42363.pagelyhosting.com\/wrc-23\/dates-et-echeances-principales-2\/"},"modified":"2023-01-20T10:32:16","modified_gmt":"2023-01-20T09:32:16","slug":"key-dates","status":"publish","type":"page","link":"https:\/\/itu-app42363.pagelyhosting.com\/wrc-23\/fr\/programme\/key-dates\/","title":{"rendered":"Dates et \u00e9ch\u00e9ances principales"},"content":{"rendered":"    <div class=\"ituContainer grid\">\n        <div data-span=\"12\">\n                            <div class=\"ituContainer\">\n<h2 class=\"eplus-alPDC9 eplus-wrapper wp-block-heading\" id=\"key-dates-and-deadlines\">Dates et \u00e9ch\u00e9ances principales<\/h2>\n<\/div>                                <section>\n        <div class=\"ituContainer grid\">\n            <ul class=\"ituTimeline\" data-span=\"8\">\n                                        <li>\n        <div class=\"ituCard alt\">\n            <div class=\"main\">\n                <div class=\"content\">\n                    <strong>27 mars \u2013 6 avril 2023 :\u00a0<\/strong>RPC23-2 \u2013 Seconde session de la R\u00e9union de pr\u00e9paration \u00e0 la Conf\u00e9rence R\u00e9union en vue de la CMR-23 \u2013 Gen\u00e8ve, Suisse                <\/div>\n            <\/div>\n        <\/div>\n    <\/li>\n                                        <li>\n        <div class=\"ituCard alt\">\n            <div class=\"main\">\n                <div class=\"content\">\n                    <strong>13 &#8211; 17 novembre 2023 : AR<\/strong>-23 \u2013 Assembl\u00e9e des radiocommunications de 2023 (AR-23) \u2013 Duba\u00ef, \u00c9mirats arabes unis                <\/div>\n            <\/div>\n        <\/div>\n    <\/li>\n                                        <li>\n        <div class=\"ituCard alt\">\n            <div class=\"main\">\n                <div class=\"content\">\n                    <strong>20 novembre &#8211; 15 d\u00e9cembre 2023 :\u00a0<\/strong>CMR-23 \u2013 Conf\u00e9rence mondiale des radiocommunications 2023 &#8211; Duba\u00ef, \u00c9mirats arabes unis                 <\/div>\n            <\/div>\n        <\/div>\n    <\/li>\n                                        <li>\n        <div class=\"ituCard alt\">\n            <div class=\"main\">\n                <div class=\"content\">\n                    <strong>18 &#8211; 19 d\u00e9cembre 2023 :\u00a0<\/strong>RPC27-1 \u2013 Premi\u00e8re session de la R\u00e9union de pr\u00e9paration \u00e0 la Conf\u00e9rence R\u00e9union de pr\u00e9paration \u00e0 la Conf\u00e9rence en vue de la CMR-27 \u2013 Duba\u00ef, \u00c9mirats arabes unis                 <\/div>\n            <\/div>\n        <\/div>\n    <\/li>\n                            <\/ul>\n        <\/div>\n    <\/section>\n                    <\/div>\n    <\/div>\n","protected":false},"excerpt":{"rendered":"","protected":false},"author":5,"featured_media":0,"parent":3059,"menu_order":3,"comment_status":"closed","ping_status":"closed","template":"page-submenu.php","meta":{"_crdt_document":"","_uag_custom_page_level_css":"","footnotes":""},"folder":[],"class_list":["post-3055","page","type-page","status-publish","hentry"],"uagb_featured_image_src":{"full":false,"thumbnail":false,"medium":false,"medium_large":false,"large":false,"1536x1536":false,"2048x2048":false,"gs-tiny":false,"xl":false,"xxl":false,"xxxl":false,"xxxxl":false,"xxxxxl":false,"gform-image-choice-sm":false,"gform-image-choice-md":false,"gform-image-choice-lg":false},"uagb_author_info":{"display_name":"mgaillard","author_link":"https:\/\/itu-app42363.pagelyhosting.com\/wrc-23\/fr\/author\/mgaillard\/"},"uagb_comment_info":0,"uagb_excerpt":null,"_links":{"self":[{"href":"https:\/\/itu-app42363.pagelyhosting.com\/wrc-23\/fr\/wp-json\/wp\/v2\/pages\/3055","targetHints":{"allow":["GET"]}}],"collection":[{"href":"https:\/\/itu-app42363.pagelyhosting.com\/wrc-23\/fr\/wp-json\/wp\/v2\/pages"}],"about":[{"href":"https:\/\/itu-app42363.pagelyhosting.com\/wrc-23\/fr\/wp-json\/wp\/v2\/types\/page"}],"author":[{"embeddable":true,"href":"https:\/\/itu-app42363.pagelyhosting.com\/wrc-23\/fr\/wp-json\/wp\/v2\/users\/5"}],"replies":[{"embeddable":true,"href":"https:\/\/itu-app42363.pagelyhosting.com\/wrc-23\/fr\/wp-json\/wp\/v2\/comments?post=3055"}],"version-history":[{"count":0,"href":"https:\/\/itu-app42363.pagelyhosting.com\/wrc-23\/fr\/wp-json\/wp\/v2\/pages\/3055\/revisions"}],"up":[{"embeddable":true,"href":"https:\/\/itu-app42363.pagelyhosting.com\/wrc-23\/fr\/wp-json\/wp\/v2\/pages\/3059"}],"wp:attachment":[{"href":"https:\/\/itu-app42363.pagelyhosting.com\/wrc-23\/fr\/wp-json\/wp\/v2\/media?parent=3055"}],"wp:term":[{"taxonomy":"folder","embeddable":true,"href":"https:\/\/itu-app42363.pagelyhosting.com\/wrc-23\/fr\/wp-json\/wp\/v2\/folder?post=3055"}],"curies":[{"name":"wp","href":"https:\/\/api.w.org\/{rel}","templated":true}]}}