{"id":3231,"date":"2021-11-03T13:26:48","date_gmt":"2021-11-03T13:26:48","guid":{"rendered":"https:\/\/itu-app42363.pagelyhosting.com\/wrc-23\/a-propos\/about-wrcs\/"},"modified":"2023-03-14T11:39:33","modified_gmt":"2023-03-14T10:39:33","slug":"about-wrcs","status":"publish","type":"page","link":"https:\/\/itu-app42363.pagelyhosting.com\/wrc-23\/fr\/about\/about-wrcs\/","title":{"rendered":"\u00c0 propos des CMR"},"content":{"rendered":"    <div class=\"ituContainer grid\">\n        <div data-span=\"12\">\n                            <div class=\"ituContainer\">\n<div class=\"wp-block-columns eplus-vCyu4P eplus-wrapper is-layout-flex wp-container-core-columns-is-layout-8f761849 wp-block-columns-is-layout-flex\"><div class=\"ituContainer\">\n<div class=\"wp-block-column eplus-DiSeMR eplus-wrapper is-layout-flow wp-block-column-is-layout-flow\" style=\"flex-basis:100%\"><div class=\"ituContainer\">\n<h2 class=\"eplus-2zmDZt eplus-wrapper wp-block-heading\" id=\"world-radiocommunication-conferences-wrc\">Conf\u00e9rence mondiale des radiocommunications (CMR)<\/h2>\n<\/div>\n\n<div class=\"ituContainer\">\n<p class=\"eplus-Vdu1Br eplus-wrapper wp-block-paragraph\">Les conf\u00e9rences mondiales des radiocommunications (CMR) ont lieu tous les trois \u00e0 quatre ans. Elles examinent et, s&rsquo;il y a lieu, r\u00e9visent le <a href=\"https:\/\/www.itu.int\/en\/myitu\/Publications\/2020\/09\/02\/14\/23\/Radio-Regulations-2020\">R\u00e8glement des radiocommunications<\/a>, trait\u00e9 international r\u00e9gissant l&rsquo;utilisation du spectre des fr\u00e9quences radio\u00e9lectriques et des orbites des satellites g\u00e9ostationnaires et non g\u00e9ostationnaires. Les modifications du R\u00e8glement sont apport\u00e9es en fonction de l&rsquo;ordre du jour adopt\u00e9 par le <a href=\"https:\/\/www.itu.int\/fr\/council\">Conseil de l&rsquo;UIT<\/a>, compte tenu des recommandations formul\u00e9es par les conf\u00e9rences mondiales des radiocommunications pr\u00e9c\u00e9dentes. La port\u00e9e g\u00e9n\u00e9rale de l\u2019ordre du jour des conf\u00e9rences mondiales des radiocommunications est \u00e9tablie quatre \u00e0 six ans \u00e0 l\u2019avance, l\u2019ordre du jour final \u00e9tant fix\u00e9 par le Conseil de l\u2019UIT deux ans avant la Conf\u00e9rence, avec l\u2019accord d\u2019une majorit\u00e9 d\u2019\u00c9tats Membres. Aux termes de la <a href=\"https:\/\/www.itu.int\/pub\/S-CONF-PLEN\/fr\">Constitution de l&rsquo;UIT<\/a>, les CMR peuvent :<\/p>\n<\/div>\n\n<div class=\"ituContainer\">\n<ul class=\"eplus-Q6ufRC eplus-wrapper wp-block-list\"><div class=\"ituContainer\">\n<li>r\u00e9viser le R\u00e8glement des radiocommunications et tous les plans connexes d\u2019attribution et d\u2019attribution de fr\u00e9quences;<\/li>\n<\/div>\n\n<div class=\"ituContainer\">\n<li>traiter toute question de radiocommunication de caract\u00e8re mondial;<\/li>\n<\/div>\n\n<div class=\"ituContainer\">\n<li>donner des instructions&nbsp; au <a href=\"https:\/\/www.itu.int\/fr\/ITU-R\/conferences\/RRB\">Conseil de r\u00e9glementation des radiocommunications<\/a>&nbsp; et au &nbsp;<a href=\"\/wrc-23\/radiocommunication-bureau\/\">Bureau des radiocommunications<\/a> et examiner leurs activit\u00e9s;<\/li>\n<\/div>\n\n<div class=\"ituContainer\">\n<li>d\u00e9terminer &nbsp;<a href=\"https:\/\/www.itu.int\/pub\/R-QUE\/fr\">les questions<\/a>&nbsp; \u00e0 \u00e9tudier par &nbsp;<a href=\"https:\/\/www.itu.int\/en\/ITU-R\/conferences\/RA\">l\u2019Assembl\u00e9e des radiocommunications<\/a> &nbsp;et ses &nbsp;<a href=\"https:\/\/www.itu.int\/fr\/ITU-R\/study-groups\">groupes d\u2019\u00e9tude<\/a> &nbsp;en vue des futures conf\u00e9rences sur les radiocommunications.<\/li>\n<\/div><\/ul>\n<\/div>\n\n<div class=\"ituContainer\">\n<p class=\"eplus-syc5eq eplus-wrapper wp-block-paragraph\">Sur la base des contributions des administrations, des groupes d\u2019\u00e9tude des radiocommunications et d\u2019autres sources (voir l\u2019article 19 de la Convention (Gen\u00e8ve, 1992)) concernant les questions r\u00e9glementaires, techniques, op\u00e9rationnelles et proc\u00e9durales \u00e0 examiner par les conf\u00e9rences mondiales et r\u00e9gionales des radiocommunications, la&nbsp;<a href=\"https:\/\/www.itu.int\/en\/ITU-R\/study-groups\/rcpm\/Pages\/cpm-23.aspx\">R\u00e9union pr\u00e9paratoire de la Conf\u00e9rence (CPM)<\/a> &nbsp;\u00e9tablit un rapport de synth\u00e8se \u00e0 utiliser \u00e0 l\u2019appui des travaux de ces conf\u00e9rences.<\/p>\n<\/div>\n\n<div class=\"ituContainer\">\n<h2 class=\"wp-block-heading\" id=\"site-web-du-pays-hote\">Site web du pays h\u00f4te<a rel=\"noreferrer noopener\" href=\"https:\/\/dubaiwrc23.ae\/home\" target=\"_blank\"><\/a><\/h2>\n<\/div>\n\n<div class=\"ituContainer\">\n<p class=\"wp-block-paragraph\"><a href=\"https:\/\/dubaiwrc23.ae\/home\" target=\"_blank\" rel=\"noreferrer noopener\">Site web du pays h\u00f4te<\/a><\/p>\n<\/div>\n\n<div class=\"ituContainer\">\n<h2 class=\"wp-block-heading\" id=\"logos-et-identite-visuelle\">Logos et identit\u00e9 visuelle<\/h2>\n<\/div>\n\n<div class=\"ituContainer\">\n<p class=\"wp-block-paragraph\"><a href=\"https:\/\/itu-app42363.pagelyhosting.com\/wrc-23\/fr\/use-of-logo\/\">Utilisation des logos de l\u2019UIT et de la CMR-23<\/a><\/p>\n<\/div>\n\n<div class=\"ituContainer\">\n<h2 class=\"eplus-34b56D eplus-wrapper wp-block-heading\" id=\"history-portal\">Faits historiques<\/h2>\n<\/div>\n\n<div class=\"ituContainer\">\n<ul id=\"block-ca31de93-0e9f-4fc6-a372-f779a28fb9a5\" class=\"eplus-q2I6UH eplus-wrapper wp-block-list\"><div class=\"ituContainer\">\n<li><a href=\"https:\/\/www.itu.int\/fr\/history\/Pages\/FocusOnRadiocommunication.aspx\">Faits saillants historiques: l\u2019UIT et les radiocommunications<\/a><\/li>\n<\/div>\n\n<div class=\"ituContainer\">\n<li><a href=\"https:\/\/www.itu.int\/en\/history\/Pages\/CompleteListOfRadioConferences.aspx\">Liste compl\u00e8te des conf\u00e9rences sur les radiot\u00e9l\u00e9graphes et les radiocommunications<\/a><\/li>\n<\/div><\/ul>\n<\/div><\/div>\n<\/div><\/div>\n<\/div>                    <\/div>\n    <\/div>\n\n\n    <div class=\"ituContainer grid\">\n        <div data-span=\"12\">\n                            <div class=\"ituContainer\">\n<h2 class=\"eplus-ILWnKs eplus-wrapper wp-block-heading\" id=\"previous-conferences\">Conf\u00e9rences pr\u00e9c\u00e9dentes<\/h2>\n<\/div>                                <section>\n        <div class=\"ituContainer grid\">\n                                                <a class=\"ituCard anim bg hor\" href=\"https:\/\/www.itu.int\/fr\/ITU-R\/conferences\/wrc\/2019\/Pages\/default.aspx\" data-span=\"6\" target=\"\">\n        <img decoding=\"async\" class=\"square\" src=\"https:\/\/itu-app42363.pagelyhosting.com\/wrc-23\/wp-content\/uploads\/sites\/12\/2021\/12\/Mask-Group-47-1.jpg\" alt=\"\" \/>\n        <div class=\"content\">\n            <div class=\"main\">\n                <p class=\"title\">Conf\u00e9rence mondiale des radiocommunications 2019 (CMR-19)<\/p>\n\n            <\/div>\n            <div class=\"addInfo\"> Charm el-Cheikh, \u00c9gypte<\/div>\n        <\/div>\n    <\/a>\n\n                                                <a class=\"ituCard anim bg hor\" href=\"https:\/\/www.itu.int\/fr\/ITU-R\/conferences\/wrc\/2015\" data-span=\"6\" target=\"\">\n        <img decoding=\"async\" class=\"square\" src=\"https:\/\/itu-app42363.pagelyhosting.com\/wrc-23\/wp-content\/uploads\/sites\/12\/2021\/12\/Mask-Group-46-1.jpg\" alt=\"\" \/>\n        <div class=\"content\">\n            <div class=\"main\">\n                <p class=\"title\"> Conf\u00e9rence mondiale des radiocommunications 2015 (CMR-15) <\/p>\n\n            <\/div>\n            <div class=\"addInfo\">Gen\u00e8ve, Suisse<\/div>\n        <\/div>\n    <\/a>\n\n                                                <a class=\"ituCard anim bg hor\" href=\"https:\/\/www.itu.int\/net\/ITU-R\/index.asp?category=conferences&#038;rlink=wrc-12&#038;lang=fr\" data-span=\"6\" target=\"\">\n        <img decoding=\"async\" class=\"square\" src=\"https:\/\/itu-app42363.pagelyhosting.com\/wrc-23\/wp-content\/uploads\/sites\/12\/2021\/12\/Mask-Group-45-1.jpg\" alt=\"\" \/>\n        <div class=\"content\">\n            <div class=\"main\">\n                <p class=\"title\"> Conf\u00e9rence mondiale des radiocommunications 2012 (CMR-12) <\/p>\n\n            <\/div>\n            <div class=\"addInfo\">Gen\u00e8ve, Suisse<\/div>\n        <\/div>\n    <\/a>\n\n                                                <a class=\"ituCard anim bg hor\" href=\"https:\/\/www.itu.int\/net\/ITU-R\/index.asp?category=conferences&#038;rlink=wrc-07&#038;lang=fr\" data-span=\"6\" target=\"\">\n        <img decoding=\"async\" class=\"square\" src=\"https:\/\/itu-app42363.pagelyhosting.com\/wrc-23\/wp-content\/uploads\/sites\/12\/2021\/12\/Photo-Mr-Rancy-scaled.jpg\" alt=\"\" \/>\n        <div class=\"content\">\n            <div class=\"main\">\n                <p class=\"title\"> Conf\u00e9rence mondiale des radiocommunications 2007 (CMR-07) <\/p>\n\n            <\/div>\n            <div class=\"addInfo\">Gen\u00e8ve, Suisse<\/div>\n        <\/div>\n    <\/a>\n\n                                                <a class=\"ituCard anim bg hor\" href=\"https:\/\/www.itu.int\/ITU-R\/go\/wrc-03\/en\" data-span=\"6\" target=\"\">\n        <img decoding=\"async\" class=\"square\" src=\"https:\/\/itu-app42363.pagelyhosting.com\/wrc-23\/wp-content\/uploads\/sites\/12\/2021\/12\/330px-Veena_Rawat_Wikipedia.jpg\" alt=\"\" \/>\n        <div class=\"content\">\n            <div class=\"main\">\n                <p class=\"title\">Conf\u00e9rence mondiale des radiocommunications 2003 (CMR-03) <\/p>\n\n            <\/div>\n            <div class=\"addInfo\">Gen\u00e8ve, Suisse<\/div>\n        <\/div>\n    <\/a>\n\n                                                <a class=\"ituCard anim bg hor\" href=\"https:\/\/www.itu.int\/net\/ITU-R\/index.asp?category=conferences&#038;rlink=wrc-00&#038;lang=fr\" data-span=\"6\" target=\"\">\n        <img decoding=\"async\" class=\"square\" src=\"https:\/\/itu-app42363.pagelyhosting.com\/wrc-23\/wp-content\/uploads\/sites\/12\/2021\/12\/6506247287_8b3910b8af_z.jpg\" alt=\"\" \/>\n        <div class=\"content\">\n            <div class=\"main\">\n                <p class=\"title\">Conf\u00e9rence mondiale des radiocommunications 2000 (CMR-2000) <\/p>\n\n            <\/div>\n            <div class=\"addInfo\">Istanbul, Turquie<\/div>\n        <\/div>\n    <\/a>\n\n                    <\/div>\n    <\/section>\n                            <div class=\"ituContainer\">\n<h2 class=\"eplus-ILWnKs eplus-wrapper wp-block-heading\" id=\"previous-conferences\"><a rel=\"noreferrer noopener\" href=\"https:\/\/www.itu.int\/web\/pp-18\/en\/\" target=\"_blank\"><\/a><\/h2>\n<\/div>                    <\/div>\n    <\/div>\n\n\n    <div class=\"ituContainer grid\">\n        <div data-span=\"12\">\n                            <div class=\"ituContainer\">\n<p class=\"eplus-XXqYg5 eplus-wrapper wp-block-paragraph\"><a href=\"\/wrc-23\/fr\/conferences-precedentes\/\">Voir toutes les conf\u00e9rences pr\u00e9c\u00e9dentes<\/a> &gt;<\/p>\n<\/div>                    <\/div>\n    <\/div>\n","protected":false},"excerpt":{"rendered":"","protected":false},"author":5,"featured_media":0,"parent":3140,"menu_order":1,"comment_status":"closed","ping_status":"closed","template":"page-submenu.php","meta":{"_crdt_document":"","_uag_custom_page_level_css":"","footnotes":""},"folder":[],"class_list":["post-3231","page","type-page","status-publish","hentry"],"uagb_featured_image_src":{"full":false,"thumbnail":false,"medium":false,"medium_large":false,"large":false,"1536x1536":false,"2048x2048":false,"gs-tiny":false,"xl":false,"xxl":false,"xxxl":false,"xxxxl":false,"xxxxxl":false,"gform-image-choice-sm":false,"gform-image-choice-md":false,"gform-image-choice-lg":false},"uagb_author_info":{"display_name":"mgaillard","author_link":"https:\/\/itu-app42363.pagelyhosting.com\/wrc-23\/fr\/author\/mgaillard\/"},"uagb_comment_info":0,"uagb_excerpt":null,"_links":{"self":[{"href":"https:\/\/itu-app42363.pagelyhosting.com\/wrc-23\/fr\/wp-json\/wp\/v2\/pages\/3231","targetHints":{"allow":["GET"]}}],"collection":[{"href":"https:\/\/itu-app42363.pagelyhosting.com\/wrc-23\/fr\/wp-json\/wp\/v2\/pages"}],"about":[{"href":"https:\/\/itu-app42363.pagelyhosting.com\/wrc-23\/fr\/wp-json\/wp\/v2\/types\/page"}],"author":[{"embeddable":true,"href":"https:\/\/itu-app42363.pagelyhosting.com\/wrc-23\/fr\/wp-json\/wp\/v2\/users\/5"}],"replies":[{"embeddable":true,"href":"https:\/\/itu-app42363.pagelyhosting.com\/wrc-23\/fr\/wp-json\/wp\/v2\/comments?post=3231"}],"version-history":[{"count":0,"href":"https:\/\/itu-app42363.pagelyhosting.com\/wrc-23\/fr\/wp-json\/wp\/v2\/pages\/3231\/revisions"}],"up":[{"embeddable":true,"href":"https:\/\/itu-app42363.pagelyhosting.com\/wrc-23\/fr\/wp-json\/wp\/v2\/pages\/3140"}],"wp:attachment":[{"href":"https:\/\/itu-app42363.pagelyhosting.com\/wrc-23\/fr\/wp-json\/wp\/v2\/media?parent=3231"}],"wp:term":[{"taxonomy":"folder","embeddable":true,"href":"https:\/\/itu-app42363.pagelyhosting.com\/wrc-23\/fr\/wp-json\/wp\/v2\/folder?post=3231"}],"curies":[{"name":"wp","href":"https:\/\/api.w.org\/{rel}","templated":true}]}}