{"id":3248,"date":"2022-05-03T16:04:49","date_gmt":"2022-05-03T15:04:49","guid":{"rendered":"https:\/\/itu-app42363.pagelyhosting.com\/wrc-23\/newsroom\/a-propos\/"},"modified":"2022-05-05T13:25:43","modified_gmt":"2022-05-05T12:25:43","slug":"about","status":"publish","type":"page","link":"https:\/\/itu-app42363.pagelyhosting.com\/wrc-23\/fr\/newsroom\/about\/","title":{"rendered":"\u00c0 propos"},"content":{"rendered":"<div class=\"ituContainer\">\n<p class=\"wp-block-paragraph\"><\/p>\n<\/div>\n\n    <div class=\"ituContainer grid\">\n        <div data-span=\"12\">\n                            <div class=\"ituContainer\">\n<div class=\"wp-block-columns is-layout-flex wp-container-core-columns-is-layout-8f761849 wp-block-columns-is-layout-flex\"><div class=\"ituContainer\">\n<div class=\"wp-block-column is-layout-flow wp-block-column-is-layout-flow\" style=\"flex-basis:66.66%\"><div class=\"ituContainer\">\n<p class=\"wp-block-paragraph\">\u00c0 titre de r\u00e9f\u00e9rence, un nombre record de 3400 participants ont assist\u00e9 \u00e0 la Conf\u00e9rence mondiale des radiocommunications de l\u2019UIT 2019 (<a href=\"https:\/\/www.itu.int\/en\/newsroom\/wrc-19\/Pages\/default.aspx\">CMR-19<\/a>), comprenant des d\u00e9l\u00e9gu\u00e9s de la plupart des 193 Etats Membres de l\u2019UIT ainsi que plus de 260 membres du Secteur des radiocommunications de l\u2019UIT (UIT-R) repr\u00e9sentant des organisations internationales, des fabricants d\u2019\u00e9quipements, des op\u00e9rateurs de r\u00e9seaux et des forums de l\u2019industrie, qui y ont particip\u00e9 en qualit\u00e9 d\u2019observateurs.<\/p>\n<\/div>\n\n<div class=\"ituContainer\">\n<p class=\"wp-block-paragraph\"><a rel=\"noreferrer noopener\" href=\"https:\/\/www.itu.int\/en\/newsroom\/wrc-19\/Pages\/default.aspx\" target=\"_blank\">WRC-19&nbsp;\/&nbsp;RA-19 Newsroom<\/a>&nbsp;English only&nbsp;<\/p>\n<\/div><\/div>\n<\/div>\n\n<div class=\"ituContainer\">\n<div class=\"wp-block-column is-layout-flow wp-block-column-is-layout-flow\" style=\"flex-basis:33.33%\"><\/div>\n<\/div><\/div>\n<\/div>                    <\/div>\n    <\/div>\n","protected":false},"excerpt":{"rendered":"","protected":false},"author":5,"featured_media":0,"parent":3244,"menu_order":2,"comment_status":"closed","ping_status":"closed","template":"page-submenu.php","meta":{"_crdt_document":"","_uag_custom_page_level_css":"","footnotes":""},"folder":[],"class_list":["post-3248","page","type-page","status-publish","hentry"],"uagb_featured_image_src":{"full":false,"thumbnail":false,"medium":false,"medium_large":false,"large":false,"1536x1536":false,"2048x2048":false,"gs-tiny":false,"xl":false,"xxl":false,"xxxl":false,"xxxxl":false,"xxxxxl":false,"gform-image-choice-sm":false,"gform-image-choice-md":false,"gform-image-choice-lg":false},"uagb_author_info":{"display_name":"mgaillard","author_link":"https:\/\/itu-app42363.pagelyhosting.com\/wrc-23\/fr\/author\/mgaillard\/"},"uagb_comment_info":0,"uagb_excerpt":null,"_links":{"self":[{"href":"https:\/\/itu-app42363.pagelyhosting.com\/wrc-23\/fr\/wp-json\/wp\/v2\/pages\/3248","targetHints":{"allow":["GET"]}}],"collection":[{"href":"https:\/\/itu-app42363.pagelyhosting.com\/wrc-23\/fr\/wp-json\/wp\/v2\/pages"}],"about":[{"href":"https:\/\/itu-app42363.pagelyhosting.com\/wrc-23\/fr\/wp-json\/wp\/v2\/types\/page"}],"author":[{"embeddable":true,"href":"https:\/\/itu-app42363.pagelyhosting.com\/wrc-23\/fr\/wp-json\/wp\/v2\/users\/5"}],"replies":[{"embeddable":true,"href":"https:\/\/itu-app42363.pagelyhosting.com\/wrc-23\/fr\/wp-json\/wp\/v2\/comments?post=3248"}],"version-history":[{"count":0,"href":"https:\/\/itu-app42363.pagelyhosting.com\/wrc-23\/fr\/wp-json\/wp\/v2\/pages\/3248\/revisions"}],"up":[{"embeddable":true,"href":"https:\/\/itu-app42363.pagelyhosting.com\/wrc-23\/fr\/wp-json\/wp\/v2\/pages\/3244"}],"wp:attachment":[{"href":"https:\/\/itu-app42363.pagelyhosting.com\/wrc-23\/fr\/wp-json\/wp\/v2\/media?parent=3248"}],"wp:term":[{"taxonomy":"folder","embeddable":true,"href":"https:\/\/itu-app42363.pagelyhosting.com\/wrc-23\/fr\/wp-json\/wp\/v2\/folder?post=3248"}],"curies":[{"name":"wp","href":"https:\/\/api.w.org\/{rel}","templated":true}]}}