{"id":3254,"date":"2021-12-03T11:11:24","date_gmt":"2021-12-03T10:11:24","guid":{"rendered":"https:\/\/itu-app42363.pagelyhosting.com\/wrc-23\/participation\/circular-letters\/"},"modified":"2023-10-06T11:06:28","modified_gmt":"2023-10-06T10:06:28","slug":"circular-letters","status":"publish","type":"page","link":"https:\/\/itu-app42363.pagelyhosting.com\/wrc-23\/fr\/participation\/circular-letters\/","title":{"rendered":"Lettres circulaires"},"content":{"rendered":"<div class=\"ituContainer\">\n<h2 class=\"eplus-EftGyS eplus-wrapper wp-block-heading\" id=\"circular-letters\">Lettres circulaires<\/h2>\n<\/div>\n\n    <div class=\"ituContainer grid\">\n        <div data-span=\"12\">\n                                <section>\n            <div class=\"ituContainer\" >\n        <h2 className=\"h3\"><\/h2>\n            <\/div>\n\t\t\t\t\n\t                    <div class=\"ituContainer grid mb1\">\n                    <a class=\"ituCard anim\" data-span=\"6\" style=\"padding: 0.5rem 1rem;\" href=\"https:\/\/www.itu.int\/dms_pub\/itu-s\/md\/23\/sg\/cir\/S23-SG-CIR-0034!!PDF-F.pdf\" rel=\"noopener noreferrer\">\n        <div class=\"content\">\n            <div class=\"main ituIcnLnk docList\">\n                <i class=\"fal fa-file\"><\/i><span>pdf<\/span><strong>CL-23\/34 &#8211; R\u00e9unions formelle et informelle des chefs de d\u00e9l\u00e9gation (CMR-23) <\/strong>05\/10\/23            <\/div>\n        <\/div>\n    <\/a>\n            <\/div>\n                    <div class=\"ituContainer grid mb1\">\n                    <a class=\"ituCard anim\" data-span=\"6\" style=\"padding: 0.5rem 1rem;\" href=\"https:\/\/www.itu.int\/dms_pub\/itu-s\/md\/23\/sg\/cir\/S23-SG-CIR-0027!!PDF-F.pdf\" rel=\"noopener noreferrer\">\n        <div class=\"content\">\n            <div class=\"main ituIcnLnk docList\">\n                <i class=\"fal fa-file\"><\/i><span>pdf<\/span><strong>CL-23\/27 &#8211; Pouvoirs des d\u00e9l\u00e9gations participant \u00e0 la CMR-23<\/strong><strong> <\/strong>05\/09\/23            <\/div>\n        <\/div>\n    <\/a>\n            <\/div>\n                    <div class=\"ituContainer grid mb1\">\n                    <a class=\"ituCard anim\" data-span=\"6\" style=\"padding: 0.5rem 1rem;\" href=\"https:\/\/www.itu.int\/dms_pub\/itu-s\/md\/23\/sg\/cir\/S23-SG-CIR-0017!!PDF-F.pdf\" rel=\"noopener noreferrer\">\n        <div class=\"content\">\n            <div class=\"main ituIcnLnk docList\">\n                <i class=\"fal fa-file\"><\/i><span>pdf<\/span><strong>CL-23\/17 &#8211; Pouvoirs des d\u00e9l\u00e9gations participant \u00e0 la CMR-23<\/strong><strong> <\/strong>16\/06\/23            <\/div>\n        <\/div>\n    <\/a>\n            <\/div>\n                    <div class=\"ituContainer grid mb1\">\n                    <a class=\"ituCard anim\" data-span=\"6\" style=\"padding: 0.5rem 1rem;\" href=\"https:\/\/www.itu.int\/dms_pub\/itu-r\/md\/00\/ca\/cir\/R00-CA-CIR-0265!!PDF-F.pdf\" rel=\"noopener noreferrer\">\n        <div class=\"content\">\n            <div class=\"main ituIcnLnk docList\">\n                <i class=\"fal fa-file\"><\/i><span>pdf<\/span><strong>CA\/265 &#8211; Conf\u00e9rence mondiale des radiocommunications de 2023 (CMR-23) <\/strong>07\/03\/23            <\/div>\n        <\/div>\n    <\/a>\n            <\/div>\n                    <div class=\"ituContainer grid mb1\">\n                    <a class=\"ituCard anim\" data-span=\"6\" style=\"padding: 0.5rem 1rem;\" href=\"https:\/\/www.itu.int\/dms_pub\/itu-s\/md\/22\/dm\/cir\/S22-DM-CIR-01012!!PDF-F.pdf\" rel=\"noopener noreferrer\">\n        <div class=\"content\">\n            <div class=\"main ituIcnLnk docList\">\n                <i class=\"fal fa-file\"><\/i><span>pdf<\/span><strong>DM-22\/1012 &#8211; Conf\u00e9rence mondiale des radiocommunications de 2023 (CMR-23) &#8211; Aux observateurs \u00e0 la CMR-23 <\/strong>25\/11\/22            <\/div>\n        <\/div>\n    <\/a>\n            <\/div>\n                    <div class=\"ituContainer grid mb1\">\n                    <a class=\"ituCard anim\" data-span=\"6\" style=\"padding: 0.5rem 1rem;\" href=\"https:\/\/www.itu.int\/dms_pub\/itu-s\/md\/22\/sg\/cir\/S22-SG-CIR-0041!!PDF-F.pdf\" rel=\"noopener noreferrer\">\n        <div class=\"content\">\n            <div class=\"main ituIcnLnk docList\">\n                <i class=\"fal fa-file\"><\/i><span>pdf<\/span><strong>CL-22\/41 &#8211; Conf\u00e9rence mondiale des radiocommunications de 2023 (CMR-23) &#8211; Aux administrations des \u00c9tats Membres de l&rsquo;Union <\/strong>25\/11\/22            <\/div>\n        <\/div>\n    <\/a>\n            <\/div>\n                    <div class=\"ituContainer grid mb1\">\n                    <a class=\"ituCard anim\" data-span=\"6\" style=\"padding: 0.5rem 1rem;\" href=\"https:\/\/www.itu.int\/dms_pub\/itu-s\/md\/22\/sg\/cir\/S22-SG-CIR-0040!!PDF-F.pdf\" rel=\"noopener noreferrer\">\n        <div class=\"content\">\n            <div class=\"main ituIcnLnk docList\">\n                <i class=\"fal fa-file\"><\/i><span>pdf<\/span><strong>CL-22\/40 &#8211; Conf\u00e9rence mondiale des radiocommunications de 2023 (CMR-23) \u2013 Lettre envoy\u00e9e au nom du Gouvernement des \u00c9mirats arabes unis <\/strong>25\/11\/22            <\/div>\n        <\/div>\n    <\/a>\n            <\/div>\n                    <div class=\"ituContainer grid mb1\">\n                    <a class=\"ituCard anim\" data-span=\"6\" style=\"padding: 0.5rem 1rem;\" href=\"\/wrc-23\/wp-content\/uploads\/sites\/12\/2021\/11\/S21-SG-CIR-0049PDF-E.pdf\" rel=\"noopener noreferrer\">\n        <div class=\"content\">\n            <div class=\"main ituIcnLnk docList\">\n                <i class=\"fal fa-file\"><\/i><span>pdf<\/span><strong>CL-21\/049 &#8211; Results of consultation on the dates of the World Radiocommunication Conference (WRC-23) and Radiocommunication Assembly (RA-23) <\/strong>19\/10\/21            <\/div>\n        <\/div>\n    <\/a>\n            <\/div>\n                    <div class=\"ituContainer grid mb1\">\n                    <a class=\"ituCard anim\" data-span=\"6\" style=\"padding: 0.5rem 1rem;\" href=\"\/wrc-23\/wp-content\/uploads\/sites\/12\/2021\/11\/S21-SG-CIR-0037MSW-E.pdf\" rel=\"noopener noreferrer\">\n        <div class=\"content\">\n            <div class=\"main ituIcnLnk docList\">\n                <i class=\"fal fa-file\"><\/i><span>pdf<\/span><strong>CL-21\/037 &#8211; Member States consultation on dates of the World Radiocommunication Conference (WRC-23) and Radiocommunication Assembly (RA-23) <\/strong>01\/09\/21            <\/div>\n        <\/div>\n    <\/a>\n            <\/div>\n            <\/section>\n                    <\/div>\n    <\/div>\n","protected":false},"excerpt":{"rendered":"<p>Lettres circulaires<\/p>\n","protected":false},"author":5,"featured_media":0,"parent":3252,"menu_order":1,"comment_status":"closed","ping_status":"closed","template":"page-submenu.php","meta":{"_crdt_document":"","_uag_custom_page_level_css":"","footnotes":""},"folder":[],"class_list":["post-3254","page","type-page","status-publish","hentry"],"uagb_featured_image_src":{"full":false,"thumbnail":false,"medium":false,"medium_large":false,"large":false,"1536x1536":false,"2048x2048":false,"gs-tiny":false,"xl":false,"xxl":false,"xxxl":false,"xxxxl":false,"xxxxxl":false,"gform-image-choice-sm":false,"gform-image-choice-md":false,"gform-image-choice-lg":false},"uagb_author_info":{"display_name":"mgaillard","author_link":"https:\/\/itu-app42363.pagelyhosting.com\/wrc-23\/fr\/author\/mgaillard\/"},"uagb_comment_info":0,"uagb_excerpt":"Lettres circulaires","_links":{"self":[{"href":"https:\/\/itu-app42363.pagelyhosting.com\/wrc-23\/fr\/wp-json\/wp\/v2\/pages\/3254","targetHints":{"allow":["GET"]}}],"collection":[{"href":"https:\/\/itu-app42363.pagelyhosting.com\/wrc-23\/fr\/wp-json\/wp\/v2\/pages"}],"about":[{"href":"https:\/\/itu-app42363.pagelyhosting.com\/wrc-23\/fr\/wp-json\/wp\/v2\/types\/page"}],"author":[{"embeddable":true,"href":"https:\/\/itu-app42363.pagelyhosting.com\/wrc-23\/fr\/wp-json\/wp\/v2\/users\/5"}],"replies":[{"embeddable":true,"href":"https:\/\/itu-app42363.pagelyhosting.com\/wrc-23\/fr\/wp-json\/wp\/v2\/comments?post=3254"}],"version-history":[{"count":0,"href":"https:\/\/itu-app42363.pagelyhosting.com\/wrc-23\/fr\/wp-json\/wp\/v2\/pages\/3254\/revisions"}],"up":[{"embeddable":true,"href":"https:\/\/itu-app42363.pagelyhosting.com\/wrc-23\/fr\/wp-json\/wp\/v2\/pages\/3252"}],"wp:attachment":[{"href":"https:\/\/itu-app42363.pagelyhosting.com\/wrc-23\/fr\/wp-json\/wp\/v2\/media?parent=3254"}],"wp:term":[{"taxonomy":"folder","embeddable":true,"href":"https:\/\/itu-app42363.pagelyhosting.com\/wrc-23\/fr\/wp-json\/wp\/v2\/folder?post=3254"}],"curies":[{"name":"wp","href":"https:\/\/api.w.org\/{rel}","templated":true}]}}