{"id":3303,"date":"2022-05-04T15:35:55","date_gmt":"2022-05-04T14:35:55","guid":{"rendered":"https:\/\/itu-app42363.pagelyhosting.com\/wrc-23\/utilisation-des-logos\/"},"modified":"2023-11-22T16:17:21","modified_gmt":"2023-11-22T12:17:21","slug":"use-of-logo","status":"publish","type":"page","link":"https:\/\/itu-app42363.pagelyhosting.com\/wrc-23\/fr\/use-of-logo\/","title":{"rendered":"Utilisation des logos"},"content":{"rendered":"    <div class=\"ituContainer grid\">\n        <div data-span=\"12\">\n                            <div class=\"ituContainer\">\n<h2 class=\"wp-block-heading\" id=\"logo-de-l-uit\"><strong>Logo de l\u2019UIT<\/strong><\/h2>\n<\/div>                            <div class=\"ituContainer\">\n<p class=\"wp-block-paragraph\"><strong>1.<\/strong> Le logo de l\u2019UIT est un \u00e9l\u00e9ment essentiel de l\u2019image institutionnelle et du patrimoine de l\u2019Union. \u00c0 ce titre, il est prot\u00e9g\u00e9 en vertu des dispositions de l\u2019Article 6ter de la Convention de Paris sur la protection de la propri\u00e9t\u00e9 industrielle.<\/p>\n<\/div>                            <div class=\"ituContainer\">\n<p class=\"wp-block-paragraph\"><strong>2.<\/strong> En cons\u00e9quence, le logo de l\u2019UIT ne peut \u00eatre utilis\u00e9 sans le consentement \u00e9crit pr\u00e9alable du Secr\u00e9taire g\u00e9n\u00e9ral ou de son\/sa repr\u00e9sentant(e) d\u00fbment habilit\u00e9(e) \u00e0 cet effet. Toute demande \u00e9crite d\u2019utilisation du logo de l\u2019Union doit \u00eatre d\u00fbment motiv\u00e9e (informations d\u00e9taill\u00e9es sur les raisons de la demande, pr\u00e9cisions sur l\u2019utilisation envisag\u00e9e, y compris sur les supports utilis\u00e9s (\u00e9lectronique, papier, etc.), informations concernant l\u2019utilisation \u00e9ventuelle d\u2019autres logos en compagnie de celui de l\u2019UIT et coordonn\u00e9es pr\u00e9cises de la personne formulant la demande, etc.) et adress\u00e9e en temps opportun \u00e0&nbsp;<a href=\"https:\/\/www.itu.int\/pp22\/fr\/utilisation-des-logos\/branding@itu.int\">branding@itu.int<\/a>&nbsp;ou \u00e0 l\u2019adresse suivante:<\/p>\n<\/div>                            <div class=\"ituContainer\">\n<p class=\"has-text-align-center wp-block-paragraph\">Corporate Communication Division, ITU&nbsp;<br>Place des Nations&nbsp;<br>CH \u2013 1211 Geneva 20&nbsp;<\/p>\n<\/div>                            <div class=\"ituContainer\">\n<p class=\"wp-block-paragraph\"><strong>3.<\/strong> Sans pr\u00e9judice d\u2019un examen circonstanci\u00e9 et au cas par cas de chaque demande, l\u2019autorisation d\u2019utiliser le logo de l\u2019Union NE SERA PAS ACCORD\u00c9E dans les cas suivants:<\/p>\n<\/div>                            <div class=\"ituContainer\">\n<p class=\"wp-block-paragraph\"><strong>4.<\/strong> En cas d\u2019autorisation, l\u2019utilisation du logo devra se faire conform\u00e9ment aux termes et conditions et dans les limites fix\u00e9es par le courrier portant autorisation. Toutefois, en tout \u00e9tat de cause, le logo et tous les \u00e9l\u00e9ments le composant (tels que le format, les proportions, le graphisme, les couleurs, etc.) ne pourront \u00eatre ni alt\u00e9r\u00e9s, ni adapt\u00e9s, ni modifi\u00e9s.<\/p>\n<\/div>                            <div class=\"ituContainer\">\n<h2 class=\"wp-block-heading\" id=\"logo-de-la-cmr-23\"><strong>Logo de la CMR-23<\/strong><\/h2>\n<\/div>                            <div class=\"ituContainer\">\n<p class=\"wp-block-paragraph\"><strong>1.<\/strong>&nbsp; &nbsp;L\u2019utilisation du logo cr\u00e9\u00e9 sp\u00e9cialement pour la Conf\u00e9rence (\u00ab&nbsp;la Conf\u00e9rence&nbsp;\u00bb) est \u00e9galement assujettie \u00e0 l\u2019autorisation pr\u00e9alable \u00e9crite du Secr\u00e9taire g\u00e9n\u00e9ral de l\u2019Union ou de son\/sa repr\u00e9sentant(e) d\u00fbment habilit\u00e9(e) \u00e0 cet effet. Toute demande \u00e9crite d\u2019utilisation du logo de la Conf\u00e9rence doit \u00eatre d\u00fbment motiv\u00e9e (informations d\u00e9taill\u00e9es sur les raisons de la demande, pr\u00e9cisions sur l\u2019utilisation envisag\u00e9e, y compris sur les supports utilis\u00e9s (\u00e9lectronique, papier, etc.), informations concernant l\u2019utilisation \u00e9ventuelle d\u2019autres logos en compagnie de celui de l\u2019UIT et coordonn\u00e9es pr\u00e9cises de la personne formulant la demande, etc.) et adress\u00e9e en temps opportun \u00e0&nbsp;<a href=\"mailto:branding@itu.int\">branding@itu.int<\/a>&nbsp;ou \u00e0 l\u2019adresse suivante:<\/p>\n<\/div>                            <div class=\"ituContainer\">\n<p class=\"has-text-align-center wp-block-paragraph\">Corporate Communication Division, ITU&nbsp;<br>Place des Nations&nbsp;<br>CH \u2013 1211 Geneva 20&nbsp;<\/p>\n<\/div>                            <div class=\"ituContainer\">\n<p class=\"wp-block-paragraph\">Dans la mesure o\u00f9 le logo de l\u2019UIT est int\u00e9gr\u00e9 au logo de la Conf\u00e9rence, les cas de rejet de la demande d\u2019autorisation \u00e9num\u00e9r\u00e9s au paragraphe 3 ci-dessus sont \u00e9galement applicables au logo de la Conf\u00e9rence.<\/p>\n<\/div>                            <div class=\"ituContainer\">\n<p class=\"wp-block-paragraph\"><strong>2. <\/strong>Sous r\u00e9serve de ce qui pr\u00e9c\u00e8de, l\u2019autorisation sera, en principe, accord\u00e9e, si le Secr\u00e9taire g\u00e9n\u00e9ral consid\u00e8re que l\u2019utilisation est de nature \u00e0 contribuer \u00e0 la r\u00e9alisation du mandat de la Conf\u00e9rence ou vise \u00e0 promouvoir ses travaux.<\/p>\n<\/div>                            <div class=\"ituContainer\">\n<p class=\"wp-block-paragraph\"><strong>3. <\/strong>En cas d\u2019autorisation, l\u2019utilisation du logo devra se faire conform\u00e9ment aux termes et conditions et dans les limites fix\u00e9es par le courrier portant autorisation. Toutefois, en tout \u00e9tat de cause, le logo et tous les \u00e9l\u00e9ments le composant (tels que le format, les proportions, le graphisme, les couleurs, etc.) ne pourront \u00eatre ni alt\u00e9r\u00e9s, ni adapt\u00e9s, ni modifi\u00e9s.<\/p>\n<\/div>                            <div class=\"ituContainer\">\n<p class=\"wp-block-paragraph\">Pour toute information compl\u00e9mentaire, pri\u00e8re de s\u2019adresser \u00e0&nbsp;<a href=\"mailto:branding@itu.int\">branding@itu.int<\/a>&nbsp;ou \u00e0 l\u2019adresse suivante:<\/p>\n<\/div>                            <div class=\"ituContainer\">\n<p class=\"has-text-align-center wp-block-paragraph\">Corporate Communication Division, ITU&nbsp;<br>Place des Nations&nbsp;<br>CH \u2013 1211 Geneva 20&nbsp;<\/p>\n<\/div>                            <div class=\"ituContainer\">\n<p class=\"wp-block-paragraph\">Notre logo, signe distinctif de notre organisation, symbolise la renomm\u00e9e de longue date de l\u2019UIT en tant qu\u2019institution sp\u00e9cialis\u00e9e des Nations Unies charg\u00e9e des TIC.<\/p>\n<\/div>                            <div class=\"ituContainer\">\n<p class=\"wp-block-paragraph\">L\u2019utilisation du logo par les organisateurs d\u2019\u00e9v\u00e9nements tiers n\u2019est autoris\u00e9e que si certains crit\u00e8res sont remplis.<br>Pour demander l\u2019utilisation du logo\/embl\u00e8me de l\u2019UIT et des logos statutaires de la conf\u00e9rence, veuillez remplir <a href=\"https:\/\/www.itu.int\/hub\/itu-logo-form-request\/\" target=\"_blank\" rel=\"noreferrer noopener\">ce formulaire.<\/a><\/p>\n<\/div>                    <\/div>\n    <\/div>\n","protected":false},"excerpt":{"rendered":"","protected":false},"author":5,"featured_media":0,"parent":0,"menu_order":6,"comment_status":"closed","ping_status":"closed","template":"page-banner-blue.php","meta":{"_crdt_document":"","_uag_custom_page_level_css":"","footnotes":""},"folder":[],"class_list":["post-3303","page","type-page","status-publish","hentry"],"uagb_featured_image_src":{"full":false,"thumbnail":false,"medium":false,"medium_large":false,"large":false,"1536x1536":false,"2048x2048":false,"gs-tiny":false,"xl":false,"xxl":false,"xxxl":false,"xxxxl":false,"xxxxxl":false,"gform-image-choice-sm":false,"gform-image-choice-md":false,"gform-image-choice-lg":false},"uagb_author_info":{"display_name":"mgaillard","author_link":"https:\/\/itu-app42363.pagelyhosting.com\/wrc-23\/fr\/author\/mgaillard\/"},"uagb_comment_info":0,"uagb_excerpt":null,"_links":{"self":[{"href":"https:\/\/itu-app42363.pagelyhosting.com\/wrc-23\/fr\/wp-json\/wp\/v2\/pages\/3303","targetHints":{"allow":["GET"]}}],"collection":[{"href":"https:\/\/itu-app42363.pagelyhosting.com\/wrc-23\/fr\/wp-json\/wp\/v2\/pages"}],"about":[{"href":"https:\/\/itu-app42363.pagelyhosting.com\/wrc-23\/fr\/wp-json\/wp\/v2\/types\/page"}],"author":[{"embeddable":true,"href":"https:\/\/itu-app42363.pagelyhosting.com\/wrc-23\/fr\/wp-json\/wp\/v2\/users\/5"}],"replies":[{"embeddable":true,"href":"https:\/\/itu-app42363.pagelyhosting.com\/wrc-23\/fr\/wp-json\/wp\/v2\/comments?post=3303"}],"version-history":[{"count":0,"href":"https:\/\/itu-app42363.pagelyhosting.com\/wrc-23\/fr\/wp-json\/wp\/v2\/pages\/3303\/revisions"}],"wp:attachment":[{"href":"https:\/\/itu-app42363.pagelyhosting.com\/wrc-23\/fr\/wp-json\/wp\/v2\/media?parent=3303"}],"wp:term":[{"taxonomy":"folder","embeddable":true,"href":"https:\/\/itu-app42363.pagelyhosting.com\/wrc-23\/fr\/wp-json\/wp\/v2\/folder?post=3303"}],"curies":[{"name":"wp","href":"https:\/\/api.w.org\/{rel}","templated":true}]}}