{"id":4194,"date":"2023-02-06T10:55:51","date_gmt":"2023-02-06T09:55:51","guid":{"rendered":"https:\/\/itu-app42363.pagelyhosting.com\/wrc-23\/programme\/horaire-et-calendrier\/"},"modified":"2023-11-21T13:39:24","modified_gmt":"2023-11-21T09:39:24","slug":"horaire-et-calendrier","status":"publish","type":"page","link":"https:\/\/itu-app42363.pagelyhosting.com\/wrc-23\/fr\/programme\/horaire-et-calendrier\/","title":{"rendered":"Horaire et calendrier"},"content":{"rendered":"    <div class=\"ituContainer grid\">\n        <div data-span=\"12\">\n                            <div class=\"ituContainer\">\n<div class=\"wp-block-columns eplus-KSeSQp eplus-wrapper is-layout-flex wp-container-core-columns-is-layout-8f761849 wp-block-columns-is-layout-flex\"><div class=\"ituContainer\">\n<div class=\"wp-block-column eplus-kSuvpG eplus-wrapper is-layout-flow wp-block-column-is-layout-flow\" style=\"flex-basis:100%\"><div class=\"ituContainer\">\n<h2 class=\"wp-block-heading eplus-VRRE0z eplus-wrapper\" id=\"timetable-and-schedule\">Horaire et calendrier<\/h2>\n<\/div>\n\n<div class=\"ituContainer\">\n<p class=\"eplus-IYLUwn eplus-wrapper wp-block-paragraph\"><strong>Les calendriers quotidiens de la CMR-23<\/strong> &nbsp;sont \u00e9tablis pour les travaux de la conf\u00e9rence. Des informations actualis\u00e9es sur les sessions de la CMR-23 sont disponibles ici:<\/p>\n<\/div><\/div>\n<\/div><\/div>\n<\/div>                                <div class=\"ituContainer grid\">\n        <div data-span=\"12\">\n                                <section>\n        <div class=\"ituContainer grid\">\n                                                        <a class=\"ituCard anim\" data-span=\"3\" href=\"https:\/\/www.itu.int\/md\/R23-WRC23-C-0221\/en\" target='blank' rel='noreferrer noopener'>\n                    <div class=\"content center\">\n                <div class=\"main\">\n                    <img decoding=\"async\" src=\"https:\/\/www.itu.int\/wrc-23\/wp-content\/uploads\/sites\/12\/2021\/12\/WRC-23-icons-180x180-08.png\" class=\"icon\" alt=\"icon\" \/>\n                                            <p class=\"title\">Horaire de la CMR-23<\/p>\n                                                            <p>(Approuv\u00e9 par la pl\u00e9ni\u00e8re)<\/p>\n                                    <\/div>\n            <\/div>\n                    <\/a>\n    \n                                                        <a class=\"ituCard anim\" data-span=\"3\" href=\"https:\/\/www.itu.int\/md\/R23-WRC23-ADM-0005\/en\" target='blank' rel='noreferrer noopener'>\n                    <div class=\"content center\">\n                <div class=\"main\">\n                    <img decoding=\"async\" src=\"https:\/\/www.itu.int\/wrc-23\/wp-content\/uploads\/sites\/12\/2021\/12\/WRC-23-icons-180x180-08.png\" class=\"icon\" alt=\"icon\" \/>\n                                            <p class=\"title\">Horaire hebdomadaire de la CMR-23<\/p>\n                                                            <p>(Approuv\u00e9 par le Comit\u00e9 directeur)<\/p>\n                                    <\/div>\n            <\/div>\n                    <\/a>\n    \n                                                        <a class=\"ituCard anim\" data-span=\"3\" href=\"https:\/\/www.itu.int\/wrc-23\/wrc-23-daily-schedule\/\" >\n                    <div class=\"content center\">\n                <div class=\"main\">\n                    <img decoding=\"async\" src=\"https:\/\/www.itu.int\/wrc-23\/wp-content\/uploads\/sites\/12\/2021\/12\/WRC-23-icons-180x180-08.png\" class=\"icon\" alt=\"icon\" \/>\n                                            <p class=\"title\">Calendrier quotidien et sessions des r\u00e9unions de la CMR-23<\/p>\n                                                            <p><\/p>\n                                    <\/div>\n            <\/div>\n                    <\/a>\n    \n                    <\/div>\n    <\/section>\n                    <\/div>\n    <\/div>\n                            <div class=\"ituContainer\">\n<div class=\"wp-block-columns eplus-V3LZpK eplus-wrapper is-layout-flex wp-container-core-columns-is-layout-8f761849 wp-block-columns-is-layout-flex\"><div class=\"ituContainer\">\n<div class=\"wp-block-column eplus-mrDtXk eplus-wrapper is-layout-flow wp-block-column-is-layout-flow\" style=\"flex-basis:100%\"><div class=\"ituContainer\">\n<p class=\"eplus-stcrxz eplus-wrapper wp-block-paragraph\"><strong>Weekly schedule of the main conference sessions with interpretation<\/strong>&nbsp;(e.g. Plenary, Committee and Working Group sessions) is planned by the WRC-23 Steering Committee and reviewed periodically throughout the conference to take into account the progress made.\u200b<\/p>\n<\/div><\/div>\n<\/div><\/div>\n<\/div>                    <\/div>\n    <\/div>\n","protected":false},"excerpt":{"rendered":"","protected":false},"author":5,"featured_media":0,"parent":3059,"menu_order":1,"comment_status":"closed","ping_status":"closed","template":"page-submenu.php","meta":{"_crdt_document":"","_uag_custom_page_level_css":"","footnotes":""},"folder":[],"class_list":["post-4194","page","type-page","status-publish","hentry"],"uagb_featured_image_src":{"full":false,"thumbnail":false,"medium":false,"medium_large":false,"large":false,"1536x1536":false,"2048x2048":false,"gs-tiny":false,"xl":false,"xxl":false,"xxxl":false,"xxxxl":false,"xxxxxl":false,"gform-image-choice-sm":false,"gform-image-choice-md":false,"gform-image-choice-lg":false},"uagb_author_info":{"display_name":"mgaillard","author_link":"https:\/\/itu-app42363.pagelyhosting.com\/wrc-23\/fr\/author\/mgaillard\/"},"uagb_comment_info":0,"uagb_excerpt":null,"_links":{"self":[{"href":"https:\/\/itu-app42363.pagelyhosting.com\/wrc-23\/fr\/wp-json\/wp\/v2\/pages\/4194","targetHints":{"allow":["GET"]}}],"collection":[{"href":"https:\/\/itu-app42363.pagelyhosting.com\/wrc-23\/fr\/wp-json\/wp\/v2\/pages"}],"about":[{"href":"https:\/\/itu-app42363.pagelyhosting.com\/wrc-23\/fr\/wp-json\/wp\/v2\/types\/page"}],"author":[{"embeddable":true,"href":"https:\/\/itu-app42363.pagelyhosting.com\/wrc-23\/fr\/wp-json\/wp\/v2\/users\/5"}],"replies":[{"embeddable":true,"href":"https:\/\/itu-app42363.pagelyhosting.com\/wrc-23\/fr\/wp-json\/wp\/v2\/comments?post=4194"}],"version-history":[{"count":0,"href":"https:\/\/itu-app42363.pagelyhosting.com\/wrc-23\/fr\/wp-json\/wp\/v2\/pages\/4194\/revisions"}],"up":[{"embeddable":true,"href":"https:\/\/itu-app42363.pagelyhosting.com\/wrc-23\/fr\/wp-json\/wp\/v2\/pages\/3059"}],"wp:attachment":[{"href":"https:\/\/itu-app42363.pagelyhosting.com\/wrc-23\/fr\/wp-json\/wp\/v2\/media?parent=4194"}],"wp:term":[{"taxonomy":"folder","embeddable":true,"href":"https:\/\/itu-app42363.pagelyhosting.com\/wrc-23\/fr\/wp-json\/wp\/v2\/folder?post=4194"}],"curies":[{"name":"wp","href":"https:\/\/api.w.org\/{rel}","templated":true}]}}