{"id":4358,"date":"2023-02-22T16:11:09","date_gmt":"2023-02-22T15:11:09","guid":{"rendered":"https:\/\/itu-app42363.pagelyhosting.com\/wrc-23\/participation\/admission\/"},"modified":"2023-02-22T16:12:15","modified_gmt":"2023-02-22T15:12:15","slug":"admission","status":"publish","type":"page","link":"https:\/\/itu-app42363.pagelyhosting.com\/wrc-23\/fr\/participation\/admission\/","title":{"rendered":"Admission"},"content":{"rendered":"<div class=\"ituContainer\">\n<h2 class=\"wp-block-heading\">Admission \u00e0 la CMR-23:<\/h2>\n<\/div>\n\n<div class=\"ituContainer\">\n<p class=\"wp-block-paragraph\">La participation \u00e0 la Conf\u00e9rence mondiale des radiocommunications de 2023 (CMR-23) est ouverte \u00e0 la participation (voir l&rsquo;article 24 de la <a href=\"http:\/\/handle.itu.int\/11.1002\/pub\/8112e178-en\">Convention de l&rsquo;Union internationale des t\u00e9l\u00e9communications<\/a>):<\/p>\n<\/div>\n\n<div class=\"ituContainer\">\n<p class=\"wp-block-paragraph\">Des <a href=\"https:\/\/www.itu.int\/hub\/membership\/our-members\/directory\/?myitu-members-states=true&amp;request=countries\">\u00c9tats Membres<\/a> [num\u00e9ro 277 de la Convention]<\/p>\n<\/div>\n\n<div class=\"ituContainer\">\n<p class=\"wp-block-paragraph\">De l&rsquo;<a href=\"https:\/\/www.itu.int\/online\/mm\/scripts\/gensel9\">\u00c9tat de Palestine<\/a> [R\u00e9solution 99 (R\u00e9v.&nbsp;Duba\u00ef,&nbsp;2018)]<\/p>\n<\/div>\n\n<div class=\"ituContainer\">\n<p class=\"wp-block-paragraph\"><strong>Observateurs participant \u00e0 titre consultatif<\/strong> (voir la R\u00e9solution 145 (Antalya, 2006)):<\/p>\n<\/div>\n\n<div class=\"ituContainer\">\n<ul class=\"wp-block-list\"><div class=\"ituContainer\">\n<li>Organisation des Nations Unies [num\u00e9ro&nbsp;269A de la Convention], admise \u00e0 participer conform\u00e9ment au num\u00e9ro&nbsp;278 de la Convention;<\/li>\n<\/div>\n\n<div class=\"ituContainer\">\n<li><a href=\"https:\/\/www.itu.int\/hub\/membership\/our-members\/directory\/?myitu-members-directory=true&amp;request=search-companies&amp;category=REGORG\">organisations r\u00e9gionales de t\u00e9l\u00e9communication<\/a> [num\u00e9ro 269B de la Convention], admises \u00e0 participer conform\u00e9ment au num\u00e9ro 278 de la Convention;<\/li>\n<\/div>\n\n<div class=\"ituContainer\">\n<li><a href=\"https:\/\/www.itu.int\/hub\/membership\/our-members\/directory\/?myitu-members-directory=true&amp;request=search-companies&amp;category=SATORG\">organisations intergouvernementales exploitant des syst\u00e8mes \u00e0 satellites<\/a> [num\u00e9ro&nbsp;269C de la Convention], admises \u00e0 participer conform\u00e9ment au num\u00e9ro 278 de la Convention;<\/li>\n<\/div>\n\n<div class=\"ituContainer\">\n<li><a href=\"https:\/\/www.itu.int\/online\/mm\/scripts\/gensel11?_memb=OTHERORGS\">institutions sp\u00e9cialis\u00e9es des Nations Unies et Agence internationale de l&rsquo;\u00e9nergie atomique<\/a> [num\u00e9ro 269D de la Convention], admises \u00e0 participer conform\u00e9ment au num\u00e9ro 278 de la Convention;<\/li>\n<\/div>\n\n<div class=\"ituContainer\">\n<li>autres organisations internationales admises \u00e0 participer conform\u00e9ment au num\u00e9ro 279 de la Convention, invit\u00e9es conform\u00e9ment aux num\u00e9ros 14 et 15 des R\u00e8gles g\u00e9n\u00e9rales et admises \u00e0 participer conform\u00e9ment au num\u00e9ro&nbsp;16 des R\u00e8gles g\u00e9n\u00e9rales.<\/li>\n<\/div><\/ul>\n<\/div>\n\n<div class=\"ituContainer\">\n<p class=\"wp-block-paragraph\"><strong>Observateurs des <\/strong><a href=\"https:\/\/www.itu.int\/hub\/membership\/our-members\/directory\/?myitu-members-directory=true&amp;request=search-companies&amp;type=SEC_MEMBER&amp;sector=ITU-R\"><strong>Membres du Secteur des radiocommunications<\/strong><\/a><strong> qui ne participent pas \u00e0 titre consultatif, admis \u00e0 participer \u00e0 titre non consultatif<\/strong> (voir la R\u00e9solution 145 (Antalya, 2006))<\/p>\n<\/div>\n\n<div class=\"ituContainer\">\n<ul class=\"wp-block-list\"><div class=\"ituContainer\">\n<li>Exploitations reconnues (selon le num\u00e9ro 229 de la Convention) admises conform\u00e9ment au num\u00e9ro 280 de la Convention<\/li>\n<\/div>\n\n<div class=\"ituContainer\">\n<li>Organismes scientifiques ou industriels (selon le num\u00e9ro 229 de la Convention) admis conform\u00e9ment au num\u00e9ro 280 de la Convention<\/li>\n<\/div>\n\n<div class=\"ituContainer\">\n<li>Organismes de financement ou de d\u00e9veloppement (selon le num\u00e9ro 229 de la Convention) admis conform\u00e9ment au num\u00e9ro&nbsp;280 de la Convention<\/li>\n<\/div>\n\n<div class=\"ituContainer\">\n<li>Autres entit\u00e9s s&rsquo;occupant de questions de t\u00e9l\u00e9communication (selon le num\u00e9ro 230 de la Convention) admises conform\u00e9ment au num\u00e9ro 280 de la Convention<\/li>\n<\/div>\n\n<div class=\"ituContainer\">\n<li>Organisations r\u00e9gionales ou internationales (selon le num\u00e9ro 231 de la Convention) admises conform\u00e9ment au num\u00e9ro 280 de la Convention<\/li>\n<\/div><\/ul>\n<\/div>\n\n<div class=\"ituContainer\">\n<p class=\"wp-block-paragraph\">Il est fait mention des organisations et entit\u00e9s concern\u00e9es au num\u00e9ro 476 de la Convention et aux paragraphes 1 b) et 5 b) de l&rsquo;Article 7 du R\u00e8glement financier qui s&rsquo;appliquent \u00e0 cette Conf\u00e9rence.<\/p>\n<\/div>","protected":false},"excerpt":{"rendered":"<p>Admission \u00e0 la CMR-23: La participation \u00e0 la Conf\u00e9rence mondiale des radiocommunications de 2023 (CMR-23) est ouverte \u00e0 la participation (voir l&rsquo;article 24 de la Convention de l&rsquo;Union internationale des t\u00e9l\u00e9communications): Des \u00c9tats Membres [num\u00e9ro 277 de la Convention] De l&rsquo;\u00c9tat de Palestine [R\u00e9solution 99 (R\u00e9v.&nbsp;Duba\u00ef,&nbsp;2018)] Observateurs participant \u00e0 titre consultatif (voir la R\u00e9solution 145 [&hellip;]<\/p>\n","protected":false},"author":5,"featured_media":0,"parent":3252,"menu_order":3,"comment_status":"closed","ping_status":"closed","template":"page-submenu.php","meta":{"_crdt_document":"","_uag_custom_page_level_css":"","footnotes":""},"folder":[],"class_list":["post-4358","page","type-page","status-publish","hentry"],"uagb_featured_image_src":{"full":false,"thumbnail":false,"medium":false,"medium_large":false,"large":false,"1536x1536":false,"2048x2048":false,"gs-tiny":false,"xl":false,"xxl":false,"xxxl":false,"xxxxl":false,"xxxxxl":false,"gform-image-choice-sm":false,"gform-image-choice-md":false,"gform-image-choice-lg":false},"uagb_author_info":{"display_name":"mgaillard","author_link":"https:\/\/itu-app42363.pagelyhosting.com\/wrc-23\/fr\/author\/mgaillard\/"},"uagb_comment_info":0,"uagb_excerpt":"Admission \u00e0 la CMR-23: La participation \u00e0 la Conf\u00e9rence mondiale des radiocommunications de 2023 (CMR-23) est ouverte \u00e0 la participation (voir l&rsquo;article 24 de la Convention de l&rsquo;Union internationale des t\u00e9l\u00e9communications): Des \u00c9tats Membres [num\u00e9ro 277 de la Convention] De l&rsquo;\u00c9tat de Palestine [R\u00e9solution 99 (R\u00e9v.&nbsp;Duba\u00ef,&nbsp;2018)] Observateurs participant \u00e0 titre consultatif (voir la R\u00e9solution 145\u2026","_links":{"self":[{"href":"https:\/\/itu-app42363.pagelyhosting.com\/wrc-23\/fr\/wp-json\/wp\/v2\/pages\/4358","targetHints":{"allow":["GET"]}}],"collection":[{"href":"https:\/\/itu-app42363.pagelyhosting.com\/wrc-23\/fr\/wp-json\/wp\/v2\/pages"}],"about":[{"href":"https:\/\/itu-app42363.pagelyhosting.com\/wrc-23\/fr\/wp-json\/wp\/v2\/types\/page"}],"author":[{"embeddable":true,"href":"https:\/\/itu-app42363.pagelyhosting.com\/wrc-23\/fr\/wp-json\/wp\/v2\/users\/5"}],"replies":[{"embeddable":true,"href":"https:\/\/itu-app42363.pagelyhosting.com\/wrc-23\/fr\/wp-json\/wp\/v2\/comments?post=4358"}],"version-history":[{"count":0,"href":"https:\/\/itu-app42363.pagelyhosting.com\/wrc-23\/fr\/wp-json\/wp\/v2\/pages\/4358\/revisions"}],"up":[{"embeddable":true,"href":"https:\/\/itu-app42363.pagelyhosting.com\/wrc-23\/fr\/wp-json\/wp\/v2\/pages\/3252"}],"wp:attachment":[{"href":"https:\/\/itu-app42363.pagelyhosting.com\/wrc-23\/fr\/wp-json\/wp\/v2\/media?parent=4358"}],"wp:term":[{"taxonomy":"folder","embeddable":true,"href":"https:\/\/itu-app42363.pagelyhosting.com\/wrc-23\/fr\/wp-json\/wp\/v2\/folder?post=4358"}],"curies":[{"name":"wp","href":"https:\/\/api.w.org\/{rel}","templated":true}]}}