{"id":321,"date":"2025-11-03T09:23:15","date_gmt":"2025-11-03T09:23:15","guid":{"rendered":"https:\/\/itu-app42363.pagelyhosting.com\/wrc-27\/?page_id=321"},"modified":"2025-11-03T09:30:43","modified_gmt":"2025-11-03T09:30:43","slug":"ms-word-templates","status":"publish","type":"page","link":"https:\/\/itu-app42363.pagelyhosting.com\/wrc-27\/wrc-27-ms-word-templates\/","title":{"rendered":"Templates"},"content":{"rendered":"<div class=\"ituContainer\">\n<p class=\"wp-block-paragraph\">This information will be made available soon<\/p>\n<\/div>\n\n    <section>\n            <div class=\"ituContainer\" >\n        <h2 className=\"h3\"><\/h2>\n            <\/div>\n\t\t\t\t\n\t                    <div class=\"ituContainer grid mb1\">\n                    <a class=\"ituCard anim\" data-span=\"6\" style=\"padding: 0.5rem 1rem;\" href=\"\" rel=\"noopener noreferrer\">\n        <div class=\"content\">\n            <div class=\"main ituIcnLnk docList\">\n                <i class=\"fal fa-file\"><\/i><span><\/span>information available soon            <\/div>\n        <\/div>\n    <\/a>\n            <\/div>\n            <\/section>\n\n\n    <section>\n            <div class=\"ituContainer\" >\n        <h2 className=\"h3\"><\/h2>\n            <\/div>\n\t\t\t\t\n\t                    <div class=\"ituContainer grid mb1\">\n                    <a class=\"ituCard anim\" data-span=\"6\" style=\"padding: 0.5rem 1rem;\" href=\"\" rel=\"noopener noreferrer\">\n        <div class=\"content\">\n            <div class=\"main ituIcnLnk docList\">\n                <i class=\"fal fa-file\"><\/i><span><\/span>\u0627\u0644\u0645\u0639\u0644\u0648\u0645\u0627\u062a \u0645\u062a\u0627\u062d\u0629 \u0642\u0631\u064a\u0628\u0627            <\/div>\n        <\/div>\n    <\/a>\n            <\/div>\n            <\/section>\n\n\n    <section>\n            <div class=\"ituContainer\" >\n        <h2 className=\"h3\"><\/h2>\n            <\/div>\n\t\t\t\t\n\t                    <div class=\"ituContainer grid mb1\">\n                    <a class=\"ituCard anim\" data-span=\"6\" style=\"padding: 0.5rem 1rem;\" href=\"\" rel=\"noopener noreferrer\">\n        <div class=\"content\">\n            <div class=\"main ituIcnLnk docList\">\n                <i class=\"fal fa-file\"><\/i><span><\/span>\u4fe1\u606f\u5373\u5c06\u53d1\u5e03            <\/div>\n        <\/div>\n    <\/a>\n            <\/div>\n            <\/section>\n\n\n    <section>\n            <div class=\"ituContainer\" >\n        <h2 className=\"h3\"><\/h2>\n            <\/div>\n\t\t\t\t\n\t                    <div class=\"ituContainer grid mb1\">\n                    <a class=\"ituCard anim\" data-span=\"6\" style=\"padding: 0.5rem 1rem;\" href=\"\" rel=\"noopener noreferrer\">\n        <div class=\"content\">\n            <div class=\"main ituIcnLnk docList\">\n                <i class=\"fal fa-file\"><\/i><span><\/span>Informaci\u00f3n disponible pr\u00f3ximamente            <\/div>\n        <\/div>\n    <\/a>\n            <\/div>\n            <\/section>\n\n\n    <section>\n            <div class=\"ituContainer\" >\n        <h2 className=\"h3\"><\/h2>\n            <\/div>\n\t\t\t\t\n\t                    <div class=\"ituContainer grid mb1\">\n                    <a class=\"ituCard anim\" data-span=\"6\" style=\"padding: 0.5rem 1rem;\" href=\"\" rel=\"noopener noreferrer\">\n        <div class=\"content\">\n            <div class=\"main ituIcnLnk docList\">\n                <i class=\"fal fa-file\"><\/i><span><\/span>Informations bient\u00f4t disponibles            <\/div>\n        <\/div>\n    <\/a>\n            <\/div>\n            <\/section>\n\n\n    <section>\n            <div class=\"ituContainer\" >\n        <h2 className=\"h3\"><\/h2>\n            <\/div>\n\t\t\t\t\n\t                    <div class=\"ituContainer grid mb1\">\n                    <a class=\"ituCard anim\" data-span=\"6\" style=\"padding: 0.5rem 1rem;\" href=\"\" rel=\"noopener noreferrer\">\n        <div class=\"content\">\n            <div class=\"main ituIcnLnk docList\">\n                <i class=\"fal fa-file\"><\/i><span><\/span>\u0418\u043d\u0444\u043e\u0440\u043c\u0430\u0446\u0438\u044f \u0434\u043e\u0441\u0442\u0443\u043f\u043d\u0430 \u0432 \u0431\u043b\u0438\u0436\u0430\u0439\u0448\u0435\u0435 \u0432\u0440\u0435\u043c\u044f            <\/div>\n        <\/div>\n    <\/a>\n            <\/div>\n            <\/section>\n\n\n\n<div class=\"wp-block-brblocks-code-editor\" data-selected-script=\"css\" data-code-content=\"\/* Cache proprement les \u00e9l\u00e9ments marqu\u00e9s hidden *\/\n[hidden]{ display:none !important; }\n\"><\/div>\n\n\n<div class=\"ituContainer\">\n<script>\n(function ($) {\n  const map = { en:'E', fr:'F', ar:'A', zh:'C', ru:'R', es:'S' };\n\n  function detectLang() {\n    const h=(location.hash||'').toLowerCase(),\n          s=(location.search||'').toLowerCase(),\n          p=(location.pathname||'').toLowerCase();\n    let m;\n    if ((m=h.match(\/^#\\\/?(fr|ar|zh|ru|es)$\/))) return m[1];\n    if ((m=s.match(\/[?&]lang=(fr|ar|zh|ru|es)\\b\/))) return m[1];\n    if ((m=p.match(\/\\\/(fr|ar|zh|ru|es)\\\/?$\/))) return m[1];\n    return 'en';\n  }\n\n  function applyLang() {\n    const lang = detectLang();\n    const suffix = map[lang] || 'E';\n\n    \/\/ 1) Tout cacher: le contenu, la card <a>, et son wrapper imm\u00e9diat\n    $('.main.ituIcnLnk.docList').each(function () {\n      const $doc   = $(this).attr('hidden', true);\n      const $card  = $doc.closest('a.ituCard').attr('hidden', true);\n      const $wrap  = $card.closest('.ituContainer.grid.mb1').attr('hidden', true);\n    });\n\n    \/\/ 2) R\u00e9v\u00e9ler uniquement les bonnes cartes pour la langue\n    $('.main.ituIcnLnk.docList').each(function () {\n      const $doc  = $(this);\n      const $card = $doc.closest('a.ituCard');\n      const href  = $card.attr('href') || '';\n      if (href.match(new RegExp('!!PDF-' + suffix + '\\\\.pdf$', 'i'))) {\n        $doc.removeAttr('hidden');\n        $card.removeAttr('hidden');\n        $card.closest('.ituContainer.grid.mb1').removeAttr('hidden');\n      }\n    });\n  }\n\n  $(applyLang);\n  $(window).on('hashchange popstate', applyLang);\n  new MutationObserver(applyLang).observe(document.body, {childList:true, subtree:true});\n})(jQuery);\n<\/script>\n<\/div>","protected":false},"excerpt":{"rendered":"<p>This information will be made available soon<\/p>\n","protected":false},"author":5,"featured_media":0,"parent":18,"menu_order":0,"comment_status":"closed","ping_status":"closed","template":"","meta":{"_crdt_document":"","_uag_custom_page_level_css":"","footnotes":""},"folder":[],"class_list":["post-321","page","type-page","status-publish","hentry"],"uagb_featured_image_src":{"full":false,"thumbnail":false,"medium":false,"medium_large":false,"large":false,"1536x1536":false,"2048x2048":false,"gs-tiny":false,"xl":false,"xxl":false,"xxxl":false,"xxxxl":false,"xxxxxl":false,"gform-image-choice-sm":false,"gform-image-choice-md":false,"gform-image-choice-lg":false},"uagb_author_info":{"display_name":"mgaillard","author_link":"https:\/\/itu-app42363.pagelyhosting.com\/wrc-27\/author\/mgaillard\/"},"uagb_comment_info":0,"uagb_excerpt":"This information will be made available soon","_links":{"self":[{"href":"https:\/\/itu-app42363.pagelyhosting.com\/wrc-27\/wp-json\/wp\/v2\/pages\/321","targetHints":{"allow":["GET"]}}],"collection":[{"href":"https:\/\/itu-app42363.pagelyhosting.com\/wrc-27\/wp-json\/wp\/v2\/pages"}],"about":[{"href":"https:\/\/itu-app42363.pagelyhosting.com\/wrc-27\/wp-json\/wp\/v2\/types\/page"}],"author":[{"embeddable":true,"href":"https:\/\/itu-app42363.pagelyhosting.com\/wrc-27\/wp-json\/wp\/v2\/users\/5"}],"replies":[{"embeddable":true,"href":"https:\/\/itu-app42363.pagelyhosting.com\/wrc-27\/wp-json\/wp\/v2\/comments?post=321"}],"version-history":[{"count":0,"href":"https:\/\/itu-app42363.pagelyhosting.com\/wrc-27\/wp-json\/wp\/v2\/pages\/321\/revisions"}],"up":[{"embeddable":true,"href":"https:\/\/itu-app42363.pagelyhosting.com\/wrc-27\/wp-json\/wp\/v2\/pages\/18"}],"wp:attachment":[{"href":"https:\/\/itu-app42363.pagelyhosting.com\/wrc-27\/wp-json\/wp\/v2\/media?parent=321"}],"wp:term":[{"taxonomy":"folder","embeddable":true,"href":"https:\/\/itu-app42363.pagelyhosting.com\/wrc-27\/wp-json\/wp\/v2\/folder?post=321"}],"curies":[{"name":"wp","href":"https:\/\/api.w.org\/{rel}","templated":true}]}}