{"id":185,"date":"2024-04-26T09:09:00","date_gmt":"2024-04-26T09:09:00","guid":{"rendered":"https:\/\/itu-app42363.pagelyhosting.com\/wrs-24\/?page_id=185"},"modified":"2025-12-10T16:05:38","modified_gmt":"2025-12-10T16:05:38","slug":"webcast-and-captioning","status":"publish","type":"page","link":"https:\/\/itu-app42363.pagelyhosting.com\/wrs-24\/webcast-and-captioning\/","title":{"rendered":"Webcast and Captioning"},"content":{"rendered":"    <div class=\"ituContainer grid\">\n        <div data-span=\"12\">\n                            <div class=\"ituContainer\">\n<h2 class=\"wp-block-heading\">Webcast Archive<\/h2>\n<\/div>                            \n<div class=\"wp-block-brblocks-webcast-archive webcast-archive-block theme-light\" data-webcast-url=\"https:\/\/www.itu.int\/webcast\/archive\/r2024wrs\/\" data-show-search=\"false\" data-show-tabs=\"true\" data-show-menus=\"false\"><div class=\"wc-inline-player wc-inline-hidden\"><iframe class=\"wc-inline-iframe\" allowfullscreen loading=\"lazy\" title=\"Webcast Player Inline\"><\/iframe><\/div><div class=\"wc-right\"><h3 class=\"wc-side-title\"> <\/h3><div class=\"wc-schedule\"><div class=\"wc-loading\">Loading schedule\u2026<\/div><\/div><div class=\"wc-disclaimer\"><button type=\"button\" class=\"wc-disclaimer-toggle\">Disclaimers may apply<\/button><div class=\"wc-disclaimer-content\"><p><strong>EN:<\/strong> The interpretation of proceedings serves to facilitate communication and does not constitute an authentic or verbatim record of the proceedings. Only the original speech is authentic.<\/p><p><strong>FR:<\/strong> L\u2019interpr\u00e9tation des interventions est destin\u00e9e \u00e0 faciliter la communication et ne constitue un compte rendu authentique ou in extenso desdites interventions. Seules les interventions prononc\u00e9es dans la langue d\u2019origine font foi.<\/p><p><strong>ES:<\/strong> La interpretaci\u00f3n de las intervenciones sirve para facilitar la comunicaci\u00f3n, pero en modo alguno constituye una grabaci\u00f3n aut\u00e9ntica o literal de las mismas. S\u00f3lo las intervenciones originales son aut\u00e9nticas.<\/p><p><strong>RU:<\/strong> \u0423\u0441\u0442\u043d\u044b\u0439 \u043f\u0435\u0440\u0435\u0432\u043e\u0434 \u043d\u0430 \u0437\u0430\u0441\u0435\u0434\u0430\u043d\u0438\u044f\u0445 \u0441\u043b\u0443\u0436\u0438\u0442 \u0434\u043b\u044f \u0442\u043e\u0433\u043e, \u0447\u0442\u043e\u0431\u044b \u0441\u043e\u0434\u0435\u0439\u0441\u0442\u0432\u043e\u0432\u0430\u0442\u044c \u043a\u043e\u043c\u043c\u0443\u043d\u0438\u043a\u0430\u0446\u0438\u0438, \u0438 \u043d\u0435 \u044f\u0432\u043b\u044f\u0435\u0442\u0441\u044f \u0430\u0443\u0442\u0435\u043d\u0442\u0438\u0447\u043d\u043e\u0439 \u0438\u043b\u0438 \u0441\u0442\u0435\u043d\u043e\u0433\u0440\u0430\u0444\u0438\u0447\u0435\u0441\u043a\u043e\u0439 \u0437\u0430\u043f\u0438\u0441\u044c\u044e \u0437\u0430\u0441\u0435\u0434\u0430\u043d\u0438\u0439. \u0410\u0443\u0442\u0435\u043d\u0442\u0438\u0447\u043d\u044b\u043c \u044f\u0432\u043b\u044f\u0435\u0442\u0441\u044f \u0442\u043e\u043b\u044c\u043a\u043e \u0438\u0441\u0445\u043e\u0434\u043d\u043e\u0435 \u0432\u044b\u0441\u0442\u0443\u043f\u043b\u0435\u043d\u0438\u0435.<\/p><p><strong>ZH:<\/strong> \u5728\u4f1a\u8bae\u8fdb\u884c\u4e2d\u63d0\u4f9b\u7ffb\u8bd1\u662f\u4e3a\u65b9\u4fbf\u4ea4\u6d41\uff0c\u4e0d\u80fd\u5c06\u5176\u89c6\u4e3a\u4f1a\u8bae\u5b9e\u51b5\u8bb0\u5f55\u6216\u9010\u5b57\u8bb0\u5f55\u3002\u5e94\u4ee5\u53d1\u8a00\u539f\u6587\u4e3a\u51c6\u3002<\/p><p><strong>AR:<\/strong> \u0627\u0644\u062a\u0631\u062c\u0645\u0629 \u0627\u0644\u0634\u0641\u0648\u064a\u0629 \u0641\u064a \u0627\u0644\u0645\u062f\u0627\u0648\u0644\u0627\u062a \u0627\u0644\u063a\u0631\u0636 \u0645\u0646\u0647\u0627 \u062a\u0633\u0647\u064a\u0644 \u0627\u0644\u062a\u0648\u0627\u0635\u0644 \u0648\u0644\u0627 \u062a\u0634\u0643\u0644 \u0623\u064a \u0645\u062d\u0636\u0631 \u0630\u064a \u062d\u062c\u064a\u0629 \u0623\u0648 \u0645\u062d\u0636\u0631 \u062d\u0631\u0641\u064a \u0644\u0644\u0645\u062f\u0627\u0648\u0644\u0627\u062a. \u0648\u064a\u062a\u0645\u062a\u0639 \u0627\u0644\u062e\u0637\u0627\u0628 \u0627\u0644\u0623\u0635\u0644\u064a \u0648\u062d\u062f\u0647 \u0628\u0627\u0644\u062d\u062c\u064a\u0629.<\/p><p><em>If you experience issues, contact: webcast@itu.int<\/em><\/p><\/div><\/div><\/div><\/div>\n                    <\/div>\n    <\/div>\n\n\n<div class=\"ituContainer\">\n<div class=\"wp-block-group uag-hide-desktop uag-hide-tab uag-hide-mob\"><div class=\"wp-block-group__inner-container is-layout-constrained wp-block-group-is-layout-constrained\">    <div class=\"ituContainer grid\">\n                        <div data-span=\"8\">\n                        <section>\n        <div class=\"ituContainer grid\">\n                                                        <a class=\"ituCard anim\" data-span=\"4\" href=\"https:\/\/www.itu.int\/webcast\/archive\/r2024wrs\" target='blank' rel='noreferrer noopener'>\n                    <div class=\"content center\">\n                <div class=\"main\">\n                    <img decoding=\"async\" src=\"https:\/\/www.itu.int\/ra-23\/wp-content\/uploads\/sites\/10\/2023\/11\/Backgrounders.png\" class=\"icon\" alt=\"icon\" \/>\n                                            <p class=\"title\">Archive<\/p>\n                                                            <p><\/p>\n                                    <\/div>\n            <\/div>\n                    <\/a>\n    \n                    <\/div>\n    <\/section>\n            <\/div>\n                        <div data-span=\"4\">\n                    <div class=\"ituContainer\">\n<h2 class=\"wp-block-heading\">ITU User Account<\/h2>\n<\/div>                    <div class=\"ituContainer\">\n<ul class=\"wp-block-list\"><div class=\"ituContainer\">\n<li><a href=\"https:\/\/www.itu.int\/en\/ties-services\/Pages\/login.aspx\">ITU User Account<\/a><br>Login and password reset<\/li>\n<\/div>\n\n<div class=\"ituContainer\">\n<li><a href=\"https:\/\/www.itu.int\/en\/ties-services\/Pages\/default.aspx\">TIES Services <\/a><\/li>\n<\/div><\/ul>\n<\/div>            <\/div>\n            <\/div>\n<\/div>\n<\/div><\/div>\n\n<div class=\"ituContainer\">\n<h2 class=\"wp-block-heading\">Captioning<\/h2>\n<\/div>\n\n    <section>\n        <div class=\"ituContainer grid\">\n                                                        <a class=\"ituCard anim\" data-span=\"4\" href=\"https:\/\/www.itu.int\/en\/ITU-R\/information\/events\/captioning\/Pages\/2023-2027.aspx?Paged=TRUE&#038;p_Category=Other%20ITU-R%20events&#038;p_FileLeafRef=Workshop_FTE_07Nov_1400.docx&#038;p_ID=41&#038;PageFirstRow=31&#038;&#038;View=%7BBB13EB63-614E-4ADB-AC4C-0704D4A75E76%7D\" target='blank' rel='noreferrer noopener'>\n                    <div class=\"content center\">\n                <div class=\"main\">\n                    <img decoding=\"async\" src=\"https:\/\/www.itu.int\/ra-23\/wp-content\/uploads\/sites\/10\/2023\/11\/Backgrounders.png\" class=\"icon\" alt=\"icon\" \/>\n                                            <p class=\"title\">Transcripts of ITU-R event<\/p>\n                                                            <p>TIES access\u00a0required<\/p>\n                                    <\/div>\n            <\/div>\n                    <\/a>\n    \n                                                <div data-span=\"4\">\n                    <div class=\"ituContainer\">\n<h2 class=\"wp-block-heading\">ITU User Account<\/h2>\n<\/div>                    <div class=\"ituContainer\">\n<ul class=\"wp-block-list\"><div class=\"ituContainer\">\n<li><a href=\"https:\/\/www.itu.int\/en\/ties-services\/Pages\/login.aspx\">ITU User Account<\/a><br>Login and password reset<\/li>\n<\/div>\n\n<div class=\"ituContainer\">\n<li><a href=\"https:\/\/www.itu.int\/en\/ties-services\/Pages\/default.aspx\">TIES Services <\/a><\/li>\n<\/div><\/ul>\n<\/div>            <\/div>\n                    <\/div>\n    <\/section>\n\n\n<div class=\"ituContainer\">\n<p class=\"wp-block-paragraph\">Shortly after&nbsp;a meeting session provided with captioning, transcripts are made available&nbsp;<\/p>\n<\/div>\n\n    <div class=\"ituContainer grid\">\n        <div data-span=\"12\">\n                            <div class=\"ituContainer\">\n<p class=\"wp-block-paragraph\"><strong>(<a href=\"https:\/\/www.itu.int\/en\/ties-services\/Pages\/default.aspx\" target=\"_blank\" rel=\"noreferrer noopener\">TIES access<\/a>&nbsp;required).&nbsp;\u200b<\/strong> <br><br>    <a class=\"ituBtn\" href=\"https:\/\/itu-wp-sso.azurewebsites.net\/login\/?from=https:\/\/www.itu.int\/wrs-24\/&returnTo=https:\/\/itu-app42363.pagelyhosting.com\/wrs-24\/wp-json\/wp\/v2\/pages\/185\">Please login to view the content of this page<\/a>\n<\/p>\n<\/div>                    <\/div>\n    <\/div>\n\n\n","protected":false},"excerpt":{"rendered":"<p>Captioning Shortly after&nbsp;a meeting session provided with captioning, transcripts are made available&nbsp;<\/p>\n","protected":false},"author":5,"featured_media":0,"parent":0,"menu_order":0,"comment_status":"closed","ping_status":"closed","template":"","meta":{"_crdt_document":"","_uag_custom_page_level_css":"","footnotes":""},"folder":[],"class_list":["post-185","page","type-page","status-publish","hentry"],"uagb_featured_image_src":{"full":false,"thumbnail":false,"medium":false,"medium_large":false,"large":false,"1536x1536":false,"2048x2048":false,"gs-tiny":false,"xl":false,"xxl":false,"xxxl":false,"xxxxl":false,"xxxxxl":false,"gform-image-choice-sm":false,"gform-image-choice-md":false,"gform-image-choice-lg":false},"uagb_author_info":{"display_name":"mgaillard","author_link":"https:\/\/itu-app42363.pagelyhosting.com\/wrs-24\/author\/mgaillard\/"},"uagb_comment_info":0,"uagb_excerpt":"Captioning Shortly after&nbsp;a meeting session provided with captioning, transcripts are made available&nbsp;","_links":{"self":[{"href":"https:\/\/itu-app42363.pagelyhosting.com\/wrs-24\/wp-json\/wp\/v2\/pages\/185","targetHints":{"allow":["GET"]}}],"collection":[{"href":"https:\/\/itu-app42363.pagelyhosting.com\/wrs-24\/wp-json\/wp\/v2\/pages"}],"about":[{"href":"https:\/\/itu-app42363.pagelyhosting.com\/wrs-24\/wp-json\/wp\/v2\/types\/page"}],"author":[{"embeddable":true,"href":"https:\/\/itu-app42363.pagelyhosting.com\/wrs-24\/wp-json\/wp\/v2\/users\/5"}],"replies":[{"embeddable":true,"href":"https:\/\/itu-app42363.pagelyhosting.com\/wrs-24\/wp-json\/wp\/v2\/comments?post=185"}],"version-history":[{"count":0,"href":"https:\/\/itu-app42363.pagelyhosting.com\/wrs-24\/wp-json\/wp\/v2\/pages\/185\/revisions"}],"wp:attachment":[{"href":"https:\/\/itu-app42363.pagelyhosting.com\/wrs-24\/wp-json\/wp\/v2\/media?parent=185"}],"wp:term":[{"taxonomy":"folder","embeddable":true,"href":"https:\/\/itu-app42363.pagelyhosting.com\/wrs-24\/wp-json\/wp\/v2\/folder?post=185"}],"curies":[{"name":"wp","href":"https:\/\/api.w.org\/{rel}","templated":true}]}}